{"id":6139,"date":"2019-11-05T16:16:46","date_gmt":"2019-11-05T15:16:46","guid":{"rendered":"http:\/\/agora.xtec.cat\/escolapoblenou\/?page_id=6139"},"modified":"2020-03-24T20:19:11","modified_gmt":"2020-03-24T19:19:11","slug":"programa-escolessostenibles","status":"publish","type":"page","link":"https:\/\/agora.xtec.cat\/escolapoblenou\/projecte-educatiu\/programa-escolessostenibles\/","title":{"rendered":"Programa Escoles+Sostenibles"},"content":{"rendered":"<p style=\"text-align: left;\"><span style=\"text-decoration: underline;\"><strong><a href=\"https:\/\/agora.xtec.cat\/escolapoblenou\/wp-content\/uploads\/usu1516\/2019\/10\/57f356255d074.jpeg\"><img loading=\"lazy\" decoding=\"async\" class=\"wp-image-6033 size-thumbnail alignright\" src=\"https:\/\/agora.xtec.cat\/escolapoblenou\/wp-content\/uploads\/usu1516\/2019\/10\/57f356255d074-150x150.jpeg\" alt=\"\" width=\"150\" height=\"150\" \/><\/a><\/strong><\/span><br \/>\n\u00c9s un programa en el qual els centres educatius som protagonistes en la transformaci\u00f3 de la ciutat. En aquest marc dissenyem, executem i avaluem accions per fer una ciutat m\u00e9s sostenible, comen\u00e7ant per l\u2019entorn m\u00e9s immediat: el nostre propi centre.<br \/>\nLa missi\u00f3 del programa \u00e9s que ens acompanyin per incorporar criteris de sostenibilitat en tots els \u00e0mbits de la nostra tasca educativa, amb l\u2019objectiu de desenvolupar una mirada cr\u00edtica sobre les accions realitzades i un proc\u00e9s d\u2019aprenentatge que ens capacita i ens apodera.<\/p>\n<p class=\"_04xlpA direction-ltr align-center para-style-body\"><span class=\"JsGRdQ\">Volem assumir un<\/span> <span class=\"JsGRdQ\">comprom\u00eds amb el nostre planeta i la seva cura.<\/span><\/p>\n<p class=\"_04xlpA direction-ltr align-center para-style-body\"><span class=\"JsGRdQ\">Durant aquest curs engeguem el projecte amb l&#8217;objectiu prioritari de reduir al m\u00e0xim l&#8217;\u00fas del paper, i fomentar el seu reciclatge.<\/span><\/p>\n<p><img loading=\"lazy\" decoding=\"async\" class=\"aligncenter wp-image-6830 size-large\" src=\"https:\/\/agora.xtec.cat\/escolapoblenou\/wp-content\/uploads\/usu1516\/2020\/03\/Captura-de-pantalla-2020-03-18-a-las-20.12.49-e1585077512678-1024x719.png\" alt=\"\" width=\"1024\" height=\"719\" srcset=\"https:\/\/agora.xtec.cat\/escolapoblenou\/wp-content\/uploads\/usu1516\/2020\/03\/Captura-de-pantalla-2020-03-18-a-las-20.12.49-e1585077512678-1024x719.png 1024w, https:\/\/agora.xtec.cat\/escolapoblenou\/wp-content\/uploads\/usu1516\/2020\/03\/Captura-de-pantalla-2020-03-18-a-las-20.12.49-e1585077512678-300x211.png 300w, https:\/\/agora.xtec.cat\/escolapoblenou\/wp-content\/uploads\/usu1516\/2020\/03\/Captura-de-pantalla-2020-03-18-a-las-20.12.49-e1585077512678-768x539.png 768w, https:\/\/agora.xtec.cat\/escolapoblenou\/wp-content\/uploads\/usu1516\/2020\/03\/Captura-de-pantalla-2020-03-18-a-las-20.12.49-e1585077512678.png 1134w\" sizes=\"auto, (max-width: 1024px) 100vw, 1024px\" \/><\/p>\n<p><a href=\"http:\/\/lameva.barcelona.cat\/barcelonasostenible\/ca\/escoles-sostenibles\">http:\/\/lameva.barcelona.cat\/barcelonasostenible\/ca\/escoles-sostenibles<\/a><\/p>\n","protected":false},"excerpt":{"rendered":"<p>\u00c9s un programa en el qual els centres educatius som protagonistes en la transformaci\u00f3 de la ciutat. En aquest marc dissenyem, executem i avaluem accions per fer una ciutat m\u00e9s sostenible, comen\u00e7ant per l\u2019entorn m\u00e9s immediat: el nostre propi centre. La missi\u00f3 del programa \u00e9s que ens acompanyin per incorporar criteris de sostenibilitat en tots [&hellip;]<\/p>\n","protected":false},"author":8,"featured_media":0,"parent":64,"menu_order":4,"comment_status":"closed","ping_status":"closed","template":"page-templates\/side-menu.php","meta":{"_bbp_topic_count":0,"_bbp_reply_count":0,"_bbp_total_topic_count":0,"_bbp_total_reply_count":0,"_bbp_voice_count":0,"_bbp_anonymous_reply_count":0,"_bbp_topic_count_hidden":0,"_bbp_reply_count_hidden":0,"_bbp_forum_subforum_count":0,"site-sidebar-layout":"default","site-content-layout":"","ast-site-content-layout":"","site-content-style":"default","site-sidebar-style":"default","ast-global-header-display":"","ast-banner-title-visibility":"","ast-main-header-display":"","ast-hfb-above-header-display":"","ast-hfb-below-header-display":"","ast-hfb-mobile-header-display":"","site-post-title":"","ast-breadcrumbs-content":"","ast-featured-img":"","footer-sml-layout":"","theme-transparent-header-meta":"","adv-header-id-meta":"","stick-header-meta":"","header-above-stick-meta":"","header-main-stick-meta":"","header-below-stick-meta":"","astra-migrate-meta-layouts":"default","ast-page-background-enabled":"default","ast-page-background-meta":{"desktop":{"background-color":"var(--ast-global-color-4)","background-image":"","background-repeat":"repeat","background-position":"center center","background-size":"auto","background-attachment":"scroll","background-type":"","background-media":"","overlay-type":"","overlay-color":"","overlay-opacity":"","overlay-gradient":""},"tablet":{"background-color":"","background-image":"","background-repeat":"repeat","background-position":"center center","background-size":"auto","background-attachment":"scroll","background-type":"","background-media":"","overlay-type":"","overlay-color":"","overlay-opacity":"","overlay-gradient":""},"mobile":{"background-color":"","background-image":"","background-repeat":"repeat","background-position":"center center","background-size":"auto","background-attachment":"scroll","background-type":"","background-media":"","overlay-type":"","overlay-color":"","overlay-opacity":"","overlay-gradient":""}},"ast-content-background-meta":{"desktop":{"background-color":"var(--ast-global-color-5)","background-image":"","background-repeat":"repeat","background-position":"center center","background-size":"auto","background-attachment":"scroll","background-type":"","background-media":"","overlay-type":"","overlay-color":"","overlay-opacity":"","overlay-gradient":""},"tablet":{"background-color":"var(--ast-global-color-5)","background-image":"","background-repeat":"repeat","background-position":"center center","background-size":"auto","background-attachment":"scroll","background-type":"","background-media":"","overlay-type":"","overlay-color":"","overlay-opacity":"","overlay-gradient":""},"mobile":{"background-color":"var(--ast-global-color-5)","background-image":"","background-repeat":"repeat","background-position":"center center","background-size":"auto","background-attachment":"scroll","background-type":"","background-media":"","overlay-type":"","overlay-color":"","overlay-opacity":"","overlay-gradient":""}},"footnotes":""},"class_list":["post-6139","page","type-page","status-publish","hentry"],"post_mailing_queue_ids":[],"_links":{"self":[{"href":"https:\/\/agora.xtec.cat\/escolapoblenou\/wp-json\/wp\/v2\/pages\/6139","targetHints":{"allow":["GET"]}}],"collection":[{"href":"https:\/\/agora.xtec.cat\/escolapoblenou\/wp-json\/wp\/v2\/pages"}],"about":[{"href":"https:\/\/agora.xtec.cat\/escolapoblenou\/wp-json\/wp\/v2\/types\/page"}],"author":[{"embeddable":true,"href":"https:\/\/agora.xtec.cat\/escolapoblenou\/wp-json\/wp\/v2\/users\/8"}],"replies":[{"embeddable":true,"href":"https:\/\/agora.xtec.cat\/escolapoblenou\/wp-json\/wp\/v2\/comments?post=6139"}],"version-history":[{"count":3,"href":"https:\/\/agora.xtec.cat\/escolapoblenou\/wp-json\/wp\/v2\/pages\/6139\/revisions"}],"predecessor-version":[{"id":6832,"href":"https:\/\/agora.xtec.cat\/escolapoblenou\/wp-json\/wp\/v2\/pages\/6139\/revisions\/6832"}],"up":[{"embeddable":true,"href":"https:\/\/agora.xtec.cat\/escolapoblenou\/wp-json\/wp\/v2\/pages\/64"}],"wp:attachment":[{"href":"https:\/\/agora.xtec.cat\/escolapoblenou\/wp-json\/wp\/v2\/media?parent=6139"}],"curies":[{"name":"wp","href":"https:\/\/api.w.org\/{rel}","templated":true}]}}