{"id":6132,"date":"2019-11-05T15:52:34","date_gmt":"2019-11-05T14:52:34","guid":{"rendered":"http:\/\/agora.xtec.cat\/escolapoblenou\/?page_id=6132"},"modified":"2020-03-24T20:37:07","modified_gmt":"2020-03-24T19:37:07","slug":"programa-adaptant-les-escoles-al-canvi-climatic","status":"publish","type":"page","link":"https:\/\/agora.xtec.cat\/escolapoblenou\/projecte-educatiu\/programa-adaptant-les-escoles-al-canvi-climatic\/","title":{"rendered":"Programa Adaptant escoles al canvi clim\u00e0tic"},"content":{"rendered":"<p>&nbsp;<\/p>\n<p><a href=\"https:\/\/agora.xtec.cat\/escolapoblenou\/wp-content\/uploads\/usu1516\/2019\/09\/IMG_1639.jpg\"><img loading=\"lazy\" decoding=\"async\" class=\"wp-image-5953 alignleft\" src=\"https:\/\/agora.xtec.cat\/escolapoblenou\/wp-content\/uploads\/usu1516\/2019\/09\/IMG_1639-150x150.jpg\" alt=\"\" width=\"254\" height=\"254\" \/><img loading=\"lazy\" decoding=\"async\" class=\" wp-image-6035 alignright\" src=\"https:\/\/agora.xtec.cat\/escolapoblenou\/wp-content\/uploads\/usu1516\/2019\/10\/refugi-climatic.jpg\" alt=\"\" width=\"325\" height=\"262\" \/><\/a><\/p>\n<p>L&#8217;Ajuntament de Barcelona ha rebut el finan\u00e7ament del Urban Innovation Action (UIA), un programa de la Comissi\u00f3 Europea per al projecte \u201cAdaptar escoles al canvi clim\u00e0tic a trav\u00e9s del verd, el blau i el gris\u201d, que planteja intervencions a onze escoles amb un paquet de mesures <strong><span style=\"color: blue;\">blaves<\/span><\/strong> (incorporaci\u00f3 de punts d\u2019aigua), <strong><span style=\"color: green;\">verdes<\/span> <\/strong>(espais d\u2019ombra i vegetaci\u00f3) i <strong><span style=\"color: gray;\">grises<\/span><\/strong> (actuacions sobre els edificis per millorar-ne l\u2019a\u00efllament).<\/p>\n<p>&nbsp;<\/p>\n<p>L\u2019objectiu \u00e9s convertir onze escoles que actualment s\u00f3n vulnerables a la calor en refugis clim\u00e0tics oberts a tota la ciutadania implementant solucions tradicionals contra la calor als edificis i transformant els patis<\/p>\n<p>introduint vegetaci\u00f3, espais d\u2019ombra i punts d\u2019aigua.<\/p>\n<p>Eixos de treball Participaci\u00f3:<\/p>\n<ul>\n<li><strong><span style=\"color: blue;\">Participaci\u00f3<\/span>:<\/strong> l\u2019alumnat, la comunitat educativa i les diverses institucions i experts que participen en el projecte consensuaran el disseny dels espais i en definiran les necessitats espec\u00edfiques.<\/li>\n<li><strong><span style=\"color: green;\">Projecte educatiu<\/span><\/strong>: la definici\u00f3 i el seguiment d\u2019aquestes mesures estaran inclosos en el projecte educatiu del centre que treballar\u00e0 principalment la informaci\u00f3 i formaci\u00f3 sobre el canvi clim\u00e0tic.<\/li>\n<li><strong><span style=\"color: gray;\">Obertura d&#8217;espais per a la ciutadania<\/span><\/strong>: l\u2019objectiu \u00e9s que aquests espais no nom\u00e9s serveixin per a l\u2019alumnat de l\u2019escola, sin\u00f3 tamb\u00e9 per a tota la ciutadania de l\u2019entorn que podr\u00e0 accedir als patis en per\u00edode no lectiu.<\/li>\n<li><strong><span style=\"color: blue;\">Salut i avaluaci\u00f3<\/span><\/strong>: tots els canvis seran monitoritzats des de la perspectiva de la salut i el benestar de manera que es pugui avaluar l\u2019impacte aconseguit en par\u00e0metres ambientals, de salut, benestar, etc\u00e8tera.<\/li>\n<li><strong><span style=\"color: green;\">Replicabilitat<\/span><\/strong>: es busca que, a trav\u00e9s d\u2019aquestes actuacions, la ciutadania i la comunitat escolar coneguin la necessitat d\u2019impulsar mesures per adaptar la ciutat al canvi clim\u00e0tic i que siguin unes mesures replicables a altres edificis, sobretot escoles.<\/li>\n<\/ul>\n<p>La nostra escola \u00e9s una de les 11 escollides.<\/p>\n<p><a href=\"https:\/\/www.barcelona.cat\/barcelona-pel-clima\/ca\/escoles-refugi-climatic\">https:\/\/www.barcelona.cat\/barcelona-pel-clima\/ca\/escoles-refugi-climatic<\/a><\/p>\n","protected":false},"excerpt":{"rendered":"<p>&nbsp; L&#8217;Ajuntament de Barcelona ha rebut el finan\u00e7ament del Urban Innovation Action (UIA), un programa de la Comissi\u00f3 Europea per al projecte \u201cAdaptar escoles al canvi clim\u00e0tic a trav\u00e9s del verd, el blau i el gris\u201d, que planteja intervencions a onze escoles amb un paquet de mesures blaves (incorporaci\u00f3 de punts d\u2019aigua), verdes (espais d\u2019ombra [&hellip;]<\/p>\n","protected":false},"author":8,"featured_media":0,"parent":64,"menu_order":5,"comment_status":"closed","ping_status":"closed","template":"page-templates\/side-menu.php","meta":{"_bbp_topic_count":0,"_bbp_reply_count":0,"_bbp_total_topic_count":0,"_bbp_total_reply_count":0,"_bbp_voice_count":0,"_bbp_anonymous_reply_count":0,"_bbp_topic_count_hidden":0,"_bbp_reply_count_hidden":0,"_bbp_forum_subforum_count":0,"site-sidebar-layout":"default","site-content-layout":"","ast-site-content-layout":"","site-content-style":"default","site-sidebar-style":"default","ast-global-header-display":"","ast-banner-title-visibility":"","ast-main-header-display":"","ast-hfb-above-header-display":"","ast-hfb-below-header-display":"","ast-hfb-mobile-header-display":"","site-post-title":"","ast-breadcrumbs-content":"","ast-featured-img":"","footer-sml-layout":"","theme-transparent-header-meta":"","adv-header-id-meta":"","stick-header-meta":"","header-above-stick-meta":"","header-main-stick-meta":"","header-below-stick-meta":"","astra-migrate-meta-layouts":"default","ast-page-background-enabled":"default","ast-page-background-meta":{"desktop":{"background-color":"var(--ast-global-color-4)","background-image":"","background-repeat":"repeat","background-position":"center center","background-size":"auto","background-attachment":"scroll","background-type":"","background-media":"","overlay-type":"","overlay-color":"","overlay-opacity":"","overlay-gradient":""},"tablet":{"background-color":"","background-image":"","background-repeat":"repeat","background-position":"center center","background-size":"auto","background-attachment":"scroll","background-type":"","background-media":"","overlay-type":"","overlay-color":"","overlay-opacity":"","overlay-gradient":""},"mobile":{"background-color":"","background-image":"","background-repeat":"repeat","background-position":"center center","background-size":"auto","background-attachment":"scroll","background-type":"","background-media":"","overlay-type":"","overlay-color":"","overlay-opacity":"","overlay-gradient":""}},"ast-content-background-meta":{"desktop":{"background-color":"var(--ast-global-color-5)","background-image":"","background-repeat":"repeat","background-position":"center center","background-size":"auto","background-attachment":"scroll","background-type":"","background-media":"","overlay-type":"","overlay-color":"","overlay-opacity":"","overlay-gradient":""},"tablet":{"background-color":"var(--ast-global-color-5)","background-image":"","background-repeat":"repeat","background-position":"center center","background-size":"auto","background-attachment":"scroll","background-type":"","background-media":"","overlay-type":"","overlay-color":"","overlay-opacity":"","overlay-gradient":""},"mobile":{"background-color":"var(--ast-global-color-5)","background-image":"","background-repeat":"repeat","background-position":"center center","background-size":"auto","background-attachment":"scroll","background-type":"","background-media":"","overlay-type":"","overlay-color":"","overlay-opacity":"","overlay-gradient":""}},"footnotes":""},"class_list":["post-6132","page","type-page","status-publish","hentry"],"post_mailing_queue_ids":[],"_links":{"self":[{"href":"https:\/\/agora.xtec.cat\/escolapoblenou\/wp-json\/wp\/v2\/pages\/6132","targetHints":{"allow":["GET"]}}],"collection":[{"href":"https:\/\/agora.xtec.cat\/escolapoblenou\/wp-json\/wp\/v2\/pages"}],"about":[{"href":"https:\/\/agora.xtec.cat\/escolapoblenou\/wp-json\/wp\/v2\/types\/page"}],"author":[{"embeddable":true,"href":"https:\/\/agora.xtec.cat\/escolapoblenou\/wp-json\/wp\/v2\/users\/8"}],"replies":[{"embeddable":true,"href":"https:\/\/agora.xtec.cat\/escolapoblenou\/wp-json\/wp\/v2\/comments?post=6132"}],"version-history":[{"count":3,"href":"https:\/\/agora.xtec.cat\/escolapoblenou\/wp-json\/wp\/v2\/pages\/6132\/revisions"}],"predecessor-version":[{"id":6835,"href":"https:\/\/agora.xtec.cat\/escolapoblenou\/wp-json\/wp\/v2\/pages\/6132\/revisions\/6835"}],"up":[{"embeddable":true,"href":"https:\/\/agora.xtec.cat\/escolapoblenou\/wp-json\/wp\/v2\/pages\/64"}],"wp:attachment":[{"href":"https:\/\/agora.xtec.cat\/escolapoblenou\/wp-json\/wp\/v2\/media?parent=6132"}],"curies":[{"name":"wp","href":"https:\/\/api.w.org\/{rel}","templated":true}]}}