{"id":34,"date":"2014-09-18T12:32:18","date_gmt":"2014-09-18T11:32:18","guid":{"rendered":"http:\/\/agora.xtec.cat\/escolapoblenou\/?page_id=34"},"modified":"2025-07-03T12:23:27","modified_gmt":"2025-07-03T10:23:27","slug":"oferta-educativa","status":"publish","type":"page","link":"https:\/\/agora.xtec.cat\/escolapoblenou\/lescola\/oferta-educativa\/","title":{"rendered":"Oferta educativa 2025-26"},"content":{"rendered":"<table class=\" aligncenter\" style=\"width: 50%; border-collapse: collapse; border-style: solid; border-color: #9c9898;\">\n<tbody>\n<tr style=\"height: 32px;\">\n<td style=\"width: 99.9999%; height: 32px; background-color: #6ba8d1; text-align: center; vertical-align: middle;\" colspan=\"3\"><span style=\"font-size: 20px;\">CURS 2025 &#8211; 2026<\/span><\/td>\n<\/tr>\n<tr style=\"height: 32px;\">\n<td style=\"width: 33.3333%; height: 96px;\" rowspan=\"3\"><span style=\"font-size: 20px;\">Educaci\u00f3 Infantil<\/span><\/td>\n<td style=\"width: 33.3333%; height: 32px;\"><span style=\"font-size: 20px;\">i3<\/span><\/td>\n<td style=\"width: 33.3333%; height: 32px;\"><span style=\"font-size: 20px;\">2 grups<\/span><\/td>\n<\/tr>\n<tr style=\"height: 32px;\">\n<td style=\"width: 33.3333%; height: 32px;\"><span style=\"font-size: 20px;\">i4<\/span><\/td>\n<td style=\"width: 33.3333%; height: 32px;\"><span style=\"font-size: 20px;\">2 grups<\/span><\/td>\n<\/tr>\n<tr style=\"height: 32px;\">\n<td style=\"width: 33.3333%; height: 32px;\"><span style=\"font-size: 20px;\">i5<\/span><\/td>\n<td style=\"width: 33.3333%; height: 32px;\"><span style=\"font-size: 20px;\">2 grups<\/span><\/td>\n<\/tr>\n<tr style=\"height: 32px;\">\n<td style=\"width: 33.3333%; height: 192px;\" rowspan=\"6\"><span style=\"font-size: 20px;\">Educaci\u00f3 Prim\u00e0ria<\/span><\/td>\n<td style=\"width: 33.3333%; height: 32px;\"><span style=\"font-size: 20px;\">1r<\/span><\/td>\n<td style=\"width: 33.3333%; height: 32px;\"><span style=\"font-size: 20px;\">2 grups<\/span><\/td>\n<\/tr>\n<tr style=\"height: 32px;\">\n<td style=\"width: 33.3333%; height: 32px;\"><span style=\"font-size: 20px;\">2n<\/span><\/td>\n<td style=\"width: 33.3333%; height: 32px;\"><span style=\"font-size: 20px;\">2 grups<\/span><\/td>\n<\/tr>\n<tr style=\"height: 32px;\">\n<td style=\"width: 33.3333%; height: 32px;\"><span style=\"font-size: 20px;\">3r<\/span><\/td>\n<td style=\"width: 33.3333%; height: 32px;\"><span style=\"font-size: 20px;\">2 grups<\/span><\/td>\n<\/tr>\n<tr style=\"height: 32px;\">\n<td style=\"width: 33.3333%; height: 32px;\"><span style=\"font-size: 20px;\">4t<\/span><\/td>\n<td style=\"width: 33.3333%; height: 32px;\"><span style=\"font-size: 20px;\">2 grups<\/span><\/td>\n<\/tr>\n<tr style=\"height: 32px;\">\n<td style=\"width: 33.3333%; height: 32px;\"><span style=\"font-size: 20px;\">5\u00e8<\/span><\/td>\n<td style=\"width: 33.3333%; height: 32px;\"><span style=\"font-size: 20px;\">1 grup<\/span><\/td>\n<\/tr>\n<tr style=\"height: 32px;\">\n<td style=\"width: 33.3333%; height: 32px;\"><span style=\"font-size: 20px;\">6\u00e8<\/span><\/td>\n<td style=\"width: 33.3333%; height: 32px;\"><span style=\"font-size: 20px;\">2 grups<\/span><\/td>\n<\/tr>\n<tr style=\"height: 32px;\">\n<td style=\"height: 32px; width: 33.3333%; background-color: #6ba8d1;\" colspan=\"2\"><span style=\"font-size: 20px;\">TOTAL<\/span><\/td>\n<td style=\"width: 33.3333%; height: 32px; background-color: #6ba8d1;\"><span style=\"font-size: 20px;\">17 grups<\/span><\/td>\n<\/tr>\n<\/tbody>\n<\/table>\n<p>&nbsp;<\/p>\n<p style=\"text-align: center;\"><strong>Educaci\u00f3 Infantil ( 3 a 6 anys) i Prim\u00e0ria (6 a 12 anys)<\/strong><\/p>\n","protected":false},"excerpt":{"rendered":"<p>CURS 2025 &#8211; 2026 Educaci\u00f3 Infantil i3 2 grups i4 2 grups i5 2 grups Educaci\u00f3 Prim\u00e0ria 1r 2 grups 2n 2 grups 3r 2 grups 4t 2 grups 5\u00e8 1 grup 6\u00e8 2 grups TOTAL 17 grups &nbsp; Educaci\u00f3 Infantil ( 3 a 6 anys) i Prim\u00e0ria (6 a 12 anys)<\/p>\n","protected":false},"author":1,"featured_media":0,"parent":22,"menu_order":60,"comment_status":"closed","ping_status":"closed","template":"page-templates\/side-menu.php","meta":{"_bbp_topic_count":0,"_bbp_reply_count":0,"_bbp_total_topic_count":0,"_bbp_total_reply_count":0,"_bbp_voice_count":0,"_bbp_anonymous_reply_count":0,"_bbp_topic_count_hidden":0,"_bbp_reply_count_hidden":0,"_bbp_forum_subforum_count":0,"site-sidebar-layout":"default","site-content-layout":"","ast-site-content-layout":"","site-content-style":"default","site-sidebar-style":"default","ast-global-header-display":"","ast-banner-title-visibility":"","ast-main-header-display":"","ast-hfb-above-header-display":"","ast-hfb-below-header-display":"","ast-hfb-mobile-header-display":"","site-post-title":"","ast-breadcrumbs-content":"","ast-featured-img":"","footer-sml-layout":"","theme-transparent-header-meta":"","adv-header-id-meta":"","stick-header-meta":"","header-above-stick-meta":"","header-main-stick-meta":"","header-below-stick-meta":"","astra-migrate-meta-layouts":"default","ast-page-background-enabled":"default","ast-page-background-meta":{"desktop":{"background-color":"var(--ast-global-color-4)","background-image":"","background-repeat":"repeat","background-position":"center center","background-size":"auto","background-attachment":"scroll","background-type":"","background-media":"","overlay-type":"","overlay-color":"","overlay-opacity":"","overlay-gradient":""},"tablet":{"background-color":"","background-image":"","background-repeat":"repeat","background-position":"center center","background-size":"auto","background-attachment":"scroll","background-type":"","background-media":"","overlay-type":"","overlay-color":"","overlay-opacity":"","overlay-gradient":""},"mobile":{"background-color":"","background-image":"","background-repeat":"repeat","background-position":"center center","background-size":"auto","background-attachment":"scroll","background-type":"","background-media":"","overlay-type":"","overlay-color":"","overlay-opacity":"","overlay-gradient":""}},"ast-content-background-meta":{"desktop":{"background-color":"var(--ast-global-color-5)","background-image":"","background-repeat":"repeat","background-position":"center center","background-size":"auto","background-attachment":"scroll","background-type":"","background-media":"","overlay-type":"","overlay-color":"","overlay-opacity":"","overlay-gradient":""},"tablet":{"background-color":"var(--ast-global-color-5)","background-image":"","background-repeat":"repeat","background-position":"center center","background-size":"auto","background-attachment":"scroll","background-type":"","background-media":"","overlay-type":"","overlay-color":"","overlay-opacity":"","overlay-gradient":""},"mobile":{"background-color":"var(--ast-global-color-5)","background-image":"","background-repeat":"repeat","background-position":"center center","background-size":"auto","background-attachment":"scroll","background-type":"","background-media":"","overlay-type":"","overlay-color":"","overlay-opacity":"","overlay-gradient":""}},"footnotes":""},"class_list":["post-34","page","type-page","status-publish","hentry"],"post_mailing_queue_ids":[],"_links":{"self":[{"href":"https:\/\/agora.xtec.cat\/escolapoblenou\/wp-json\/wp\/v2\/pages\/34","targetHints":{"allow":["GET"]}}],"collection":[{"href":"https:\/\/agora.xtec.cat\/escolapoblenou\/wp-json\/wp\/v2\/pages"}],"about":[{"href":"https:\/\/agora.xtec.cat\/escolapoblenou\/wp-json\/wp\/v2\/types\/page"}],"author":[{"embeddable":true,"href":"https:\/\/agora.xtec.cat\/escolapoblenou\/wp-json\/wp\/v2\/users\/1"}],"replies":[{"embeddable":true,"href":"https:\/\/agora.xtec.cat\/escolapoblenou\/wp-json\/wp\/v2\/comments?post=34"}],"version-history":[{"count":7,"href":"https:\/\/agora.xtec.cat\/escolapoblenou\/wp-json\/wp\/v2\/pages\/34\/revisions"}],"predecessor-version":[{"id":12613,"href":"https:\/\/agora.xtec.cat\/escolapoblenou\/wp-json\/wp\/v2\/pages\/34\/revisions\/12613"}],"up":[{"embeddable":true,"href":"https:\/\/agora.xtec.cat\/escolapoblenou\/wp-json\/wp\/v2\/pages\/22"}],"wp:attachment":[{"href":"https:\/\/agora.xtec.cat\/escolapoblenou\/wp-json\/wp\/v2\/media?parent=34"}],"curies":[{"name":"wp","href":"https:\/\/api.w.org\/{rel}","templated":true}]}}