{"id":28,"date":"2023-12-05T12:29:35","date_gmt":"2023-12-05T11:29:35","guid":{"rendered":"http:\/\/agora.xtec.cat\/escolapoblenou\/?page_id=28"},"modified":"2024-09-30T12:08:50","modified_gmt":"2024-09-30T10:08:50","slug":"consell-escolar","status":"publish","type":"page","link":"https:\/\/agora.xtec.cat\/escolapoblenou\/lescola\/consell-escolar\/","title":{"rendered":"Consell escolar"},"content":{"rendered":"<p>El consell escolar del centre \u00e9s l&#8217;<strong>\u00f2rgan col\u00b7legiat de participaci\u00f3<\/strong> de la comunitat escolar en el govern del centre. En el consell escolar hi ha representats tots els col\u00b7lectius que intervenen en la comunitat educativa: director, professorat, alumnat, personal d&#8217;administraci\u00f3 i serveis, etc.<\/p>\n<p>En els centres p\u00fablics, la funci\u00f3 principal del consell escolar \u00e9s participar en la presa de decisions en relaci\u00f3 amb aquells temes importants per al funcionament i l&#8217;organitzaci\u00f3 del centre: el projecte educatiu, la programaci\u00f3 general, la gesti\u00f3 econ\u00f2mica, etc. En el cas dels centres privats concertats, el consell escolar debat, avalua, analitza i pren decisions sobre els temes proposats pel titular del centre.<\/p>\n<p>Els membres del consell escolar s\u00f3n elegits per un per\u00edode de quatre anys i es renoven per meitats cada dos anys.<\/p>\n<p><strong>Representants del Consell Escolar Escola Poblenou:<\/strong><\/p>\n<p>Director\/a Esther Gonz\u00e1lez Peralta.<br \/>\nCap d&#8217;estudis Maria Porcar Molina.<br \/>\nRepresentant de l&#8217;Ajuntament Maria Becar\u00e9s.<br \/>\nRepresentant del professorat Cristina Moll\u00e0 Estap\u00e9.<br \/>\nRepresentant del professorat Andrea Illa Miralles.<br \/>\nRepresentant del professorat Carme del Cura de Pedro.<br \/>\nRepresentant del professorat Jordi Alonso L\u00f3pez.<br \/>\nRepresentant del professorat Maite Alvarez Gonz\u00e1lez.<br \/>\nRepresentant del professorat Berta Fust\u00e9 Serrano.<br \/>\nRepresentant de pares i mares N\u00faria Gim\u00e9nez.<br \/>\nRepresentant de pares i mares Eva Haro Garcia.<br \/>\nRepresentant de pares i mares Maria Isabel de la Torre Soriano.<br \/>\nRepresentant de pares i mares Tais Llorens Vallverd\u00fa.<br \/>\nRepresentant de pares i mares Sandra Ter\u00e1n Anad\u00f3n.<br \/>\nRepresentant de l&#8217;AMPA\u00a0 Marc Aug\u00e9 Ballac.<br \/>\nRepresentant del PAS M\u00aa Isabel\u00a0 Pereiras.<br \/>\nSecretari\/\u00e0ria Azahara Gonz\u00e1lez L\u00f3pez.<\/p>\n<p><span style=\"text-decoration: underline;\">RESUM ACTES CONSELL ESCOLAR<\/span><\/p>\n<p><a href=\"https:\/\/agora.xtec.cat\/escolapoblenou\/docs\/resum-actes-consell-escolar\/\" target=\"_blank\" rel=\"noopener\">https:\/\/agora.xtec.cat\/escolapoblenou\/docs\/resum-actes-consell-escolar\/<\/a><\/p>\n<p>&nbsp;<\/p>\n","protected":false},"excerpt":{"rendered":"<p>El consell escolar del centre \u00e9s l&#8217;\u00f2rgan col\u00b7legiat de participaci\u00f3 de la comunitat escolar en el govern del centre. En el consell escolar hi ha representats tots els col\u00b7lectius que intervenen en la comunitat educativa: director, professorat, alumnat, personal d&#8217;administraci\u00f3 i serveis, etc. En els centres p\u00fablics, la funci\u00f3 principal del consell escolar \u00e9s participar [&hellip;]<\/p>\n","protected":false},"author":1,"featured_media":0,"parent":22,"menu_order":30,"comment_status":"closed","ping_status":"closed","template":"page-templates\/side-menu.php","meta":{"_bbp_topic_count":0,"_bbp_reply_count":0,"_bbp_total_topic_count":0,"_bbp_total_reply_count":0,"_bbp_voice_count":0,"_bbp_anonymous_reply_count":0,"_bbp_topic_count_hidden":0,"_bbp_reply_count_hidden":0,"_bbp_forum_subforum_count":0,"site-sidebar-layout":"default","site-content-layout":"","ast-site-content-layout":"","site-content-style":"default","site-sidebar-style":"default","ast-global-header-display":"","ast-banner-title-visibility":"","ast-main-header-display":"","ast-hfb-above-header-display":"","ast-hfb-below-header-display":"","ast-hfb-mobile-header-display":"","site-post-title":"","ast-breadcrumbs-content":"","ast-featured-img":"","footer-sml-layout":"","theme-transparent-header-meta":"","adv-header-id-meta":"","stick-header-meta":"","header-above-stick-meta":"","header-main-stick-meta":"","header-below-stick-meta":"","astra-migrate-meta-layouts":"default","ast-page-background-enabled":"default","ast-page-background-meta":{"desktop":{"background-color":"var(--ast-global-color-4)","background-image":"","background-repeat":"repeat","background-position":"center center","background-size":"auto","background-attachment":"scroll","background-type":"","background-media":"","overlay-type":"","overlay-color":"","overlay-opacity":"","overlay-gradient":""},"tablet":{"background-color":"","background-image":"","background-repeat":"repeat","background-position":"center center","background-size":"auto","background-attachment":"scroll","background-type":"","background-media":"","overlay-type":"","overlay-color":"","overlay-opacity":"","overlay-gradient":""},"mobile":{"background-color":"","background-image":"","background-repeat":"repeat","background-position":"center center","background-size":"auto","background-attachment":"scroll","background-type":"","background-media":"","overlay-type":"","overlay-color":"","overlay-opacity":"","overlay-gradient":""}},"ast-content-background-meta":{"desktop":{"background-color":"var(--ast-global-color-5)","background-image":"","background-repeat":"repeat","background-position":"center center","background-size":"auto","background-attachment":"scroll","background-type":"","background-media":"","overlay-type":"","overlay-color":"","overlay-opacity":"","overlay-gradient":""},"tablet":{"background-color":"var(--ast-global-color-5)","background-image":"","background-repeat":"repeat","background-position":"center center","background-size":"auto","background-attachment":"scroll","background-type":"","background-media":"","overlay-type":"","overlay-color":"","overlay-opacity":"","overlay-gradient":""},"mobile":{"background-color":"var(--ast-global-color-5)","background-image":"","background-repeat":"repeat","background-position":"center center","background-size":"auto","background-attachment":"scroll","background-type":"","background-media":"","overlay-type":"","overlay-color":"","overlay-opacity":"","overlay-gradient":""}},"footnotes":""},"class_list":["post-28","page","type-page","status-publish","hentry"],"post_mailing_queue_ids":[],"_links":{"self":[{"href":"https:\/\/agora.xtec.cat\/escolapoblenou\/wp-json\/wp\/v2\/pages\/28","targetHints":{"allow":["GET"]}}],"collection":[{"href":"https:\/\/agora.xtec.cat\/escolapoblenou\/wp-json\/wp\/v2\/pages"}],"about":[{"href":"https:\/\/agora.xtec.cat\/escolapoblenou\/wp-json\/wp\/v2\/types\/page"}],"author":[{"embeddable":true,"href":"https:\/\/agora.xtec.cat\/escolapoblenou\/wp-json\/wp\/v2\/users\/1"}],"replies":[{"embeddable":true,"href":"https:\/\/agora.xtec.cat\/escolapoblenou\/wp-json\/wp\/v2\/comments?post=28"}],"version-history":[{"count":6,"href":"https:\/\/agora.xtec.cat\/escolapoblenou\/wp-json\/wp\/v2\/pages\/28\/revisions"}],"predecessor-version":[{"id":12030,"href":"https:\/\/agora.xtec.cat\/escolapoblenou\/wp-json\/wp\/v2\/pages\/28\/revisions\/12030"}],"up":[{"embeddable":true,"href":"https:\/\/agora.xtec.cat\/escolapoblenou\/wp-json\/wp\/v2\/pages\/22"}],"wp:attachment":[{"href":"https:\/\/agora.xtec.cat\/escolapoblenou\/wp-json\/wp\/v2\/media?parent=28"}],"curies":[{"name":"wp","href":"https:\/\/api.w.org\/{rel}","templated":true}]}}