{"id":26,"date":"2014-09-18T12:24:32","date_gmt":"2014-09-18T11:24:32","guid":{"rendered":"http:\/\/agora.xtec.cat\/escolapoblenou\/?page_id=26"},"modified":"2024-09-07T21:13:19","modified_gmt":"2024-09-07T19:13:19","slug":"historia","status":"publish","type":"page","link":"https:\/\/agora.xtec.cat\/escolapoblenou\/lescola\/historia\/","title":{"rendered":"Hist\u00f2ria"},"content":{"rendered":"<p style=\"text-align: center;\">\r\n\t<div class=\"slideshow_container slideshow_container_style-light\" style=\"height: 300px; \" data-slideshow-id=\"1930\" data-style-name=\"style-light\" data-style-version=\"2.3.1\" >\r\n\r\n\t\t\t\t\t<div class=\"slideshow_loading_icon\"><\/div>\r\n\t\t\r\n\t\t<div class=\"slideshow_content\" style=\"display: none;\">\r\n\r\n\t\t\t<div class=\"slideshow_view\">\r\n\t\t\t\t<div class=\"slideshow_slide slideshow_slide_image\">\r\n\t\t\t\t\t\t\t\t\t\t\t<img src=\"https:\/\/agora.xtec.cat\/escolapoblenou\/wp-content\/uploads\/usu1516\/2016\/12\/DSC8672.jpg\" alt=\"_dsc8672\" width=\"794\" height=\"331\" \/>\r\n\t\t\t\t\t\t\t\t\t\t<div class=\"slideshow_description_box slideshow_transparent\">\r\n\t\t\t\t\t\t<div class=\"slideshow_title\">_dsc8672<\/div>\t\t\t\t\t\t\t\t\t\t\t<\/div>\r\n\t\t\t\t<\/div>\r\n\r\n\t\t\t\t\t\t<div style=\"clear: both;\"><\/div><\/div><div class=\"slideshow_view\">\r\n\t\t\t\t<div class=\"slideshow_slide slideshow_slide_image\">\r\n\t\t\t\t\t\t\t\t\t\t\t<img src=\"https:\/\/agora.xtec.cat\/escolapoblenou\/wp-content\/uploads\/usu1516\/2016\/12\/DSC06921.jpg\" alt=\"dsc06921\" width=\"380\" height=\"270\" \/>\r\n\t\t\t\t\t\t\t\t\t\t<div class=\"slideshow_description_box slideshow_transparent\">\r\n\t\t\t\t\t\t<div class=\"slideshow_title\">dsc06921<\/div>\t\t\t\t\t\t\t\t\t\t\t<\/div>\r\n\t\t\t\t<\/div>\r\n\r\n\t\t\t\t\t\t<div style=\"clear: both;\"><\/div><\/div><div class=\"slideshow_view\">\r\n\t\t\t\t<div class=\"slideshow_slide slideshow_slide_image\">\r\n\t\t\t\t\t\t\t\t\t\t\t<img src=\"https:\/\/agora.xtec.cat\/escolapoblenou\/wp-content\/uploads\/usu1516\/2016\/12\/073.jpg\" alt=\"073\" width=\"380\" height=\"285\" \/>\r\n\t\t\t\t\t\t\t\t\t\t<div class=\"slideshow_description_box slideshow_transparent\">\r\n\t\t\t\t\t\t<div class=\"slideshow_title\">073<\/div>\t\t\t\t\t\t\t\t\t\t\t<\/div>\r\n\t\t\t\t<\/div>\r\n\r\n\t\t\t\t\t\t<div style=\"clear: both;\"><\/div><\/div><div class=\"slideshow_view\">\r\n\t\t\t\t<div class=\"slideshow_slide slideshow_slide_image\">\r\n\t\t\t\t\t\t\t\t\t\t\t<img src=\"https:\/\/agora.xtec.cat\/escolapoblenou\/wp-content\/uploads\/usu1516\/2016\/12\/DSC8529.jpg\" alt=\"_dsc8529\" width=\"400\" height=\"292\" \/>\r\n\t\t\t\t\t\t\t\t\t\t<div class=\"slideshow_description_box slideshow_transparent\">\r\n\t\t\t\t\t\t<div class=\"slideshow_title\">_dsc8529<\/div>\t\t\t\t\t\t\t\t\t\t\t<\/div>\r\n\t\t\t\t<\/div>\r\n\r\n\t\t\t\t\t\t<div style=\"clear: both;\"><\/div><\/div><div class=\"slideshow_view\">\r\n\t\t\t\t<div class=\"slideshow_slide slideshow_slide_image\">\r\n\t\t\t\t\t\t\t\t\t\t\t<img src=\"https:\/\/agora.xtec.cat\/escolapoblenou\/wp-content\/uploads\/usu1516\/2016\/12\/P6110188.jpg\" alt=\"p6110188\" width=\"380\" height=\"285\" \/>\r\n\t\t\t\t\t\t\t\t\t\t<div class=\"slideshow_description_box slideshow_transparent\">\r\n\t\t\t\t\t\t<div class=\"slideshow_title\">p6110188<\/div>\t\t\t\t\t\t\t\t\t\t\t<\/div>\r\n\t\t\t\t<\/div>\r\n\r\n\t\t\t\t\t\t<div style=\"clear: both;\"><\/div><\/div>\r\n\t\t<\/div>\r\n\r\n\t\t<div class=\"slideshow_controlPanel slideshow_transparent\" style=\"display: none;\"><ul><li class=\"slideshow_togglePlay\" data-play-text=\"Visualitza\" data-pause-text=\"Pausa\"><\/li><\/ul><\/div>\r\n\r\n\t\t<div class=\"slideshow_button slideshow_previous slideshow_transparent\" role=\"button\" data-previous-text=\"Anterior\" style=\"display: none;\"><\/div>\r\n\t\t<div class=\"slideshow_button slideshow_next slideshow_transparent\" role=\"button\" data-next-text=\"Seg\u00fcent\" style=\"display: none;\"><\/div>\r\n\r\n\t\t<div class=\"slideshow_pagination\" style=\"display: none;\" data-go-to-text=\"V\u00e9s a la diapositiva\"><div class=\"slideshow_pagination_center\"><\/div><\/div>\r\n\r\n\t\t<!-- WordPress Slideshow Version 2.3.1 -->\r\n\r\n\t\t\t<\/div>\r\n\r\n<\/p>\n<p>&nbsp;<\/p>\n<div dir=\"ltr\"><span style=\"font-weight: bold;\"><br \/>\n<\/span><span style=\"font-weight: bold;\">LA NOSTRA HIST\u00d2RIA<\/span><\/div>\n<div dir=\"ltr\">\n<hr size=\"2\" width=\"100%\" \/>\n<\/div>\n<ul>\n<li>L\u2019Escola Poblenou se situa al districte X (Sant Mart\u00ed de Proven\u00e7als), al carrer Per\u00fa 139. Prov\u00e9 origin\u00e0riament de l&#8217;antiga escola Pare Manj\u00f3n.<\/li>\n<li>El curs 68-69 l\u2019escola canvia de lloc i de nom. Passa a ser CEIP Virrei Amat. Es construeixen dos edificis nous, un per a nens i un altre per a nenes.<\/li>\n<li>El curs 85-86 es va ampliar amb un edifici nou annex als dos anteriors i un pati de sorra per als m\u00e9s petits.<\/li>\n<li>Al llarg del curs 2008\/09 es duen a terme unes obres molt importants per remodelar el pati. Al mateix temps, construeixen a tocar una nova escola bressol: &#8220;El Bressol del Poblenou&#8221;. Una gran festa ens aplega a tots per celebrar dos grans esdeveniments: la inauguraci\u00f3 del pati nou i el canvi de nom del centre. Amb l&#8217;objectiu d&#8217;arrelar-se m\u00e9s al barri s&#8217;anomenar\u00e0 \u00a0ESCOLA POBLENOU.<\/li>\n<li>El curs 2011\/12 l&#8217;escola Poblenou \u00e9s escollida per iniciar un projecte innovador a Barcelona, patrocinat per Catalunya Caixa, d&#8217;una durada de tres anys. Es tracta del projecte T\u00e0ndem (entre l&#8217;escola i l&#8217;ESMUC ) que vol fer de la m\u00fasica un eix vertebrador molt important en el seu curr\u00edculum amb l&#8217;objectiu de fomentar la motivaci\u00f3 i l&#8217;\u00e8xit a les aules i de fer una escola atractiva i singular al barri.<\/li>\n<li>El curs 2016\/17 l&#8217;escola participa a &#8220;Xarxes pel al Canvi&#8221; amb l&#8217;objectiu de continuar avan\u00e7ant, dins del nostre Projecte Educatiu, cap a\u00a0 model escolar, que se centri en l&#8217;alumne i tingui en compte les emocions i els diferents ritmes d&#8217;aprenentatge de cadasc\u00fa.\n<div id=\"contingut\" class=\"span8\"><\/div>\n<\/li>\n<li>L&#8217;escola tamb\u00e9 forma part del projecte Escoles+Sostenibles i ha estat escollida per participar\u00a0 al projecte &#8220;Adaptant escoles al canvi clim\u00e0tic&#8221; convertint-se en un refugi clim\u00e0tic pel barri.<\/li>\n<\/ul>\n<p>Actualment l\u2019escola disposa de tres edificis amb uns equipaments molt complets que permeten als seus alumnes disposar de l\u2019espai f\u00edsic adequat per al seu aprenentatge.<\/p>\n<div dir=\"ltr\"><\/div>\n<div dir=\"ltr\"><b>CARACTER\u00cdSTIQUES \u00a0PR\u00d2PIES<\/b><\/div>\n<hr size=\"2\" width=\"100%\" \/>\n<ul>\n<li>Educaci\u00f3 Infantil i Prim\u00e0ria (3 a 12 anys) amb horari de 9:00h a 12:30h i de 15:00h a 16:30h.<\/li>\n<li>Suport SIEI.<\/li>\n<li>Ampliaci\u00f3 de la formaci\u00f3 musical i art\u00edstica dins del curr\u00edculum.<\/li>\n<li>Servei d&#8217;acollida matinal a partir de les 8 del mat\u00ed i ludoteca a partir de les 16.30.<\/li>\n<li>Angl\u00e8s des de I4.<\/li>\n<li>Suport inform\u00e0tic des de I3 a totes les \u00e0rees del curr\u00edculum. Panells i pissarres digitals a totes les aules del centre.<\/li>\n<li>Desdoblaments a Prim\u00e0ria en les \u00e0rees instrumentals de Llengua Catalana i Matem\u00e0tiques.<\/li>\n<li>Seguiment individualitzat de l&#8217;aprenentatge dels nostres alumnes. Suport psicopedag\u00f2gic de l&#8217;EAP.<\/li>\n<li>Realitzaci\u00f3 de nombroses sortides pedag\u00f2giques que reforcen els continguts treballats a classe i promouen un ensenyament actiu.<\/li>\n<li>Realitzaci\u00f3 d&#8217;unes Jornades Culturals en les quals es treballa un tema transversal de I3 a 6\u00e8.<\/li>\n<li>Tallers de Pl\u00e0stica intercicle\/internivell una tarda a la setmana.<\/li>\n<li>Padrins de lectura entre alumnes de I4\/3r, I5\/4t ,1r\/5\u00e8 i 2n\/6\u00e8.<\/li>\n<li>Piscina a 1r (una sessi\u00f3 setmanal) i al llarg d&#8217;un trimestre a 6\u00e8.<\/li>\n<li>Jornada esportiva escolar al CEM Mar Bella de P3 a 6\u00e8.<\/li>\n<li>Col\u00f2nies a I5, 2n, 4t\u00a0 i\u00a0 6\u00e8.<\/li>\n<li>Servei de menjador amb cuina pr\u00f2pia.<\/li>\n<li>Activitats extraescolars organitzades per l\u2019AFA a les tardes.<\/li>\n<\/ul>\n<p><b><br \/>\nTRETS D&#8217;IDENTITAT<br \/>\n<\/b><\/p>\n<div dir=\"ltr\">\n<hr size=\"2\" width=\"100%\" \/>\n<div>\n<p dir=\"ltr\">L&#8217; Escola Poblenou \u00e9s una escola p\u00fablica, catalana, laica, acollidora i arrelada a l&#8217;entorn, compromesa i respectuosa amb el medi ambient, oberta i universalista.<\/p>\n<p dir=\"ltr\">Potencia la relaci\u00f3 harmoniosa entre nens i nenes, la conviv\u00e8ncia respectuosa i la resoluci\u00f3 de conflictes, el valor de la diversitat, el respecte al propi cos i a la higiene, a la natura i al medi ambient.<\/p>\n<div dir=\"ltr\">\n<p>Afavoridora de la inclusi\u00f3, fomenta la igualtat d&#8217;oportunitats i busca donar respostes adequades a tot l&#8217;alumnat.<br \/>\nDesitja que els seus alumnes puguin trobar en el centre el respecte pels drets de tothom, els signes d\u2019identitat que els permetin cr\u00e9ixer, integrar-se i desenvolupar-se com a ciutadans, oberts al m\u00f3n.<\/p>\n<div style=\"text-align: left; display: block;\"><\/div>\n<\/div>\n<div dir=\"ltr\"><span style=\"font-weight: bold;\"><br \/>\n<\/span><span style=\"font-weight: bold;\">ELS NOSTRES ESPAIS<\/span><\/div>\n<div dir=\"ltr\">\n<hr size=\"2\" width=\"100%\" \/>\n<\/div>\n<p dir=\"ltr\">La nostra escola est\u00e0 formada per aules \u00e0mplies amb molta llum i poc soroll ambiental. Les nostres instal\u00b7lacions permeten que l&#8217;alumnat gaudeixi de l&#8217;espai f\u00edsic adequat per al seu aprenentatge.<\/p>\n<p dir=\"ltr\">Disposem de:<\/p>\n<ul>\n<li>Aula d&#8217;Inform\u00e0tica<\/li>\n<li>3 aules de M\u00fasica.<\/li>\n<li>Sala d&#8217;actes.<\/li>\n<li>Aula d&#8217;Angl\u00e8s.<\/li>\n<li>Aules d&#8217;Educaci\u00f3 Especial.<\/li>\n<li>Aula SIEI.<\/li>\n<li>Aula de Religi\u00f3.<\/li>\n<li>Biblioteca.<\/li>\n<li>Gimn\u00e0s amb vestidors i dutxes.<\/li>\n<li>Cuina pr\u00f2pia i un ampli menjador.<\/li>\n<li>Pati gran amb pista esportiva i pati amb sorral per als m\u00e9s petits.<\/li>\n<li>Vest\u00edbul pels dies de pluja i\/o molta calor.<\/li>\n<li>Ludoteca preparada per atendre alumnat fora de l&#8217;horari lectiu.<\/li>\n<\/ul>\n<p dir=\"ltr\">\n<\/div>\n<\/div>\n","protected":false},"excerpt":{"rendered":"<p>&nbsp; LA NOSTRA HIST\u00d2RIA L\u2019Escola Poblenou se situa al districte X (Sant Mart\u00ed de Proven\u00e7als), al carrer Per\u00fa 139. Prov\u00e9 origin\u00e0riament de l&#8217;antiga escola Pare Manj\u00f3n. El curs 68-69 l\u2019escola canvia de lloc i de nom. Passa a ser CEIP Virrei Amat. Es construeixen dos edificis nous, un per a nens i un altre per [&hellip;]<\/p>\n","protected":false},"author":1,"featured_media":0,"parent":22,"menu_order":2,"comment_status":"closed","ping_status":"closed","template":"page-templates\/side-menu.php","meta":{"_bbp_topic_count":0,"_bbp_reply_count":0,"_bbp_total_topic_count":0,"_bbp_total_reply_count":0,"_bbp_voice_count":0,"_bbp_anonymous_reply_count":0,"_bbp_topic_count_hidden":0,"_bbp_reply_count_hidden":0,"_bbp_forum_subforum_count":0,"site-sidebar-layout":"default","site-content-layout":"","ast-site-content-layout":"","site-content-style":"default","site-sidebar-style":"default","ast-global-header-display":"","ast-banner-title-visibility":"","ast-main-header-display":"","ast-hfb-above-header-display":"","ast-hfb-below-header-display":"","ast-hfb-mobile-header-display":"","site-post-title":"","ast-breadcrumbs-content":"","ast-featured-img":"","footer-sml-layout":"","theme-transparent-header-meta":"","adv-header-id-meta":"","stick-header-meta":"","header-above-stick-meta":"","header-main-stick-meta":"","header-below-stick-meta":"","astra-migrate-meta-layouts":"default","ast-page-background-enabled":"default","ast-page-background-meta":{"desktop":{"background-color":"var(--ast-global-color-4)","background-image":"","background-repeat":"repeat","background-position":"center center","background-size":"auto","background-attachment":"scroll","background-type":"","background-media":"","overlay-type":"","overlay-color":"","overlay-opacity":"","overlay-gradient":""},"tablet":{"background-color":"","background-image":"","background-repeat":"repeat","background-position":"center center","background-size":"auto","background-attachment":"scroll","background-type":"","background-media":"","overlay-type":"","overlay-color":"","overlay-opacity":"","overlay-gradient":""},"mobile":{"background-color":"","background-image":"","background-repeat":"repeat","background-position":"center center","background-size":"auto","background-attachment":"scroll","background-type":"","background-media":"","overlay-type":"","overlay-color":"","overlay-opacity":"","overlay-gradient":""}},"ast-content-background-meta":{"desktop":{"background-color":"var(--ast-global-color-5)","background-image":"","background-repeat":"repeat","background-position":"center center","background-size":"auto","background-attachment":"scroll","background-type":"","background-media":"","overlay-type":"","overlay-color":"","overlay-opacity":"","overlay-gradient":""},"tablet":{"background-color":"var(--ast-global-color-5)","background-image":"","background-repeat":"repeat","background-position":"center center","background-size":"auto","background-attachment":"scroll","background-type":"","background-media":"","overlay-type":"","overlay-color":"","overlay-opacity":"","overlay-gradient":""},"mobile":{"background-color":"var(--ast-global-color-5)","background-image":"","background-repeat":"repeat","background-position":"center center","background-size":"auto","background-attachment":"scroll","background-type":"","background-media":"","overlay-type":"","overlay-color":"","overlay-opacity":"","overlay-gradient":""}},"footnotes":""},"class_list":["post-26","page","type-page","status-publish","hentry"],"post_mailing_queue_ids":[],"_links":{"self":[{"href":"https:\/\/agora.xtec.cat\/escolapoblenou\/wp-json\/wp\/v2\/pages\/26","targetHints":{"allow":["GET"]}}],"collection":[{"href":"https:\/\/agora.xtec.cat\/escolapoblenou\/wp-json\/wp\/v2\/pages"}],"about":[{"href":"https:\/\/agora.xtec.cat\/escolapoblenou\/wp-json\/wp\/v2\/types\/page"}],"author":[{"embeddable":true,"href":"https:\/\/agora.xtec.cat\/escolapoblenou\/wp-json\/wp\/v2\/users\/1"}],"replies":[{"embeddable":true,"href":"https:\/\/agora.xtec.cat\/escolapoblenou\/wp-json\/wp\/v2\/comments?post=26"}],"version-history":[{"count":7,"href":"https:\/\/agora.xtec.cat\/escolapoblenou\/wp-json\/wp\/v2\/pages\/26\/revisions"}],"predecessor-version":[{"id":12007,"href":"https:\/\/agora.xtec.cat\/escolapoblenou\/wp-json\/wp\/v2\/pages\/26\/revisions\/12007"}],"up":[{"embeddable":true,"href":"https:\/\/agora.xtec.cat\/escolapoblenou\/wp-json\/wp\/v2\/pages\/22"}],"wp:attachment":[{"href":"https:\/\/agora.xtec.cat\/escolapoblenou\/wp-json\/wp\/v2\/media?parent=26"}],"curies":[{"name":"wp","href":"https:\/\/api.w.org\/{rel}","templated":true}]}}