{"id":1955,"date":"2016-12-07T13:46:33","date_gmt":"2016-12-07T12:46:33","guid":{"rendered":"http:\/\/agora.xtec.cat\/escolapoblenou\/?page_id=1955"},"modified":"2020-03-24T20:52:01","modified_gmt":"2020-03-24T19:52:01","slug":"biblioteca-escolar","status":"publish","type":"page","link":"https:\/\/agora.xtec.cat\/escolapoblenou\/projecte-educatiu\/biblioteca-escolar\/","title":{"rendered":"Biblioteca Escolar"},"content":{"rendered":"<div dir=\"ltr\">\n<p><em> \u201cEls llibres s\u00f3n els nostres ulls m\u00e0gics. Ens donen la saviesa i la informaci\u00f3, i ens guien pels dif\u00edcils camins de la vida.\u201d<\/em><br \/>\n(Manorama Jafa)<\/p>\n<h5><strong>Objectius:<\/strong><\/h5>\n<ul>\n<li>Donar suport als objectius dels Projectes Educatiu i Curricular del Centre.<\/li>\n<li>Fomentar la lectura com a font de plaer i de coneixement.<\/li>\n<li>Convertir la biblioteca de l\u2019escola en una eina \u00fatil per al desenvolupament de l\u2019h\u00e0bit lector.<\/li>\n<li>Potenciar l\u2019autonomia per a la construcci\u00f3 del propi coneixement amb l\u2019\u00fas de diverses fonts d\u2019informaci\u00f3 (llibres,revistes, v\u00eddeos, DVD, documents multim\u00e8dia\u2026).<\/li>\n<li>Donar suport a la lectura com a base per a la creaci\u00f3 liter\u00e0ria i est\u00e8tica.<\/li>\n<li>Fomentar l\u2019atenci\u00f3 a la diversitat, mitjan\u00e7ant l\u2019\u00fas de recursos multim\u00e8dia que permeten un ensenyament individualitzat.<\/li>\n<li>Coordinar esfor\u00e7os amb els centres de la zona per dinamitzar conjuntament les biblioteques escolars.<\/li>\n<li>Utilitzar els recursos i equipament del centre com a element motivador per a obrir l\u2019escola al seu entorn.<\/li>\n<\/ul>\n<\/div>\n<p>El curs 2008\/09 vam iniciar l&#8217;activitat de &#8220;Padrins de lectura&#8221;.<em><img loading=\"lazy\" decoding=\"async\" class=\"wp-image-6842 size-medium alignright\" src=\"https:\/\/agora.xtec.cat\/escolapoblenou\/wp-content\/uploads\/usu1516\/2020\/03\/Esc_Poblenou_058-EGF_3194-300x200.jpg\" alt=\"\" width=\"300\" height=\"200\" srcset=\"https:\/\/agora.xtec.cat\/escolapoblenou\/wp-content\/uploads\/usu1516\/2020\/03\/Esc_Poblenou_058-EGF_3194-300x200.jpg 300w, https:\/\/agora.xtec.cat\/escolapoblenou\/wp-content\/uploads\/usu1516\/2020\/03\/Esc_Poblenou_058-EGF_3194-768x512.jpg 768w, https:\/\/agora.xtec.cat\/escolapoblenou\/wp-content\/uploads\/usu1516\/2020\/03\/Esc_Poblenou_058-EGF_3194-1024x682.jpg 1024w, https:\/\/agora.xtec.cat\/escolapoblenou\/wp-content\/uploads\/usu1516\/2020\/03\/Esc_Poblenou_058-EGF_3194.jpg 1613w\" sizes=\"auto, (max-width: 300px) 100vw, 300px\" \/><\/em><\/p>\n<p>Actualment \u00e9s una activitat consolidada que funciona de P4 a 6\u00e8.<\/p>\n<p>El resultat \u00e9s altament gratificant:<\/p>\n<p>&#8220;El padrins van veient que se&#8217;n surten airosos i aix\u00f2 millora la seva autoestima.<\/p>\n<p>Els\/les fillols\/les se senten atesos pels alumnes m\u00e9s grans i quan es troben al pati, menjador, &#8230; es saluden amb afecte.&#8221;<\/p>\n<div dir=\"ltr\">\n<p><em><img loading=\"lazy\" decoding=\"async\" class=\"aligncenter wp-image-6841 size-medium\" src=\"https:\/\/agora.xtec.cat\/escolapoblenou\/wp-content\/uploads\/usu1516\/2020\/03\/Esc_Poblenou_057-EGF_3180-300x200.jpg\" alt=\"\" width=\"300\" height=\"200\" srcset=\"https:\/\/agora.xtec.cat\/escolapoblenou\/wp-content\/uploads\/usu1516\/2020\/03\/Esc_Poblenou_057-EGF_3180-300x200.jpg 300w, https:\/\/agora.xtec.cat\/escolapoblenou\/wp-content\/uploads\/usu1516\/2020\/03\/Esc_Poblenou_057-EGF_3180-768x512.jpg 768w, https:\/\/agora.xtec.cat\/escolapoblenou\/wp-content\/uploads\/usu1516\/2020\/03\/Esc_Poblenou_057-EGF_3180-1024x682.jpg 1024w, https:\/\/agora.xtec.cat\/escolapoblenou\/wp-content\/uploads\/usu1516\/2020\/03\/Esc_Poblenou_057-EGF_3180.jpg 1613w\" sizes=\"auto, (max-width: 300px) 100vw, 300px\" \/><\/em><\/p>\n<p>M\u00e9s informaci\u00f3:<\/p>\n<p><a href=\"http:\/\/bloc.edubcn.cat\/2009\/12\/escola-poblenou-padrins-i-padrines-de-lectura\/\" rel=\"nofollow\">http:\/\/bloc.edubcn.cat\/2009\/12\/escola-poblenou-padrins-i-padrines-de-lectura\/<\/a><\/p>\n<\/div>\n<div dir=\"ltr\">\n<p>&nbsp;<\/p>\n<div><\/div>\n<div><\/div>\n<div>\n<div>\n<div>\n<div style=\"text-align: center;\"><\/div>\n<\/div>\n<\/div>\n<\/div>\n<\/div>\n","protected":false},"excerpt":{"rendered":"<p>\u201cEls llibres s\u00f3n els nostres ulls m\u00e0gics. Ens donen la saviesa i la informaci\u00f3, i ens guien pels dif\u00edcils camins de la vida.\u201d (Manorama Jafa) Objectius: Donar suport als objectius dels Projectes Educatiu i Curricular del Centre. Fomentar la lectura com a font de plaer i de coneixement. Convertir la biblioteca de l\u2019escola en una [&hellip;]<\/p>\n","protected":false},"author":3,"featured_media":0,"parent":64,"menu_order":10,"comment_status":"closed","ping_status":"closed","template":"page-templates\/side-menu.php","meta":{"_bbp_topic_count":0,"_bbp_reply_count":0,"_bbp_total_topic_count":0,"_bbp_total_reply_count":0,"_bbp_voice_count":0,"_bbp_anonymous_reply_count":0,"_bbp_topic_count_hidden":0,"_bbp_reply_count_hidden":0,"_bbp_forum_subforum_count":0,"site-sidebar-layout":"default","site-content-layout":"","ast-site-content-layout":"","site-content-style":"default","site-sidebar-style":"default","ast-global-header-display":"","ast-banner-title-visibility":"","ast-main-header-display":"","ast-hfb-above-header-display":"","ast-hfb-below-header-display":"","ast-hfb-mobile-header-display":"","site-post-title":"","ast-breadcrumbs-content":"","ast-featured-img":"","footer-sml-layout":"","theme-transparent-header-meta":"","adv-header-id-meta":"","stick-header-meta":"","header-above-stick-meta":"","header-main-stick-meta":"","header-below-stick-meta":"","astra-migrate-meta-layouts":"default","ast-page-background-enabled":"default","ast-page-background-meta":{"desktop":{"background-color":"var(--ast-global-color-4)","background-image":"","background-repeat":"repeat","background-position":"center center","background-size":"auto","background-attachment":"scroll","background-type":"","background-media":"","overlay-type":"","overlay-color":"","overlay-opacity":"","overlay-gradient":""},"tablet":{"background-color":"","background-image":"","background-repeat":"repeat","background-position":"center center","background-size":"auto","background-attachment":"scroll","background-type":"","background-media":"","overlay-type":"","overlay-color":"","overlay-opacity":"","overlay-gradient":""},"mobile":{"background-color":"","background-image":"","background-repeat":"repeat","background-position":"center center","background-size":"auto","background-attachment":"scroll","background-type":"","background-media":"","overlay-type":"","overlay-color":"","overlay-opacity":"","overlay-gradient":""}},"ast-content-background-meta":{"desktop":{"background-color":"var(--ast-global-color-5)","background-image":"","background-repeat":"repeat","background-position":"center center","background-size":"auto","background-attachment":"scroll","background-type":"","background-media":"","overlay-type":"","overlay-color":"","overlay-opacity":"","overlay-gradient":""},"tablet":{"background-color":"var(--ast-global-color-5)","background-image":"","background-repeat":"repeat","background-position":"center center","background-size":"auto","background-attachment":"scroll","background-type":"","background-media":"","overlay-type":"","overlay-color":"","overlay-opacity":"","overlay-gradient":""},"mobile":{"background-color":"var(--ast-global-color-5)","background-image":"","background-repeat":"repeat","background-position":"center center","background-size":"auto","background-attachment":"scroll","background-type":"","background-media":"","overlay-type":"","overlay-color":"","overlay-opacity":"","overlay-gradient":""}},"footnotes":""},"class_list":["post-1955","page","type-page","status-publish","hentry"],"post_mailing_queue_ids":[],"_links":{"self":[{"href":"https:\/\/agora.xtec.cat\/escolapoblenou\/wp-json\/wp\/v2\/pages\/1955","targetHints":{"allow":["GET"]}}],"collection":[{"href":"https:\/\/agora.xtec.cat\/escolapoblenou\/wp-json\/wp\/v2\/pages"}],"about":[{"href":"https:\/\/agora.xtec.cat\/escolapoblenou\/wp-json\/wp\/v2\/types\/page"}],"author":[{"embeddable":true,"href":"https:\/\/agora.xtec.cat\/escolapoblenou\/wp-json\/wp\/v2\/users\/3"}],"replies":[{"embeddable":true,"href":"https:\/\/agora.xtec.cat\/escolapoblenou\/wp-json\/wp\/v2\/comments?post=1955"}],"version-history":[{"count":3,"href":"https:\/\/agora.xtec.cat\/escolapoblenou\/wp-json\/wp\/v2\/pages\/1955\/revisions"}],"predecessor-version":[{"id":6846,"href":"https:\/\/agora.xtec.cat\/escolapoblenou\/wp-json\/wp\/v2\/pages\/1955\/revisions\/6846"}],"up":[{"embeddable":true,"href":"https:\/\/agora.xtec.cat\/escolapoblenou\/wp-json\/wp\/v2\/pages\/64"}],"wp:attachment":[{"href":"https:\/\/agora.xtec.cat\/escolapoblenou\/wp-json\/wp\/v2\/media?parent=1955"}],"curies":[{"name":"wp","href":"https:\/\/api.w.org\/{rel}","templated":true}]}}