{"id":1918,"date":"2016-12-05T23:23:01","date_gmt":"2016-12-05T22:23:01","guid":{"rendered":"http:\/\/agora.xtec.cat\/escolapoblenou\/?page_id=1918"},"modified":"2020-03-24T20:48:48","modified_gmt":"2020-03-24T19:48:48","slug":"projecte-dangles","status":"publish","type":"page","link":"https:\/\/agora.xtec.cat\/escolapoblenou\/projecte-educatiu\/projecte-dangles\/","title":{"rendered":"Projecte d&#8217;angl\u00e8s"},"content":{"rendered":"<table>\n<tbody>\n<tr>\n<td>\n<h3 style=\"text-align: center;\"><em>\u00a0<b><span style=\"font-size: large;\">&#8221; 3, 2, 1 ENGLISH IS FUN &#8220;<\/span><\/b><\/em><\/h3>\n<div dir=\"ltr\">\n<p>El nostre centre participa en un Pla Estrat\u00e8gic de Llengua Estrangera (PELE) per tal d&#8217;introduir la llengua anglesa a Educaci\u00f3 Infantil.<\/p>\n<p>L\u2019aprenentatge d\u2019una llengua estrangera a les primeres etapes de l\u2019ensenyament proporciona als nens i nenes noves maneres d\u2019expressar-se i comunicar-se, la qual cosa contribueix al seu desenvolupament integral com a persones. Donem molta import\u00e0ncia a la introducci\u00f3 de l\u2019angl\u00e8s a Educaci\u00f3 Infantil perqu\u00e8 aix\u00ed es crea un primer contacte amb la llengua estrangera. L\u2019alumnat es va familiaritzant amb la pronunciaci\u00f3 i va adquirint coneixements i s\u00f3n capa\u00e7os de comen\u00e7ar a entendre i expressar-se en angl\u00e8s.<\/p>\n<p>Creiem tamb\u00e9 que per garantir una major compet\u00e8ncia ling\u00fc\u00edstica \u00e9s necessari augmentar el contacte amb la llengua estrangera, i e<span class=\"JsGRdQ\">s fan diverses actuacions per treballar-la:<\/span><\/p>\n<ul>\n<li>Angl\u00e8s a partir de P4 amb especialista.<\/li>\n<li>EI fa un espai en angl\u00e8s.<\/li>\n<li>Prim\u00e0ria fa un taller de ci\u00e8ncia i un taller de pl\u00e0stica en angl\u00e8s a cada cicle.<\/li>\n<li>El centre compta amb 6 mestres amb l&#8217;especialitat d&#8217;angl\u00e8s.<\/li>\n<\/ul>\n<p>Hem triat l&#8217;\u00e0rea d\u2019Educaci\u00f3 Visual i Pl\u00e0stica per donar l\u2019oportunitat de desenvolupar altres habilitats en el nostre alumnat atenent les intel\u00b7lig\u00e8ncies m\u00faltiples.<\/p>\n<\/div>\n<\/td>\n<td>&nbsp;<\/p>\n<div dir=\"ltr\">\n<div dir=\"ltr\">\n<div style=\"display: block; text-align: center; margin-right: auto; margin-left: auto;\">\n<p><img loading=\"lazy\" decoding=\"async\" class=\"aligncenter size-large wp-image-6838\" src=\"https:\/\/agora.xtec.cat\/escolapoblenou\/wp-content\/uploads\/usu1516\/2020\/03\/20191126_122151-1024x576.jpg\" alt=\"\" width=\"1024\" height=\"576\" srcset=\"https:\/\/agora.xtec.cat\/escolapoblenou\/wp-content\/uploads\/usu1516\/2020\/03\/20191126_122151-1024x576.jpg 1024w, https:\/\/agora.xtec.cat\/escolapoblenou\/wp-content\/uploads\/usu1516\/2020\/03\/20191126_122151-300x169.jpg 300w, https:\/\/agora.xtec.cat\/escolapoblenou\/wp-content\/uploads\/usu1516\/2020\/03\/20191126_122151-768x432.jpg 768w\" sizes=\"auto, (max-width: 1024px) 100vw, 1024px\" \/><\/p>\n<p><img loading=\"lazy\" decoding=\"async\" class=\"aligncenter size-large wp-image-6839\" src=\"https:\/\/agora.xtec.cat\/escolapoblenou\/wp-content\/uploads\/usu1516\/2020\/03\/IMG-20200123-WA0001-1024x768.jpg\" alt=\"\" width=\"1024\" height=\"768\" srcset=\"https:\/\/agora.xtec.cat\/escolapoblenou\/wp-content\/uploads\/usu1516\/2020\/03\/IMG-20200123-WA0001-1024x768.jpg 1024w, https:\/\/agora.xtec.cat\/escolapoblenou\/wp-content\/uploads\/usu1516\/2020\/03\/IMG-20200123-WA0001-300x225.jpg 300w, https:\/\/agora.xtec.cat\/escolapoblenou\/wp-content\/uploads\/usu1516\/2020\/03\/IMG-20200123-WA0001-768x576.jpg 768w, https:\/\/agora.xtec.cat\/escolapoblenou\/wp-content\/uploads\/usu1516\/2020\/03\/IMG-20200123-WA0001-200x150.jpg 200w, https:\/\/agora.xtec.cat\/escolapoblenou\/wp-content\/uploads\/usu1516\/2020\/03\/IMG-20200123-WA0001.jpg 1600w\" sizes=\"auto, (max-width: 1024px) 100vw, 1024px\" \/><\/p>\n<\/div>\n<\/div>\n<div dir=\"ltr\"><img loading=\"lazy\" decoding=\"async\" class=\"aligncenter wp-image-5202 size-large\" src=\"https:\/\/agora.xtec.cat\/escolapoblenou\/wp-content\/uploads\/usu1516\/2019\/01\/IMG_1401-e1585079301437-1024x999.jpg\" alt=\"\" width=\"1024\" height=\"999\" srcset=\"https:\/\/agora.xtec.cat\/escolapoblenou\/wp-content\/uploads\/usu1516\/2019\/01\/IMG_1401-e1585079301437-1024x999.jpg 1024w, https:\/\/agora.xtec.cat\/escolapoblenou\/wp-content\/uploads\/usu1516\/2019\/01\/IMG_1401-e1585079301437-300x293.jpg 300w, https:\/\/agora.xtec.cat\/escolapoblenou\/wp-content\/uploads\/usu1516\/2019\/01\/IMG_1401-e1585079301437-768x749.jpg 768w\" sizes=\"auto, (max-width: 1024px) 100vw, 1024px\" \/><\/div>\n<div><\/div>\n<\/div>\n<\/td>\n<\/tr>\n<\/tbody>\n<\/table>\n","protected":false},"excerpt":{"rendered":"<p>\u00a0&#8221; 3, 2, 1 ENGLISH IS FUN &#8220; El nostre centre participa en un Pla Estrat\u00e8gic de Llengua Estrangera (PELE) per tal d&#8217;introduir la llengua anglesa a Educaci\u00f3 Infantil. L\u2019aprenentatge d\u2019una llengua estrangera a les primeres etapes de l\u2019ensenyament proporciona als nens i nenes noves maneres d\u2019expressar-se i comunicar-se, la qual cosa contribueix al seu [&hellip;]<\/p>\n","protected":false},"author":3,"featured_media":0,"parent":64,"menu_order":9,"comment_status":"closed","ping_status":"closed","template":"page-templates\/side-menu.php","meta":{"_bbp_topic_count":0,"_bbp_reply_count":0,"_bbp_total_topic_count":0,"_bbp_total_reply_count":0,"_bbp_voice_count":0,"_bbp_anonymous_reply_count":0,"_bbp_topic_count_hidden":0,"_bbp_reply_count_hidden":0,"_bbp_forum_subforum_count":0,"site-sidebar-layout":"default","site-content-layout":"","ast-site-content-layout":"","site-content-style":"default","site-sidebar-style":"default","ast-global-header-display":"","ast-banner-title-visibility":"","ast-main-header-display":"","ast-hfb-above-header-display":"","ast-hfb-below-header-display":"","ast-hfb-mobile-header-display":"","site-post-title":"","ast-breadcrumbs-content":"","ast-featured-img":"","footer-sml-layout":"","theme-transparent-header-meta":"","adv-header-id-meta":"","stick-header-meta":"","header-above-stick-meta":"","header-main-stick-meta":"","header-below-stick-meta":"","astra-migrate-meta-layouts":"default","ast-page-background-enabled":"default","ast-page-background-meta":{"desktop":{"background-color":"var(--ast-global-color-4)","background-image":"","background-repeat":"repeat","background-position":"center center","background-size":"auto","background-attachment":"scroll","background-type":"","background-media":"","overlay-type":"","overlay-color":"","overlay-opacity":"","overlay-gradient":""},"tablet":{"background-color":"","background-image":"","background-repeat":"repeat","background-position":"center center","background-size":"auto","background-attachment":"scroll","background-type":"","background-media":"","overlay-type":"","overlay-color":"","overlay-opacity":"","overlay-gradient":""},"mobile":{"background-color":"","background-image":"","background-repeat":"repeat","background-position":"center center","background-size":"auto","background-attachment":"scroll","background-type":"","background-media":"","overlay-type":"","overlay-color":"","overlay-opacity":"","overlay-gradient":""}},"ast-content-background-meta":{"desktop":{"background-color":"var(--ast-global-color-5)","background-image":"","background-repeat":"repeat","background-position":"center center","background-size":"auto","background-attachment":"scroll","background-type":"","background-media":"","overlay-type":"","overlay-color":"","overlay-opacity":"","overlay-gradient":""},"tablet":{"background-color":"var(--ast-global-color-5)","background-image":"","background-repeat":"repeat","background-position":"center center","background-size":"auto","background-attachment":"scroll","background-type":"","background-media":"","overlay-type":"","overlay-color":"","overlay-opacity":"","overlay-gradient":""},"mobile":{"background-color":"var(--ast-global-color-5)","background-image":"","background-repeat":"repeat","background-position":"center center","background-size":"auto","background-attachment":"scroll","background-type":"","background-media":"","overlay-type":"","overlay-color":"","overlay-opacity":"","overlay-gradient":""}},"footnotes":""},"class_list":["post-1918","page","type-page","status-publish","hentry"],"post_mailing_queue_ids":[],"_links":{"self":[{"href":"https:\/\/agora.xtec.cat\/escolapoblenou\/wp-json\/wp\/v2\/pages\/1918","targetHints":{"allow":["GET"]}}],"collection":[{"href":"https:\/\/agora.xtec.cat\/escolapoblenou\/wp-json\/wp\/v2\/pages"}],"about":[{"href":"https:\/\/agora.xtec.cat\/escolapoblenou\/wp-json\/wp\/v2\/types\/page"}],"author":[{"embeddable":true,"href":"https:\/\/agora.xtec.cat\/escolapoblenou\/wp-json\/wp\/v2\/users\/3"}],"replies":[{"embeddable":true,"href":"https:\/\/agora.xtec.cat\/escolapoblenou\/wp-json\/wp\/v2\/comments?post=1918"}],"version-history":[{"count":3,"href":"https:\/\/agora.xtec.cat\/escolapoblenou\/wp-json\/wp\/v2\/pages\/1918\/revisions"}],"predecessor-version":[{"id":6148,"href":"https:\/\/agora.xtec.cat\/escolapoblenou\/wp-json\/wp\/v2\/pages\/1918\/revisions\/6148"}],"up":[{"embeddable":true,"href":"https:\/\/agora.xtec.cat\/escolapoblenou\/wp-json\/wp\/v2\/pages\/64"}],"wp:attachment":[{"href":"https:\/\/agora.xtec.cat\/escolapoblenou\/wp-json\/wp\/v2\/media?parent=1918"}],"curies":[{"name":"wp","href":"https:\/\/api.w.org\/{rel}","templated":true}]}}