{"id":80,"date":"2014-09-18T14:09:48","date_gmt":"2014-09-18T13:09:48","guid":{"rendered":"http:\/\/agora.xtec.cat\/escolapladelpuig\/?page_id=80"},"modified":"2024-10-11T16:15:42","modified_gmt":"2024-10-11T14:15:42","slug":"transport-escolar","status":"publish","type":"page","link":"https:\/\/agora.xtec.cat\/escolapladelpuig\/serveis\/transport-escolar\/","title":{"rendered":"Transport Escolar"},"content":{"rendered":"<p><a href=\"http:\/\/agora.xtec.cat\/escolapladelpuig\/wp-content\/uploads\/usu1272\/2017\/07\/ANEMAUTOBUS.jpg\"><img loading=\"lazy\" decoding=\"async\" class=\" wp-image-495 aligncenter\" src=\"http:\/\/agora.xtec.cat\/escolapladelpuig\/wp-content\/uploads\/usu1272\/2017\/07\/ANEMAUTOBUS-1024x768.jpg\" alt=\"\" width=\"424\" height=\"318\" srcset=\"https:\/\/agora.xtec.cat\/escolapladelpuig\/wp-content\/uploads\/usu1272\/2017\/07\/ANEMAUTOBUS-1024x768.jpg 1024w, https:\/\/agora.xtec.cat\/escolapladelpuig\/wp-content\/uploads\/usu1272\/2017\/07\/ANEMAUTOBUS-300x225.jpg 300w, https:\/\/agora.xtec.cat\/escolapladelpuig\/wp-content\/uploads\/usu1272\/2017\/07\/ANEMAUTOBUS-768x576.jpg 768w, https:\/\/agora.xtec.cat\/escolapladelpuig\/wp-content\/uploads\/usu1272\/2017\/07\/ANEMAUTOBUS-200x150.jpg 200w, https:\/\/agora.xtec.cat\/escolapladelpuig\/wp-content\/uploads\/usu1272\/2017\/07\/ANEMAUTOBUS.jpg 2048w\" sizes=\"auto, (max-width: 424px) 100vw, 424px\" \/><\/a><\/p>\n<p>L\u2019escola t\u00e9 servei de transport finan\u00e7at pel Consell Comarcal del Bages i l\u2019Ajuntament de Sant Fruit\u00f3s de Bages. Aquest servei de transport funciona al mat\u00ed i a la tarda.<\/p>\n<p><span style=\"font-weight: 400;\">Aquest curs s\u2019ha modificat les parades i les seves hores, ja que aquest any nom\u00e9s hi ha un bus escolar del Consell Comarcal del Bages que dona servei a les escoles p\u00fabliques del municipi. A continuaci\u00f3 us adjuntem l\u2019horari de les parades:<\/span><\/p>\n<table>\n<tbody>\n<tr>\n<td rowspan=\"2\"><span style=\"font-weight: 400;\">PARADES<\/span><\/td>\n<td colspan=\"2\"><span style=\"font-weight: 400;\">HORARI<\/span><\/td>\n<td><span style=\"font-weight: 400;\">HORARI<\/span><\/p>\n<p><span style=\"font-weight: 400;\">INTENSIVA<\/span><\/td>\n<\/tr>\n<tr>\n<td><span style=\"font-weight: 400;\">DL DM DC DJ DV<\/span><\/td>\n<td><span style=\"font-weight: 400;\">DL DM DC DJ DV<\/span><\/td>\n<td><span style=\"font-weight: 400;\">DL DM DC DJ DV<\/span><\/td>\n<\/tr>\n<tr>\n<td><span style=\"font-weight: 400;\">SANT FRUIT\u00d3S DE BAGES<\/span><\/p>\n<p><span style=\"font-weight: 400;\">La Rosaleda (parada bus)<\/span><\/td>\n<td><span style=\"font-weight: 400;\">8:30<\/span><\/td>\n<td><span style=\"font-weight: 400;\">17:00<\/span><\/td>\n<td><span style=\"font-weight: 400;\">16:00<\/span><\/td>\n<\/tr>\n<tr>\n<td><span style=\"font-weight: 400;\">SANT FRUIT\u00d3S DE BAGES<\/span><\/p>\n<p><span style=\"font-weight: 400;\">Torroella de Baix (parada bus)<\/span><\/td>\n<td><span style=\"font-weight: 400;\">8:40<\/span><\/td>\n<td><span style=\"font-weight: 400;\">16:41<\/span><\/td>\n<td><span style=\"font-weight: 400;\">15:41<\/span><\/td>\n<\/tr>\n<tr>\n<td><span style=\"font-weight: 400;\">SANT FRUIT\u00d3S DE BAGES<\/span><\/p>\n<p><span style=\"font-weight: 400;\">Les Brucardes (parada bus)<\/span><\/td>\n<td><span style=\"font-weight: 400;\">8:45<\/span><\/td>\n<td><span style=\"font-weight: 400;\">16:48<\/span><\/td>\n<td><span style=\"font-weight: 400;\">15:48<\/span><\/td>\n<\/tr>\n<tr>\n<td><span style=\"font-weight: 400;\">SANT FRUIT\u00d3S DE BAGES<\/span><\/p>\n<p><b>Escola Pla del Puig<\/b><\/td>\n<td><span style=\"font-weight: 400;\">8:55<\/span><\/td>\n<td><span style=\"font-weight: 400;\">16:30<\/span><\/td>\n<td><span style=\"font-weight: 400;\">15:30<\/span><\/td>\n<\/tr>\n<tr>\n<td><span style=\"font-weight: 400;\">SANT FRUIT\u00d3S DE BAGES<\/span><\/p>\n<p><span style=\"font-weight: 400;\">Escola Monsenyor Gibert\u00a0<\/span><\/td>\n<td><span style=\"font-weight: 400;\">9:00<\/span><\/td>\n<td><span style=\"font-weight: 400;\">16:35<\/span><\/td>\n<td><span style=\"font-weight: 400;\">15:35<\/span><\/td>\n<\/tr>\n<\/tbody>\n<\/table>\n<p style=\"text-align: center;\">\n","protected":false},"excerpt":{"rendered":"<p>L\u2019escola t\u00e9 servei de transport finan\u00e7at pel Consell Comarcal del Bages i l\u2019Ajuntament de Sant Fruit\u00f3s de Bages. Aquest servei de transport funciona al mat\u00ed i a la tarda. Aquest curs s\u2019ha modificat les parades i les seves hores, ja que aquest any nom\u00e9s hi ha un bus escolar del Consell Comarcal del Bages que [&hellip;]<\/p>\n","protected":false},"author":1,"featured_media":0,"parent":66,"menu_order":40,"comment_status":"closed","ping_status":"closed","template":"page-templates\/side-menu.php","meta":{"_bbp_topic_count":0,"_bbp_reply_count":0,"_bbp_total_topic_count":0,"_bbp_total_reply_count":0,"_bbp_voice_count":0,"_bbp_anonymous_reply_count":0,"_bbp_topic_count_hidden":0,"_bbp_reply_count_hidden":0,"_bbp_forum_subforum_count":0,"site-sidebar-layout":"default","site-content-layout":"","ast-site-content-layout":"","site-content-style":"default","site-sidebar-style":"default","ast-global-header-display":"","ast-banner-title-visibility":"","ast-main-header-display":"","ast-hfb-above-header-display":"","ast-hfb-below-header-display":"","ast-hfb-mobile-header-display":"","site-post-title":"","ast-breadcrumbs-content":"","ast-featured-img":"","footer-sml-layout":"","theme-transparent-header-meta":"","adv-header-id-meta":"","stick-header-meta":"","header-above-stick-meta":"","header-main-stick-meta":"","header-below-stick-meta":"","astra-migrate-meta-layouts":"default","ast-page-background-enabled":"default","ast-page-background-meta":{"desktop":{"background-color":"var(--ast-global-color-4)","background-image":"","background-repeat":"repeat","background-position":"center center","background-size":"auto","background-attachment":"scroll","background-type":"","background-media":"","overlay-type":"","overlay-color":"","overlay-opacity":"","overlay-gradient":""},"tablet":{"background-color":"","background-image":"","background-repeat":"repeat","background-position":"center center","background-size":"auto","background-attachment":"scroll","background-type":"","background-media":"","overlay-type":"","overlay-color":"","overlay-opacity":"","overlay-gradient":""},"mobile":{"background-color":"","background-image":"","background-repeat":"repeat","background-position":"center center","background-size":"auto","background-attachment":"scroll","background-type":"","background-media":"","overlay-type":"","overlay-color":"","overlay-opacity":"","overlay-gradient":""}},"ast-content-background-meta":{"desktop":{"background-color":"var(--ast-global-color-5)","background-image":"","background-repeat":"repeat","background-position":"center center","background-size":"auto","background-attachment":"scroll","background-type":"","background-media":"","overlay-type":"","overlay-color":"","overlay-opacity":"","overlay-gradient":""},"tablet":{"background-color":"var(--ast-global-color-5)","background-image":"","background-repeat":"repeat","background-position":"center center","background-size":"auto","background-attachment":"scroll","background-type":"","background-media":"","overlay-type":"","overlay-color":"","overlay-opacity":"","overlay-gradient":""},"mobile":{"background-color":"var(--ast-global-color-5)","background-image":"","background-repeat":"repeat","background-position":"center center","background-size":"auto","background-attachment":"scroll","background-type":"","background-media":"","overlay-type":"","overlay-color":"","overlay-opacity":"","overlay-gradient":""}},"footnotes":""},"class_list":["post-80","page","type-page","status-publish","hentry"],"post_mailing_queue_ids":[],"_links":{"self":[{"href":"https:\/\/agora.xtec.cat\/escolapladelpuig\/wp-json\/wp\/v2\/pages\/80","targetHints":{"allow":["GET"]}}],"collection":[{"href":"https:\/\/agora.xtec.cat\/escolapladelpuig\/wp-json\/wp\/v2\/pages"}],"about":[{"href":"https:\/\/agora.xtec.cat\/escolapladelpuig\/wp-json\/wp\/v2\/types\/page"}],"author":[{"embeddable":true,"href":"https:\/\/agora.xtec.cat\/escolapladelpuig\/wp-json\/wp\/v2\/users\/1"}],"replies":[{"embeddable":true,"href":"https:\/\/agora.xtec.cat\/escolapladelpuig\/wp-json\/wp\/v2\/comments?post=80"}],"version-history":[{"count":4,"href":"https:\/\/agora.xtec.cat\/escolapladelpuig\/wp-json\/wp\/v2\/pages\/80\/revisions"}],"predecessor-version":[{"id":4799,"href":"https:\/\/agora.xtec.cat\/escolapladelpuig\/wp-json\/wp\/v2\/pages\/80\/revisions\/4799"}],"up":[{"embeddable":true,"href":"https:\/\/agora.xtec.cat\/escolapladelpuig\/wp-json\/wp\/v2\/pages\/66"}],"wp:attachment":[{"href":"https:\/\/agora.xtec.cat\/escolapladelpuig\/wp-json\/wp\/v2\/media?parent=80"}],"curies":[{"name":"wp","href":"https:\/\/api.w.org\/{rel}","templated":true}]}}