{"id":73,"date":"2014-09-18T14:01:51","date_gmt":"2014-09-18T13:01:51","guid":{"rendered":"http:\/\/agora.xtec.cat\/escolapladelpuig\/?page_id=73"},"modified":"2023-09-01T13:08:10","modified_gmt":"2023-09-01T11:08:10","slug":"menjador-escolar","status":"publish","type":"page","link":"https:\/\/agora.xtec.cat\/escolapladelpuig\/serveis\/menjador-escolar\/","title":{"rendered":"Menjador escolar"},"content":{"rendered":"<p>La gesti\u00f3 del menjador escolar va a c\u00e0rrec del Consell Comarcal del Bages.<\/p>\n<ul type=\"disc\">\n<li>Empresa: SERHS FOOD<\/li>\n<li>L&#8217;escola disposa de cuina pr\u00f2pia.<\/li>\n<li>Preu del tiquet: 6,88\u20ac per l&#8217;alumnat que es queda a diari i 7,46\u20ac per l&#8217;alumnat espor\u00e0dic (el preu inclou el dinar i el monitoratge).<\/li>\n<li>La compra i el control dels tiquets es realitza a trav\u00e9s d\u2019una aplicaci\u00f3 amb el m\u00f2bil.<\/li>\n<li>Es fa un ingr\u00e9s o transfer\u00e8ncia banc\u00e0ria al compte de l\u2019empresa.<\/li>\n<li>Es fan 2 torns:<\/li>\n<\/ul>\n<p><!-- [if !supportLists]-->&#8211;\u00a0\u00a0\u00a0\u00a0\u00a0\u00a0\u00a0 <!--[endif]-->torn 1 (P3,P4, P5, 1r, 2n)<\/p>\n<p><!-- [if !supportLists]-->&#8211;\u00a0\u00a0\u00a0\u00a0\u00a0\u00a0\u00a0 <!--[endif]-->torn 2 (3r, 4t, 5\u00e8 i 6\u00e8).<\/p>\n<p>&nbsp;<\/p>\n<p>Per a m\u00e9s informaci\u00f3 podeu <a href=\"https:\/\/serhsfoodeduca.com\/\">consultar la web<\/a> de l&#8217;empresa de menjador.<\/p>\n<p>&nbsp;<\/p>\n<p>&nbsp;<\/p>\n","protected":false},"excerpt":{"rendered":"<p>La gesti\u00f3 del menjador escolar va a c\u00e0rrec del Consell Comarcal del Bages. Empresa: SERHS FOOD L&#8217;escola disposa de cuina pr\u00f2pia. Preu del tiquet: 6,88\u20ac per l&#8217;alumnat que es queda a diari i 7,46\u20ac per l&#8217;alumnat espor\u00e0dic (el preu inclou el dinar i el monitoratge). La compra i el control dels tiquets es realitza a [&hellip;]<\/p>\n","protected":false},"author":1,"featured_media":0,"parent":66,"menu_order":30,"comment_status":"closed","ping_status":"closed","template":"page-templates\/side-menu.php","meta":{"_bbp_topic_count":0,"_bbp_reply_count":0,"_bbp_total_topic_count":0,"_bbp_total_reply_count":0,"_bbp_voice_count":0,"_bbp_anonymous_reply_count":0,"_bbp_topic_count_hidden":0,"_bbp_reply_count_hidden":0,"_bbp_forum_subforum_count":0,"site-sidebar-layout":"default","site-content-layout":"","ast-site-content-layout":"","site-content-style":"default","site-sidebar-style":"default","ast-global-header-display":"","ast-banner-title-visibility":"","ast-main-header-display":"","ast-hfb-above-header-display":"","ast-hfb-below-header-display":"","ast-hfb-mobile-header-display":"","site-post-title":"","ast-breadcrumbs-content":"","ast-featured-img":"","footer-sml-layout":"","theme-transparent-header-meta":"","adv-header-id-meta":"","stick-header-meta":"","header-above-stick-meta":"","header-main-stick-meta":"","header-below-stick-meta":"","astra-migrate-meta-layouts":"default","ast-page-background-enabled":"default","ast-page-background-meta":{"desktop":{"background-color":"var(--ast-global-color-4)","background-image":"","background-repeat":"repeat","background-position":"center center","background-size":"auto","background-attachment":"scroll","background-type":"","background-media":"","overlay-type":"","overlay-color":"","overlay-opacity":"","overlay-gradient":""},"tablet":{"background-color":"","background-image":"","background-repeat":"repeat","background-position":"center center","background-size":"auto","background-attachment":"scroll","background-type":"","background-media":"","overlay-type":"","overlay-color":"","overlay-opacity":"","overlay-gradient":""},"mobile":{"background-color":"","background-image":"","background-repeat":"repeat","background-position":"center center","background-size":"auto","background-attachment":"scroll","background-type":"","background-media":"","overlay-type":"","overlay-color":"","overlay-opacity":"","overlay-gradient":""}},"ast-content-background-meta":{"desktop":{"background-color":"var(--ast-global-color-5)","background-image":"","background-repeat":"repeat","background-position":"center center","background-size":"auto","background-attachment":"scroll","background-type":"","background-media":"","overlay-type":"","overlay-color":"","overlay-opacity":"","overlay-gradient":""},"tablet":{"background-color":"var(--ast-global-color-5)","background-image":"","background-repeat":"repeat","background-position":"center center","background-size":"auto","background-attachment":"scroll","background-type":"","background-media":"","overlay-type":"","overlay-color":"","overlay-opacity":"","overlay-gradient":""},"mobile":{"background-color":"var(--ast-global-color-5)","background-image":"","background-repeat":"repeat","background-position":"center center","background-size":"auto","background-attachment":"scroll","background-type":"","background-media":"","overlay-type":"","overlay-color":"","overlay-opacity":"","overlay-gradient":""}},"footnotes":""},"class_list":["post-73","page","type-page","status-publish","hentry"],"post_mailing_queue_ids":[],"_links":{"self":[{"href":"https:\/\/agora.xtec.cat\/escolapladelpuig\/wp-json\/wp\/v2\/pages\/73","targetHints":{"allow":["GET"]}}],"collection":[{"href":"https:\/\/agora.xtec.cat\/escolapladelpuig\/wp-json\/wp\/v2\/pages"}],"about":[{"href":"https:\/\/agora.xtec.cat\/escolapladelpuig\/wp-json\/wp\/v2\/types\/page"}],"author":[{"embeddable":true,"href":"https:\/\/agora.xtec.cat\/escolapladelpuig\/wp-json\/wp\/v2\/users\/1"}],"replies":[{"embeddable":true,"href":"https:\/\/agora.xtec.cat\/escolapladelpuig\/wp-json\/wp\/v2\/comments?post=73"}],"version-history":[{"count":4,"href":"https:\/\/agora.xtec.cat\/escolapladelpuig\/wp-json\/wp\/v2\/pages\/73\/revisions"}],"predecessor-version":[{"id":4393,"href":"https:\/\/agora.xtec.cat\/escolapladelpuig\/wp-json\/wp\/v2\/pages\/73\/revisions\/4393"}],"up":[{"embeddable":true,"href":"https:\/\/agora.xtec.cat\/escolapladelpuig\/wp-json\/wp\/v2\/pages\/66"}],"wp:attachment":[{"href":"https:\/\/agora.xtec.cat\/escolapladelpuig\/wp-json\/wp\/v2\/media?parent=73"}],"curies":[{"name":"wp","href":"https:\/\/api.w.org\/{rel}","templated":true}]}}