{"id":5872,"date":"2026-01-23T15:17:03","date_gmt":"2026-01-23T14:17:03","guid":{"rendered":"https:\/\/agora.xtec.cat\/escolapladelpuig\/?page_id=5872"},"modified":"2026-01-23T15:17:04","modified_gmt":"2026-01-23T14:17:04","slug":"lescola-oberta-al-poble","status":"publish","type":"page","link":"https:\/\/agora.xtec.cat\/escolapladelpuig\/lescola-oberta-al-poble\/","title":{"rendered":"L&#8217;escola oberta al poble"},"content":{"rendered":"\n<p>A l\u2019escola entenem que aprendre tamb\u00e9 vol dir sortir de l\u2019aula, compartir i viure experi\u00e8ncies reals connectades amb l\u2019entorn. Per aquest motiu, col\u00b7laborem de manera activa amb diferents entitats del poble, que enriqueixen l\u2019aprenentatge de l\u2019alumnat i reforcen el vincle amb la comunitat.<\/p>\n\n\n\n<p>Amb la Biblioteca Municipal, hi anem cada trimestre i participem en iniciatives com la maleta viatgera, el missatger de la biblioteca o el club de lectura, amb l\u2019objectiu de despertar el gust per la lectura des de ben petits.<\/p>\n\n\n\n<p>Amb el Centre Ocupacional La Sagrera, compartim activitats com patis de joc dinamitzats o sessions de psicomotricitat, que fomenten la conviv\u00e8ncia, el respecte i els valors inclusius.<\/p>\n\n\n\n<p>A trav\u00e9s de R\u00e0dio Sant Fruit\u00f3s, mensualment els infants participen al programa Infoescoles, on aprenen a expressar-se, comunicar-se i con\u00e8ixer el funcionament del mitj\u00e0 radiof\u00f2nic.<\/p>\n\n\n\n<p>Tamb\u00e9 col\u00b7laborem amb les publicacions del municipi, amb articles a Montpeit\u00e0 i a la revista Petit Fruit\u00f3, donant veu a l\u2019alumnat i fent visible la vida quotidiana de l\u2019escola.<\/p>\n\n\n\n<p>Finalment, participem en sortides i activitats del Camp d\u2019Aprenentatge del Bages, que permeten aprendre a partir del contacte directe amb l\u2019entorn, el territori i la realitat que ens envolta.<\/p>\n\n\n\n<p><\/p>\n","protected":false},"excerpt":{"rendered":"<p>A l\u2019escola entenem que aprendre tamb\u00e9 vol dir sortir de l\u2019aula, compartir i viure experi\u00e8ncies reals connectades amb l\u2019entorn. Per aquest motiu, col\u00b7laborem de manera activa amb diferents entitats del poble, que enriqueixen l\u2019aprenentatge de l\u2019alumnat i reforcen el vincle amb la comunitat. Amb la Biblioteca Municipal, hi anem cada trimestre i participem en iniciatives [&hellip;]<\/p>\n","protected":false},"author":4,"featured_media":0,"parent":0,"menu_order":0,"comment_status":"closed","ping_status":"close","template":"","meta":{"_bbp_topic_count":0,"_bbp_reply_count":0,"_bbp_total_topic_count":0,"_bbp_total_reply_count":0,"_bbp_voice_count":0,"_bbp_anonymous_reply_count":0,"_bbp_topic_count_hidden":0,"_bbp_reply_count_hidden":0,"_bbp_forum_subforum_count":0,"site-sidebar-layout":"default","site-content-layout":"","ast-site-content-layout":"default","site-content-style":"default","site-sidebar-style":"default","ast-global-header-display":"","ast-banner-title-visibility":"","ast-main-header-display":"","ast-hfb-above-header-display":"","ast-hfb-below-header-display":"","ast-hfb-mobile-header-display":"","site-post-title":"","ast-breadcrumbs-content":"","ast-featured-img":"","footer-sml-layout":"","theme-transparent-header-meta":"","adv-header-id-meta":"","stick-header-meta":"","header-above-stick-meta":"","header-main-stick-meta":"","header-below-stick-meta":"","astra-migrate-meta-layouts":"set","ast-page-background-enabled":"default","ast-page-background-meta":{"desktop":{"background-color":"var(--ast-global-color-4)","background-image":"","background-repeat":"repeat","background-position":"center center","background-size":"auto","background-attachment":"scroll","background-type":"","background-media":"","overlay-type":"","overlay-color":"","overlay-opacity":"","overlay-gradient":""},"tablet":{"background-color":"","background-image":"","background-repeat":"repeat","background-position":"center center","background-size":"auto","background-attachment":"scroll","background-type":"","background-media":"","overlay-type":"","overlay-color":"","overlay-opacity":"","overlay-gradient":""},"mobile":{"background-color":"","background-image":"","background-repeat":"repeat","background-position":"center center","background-size":"auto","background-attachment":"scroll","background-type":"","background-media":"","overlay-type":"","overlay-color":"","overlay-opacity":"","overlay-gradient":""}},"ast-content-background-meta":{"desktop":{"background-color":"var(--ast-global-color-5)","background-image":"","background-repeat":"repeat","background-position":"center center","background-size":"auto","background-attachment":"scroll","background-type":"","background-media":"","overlay-type":"","overlay-color":"","overlay-opacity":"","overlay-gradient":""},"tablet":{"background-color":"var(--ast-global-color-5)","background-image":"","background-repeat":"repeat","background-position":"center center","background-size":"auto","background-attachment":"scroll","background-type":"","background-media":"","overlay-type":"","overlay-color":"","overlay-opacity":"","overlay-gradient":""},"mobile":{"background-color":"var(--ast-global-color-5)","background-image":"","background-repeat":"repeat","background-position":"center center","background-size":"auto","background-attachment":"scroll","background-type":"","background-media":"","overlay-type":"","overlay-color":"","overlay-opacity":"","overlay-gradient":""}},"footnotes":""},"class_list":["post-5872","page","type-page","status-publish","hentry"],"post_mailing_queue_ids":[],"_links":{"self":[{"href":"https:\/\/agora.xtec.cat\/escolapladelpuig\/wp-json\/wp\/v2\/pages\/5872","targetHints":{"allow":["GET"]}}],"collection":[{"href":"https:\/\/agora.xtec.cat\/escolapladelpuig\/wp-json\/wp\/v2\/pages"}],"about":[{"href":"https:\/\/agora.xtec.cat\/escolapladelpuig\/wp-json\/wp\/v2\/types\/page"}],"author":[{"embeddable":true,"href":"https:\/\/agora.xtec.cat\/escolapladelpuig\/wp-json\/wp\/v2\/users\/4"}],"replies":[{"embeddable":true,"href":"https:\/\/agora.xtec.cat\/escolapladelpuig\/wp-json\/wp\/v2\/comments?post=5872"}],"version-history":[{"count":1,"href":"https:\/\/agora.xtec.cat\/escolapladelpuig\/wp-json\/wp\/v2\/pages\/5872\/revisions"}],"predecessor-version":[{"id":5873,"href":"https:\/\/agora.xtec.cat\/escolapladelpuig\/wp-json\/wp\/v2\/pages\/5872\/revisions\/5873"}],"wp:attachment":[{"href":"https:\/\/agora.xtec.cat\/escolapladelpuig\/wp-json\/wp\/v2\/media?parent=5872"}],"curies":[{"name":"wp","href":"https:\/\/api.w.org\/{rel}","templated":true}]}}