{"id":4007,"date":"2023-03-07T16:07:06","date_gmt":"2023-03-07T15:07:06","guid":{"rendered":"https:\/\/agora.xtec.cat\/escolapladelpuig\/?page_id=4007"},"modified":"2023-06-12T10:21:57","modified_gmt":"2023-06-12T08:21:57","slug":"estrategia-digital-de-centre","status":"publish","type":"page","link":"https:\/\/agora.xtec.cat\/escolapladelpuig\/documents\/estrategia-digital-de-centre\/","title":{"rendered":"Estrat\u00e8gia digital de centre"},"content":{"rendered":"<p><span style=\"font-weight: 400;\">L\u2019<strong>Estrat\u00e8gia digital de centre<\/strong> (EDC) defineix i concreta les l\u00ednies d\u2019actuaci\u00f3 d\u2019un centre que fan possible que docents, alumnat i centre assoleixin la <strong>compet\u00e8ncia digital<\/strong>. Per aconseguir aquesta compet\u00e8ncia digital, l\u2019EDC compr\u00e8n tots els \u00e0mbits del centre: organitzatius, metodol\u00f2gics, curriculars i comunicatius, els quals s\u2019han de veure necess\u00e0riament implicats i, si escau, transformats, des d\u2019una perspectiva d\u2019innovaci\u00f3 i de millora cont\u00ednua.<\/span><\/p>\n<p><span style=\"font-weight: 400;\">L\u2019EDC \u00e9s una <strong>estrat\u00e8gia transversal<\/strong> que es concreta en un document viu que pret\u00e9n abastar tots els aspectes relacionats amb la cultura digital del centre. En aquest sentit, l\u2019EDC ha de facilitar als centres la planificaci\u00f3 i la gesti\u00f3 de tots els \u00e0mbits relacionats amb la cultura digital. Tamb\u00e9 ha de permetre recollir i organitzar les accions que el centre ja realitza i replantejar-les i millorar-les per aconseguir els objectius que es proposi.<\/span><\/p>\n<p>L\u2019EDC t\u00e9, b\u00e0sicament dues parts. Una primera part que \u00e9s m\u00e9s\u00a0<strong>estrat\u00e8gica<\/strong>\u00a0(objectius, activitats, planificaci\u00f3, etc.), on es defineix on vol arribar el centre digitalment parlant. La segona part mostra la\u00a0<strong>cultura digital,<\/strong>\u00a0ja que \u00e9s on es va recollint el que el centre ja t\u00e9 establert en aquest sentit.<\/p>\n<p style=\"text-align: center;\">\u00a0 \u00a0<a href=\"https:\/\/agora.xtec.cat\/escolapladelpuig\/documents\/estrategia-digital-de-centre\/estrategia\/\"><img loading=\"lazy\" decoding=\"async\" class=\"wp-image-4298 alignnone\" src=\"https:\/\/agora.xtec.cat\/escolapladelpuig\/wp-content\/uploads\/usu1272\/2023\/06\/boto-estrategia.png\" alt=\"\" width=\"149\" height=\"58\" srcset=\"https:\/\/agora.xtec.cat\/escolapladelpuig\/wp-content\/uploads\/usu1272\/2023\/06\/boto-estrategia.png 338w, https:\/\/agora.xtec.cat\/escolapladelpuig\/wp-content\/uploads\/usu1272\/2023\/06\/boto-estrategia-300x117.png 300w\" sizes=\"auto, (max-width: 149px) 100vw, 149px\" \/><\/a><a href=\"https:\/\/agora.xtec.cat\/escolapladelpuig\/documents\/estrategia-digital-de-centre\/cultura-digital\/\"><img loading=\"lazy\" decoding=\"async\" class=\"wp-image-4299 alignnone\" src=\"https:\/\/agora.xtec.cat\/escolapladelpuig\/wp-content\/uploads\/usu1272\/2023\/06\/boto-cultura-digital.png\" alt=\"\" width=\"159\" height=\"58\" srcset=\"https:\/\/agora.xtec.cat\/escolapladelpuig\/wp-content\/uploads\/usu1272\/2023\/06\/boto-cultura-digital.png 335w, https:\/\/agora.xtec.cat\/escolapladelpuig\/wp-content\/uploads\/usu1272\/2023\/06\/boto-cultura-digital-300x109.png 300w\" sizes=\"auto, (max-width: 159px) 100vw, 159px\" \/><\/a><\/p>\n<p><em><sup>Imatge de la web de Suport a l\u2019EDC del Departament d\u2019Educaci\u00f3. Cliqueu sobre cada imatge per dirigir-vos a l\u2019apartat corresponent.<\/sup><\/em><\/p>\n<p style=\"text-align: center;\"><iframe loading=\"lazy\" src=\"\/\/www.youtube.com\/embed\/uS5UUZIYLPQ\" width=\"560\" height=\"314\" allowfullscreen=\"allowfullscreen\"><\/iframe><\/p>\n","protected":false},"excerpt":{"rendered":"<p>L\u2019Estrat\u00e8gia digital de centre (EDC) defineix i concreta les l\u00ednies d\u2019actuaci\u00f3 d\u2019un centre que fan possible que docents, alumnat i centre assoleixin la compet\u00e8ncia digital. Per aconseguir aquesta compet\u00e8ncia digital, l\u2019EDC compr\u00e8n tots els \u00e0mbits del centre: organitzatius, metodol\u00f2gics, curriculars i comunicatius, els quals s\u2019han de veure necess\u00e0riament implicats i, si escau, transformats, des d\u2019una [&hellip;]<\/p>\n","protected":false},"author":4,"featured_media":0,"parent":2402,"menu_order":0,"comment_status":"closed","ping_status":"closed","template":"","meta":{"_bbp_topic_count":0,"_bbp_reply_count":0,"_bbp_total_topic_count":0,"_bbp_total_reply_count":0,"_bbp_voice_count":0,"_bbp_anonymous_reply_count":0,"_bbp_topic_count_hidden":0,"_bbp_reply_count_hidden":0,"_bbp_forum_subforum_count":0,"site-sidebar-layout":"default","site-content-layout":"","ast-site-content-layout":"","site-content-style":"default","site-sidebar-style":"default","ast-global-header-display":"","ast-banner-title-visibility":"","ast-main-header-display":"","ast-hfb-above-header-display":"","ast-hfb-below-header-display":"","ast-hfb-mobile-header-display":"","site-post-title":"","ast-breadcrumbs-content":"","ast-featured-img":"","footer-sml-layout":"","theme-transparent-header-meta":"","adv-header-id-meta":"","stick-header-meta":"","header-above-stick-meta":"","header-main-stick-meta":"","header-below-stick-meta":"","astra-migrate-meta-layouts":"default","ast-page-background-enabled":"default","ast-page-background-meta":{"desktop":{"background-color":"var(--ast-global-color-4)","background-image":"","background-repeat":"repeat","background-position":"center center","background-size":"auto","background-attachment":"scroll","background-type":"","background-media":"","overlay-type":"","overlay-color":"","overlay-opacity":"","overlay-gradient":""},"tablet":{"background-color":"","background-image":"","background-repeat":"repeat","background-position":"center center","background-size":"auto","background-attachment":"scroll","background-type":"","background-media":"","overlay-type":"","overlay-color":"","overlay-opacity":"","overlay-gradient":""},"mobile":{"background-color":"","background-image":"","background-repeat":"repeat","background-position":"center center","background-size":"auto","background-attachment":"scroll","background-type":"","background-media":"","overlay-type":"","overlay-color":"","overlay-opacity":"","overlay-gradient":""}},"ast-content-background-meta":{"desktop":{"background-color":"var(--ast-global-color-5)","background-image":"","background-repeat":"repeat","background-position":"center center","background-size":"auto","background-attachment":"scroll","background-type":"","background-media":"","overlay-type":"","overlay-color":"","overlay-opacity":"","overlay-gradient":""},"tablet":{"background-color":"var(--ast-global-color-5)","background-image":"","background-repeat":"repeat","background-position":"center center","background-size":"auto","background-attachment":"scroll","background-type":"","background-media":"","overlay-type":"","overlay-color":"","overlay-opacity":"","overlay-gradient":""},"mobile":{"background-color":"var(--ast-global-color-5)","background-image":"","background-repeat":"repeat","background-position":"center center","background-size":"auto","background-attachment":"scroll","background-type":"","background-media":"","overlay-type":"","overlay-color":"","overlay-opacity":"","overlay-gradient":""}},"footnotes":""},"class_list":["post-4007","page","type-page","status-publish","hentry"],"post_mailing_queue_ids":[],"_links":{"self":[{"href":"https:\/\/agora.xtec.cat\/escolapladelpuig\/wp-json\/wp\/v2\/pages\/4007","targetHints":{"allow":["GET"]}}],"collection":[{"href":"https:\/\/agora.xtec.cat\/escolapladelpuig\/wp-json\/wp\/v2\/pages"}],"about":[{"href":"https:\/\/agora.xtec.cat\/escolapladelpuig\/wp-json\/wp\/v2\/types\/page"}],"author":[{"embeddable":true,"href":"https:\/\/agora.xtec.cat\/escolapladelpuig\/wp-json\/wp\/v2\/users\/4"}],"replies":[{"embeddable":true,"href":"https:\/\/agora.xtec.cat\/escolapladelpuig\/wp-json\/wp\/v2\/comments?post=4007"}],"version-history":[{"count":3,"href":"https:\/\/agora.xtec.cat\/escolapladelpuig\/wp-json\/wp\/v2\/pages\/4007\/revisions"}],"predecessor-version":[{"id":4304,"href":"https:\/\/agora.xtec.cat\/escolapladelpuig\/wp-json\/wp\/v2\/pages\/4007\/revisions\/4304"}],"up":[{"embeddable":true,"href":"https:\/\/agora.xtec.cat\/escolapladelpuig\/wp-json\/wp\/v2\/pages\/2402"}],"wp:attachment":[{"href":"https:\/\/agora.xtec.cat\/escolapladelpuig\/wp-json\/wp\/v2\/media?parent=4007"}],"curies":[{"name":"wp","href":"https:\/\/api.w.org\/{rel}","templated":true}]}}