{"id":3867,"date":"2023-01-17T13:20:13","date_gmt":"2023-01-17T12:20:13","guid":{"rendered":"https:\/\/agora.xtec.cat\/escolapladelpuig\/?page_id=3867"},"modified":"2023-03-07T16:18:30","modified_gmt":"2023-03-07T15:18:30","slug":"quadern-de-ruta-projecte-educatiu-de-centre","status":"publish","type":"page","link":"https:\/\/agora.xtec.cat\/escolapladelpuig\/documents\/quadern-de-ruta-projecte-educatiu-de-centre\/","title":{"rendered":"Quadern de ruta (Projecte Educatiu de Centre)"},"content":{"rendered":"<p>El projecte educatiu de centre (PEC) \u00e9s un document que inclou els trets d&#8217;identitat del centre, els principis pedag\u00f2gics, els principis organitzatius i el projecte ling\u00fc\u00edstic.<\/p>\n<p>A la nostra escola aquest projecte s&#8217;anomena QUADERN DE RUTA.<\/p>\n<p>En aquest document s&#8217;especifiquen els valors, els objectius i les prioritats d&#8217;actuaci\u00f3 del centre, la concreci\u00f3 del treball amb els nostres alumnes, el tractament en les \u00e0rees, valors i altres.<\/p>\n<p>Podeu consultar en una <a href=\"https:\/\/agora.xtec.cat\/escolapladelpuig\/wp-content\/uploads\/usu1272\/2022\/11\/PEC-infografia-1.pdf\">infografia<\/a> un resum d&#8217;aquest QUADERN DE RUTA. I si voleu tamb\u00e9 podeu consultar el <a href=\"https:\/\/issuu.com\/pladelpuig\/docs\/quadern_de_ruta_pec_nov_22.docx_1_\">document complet<\/a>.<\/p>\n<div data-url=\"https:\/\/issuu.com\/pladelpuig\/docs\/quadern_de_ruta_pec_nov_22.docx_1_\" style=\"width: 500px; height: 353px;\" class=\"issuuembed\"><\/div>\n<p><script type=\"text\/javascript\" src=\"\/\/e.issuu.com\/embed.js\" async=\"true\"><\/script><\/p>\n<p><a href=\"https:\/\/agora.xtec.cat\/escolapladelpuig\/wp-content\/uploads\/usu1272\/2022\/11\/1.png\"><img loading=\"lazy\" decoding=\"async\" class=\"alignnone size-large wp-image-3869\" src=\"https:\/\/agora.xtec.cat\/escolapladelpuig\/wp-content\/uploads\/usu1272\/2022\/11\/1-483x1024.png\" alt=\"\" width=\"483\" height=\"1024\" srcset=\"https:\/\/agora.xtec.cat\/escolapladelpuig\/wp-content\/uploads\/usu1272\/2022\/11\/1-483x1024.png 483w, https:\/\/agora.xtec.cat\/escolapladelpuig\/wp-content\/uploads\/usu1272\/2022\/11\/1-141x300.png 141w, https:\/\/agora.xtec.cat\/escolapladelpuig\/wp-content\/uploads\/usu1272\/2022\/11\/1-768x1629.png 768w, https:\/\/agora.xtec.cat\/escolapladelpuig\/wp-content\/uploads\/usu1272\/2022\/11\/1-724x1536.png 724w, https:\/\/agora.xtec.cat\/escolapladelpuig\/wp-content\/uploads\/usu1272\/2022\/11\/1.png 943w\" sizes=\"auto, (max-width: 483px) 100vw, 483px\" \/><\/a> <a href=\"https:\/\/agora.xtec.cat\/escolapladelpuig\/wp-content\/uploads\/usu1272\/2022\/11\/2.png\"><img loading=\"lazy\" decoding=\"async\" class=\"alignnone size-large wp-image-3870\" src=\"https:\/\/agora.xtec.cat\/escolapladelpuig\/wp-content\/uploads\/usu1272\/2022\/11\/2-483x1024.png\" alt=\"\" width=\"483\" height=\"1024\" srcset=\"https:\/\/agora.xtec.cat\/escolapladelpuig\/wp-content\/uploads\/usu1272\/2022\/11\/2-483x1024.png 483w, https:\/\/agora.xtec.cat\/escolapladelpuig\/wp-content\/uploads\/usu1272\/2022\/11\/2-141x300.png 141w, https:\/\/agora.xtec.cat\/escolapladelpuig\/wp-content\/uploads\/usu1272\/2022\/11\/2-768x1629.png 768w, https:\/\/agora.xtec.cat\/escolapladelpuig\/wp-content\/uploads\/usu1272\/2022\/11\/2-724x1536.png 724w, https:\/\/agora.xtec.cat\/escolapladelpuig\/wp-content\/uploads\/usu1272\/2022\/11\/2.png 943w\" sizes=\"auto, (max-width: 483px) 100vw, 483px\" \/><\/a><\/p>\n","protected":false},"excerpt":{"rendered":"<p>El projecte educatiu de centre (PEC) \u00e9s un document que inclou els trets d&#8217;identitat del centre, els principis pedag\u00f2gics, els principis organitzatius i el projecte ling\u00fc\u00edstic. A la nostra escola aquest projecte s&#8217;anomena QUADERN DE RUTA. En aquest document s&#8217;especifiquen els valors, els objectius i les prioritats d&#8217;actuaci\u00f3 del centre, la concreci\u00f3 del treball amb [&hellip;]<\/p>\n","protected":false},"author":4,"featured_media":0,"parent":2402,"menu_order":0,"comment_status":"closed","ping_status":"closed","template":"","meta":{"_bbp_topic_count":0,"_bbp_reply_count":0,"_bbp_total_topic_count":0,"_bbp_total_reply_count":0,"_bbp_voice_count":0,"_bbp_anonymous_reply_count":0,"_bbp_topic_count_hidden":0,"_bbp_reply_count_hidden":0,"_bbp_forum_subforum_count":0,"site-sidebar-layout":"default","site-content-layout":"","ast-site-content-layout":"","site-content-style":"default","site-sidebar-style":"default","ast-global-header-display":"","ast-banner-title-visibility":"","ast-main-header-display":"","ast-hfb-above-header-display":"","ast-hfb-below-header-display":"","ast-hfb-mobile-header-display":"","site-post-title":"","ast-breadcrumbs-content":"","ast-featured-img":"","footer-sml-layout":"","theme-transparent-header-meta":"","adv-header-id-meta":"","stick-header-meta":"","header-above-stick-meta":"","header-main-stick-meta":"","header-below-stick-meta":"","astra-migrate-meta-layouts":"default","ast-page-background-enabled":"default","ast-page-background-meta":{"desktop":{"background-color":"var(--ast-global-color-4)","background-image":"","background-repeat":"repeat","background-position":"center center","background-size":"auto","background-attachment":"scroll","background-type":"","background-media":"","overlay-type":"","overlay-color":"","overlay-opacity":"","overlay-gradient":""},"tablet":{"background-color":"","background-image":"","background-repeat":"repeat","background-position":"center center","background-size":"auto","background-attachment":"scroll","background-type":"","background-media":"","overlay-type":"","overlay-color":"","overlay-opacity":"","overlay-gradient":""},"mobile":{"background-color":"","background-image":"","background-repeat":"repeat","background-position":"center center","background-size":"auto","background-attachment":"scroll","background-type":"","background-media":"","overlay-type":"","overlay-color":"","overlay-opacity":"","overlay-gradient":""}},"ast-content-background-meta":{"desktop":{"background-color":"var(--ast-global-color-5)","background-image":"","background-repeat":"repeat","background-position":"center center","background-size":"auto","background-attachment":"scroll","background-type":"","background-media":"","overlay-type":"","overlay-color":"","overlay-opacity":"","overlay-gradient":""},"tablet":{"background-color":"var(--ast-global-color-5)","background-image":"","background-repeat":"repeat","background-position":"center center","background-size":"auto","background-attachment":"scroll","background-type":"","background-media":"","overlay-type":"","overlay-color":"","overlay-opacity":"","overlay-gradient":""},"mobile":{"background-color":"var(--ast-global-color-5)","background-image":"","background-repeat":"repeat","background-position":"center center","background-size":"auto","background-attachment":"scroll","background-type":"","background-media":"","overlay-type":"","overlay-color":"","overlay-opacity":"","overlay-gradient":""}},"footnotes":""},"class_list":["post-3867","page","type-page","status-publish","hentry"],"post_mailing_queue_ids":[],"_links":{"self":[{"href":"https:\/\/agora.xtec.cat\/escolapladelpuig\/wp-json\/wp\/v2\/pages\/3867","targetHints":{"allow":["GET"]}}],"collection":[{"href":"https:\/\/agora.xtec.cat\/escolapladelpuig\/wp-json\/wp\/v2\/pages"}],"about":[{"href":"https:\/\/agora.xtec.cat\/escolapladelpuig\/wp-json\/wp\/v2\/types\/page"}],"author":[{"embeddable":true,"href":"https:\/\/agora.xtec.cat\/escolapladelpuig\/wp-json\/wp\/v2\/users\/4"}],"replies":[{"embeddable":true,"href":"https:\/\/agora.xtec.cat\/escolapladelpuig\/wp-json\/wp\/v2\/comments?post=3867"}],"version-history":[{"count":2,"href":"https:\/\/agora.xtec.cat\/escolapladelpuig\/wp-json\/wp\/v2\/pages\/3867\/revisions"}],"predecessor-version":[{"id":4029,"href":"https:\/\/agora.xtec.cat\/escolapladelpuig\/wp-json\/wp\/v2\/pages\/3867\/revisions\/4029"}],"up":[{"embeddable":true,"href":"https:\/\/agora.xtec.cat\/escolapladelpuig\/wp-json\/wp\/v2\/pages\/2402"}],"wp:attachment":[{"href":"https:\/\/agora.xtec.cat\/escolapladelpuig\/wp-json\/wp\/v2\/media?parent=3867"}],"curies":[{"name":"wp","href":"https:\/\/api.w.org\/{rel}","templated":true}]}}