{"id":26,"date":"2014-09-18T12:24:32","date_gmt":"2014-09-18T11:24:32","guid":{"rendered":"http:\/\/agora.xtec.cat\/escolapladelpuig\/?page_id=26"},"modified":"2018-11-15T16:58:56","modified_gmt":"2018-11-15T15:58:56","slug":"historia","status":"publish","type":"page","link":"https:\/\/agora.xtec.cat\/escolapladelpuig\/lescola\/historia\/","title":{"rendered":"Hist\u00f2ria"},"content":{"rendered":"<p>L\u2019escola Pla de Puig \u00e9s una escola p\u00fablica d\u2019Infantil i Prim\u00e0ria, situada al sector del Puig, una nova zona de creixement i expansi\u00f3 urban\u00edstica de Sant Fruit\u00f3s de Bages. Provisionalment, fins la construcci\u00f3 de l\u2019edifici definitiu, est\u00e0 ubicada en m\u00f2duls prefabricats que anomenem casetes: la caseta del cel, la caseta del puig, la caseta del sembrat, la caseta del sol i el pinar.<\/p>\n<p>L\u2019escola neix el curs 2007\/2008 amb tot el cicle d\u2019Educaci\u00f3 Infantil (P3, P4 i P5). El curs 2017\/2018 vam celebrar el des\u00e8 aniversari.<\/p>\n<header class=\"entry-header\">\n<h3 class=\"entry-title\">PROJECTES I ACTIVITATS D&#8217;ESCOLA<\/h3>\n<\/header>\n<h5><\/h5>\n<p><span style=\"color: #99cc00;\"><strong>LA HIST\u00d2RIA<\/strong><strong>: EL PAS DEL TEMPS, EL PAISATGE I LES PERSONES.<\/strong><strong>\u00a0UNA OPORTUNITAT D\u2019APRENDRE JUNTS<\/strong><\/span><\/p>\n<p>La nostra \u00e9s una escola arrelada a l\u2019entorn i oberta al m\u00f3n i aquest tret d\u2019identitat \u00e9s un dels principis del nostre Projecte Educatiu. Diem que la nostra escola s\u2019arrela a l\u2019entorn quan treballem el nostre paisatge, la nostra llengua, els nostres costums, les nostres tradicions, la nostra gent\u2026i ens interessem pels nostres or\u00edgens i pel passat m\u00e9s lluny\u00e0. Parlem d\u2019una escola oberta al m\u00f3n, quan, per aprendre, sortim de les casetes, de les parets de les aules per observar entorns i realitats diferents i, tamb\u00e9, quan convidem a entrar-hi persones de fora de l\u2019escola que ens ajudin a aprendre i a con\u00e8ixer una mica m\u00e9s el m\u00f3n a partir del seu treball i de les seves experi\u00e8ncies.<\/p>\n<p>Fomentar en els infants sentiments d\u2019arrelament, estimaci\u00f3 i pertinen\u00e7a al seu poble, promoure la investigaci\u00f3 i el coneixement del temps passat\u00a0 i crear un ambient favorable on compartir el treball amb les fam\u00edlies \u00e9s l\u2019objectiu d\u2019aquest projecte que va m\u00e9s enll\u00e0 de l\u2019estudi de l\u2019entorn: la introducci\u00f3 de\u00a0<strong>la hist\u00f2ria<\/strong>\u00a0a partir dels primers anys d\u2019escolaritzaci\u00f3.<\/p>\n<p><em>\u201c Evidentment, l\u2019aut\u00e8ntic motiu per\u00a0 aprendre hist\u00f2ria \u00e9s perqu\u00e8 \u00e9s fascinant. Tota aquella gent del passat, atrapats en la seva vida igual que nosaltres: mentint, estimant, maquinant, lluitant, sobrevivint.\u00a0<\/em><em>Qui ho pot trobar avorrit, aix\u00f2?\u201d.\u00a0<\/em><em>\u00a0Jacqui Dean<\/em><\/p>\n<div class=\"entry-content\">\n<h5><\/h5>\n<h5><span style=\"color: #99cc00;\"><strong>SORTIDES I COL\u00d2NIES<\/strong><\/span><\/h5>\n<p>Les col\u00f2nies i les sortides escolars que es realitzen a tots els cursos s\u00f3n una eina important en l&#8217;aprenentatge dels nostres alumnes.<\/p>\n<p><a href=\"https:\/\/agora.xtec.cat\/escolapladelpuig\/wp-content\/uploads\/usu1272\/2018\/10\/plafo-colonies.jpg\"><img loading=\"lazy\" decoding=\"async\" class=\"wp-image-1723 aligncenter\" src=\"https:\/\/agora.xtec.cat\/escolapladelpuig\/wp-content\/uploads\/usu1272\/2018\/10\/plafo-colonies.jpg\" alt=\"\" width=\"729\" height=\"292\" srcset=\"https:\/\/agora.xtec.cat\/escolapladelpuig\/wp-content\/uploads\/usu1272\/2018\/10\/plafo-colonies.jpg 3000w, https:\/\/agora.xtec.cat\/escolapladelpuig\/wp-content\/uploads\/usu1272\/2018\/10\/plafo-colonies-300x120.jpg 300w, https:\/\/agora.xtec.cat\/escolapladelpuig\/wp-content\/uploads\/usu1272\/2018\/10\/plafo-colonies-768x307.jpg 768w, https:\/\/agora.xtec.cat\/escolapladelpuig\/wp-content\/uploads\/usu1272\/2018\/10\/plafo-colonies-1024x410.jpg 1024w\" sizes=\"auto, (max-width: 729px) 100vw, 729px\" \/><\/a><a href=\"https:\/\/agora.xtec.cat\/escolapladelpuig\/wp-content\/uploads\/usu1272\/2018\/10\/plafo-Cases-Col\u00f2nies.jpg\"><img loading=\"lazy\" decoding=\"async\" class=\"wp-image-1724 aligncenter\" src=\"https:\/\/agora.xtec.cat\/escolapladelpuig\/wp-content\/uploads\/usu1272\/2018\/10\/plafo-Cases-Col\u00f2nies.jpg\" alt=\"\" width=\"474\" height=\"599\" srcset=\"https:\/\/agora.xtec.cat\/escolapladelpuig\/wp-content\/uploads\/usu1272\/2018\/10\/plafo-Cases-Col\u00f2nies.jpg 2000w, https:\/\/agora.xtec.cat\/escolapladelpuig\/wp-content\/uploads\/usu1272\/2018\/10\/plafo-Cases-Col\u00f2nies-238x300.jpg 238w, https:\/\/agora.xtec.cat\/escolapladelpuig\/wp-content\/uploads\/usu1272\/2018\/10\/plafo-Cases-Col\u00f2nies-768x970.jpg 768w, https:\/\/agora.xtec.cat\/escolapladelpuig\/wp-content\/uploads\/usu1272\/2018\/10\/plafo-Cases-Col\u00f2nies-811x1024.jpg 811w\" sizes=\"auto, (max-width: 474px) 100vw, 474px\" \/><\/a><a href=\"https:\/\/agora.xtec.cat\/escolapladelpuig\/wp-content\/uploads\/usu1272\/2018\/10\/plafo-CdA.jpg\"><img loading=\"lazy\" decoding=\"async\" class=\"wp-image-1725 aligncenter\" src=\"https:\/\/agora.xtec.cat\/escolapladelpuig\/wp-content\/uploads\/usu1272\/2018\/10\/plafo-CdA.jpg\" alt=\"\" width=\"437\" height=\"552\" srcset=\"https:\/\/agora.xtec.cat\/escolapladelpuig\/wp-content\/uploads\/usu1272\/2018\/10\/plafo-CdA.jpg 2000w, https:\/\/agora.xtec.cat\/escolapladelpuig\/wp-content\/uploads\/usu1272\/2018\/10\/plafo-CdA-238x300.jpg 238w, https:\/\/agora.xtec.cat\/escolapladelpuig\/wp-content\/uploads\/usu1272\/2018\/10\/plafo-CdA-768x970.jpg 768w, https:\/\/agora.xtec.cat\/escolapladelpuig\/wp-content\/uploads\/usu1272\/2018\/10\/plafo-CdA-811x1024.jpg 811w\" sizes=\"auto, (max-width: 437px) 100vw, 437px\" \/><\/a><\/p>\n<p>&nbsp;<\/p>\n<\/div>\n<h5><span style=\"color: #99cc00;\"><strong>ANGL\u00c8S A EDUCACI\u00d3 INFANTIL<\/strong><\/span><\/h5>\n<p>L\u2019objectiu principal d\u2019aprendre angl\u00e8s al parvulari \u00e9s sensibilitzar i acostumar els nens i les nenes a sentir una nova llengua, a interessar-se per aprendre-la i utilitzar-la i a adquirir unes habilitats i unes estrat\u00e8gies d\u2019aprenentatge ling\u00fc\u00edstic que li serviran, posteriorment, per esdevenir una persona pluriling\u00fce.<\/p>\n<p>Els infants entren en contacte amb aquesta nova llengua d\u2019una manera senzilla i natural, per la qual cosa \u00a0l\u2019angl\u00e8s est\u00e0 present com una llengua m\u00e9s d\u2019\u00fas dins de les activitats i rutines pr\u00f2pies del dia a dia de l\u2019escola. Partim de la llengua oral i de situacions i activitats quotidianes que es porten a terme al llarg del dia a dia de la jornada escolar, com a base de la comunicaci\u00f3 i de l\u2019aprenentatge: explicaci\u00f3 de contes, realitzaci\u00f3 de jocs motrius i jocs de taula, memoritzaci\u00f3 de cantarelles, embarbussaments i can\u00e7ons, realitzaci\u00f3 de rutines ( esmorzar, posar-se i treure la bata, rentar-se les mans, anar al lavabo, guardar les coses a la motxilla, passar llista d\u2019alumnes que hi ha o falten, d\u2019aquells que utilitzen el menjador o el transport\u2026), salutacions i acomiadaments de la jornada, realitzaci\u00f3 d\u2019activitats pl\u00e0stiques\u2026<\/p>\n<h5><\/h5>\n<h5><\/h5>\n<h5><span style=\"color: #99cc00;\">DRAPS DE CUINA (FESTA DE L&#8217;ARR\u00d2S- SANT FRUIT\u00d3S DE BAGES)<\/span><\/h5>\n<div data-url=\"https:\/\/issuu.com\/pladelpuig\/docs\/draps_de_cuina_de_l_arr_s.pptx\" style=\"width: 500px; height: 188px;\" class=\"issuuembed\"><\/div>\n<p><script type=\"text\/javascript\" src=\"\/\/e.issuu.com\/embed.js\" async=\"true\"><\/script><\/p>\n<p>&nbsp;<\/p>\n<p>&nbsp;<\/p>\n","protected":false},"excerpt":{"rendered":"<p>L\u2019escola Pla de Puig \u00e9s una escola p\u00fablica d\u2019Infantil i Prim\u00e0ria, situada al sector del Puig, una nova zona de creixement i expansi\u00f3 urban\u00edstica de Sant Fruit\u00f3s de Bages. Provisionalment, fins la construcci\u00f3 de l\u2019edifici definitiu, est\u00e0 ubicada en m\u00f2duls prefabricats que anomenem casetes: la caseta del cel, la caseta del puig, la caseta del [&hellip;]<\/p>\n","protected":false},"author":1,"featured_media":0,"parent":22,"menu_order":20,"comment_status":"closed","ping_status":"closed","template":"page-templates\/side-menu.php","meta":{"_bbp_topic_count":0,"_bbp_reply_count":0,"_bbp_total_topic_count":0,"_bbp_total_reply_count":0,"_bbp_voice_count":0,"_bbp_anonymous_reply_count":0,"_bbp_topic_count_hidden":0,"_bbp_reply_count_hidden":0,"_bbp_forum_subforum_count":0,"site-sidebar-layout":"default","site-content-layout":"","ast-site-content-layout":"","site-content-style":"default","site-sidebar-style":"default","ast-global-header-display":"","ast-banner-title-visibility":"","ast-main-header-display":"","ast-hfb-above-header-display":"","ast-hfb-below-header-display":"","ast-hfb-mobile-header-display":"","site-post-title":"","ast-breadcrumbs-content":"","ast-featured-img":"","footer-sml-layout":"","theme-transparent-header-meta":"","adv-header-id-meta":"","stick-header-meta":"","header-above-stick-meta":"","header-main-stick-meta":"","header-below-stick-meta":"","astra-migrate-meta-layouts":"default","ast-page-background-enabled":"default","ast-page-background-meta":{"desktop":{"background-color":"var(--ast-global-color-4)","background-image":"","background-repeat":"repeat","background-position":"center center","background-size":"auto","background-attachment":"scroll","background-type":"","background-media":"","overlay-type":"","overlay-color":"","overlay-opacity":"","overlay-gradient":""},"tablet":{"background-color":"","background-image":"","background-repeat":"repeat","background-position":"center center","background-size":"auto","background-attachment":"scroll","background-type":"","background-media":"","overlay-type":"","overlay-color":"","overlay-opacity":"","overlay-gradient":""},"mobile":{"background-color":"","background-image":"","background-repeat":"repeat","background-position":"center center","background-size":"auto","background-attachment":"scroll","background-type":"","background-media":"","overlay-type":"","overlay-color":"","overlay-opacity":"","overlay-gradient":""}},"ast-content-background-meta":{"desktop":{"background-color":"var(--ast-global-color-5)","background-image":"","background-repeat":"repeat","background-position":"center center","background-size":"auto","background-attachment":"scroll","background-type":"","background-media":"","overlay-type":"","overlay-color":"","overlay-opacity":"","overlay-gradient":""},"tablet":{"background-color":"var(--ast-global-color-5)","background-image":"","background-repeat":"repeat","background-position":"center center","background-size":"auto","background-attachment":"scroll","background-type":"","background-media":"","overlay-type":"","overlay-color":"","overlay-opacity":"","overlay-gradient":""},"mobile":{"background-color":"var(--ast-global-color-5)","background-image":"","background-repeat":"repeat","background-position":"center center","background-size":"auto","background-attachment":"scroll","background-type":"","background-media":"","overlay-type":"","overlay-color":"","overlay-opacity":"","overlay-gradient":""}},"footnotes":""},"class_list":["post-26","page","type-page","status-publish","hentry"],"post_mailing_queue_ids":[],"_links":{"self":[{"href":"https:\/\/agora.xtec.cat\/escolapladelpuig\/wp-json\/wp\/v2\/pages\/26","targetHints":{"allow":["GET"]}}],"collection":[{"href":"https:\/\/agora.xtec.cat\/escolapladelpuig\/wp-json\/wp\/v2\/pages"}],"about":[{"href":"https:\/\/agora.xtec.cat\/escolapladelpuig\/wp-json\/wp\/v2\/types\/page"}],"author":[{"embeddable":true,"href":"https:\/\/agora.xtec.cat\/escolapladelpuig\/wp-json\/wp\/v2\/users\/1"}],"replies":[{"embeddable":true,"href":"https:\/\/agora.xtec.cat\/escolapladelpuig\/wp-json\/wp\/v2\/comments?post=26"}],"version-history":[{"count":4,"href":"https:\/\/agora.xtec.cat\/escolapladelpuig\/wp-json\/wp\/v2\/pages\/26\/revisions"}],"predecessor-version":[{"id":1896,"href":"https:\/\/agora.xtec.cat\/escolapladelpuig\/wp-json\/wp\/v2\/pages\/26\/revisions\/1896"}],"up":[{"embeddable":true,"href":"https:\/\/agora.xtec.cat\/escolapladelpuig\/wp-json\/wp\/v2\/pages\/22"}],"wp:attachment":[{"href":"https:\/\/agora.xtec.cat\/escolapladelpuig\/wp-json\/wp\/v2\/media?parent=26"}],"curies":[{"name":"wp","href":"https:\/\/api.w.org\/{rel}","templated":true}]}}