{"id":2440,"date":"2019-11-26T12:21:45","date_gmt":"2019-11-26T11:21:45","guid":{"rendered":"http:\/\/agora.xtec.cat\/escolapladelpuig\/?page_id=2440"},"modified":"2024-11-28T10:34:04","modified_gmt":"2024-11-28T09:34:04","slug":"salut","status":"publish","type":"page","link":"https:\/\/agora.xtec.cat\/escolapladelpuig\/curs-2024-25\/salut\/","title":{"rendered":"Salut"},"content":{"rendered":"<h4>Aqu\u00ed trobareu diverses informacions, consells i autoritzacions pel qu\u00e8 fa a la salut.<\/h4>\n<ol>\n<li><a href=\"https:\/\/agora.xtec.cat\/escolapladelpuig\/wp-content\/uploads\/usu1272\/2024\/11\/administracio-medicaments.pdf\">Autoritzaci\u00f3 per a l&#8217;administraci\u00f3 de medicaci\u00f3 a l&#8217;escola.<\/a><\/li>\n<li><a href=\"https:\/\/agora.xtec.cat\/escolapladelpuig\/wp-content\/uploads\/usu1272\/2024\/11\/FULL-DE-RECOLLIDA-DE-DADES-MEDIQUES.pdf\">Full de recollida de dades m\u00e8diques.<\/a><\/li>\n<li><a href=\"https:\/\/agora.xtec.cat\/escolapladelpuig\/wp-content\/uploads\/usu1272\/2024\/11\/Full-de-recollida-alumnes-amb-allergia.pdf\">Full de recollida d\u2019informaci\u00f3 per a alumnes amb al\u00b7l\u00e8rgia aliment\u00e0ria i\/o al l\u00e0tex.<\/a><\/li>\n<li><a href=\"https:\/\/agora.xtec.cat\/escolapladelpuig\/wp-content\/uploads\/usu1272\/2024\/11\/Medicacio-alumnes-amb-allergia.pdf\">Sol\u00b7licitud i autoritzaci\u00f3 d\u2019administraci\u00f3 de medicaments als alumnes amb al\u00b7l\u00e8rgies aliment\u00e0ries i\/o al l\u00e0tex.<\/a><\/li>\n<li><a href=\"https:\/\/agora.xtec.cat\/escolapladelpuig\/wp-content\/uploads\/usu1272\/2024\/11\/pautes-reaccio-alergica.pdf\">Pautes d\u2019actuaci\u00f3 en cas de reacci\u00f3 al\u00b7l\u00e8rgica.<\/a><\/li>\n<li><a href=\"https:\/\/agora.xtec.cat\/escolapladelpuig\/wp-content\/uploads\/usu1272\/2024\/11\/administracio-glucago.pdf\">Sol\u00b7licitud i autoritzaci\u00f3 d&#8217;administraci\u00f3 de glucag\u00f3 per a l&#8217;infant o jove amb diabetis.<\/a><\/li>\n<li><a href=\"https:\/\/agora.xtec.cat\/escolapladelpuig\/wp-content\/uploads\/usu1272\/2024\/11\/control-de-glucosa.pdf\">Sol\u00b7licitud de control de glucosa i autoritzaci\u00f3 de l&#8217;administraci\u00f3 d&#8217;insulina.<\/a><\/li>\n<li><a href=\"https:\/\/agora.xtec.cat\/escolapladelpuig\/wp-content\/uploads\/usu1272\/2019\/11\/polls-19-20.pdf\">Av\u00eds de polls a l&#8217;escola<\/a>.<\/li>\n<\/ol>\n","protected":false},"excerpt":{"rendered":"<p>Aqu\u00ed trobareu diverses informacions, consells i autoritzacions pel qu\u00e8 fa a la salut. Autoritzaci\u00f3 per a l&#8217;administraci\u00f3 de medicaci\u00f3 a l&#8217;escola. Full de recollida de dades m\u00e8diques. Full de recollida d\u2019informaci\u00f3 per a alumnes amb al\u00b7l\u00e8rgia aliment\u00e0ria i\/o al l\u00e0tex. Sol\u00b7licitud i autoritzaci\u00f3 d\u2019administraci\u00f3 de medicaments als alumnes amb al\u00b7l\u00e8rgies aliment\u00e0ries i\/o al l\u00e0tex. Pautes [&hellip;]<\/p>\n","protected":false},"author":4,"featured_media":0,"parent":2407,"menu_order":0,"comment_status":"closed","ping_status":"closed","template":"page-templates\/side-menu.php","meta":{"_bbp_topic_count":0,"_bbp_reply_count":0,"_bbp_total_topic_count":0,"_bbp_total_reply_count":0,"_bbp_voice_count":0,"_bbp_anonymous_reply_count":0,"_bbp_topic_count_hidden":0,"_bbp_reply_count_hidden":0,"_bbp_forum_subforum_count":0,"site-sidebar-layout":"default","site-content-layout":"","ast-site-content-layout":"","site-content-style":"default","site-sidebar-style":"default","ast-global-header-display":"","ast-banner-title-visibility":"","ast-main-header-display":"","ast-hfb-above-header-display":"","ast-hfb-below-header-display":"","ast-hfb-mobile-header-display":"","site-post-title":"","ast-breadcrumbs-content":"","ast-featured-img":"","footer-sml-layout":"","theme-transparent-header-meta":"","adv-header-id-meta":"","stick-header-meta":"","header-above-stick-meta":"","header-main-stick-meta":"","header-below-stick-meta":"","astra-migrate-meta-layouts":"default","ast-page-background-enabled":"default","ast-page-background-meta":{"desktop":{"background-color":"var(--ast-global-color-4)","background-image":"","background-repeat":"repeat","background-position":"center center","background-size":"auto","background-attachment":"scroll","background-type":"","background-media":"","overlay-type":"","overlay-color":"","overlay-opacity":"","overlay-gradient":""},"tablet":{"background-color":"","background-image":"","background-repeat":"repeat","background-position":"center center","background-size":"auto","background-attachment":"scroll","background-type":"","background-media":"","overlay-type":"","overlay-color":"","overlay-opacity":"","overlay-gradient":""},"mobile":{"background-color":"","background-image":"","background-repeat":"repeat","background-position":"center center","background-size":"auto","background-attachment":"scroll","background-type":"","background-media":"","overlay-type":"","overlay-color":"","overlay-opacity":"","overlay-gradient":""}},"ast-content-background-meta":{"desktop":{"background-color":"var(--ast-global-color-5)","background-image":"","background-repeat":"repeat","background-position":"center center","background-size":"auto","background-attachment":"scroll","background-type":"","background-media":"","overlay-type":"","overlay-color":"","overlay-opacity":"","overlay-gradient":""},"tablet":{"background-color":"var(--ast-global-color-5)","background-image":"","background-repeat":"repeat","background-position":"center center","background-size":"auto","background-attachment":"scroll","background-type":"","background-media":"","overlay-type":"","overlay-color":"","overlay-opacity":"","overlay-gradient":""},"mobile":{"background-color":"var(--ast-global-color-5)","background-image":"","background-repeat":"repeat","background-position":"center center","background-size":"auto","background-attachment":"scroll","background-type":"","background-media":"","overlay-type":"","overlay-color":"","overlay-opacity":"","overlay-gradient":""}},"footnotes":""},"class_list":["post-2440","page","type-page","status-publish","hentry"],"post_mailing_queue_ids":[],"_links":{"self":[{"href":"https:\/\/agora.xtec.cat\/escolapladelpuig\/wp-json\/wp\/v2\/pages\/2440","targetHints":{"allow":["GET"]}}],"collection":[{"href":"https:\/\/agora.xtec.cat\/escolapladelpuig\/wp-json\/wp\/v2\/pages"}],"about":[{"href":"https:\/\/agora.xtec.cat\/escolapladelpuig\/wp-json\/wp\/v2\/types\/page"}],"author":[{"embeddable":true,"href":"https:\/\/agora.xtec.cat\/escolapladelpuig\/wp-json\/wp\/v2\/users\/4"}],"replies":[{"embeddable":true,"href":"https:\/\/agora.xtec.cat\/escolapladelpuig\/wp-json\/wp\/v2\/comments?post=2440"}],"version-history":[{"count":4,"href":"https:\/\/agora.xtec.cat\/escolapladelpuig\/wp-json\/wp\/v2\/pages\/2440\/revisions"}],"predecessor-version":[{"id":4959,"href":"https:\/\/agora.xtec.cat\/escolapladelpuig\/wp-json\/wp\/v2\/pages\/2440\/revisions\/4959"}],"up":[{"embeddable":true,"href":"https:\/\/agora.xtec.cat\/escolapladelpuig\/wp-json\/wp\/v2\/pages\/2407"}],"wp:attachment":[{"href":"https:\/\/agora.xtec.cat\/escolapladelpuig\/wp-json\/wp\/v2\/media?parent=2440"}],"curies":[{"name":"wp","href":"https:\/\/api.w.org\/{rel}","templated":true}]}}