{"id":2435,"date":"2019-11-26T12:08:20","date_gmt":"2019-11-26T11:08:20","guid":{"rendered":"http:\/\/agora.xtec.cat\/escolapladelpuig\/?page_id=2435"},"modified":"2025-07-16T08:39:43","modified_gmt":"2025-07-16T06:39:43","slug":"despeses-del-curs-2","status":"publish","type":"page","link":"https:\/\/agora.xtec.cat\/escolapladelpuig\/curs-2024-25\/despeses-del-curs-2\/","title":{"rendered":"Despeses del curs 2025-26"},"content":{"rendered":"\n<p><strong>Quota de material escolar curs 2025-26 <\/strong><\/p>\n\n\n\n<div class=\"wp-block-columns is-layout-flex wp-container-core-columns-is-layout-1 wp-block-columns-is-layout-flex\">\n<div class=\"wp-block-column has-background is-layout-flow wp-block-column-is-layout-flow\" style=\"border-radius:15px;background-color:#8aa6006e\">\n<p><\/p>\n\n\n\n<p class=\"has-text-align-center has-medium-font-size\"><strong>Infantil<\/strong><\/p>\n\n\n\n<p class=\"has-text-align-center\">Quota: 130 \u20ac<\/p>\n\n\n\n<p style=\"margin-right:var(--wp--preset--spacing--60);margin-left:var(--wp--preset--spacing--60)\">1r pagament (novembre 2025): 65\u20ac<\/p>\n\n\n\n<p style=\"margin-right:var(--wp--preset--spacing--60);margin-left:var(--wp--preset--spacing--60)\">2n pagament (febrer 2026): 65\u20ac<\/p>\n\n\n\n<p><\/p>\n<\/div>\n\n\n\n<div class=\"wp-block-column has-background is-layout-flow wp-block-column-is-layout-flow\" style=\"border-radius:15px;background-color:#0888a880\">\n<p><\/p>\n\n\n\n<p class=\"has-text-align-center has-medium-font-size\"><strong>Prim\u00e0ria<\/strong><\/p>\n\n\n\n<p class=\"has-text-align-center\">Quota: 110 \u20ac<\/p>\n\n\n\n<p style=\"margin-right:var(--wp--preset--spacing--60);margin-left:var(--wp--preset--spacing--60)\">1r pagament (novembre 2025): 50\u20ac<\/p>\n\n\n\n<p style=\"margin-right:var(--wp--preset--spacing--60);margin-left:var(--wp--preset--spacing--60)\">2n pagament (febrer 2026): 60\u20ac<\/p>\n\n\n\n<p><\/p>\n<\/div>\n<\/div>\n\n\n<h4>Informaci\u00f3 sobre el val escolar<\/h4>\n<p>Amb el programa <b>VAL ESCOLAR 25-26<\/b>, la Generalitat de Catalunya vol donar un impuls econ\u00f2mic a les fam\u00edlies per tal d&#8217;ajudar-vos a encarar el nou curs, dotant a cada alumne de prim\u00e0ria i ESO amb\u00a0<b>un total de 60 \u20ac<\/b>\u00a0 en dos vals de 30 \u20ac que es podran bescanviar per material escolar i que rebreu en les properes setmanes.<\/p>\n<p>Enguany, les fam\u00edlies podreu <b>decidir si voleu<\/b>\u00a0quedar-vos els vals per a vosaltres i bescanviar-los en un dels diferents establiments adherits al programa per comprar material escolar per casa, o b\u00e9 si voleu\u00a0<b>cedir l&#8217;import d&#8217;un val (30 \u20ac) o dels dos (60 \u20ac) als centres educatius<\/b>. En aquest cas, es\u00a0<b>descomptar\u00e0<\/b>\u00a0l&#8217;import cedit al centre de la\u00a0<b>quota de material del curs 2025-26, <\/b>tal com es va acordar en la sessi\u00f3 de Consell Escolar del dia 15 de maig de 2024. Cal tenir en compte que\u00a0<u>NO es descomptar\u00e0 de la quota de llibres<\/u>\u00a0d&#8217;inici de curs.<\/p>\n<p>L&#8217;opci\u00f3 de cedir vals als centres educatius estar\u00e0\u00a0<b>activa fins al 19 de setembre de 2025<\/b>. Per al bon funcionament del centre aniria b\u00e9, per\u00f2, que els ced\u00edssiu\u00a0<b>tan aviat com sigui possible.<\/b><\/p>\n<p>Tot el\u00a0<b>proc\u00e9s d&#8217;activaci\u00f3<\/b>\u00a0dels vals i cessi\u00f3 d&#8217;aquests als centres educatius s&#8217;ha de fer\u00a0<b>a trav\u00e9s del web<\/b>\u00a0<a href=\"http:\/\/valescolar.cat\/\" target=\"_blank\" rel=\"noopener\" data-saferedirecturl=\"https:\/\/www.google.com\/url?q=http:\/\/valescolar.cat&amp;source=gmail&amp;ust=1721115900262000&amp;usg=AOvVaw1QqFYdnvtOa73p5ChCWFC7\">valescolar.cat<\/a>, per tant,\u00a0<u>NO podem acceptar vals en paper<\/u>. En aquest web, tamb\u00e9 hi trobareu tota la informaci\u00f3 necess\u00e0ria, resoluci\u00f3 de dubtes i preguntes freq\u00fcents.<\/p>\n<div>\u00a0<\/div>\n<h4>Quotes de l&#8217;AFA<\/h4>\n<table>\n<tbody>\n<tr>\n<td width=\"130\"><strong>1 fill: 35\u20ac<\/strong>\n<p><strong>2 fills: 40\u20ac <\/strong><\/p>\n<p><strong>3 fills: 45\u20ac <\/strong><\/p>\n<\/td>\n<td width=\"578\">Amb la quota es paguen les necessitats de l\u2019escola i les activitats que es consideren interessants per infants i fam\u00edlies:\n<ul>\n<li>Material pels patis<\/li>\n<li>Material inform\u00e0tic com chromebooks, tauletes,..<\/li>\n<li>Reis a les aules<\/li>\n<li>Festes: inici de curs, castanyada, torronada, festa de St. Jordi, esmorzar al Puig, Festa final de curs<\/li>\n<li>Berenars, esmorzars\u2026.<\/li>\n<li>Xerrades o activitats l\u00fadiques pels alumnes<\/li>\n<li>Xerrades per fam\u00edlies<\/li>\n<\/ul>\n<\/td>\n<\/tr>\n<\/tbody>\n<\/table>\n<p><span style=\"color: #008080;\"><em><strong>*Per ser soci de l&#8217;AFA es gaudeix d&#8217;un 20% de descompte de la quota de l&#8217;escola de sortides del curs.<\/strong><\/em><\/span><\/p>\n<h4>Calendari de despeses generals del curs 2025-26\u00a0<\/h4>\n<table style=\"width: 100%;\">\n<tbody>\n<tr>\n<td style=\"width: 12.813%;\"><strong>Agost<\/strong><\/td>\n<td style=\"width: 64.9485%;\">Quota AFA familiar<\/td>\n<td style=\"width: 20.9131%;\"><strong>35\u20ac \/ 40\u20ac \/ 45\u20ac<\/strong><\/td>\n<\/tr>\n<tr>\n<td style=\"width: 12.813%;\"><strong>Setembre<\/strong><\/td>\n<td style=\"width: 64.9485%;\"><strong>Quota de llibres de text del curs<\/strong>\n<p>L&#8217;escola es fa c\u00e0rrec de l&#8217;adquisici\u00f3 de tots els llibres de cada curs. Les fam\u00edlies rebreu una carta de pagament amb l&#8217;import corresponent de cada curs.<\/p>\n<p>Els alumnes trobaran tots els materials a l&#8217;aula.<\/p>\n<\/td>\n<td style=\"width: 20.9131%;\"><strong>Segons grup\/classe<\/strong><\/td>\n<\/tr>\n<tr>\n<td style=\"width: 12.813%;\"><strong>Novembre<\/strong><\/td>\n<td style=\"width: 64.9485%;\"><strong>Quota de material escolar<\/strong>\n<p>Educaci\u00f3 Infantil<\/p>\n<p>Educaci\u00f3 Prim\u00e0ria<\/p>\n<p>Es podr\u00e0 fer un sol pagament o b\u00e9 en dos pagaments (65\u20ac\/55\u20ac al novembre i 65\u20ac\/55\u20ac al febrer)<\/p>\n<\/td>\n<td style=\"width: 20.9131%;\">\n<p><strong>130\u20ac<\/strong><\/p>\n<p><strong>110\u20ac<\/strong><\/p>\n<\/td>\n<\/tr>\n<tr>\n<td style=\"width: 12.813%;\"><strong>Febrer<\/strong><\/td>\n<td style=\"width: 64.9485%;\">Material escolar (en el cas que s\u2019hagi fraccionat el pagament)<\/td>\n<td style=\"width: 20.9131%;\">\u00a0<\/td>\n<\/tr>\n<\/tbody>\n<\/table>\n<p><span style=\"color: #008080;\"><strong><em>*Tamb\u00e9 hi haur\u00e0 el pagament de les sortides i col\u00f2nies escolars.<\/em><\/strong><\/span><\/p>","protected":false},"excerpt":{"rendered":"<p>Quota de material escolar curs 2025-26 Infantil Quota: 130 \u20ac 1r pagament (novembre 2025): 65\u20ac 2n pagament (febrer 2026): 65\u20ac Prim\u00e0ria Quota: 110 \u20ac 1r pagament (novembre 2025): 50\u20ac 2n pagament (febrer 2026): 60\u20ac Informaci\u00f3 sobre el val escolar Amb el programa VAL ESCOLAR 25-26, la Generalitat de Catalunya vol donar un impuls econ\u00f2mic a [&hellip;]<\/p>\n","protected":false},"author":4,"featured_media":0,"parent":2407,"menu_order":0,"comment_status":"closed","ping_status":"closed","template":"","meta":{"_bbp_topic_count":0,"_bbp_reply_count":0,"_bbp_total_topic_count":0,"_bbp_total_reply_count":0,"_bbp_voice_count":0,"_bbp_anonymous_reply_count":0,"_bbp_topic_count_hidden":0,"_bbp_reply_count_hidden":0,"_bbp_forum_subforum_count":0,"site-sidebar-layout":"default","site-content-layout":"","ast-site-content-layout":"default","site-content-style":"default","site-sidebar-style":"default","ast-global-header-display":"","ast-banner-title-visibility":"","ast-main-header-display":"","ast-hfb-above-header-display":"","ast-hfb-below-header-display":"","ast-hfb-mobile-header-display":"","site-post-title":"","ast-breadcrumbs-content":"","ast-featured-img":"","footer-sml-layout":"","theme-transparent-header-meta":"","adv-header-id-meta":"","stick-header-meta":"","header-above-stick-meta":"","header-main-stick-meta":"","header-below-stick-meta":"","astra-migrate-meta-layouts":"set","ast-page-background-enabled":"default","ast-page-background-meta":{"desktop":{"background-color":"var(--ast-global-color-4)","background-image":"","background-repeat":"repeat","background-position":"center center","background-size":"auto","background-attachment":"scroll","background-type":"","background-media":"","overlay-type":"","overlay-color":"","overlay-opacity":"","overlay-gradient":""},"tablet":{"background-color":"","background-image":"","background-repeat":"repeat","background-position":"center center","background-size":"auto","background-attachment":"scroll","background-type":"","background-media":"","overlay-type":"","overlay-color":"","overlay-opacity":"","overlay-gradient":""},"mobile":{"background-color":"","background-image":"","background-repeat":"repeat","background-position":"center center","background-size":"auto","background-attachment":"scroll","background-type":"","background-media":"","overlay-type":"","overlay-color":"","overlay-opacity":"","overlay-gradient":""}},"ast-content-background-meta":{"desktop":{"background-color":"var(--ast-global-color-5)","background-image":"","background-repeat":"repeat","background-position":"center center","background-size":"auto","background-attachment":"scroll","background-type":"","background-media":"","overlay-type":"","overlay-color":"","overlay-opacity":"","overlay-gradient":""},"tablet":{"background-color":"var(--ast-global-color-5)","background-image":"","background-repeat":"repeat","background-position":"center center","background-size":"auto","background-attachment":"scroll","background-type":"","background-media":"","overlay-type":"","overlay-color":"","overlay-opacity":"","overlay-gradient":""},"mobile":{"background-color":"var(--ast-global-color-5)","background-image":"","background-repeat":"repeat","background-position":"center center","background-size":"auto","background-attachment":"scroll","background-type":"","background-media":"","overlay-type":"","overlay-color":"","overlay-opacity":"","overlay-gradient":""}},"footnotes":""},"class_list":["post-2435","page","type-page","status-publish","hentry"],"post_mailing_queue_ids":[],"_links":{"self":[{"href":"https:\/\/agora.xtec.cat\/escolapladelpuig\/wp-json\/wp\/v2\/pages\/2435","targetHints":{"allow":["GET"]}}],"collection":[{"href":"https:\/\/agora.xtec.cat\/escolapladelpuig\/wp-json\/wp\/v2\/pages"}],"about":[{"href":"https:\/\/agora.xtec.cat\/escolapladelpuig\/wp-json\/wp\/v2\/types\/page"}],"author":[{"embeddable":true,"href":"https:\/\/agora.xtec.cat\/escolapladelpuig\/wp-json\/wp\/v2\/users\/4"}],"replies":[{"embeddable":true,"href":"https:\/\/agora.xtec.cat\/escolapladelpuig\/wp-json\/wp\/v2\/comments?post=2435"}],"version-history":[{"count":5,"href":"https:\/\/agora.xtec.cat\/escolapladelpuig\/wp-json\/wp\/v2\/pages\/2435\/revisions"}],"predecessor-version":[{"id":5452,"href":"https:\/\/agora.xtec.cat\/escolapladelpuig\/wp-json\/wp\/v2\/pages\/2435\/revisions\/5452"}],"up":[{"embeddable":true,"href":"https:\/\/agora.xtec.cat\/escolapladelpuig\/wp-json\/wp\/v2\/pages\/2407"}],"wp:attachment":[{"href":"https:\/\/agora.xtec.cat\/escolapladelpuig\/wp-json\/wp\/v2\/media?parent=2435"}],"curies":[{"name":"wp","href":"https:\/\/api.w.org\/{rel}","templated":true}]}}