{"id":2429,"date":"2019-11-26T11:50:12","date_gmt":"2019-11-26T10:50:12","guid":{"rendered":"http:\/\/agora.xtec.cat\/escolapladelpuig\/?page_id=2429"},"modified":"2024-10-17T10:17:36","modified_gmt":"2024-10-17T08:17:36","slug":"consell-escolar","status":"publish","type":"page","link":"https:\/\/agora.xtec.cat\/escolapladelpuig\/lescola\/consell-escolar\/","title":{"rendered":"Consell escolar"},"content":{"rendered":"<table>\n<tbody>\n<tr>\n<td colspan=\"4\">\n<h4><b>CONSELL ESCOLAR<\/b><\/h4>\n<\/td>\n<\/tr>\n<tr>\n<td colspan=\"2\"><span style=\"font-weight: 400;\">Marta Casas Ribas<\/span><\/td>\n<td colspan=\"2\"><span style=\"font-weight: 400;\">Presidenta<\/span><\/td>\n<\/tr>\n<tr>\n<td colspan=\"2\"><span style=\"font-weight: 400;\">L\u00eddia Cuberas Borr\u00f3s<\/span><\/td>\n<td colspan=\"2\"><span style=\"font-weight: 400;\">Cap d\u2019estudis i representant de coeducaci\u00f3<\/span><\/td>\n<\/tr>\n<tr>\n<td colspan=\"2\"><span style=\"font-weight: 400;\">Mart\u00ed Cord\u00f3n Siches<\/span><\/td>\n<td colspan=\"2\"><span style=\"font-weight: 400;\">Secretari<\/span><\/td>\n<\/tr>\n<tr>\n<td colspan=\"2\"><span style=\"font-weight: 400;\">Eul\u00e0lia Canet Torra<\/span><\/td>\n<td colspan=\"2\"><span style=\"font-weight: 400;\">Representant sector de mestres<\/span><\/td>\n<\/tr>\n<tr>\n<td colspan=\"2\"><span style=\"font-weight: 400;\">Patricia Adan Guimer\u00e0<\/span><\/td>\n<td colspan=\"2\"><span style=\"font-weight: 400;\">Representant sector de mestres<\/span><\/td>\n<\/tr>\n<tr>\n<td colspan=\"2\"><span style=\"font-weight: 400;\">Marta L\u00f3pez de Frutos<\/span><\/td>\n<td colspan=\"2\"><span style=\"font-weight: 400;\">Representant sector de mestres<\/span><\/td>\n<\/tr>\n<tr>\n<td colspan=\"2\"><span style=\"font-weight: 400;\">Gina Soler Carri\u00f3<\/span><\/td>\n<td colspan=\"2\"><span style=\"font-weight: 400;\">Representant sector de mestres<\/span><\/td>\n<\/tr>\n<tr>\n<td colspan=\"2\"><\/td>\n<td colspan=\"2\"><span style=\"font-weight: 400;\">Representant sector de mestres<\/span><\/td>\n<\/tr>\n<tr>\n<td colspan=\"2\"><span style=\"font-weight: 400;\">Marina Santamaria Hosta<\/span><\/td>\n<td colspan=\"2\"><span style=\"font-weight: 400;\">Representant sector de pares i mares<\/span><\/td>\n<\/tr>\n<tr>\n<td colspan=\"2\"><span style=\"font-weight: 400;\">Elena Pay\u00e0s Prat<\/span><\/td>\n<td colspan=\"2\"><span style=\"font-weight: 400;\">Representant sector de pares i mares<\/span><\/td>\n<\/tr>\n<tr>\n<td colspan=\"2\"><span style=\"font-weight: 400;\">Ester Duarri Amills<\/span><\/td>\n<td colspan=\"2\"><span style=\"font-weight: 400;\">Representant sector de pares i mares<\/span><\/td>\n<\/tr>\n<tr>\n<td colspan=\"2\"><span style=\"font-weight: 400;\">Rosa Camprub\u00ed Gros<\/span><\/td>\n<td colspan=\"2\"><span style=\"font-weight: 400;\">Representant sector de pares i mares<\/span><\/td>\n<\/tr>\n<tr>\n<td colspan=\"2\"><span style=\"font-weight: 400;\">Eul\u00e0lia Feliu Rodriguez<\/span><\/td>\n<td colspan=\"2\"><span style=\"font-weight: 400;\">Representant AFA<\/span><\/td>\n<\/tr>\n<tr>\n<td colspan=\"2\"><span style=\"font-weight: 400;\">M\u00f2nica Cruz Franch<\/span><\/td>\n<td colspan=\"2\"><span style=\"font-weight: 400;\">Representant Ajuntament<\/span><\/td>\n<\/tr>\n<tr>\n<td colspan=\"2\"><span style=\"font-weight: 400;\">Joana Santiago Manzano<\/span><\/td>\n<td colspan=\"2\"><span style=\"font-weight: 400;\">Representant PAS<\/span><\/td>\n<\/tr>\n<tr>\n<td colspan=\"4\">\n<h5><b>COMISSIONS QUE EL CONSTITUEIXEN<\/b><\/h5>\n<\/td>\n<\/tr>\n<tr>\n<td>\n<h6><b>Permanent<\/b><\/h6>\n<\/td>\n<td colspan=\"2\">\n<h6><b>Econ\u00f2mica<\/b><\/h6>\n<\/td>\n<td>\n<h6><b>Conviv\u00e8ncia<\/b><\/h6>\n<\/td>\n<\/tr>\n<tr>\n<td><span style=\"font-weight: 400;\">Marta Casas Ribas<\/span><\/p>\n<p><span style=\"font-weight: 400;\">L\u00eddia Cuberas Borr\u00f3s<\/span><\/p>\n<p><span style=\"font-weight: 400;\">Mart\u00ed Cord\u00f3n Siches<\/span><\/p>\n<p><span style=\"font-weight: 400;\">Marta L\u00f3pez de Frutos<\/span><\/p>\n<p><span style=\"font-weight: 400;\">Eul\u00e0lia Feliu Rodriguez<\/span><\/p>\n<p><span style=\"font-weight: 400;\">M\u00f2nica Cruz Franch<\/span><\/p>\n<p><span style=\"font-weight: 400;\">\u00a0<\/span><\/p>\n<p><span style=\"font-weight: 400;\">\u00a0<\/span><\/td>\n<td colspan=\"2\"><span style=\"font-weight: 400;\">Marta Casas Ribas<\/span><\/p>\n<p><span style=\"font-weight: 400;\">L\u00eddia Cuberas Borr\u00f3s<\/span><\/p>\n<p><span style=\"font-weight: 400;\">Mart\u00ed Cord\u00f3n Siches<\/span><\/p>\n<p><span style=\"font-weight: 400;\">Patricia Adan Guimer\u00e0<\/span><\/p>\n<p><span style=\"font-weight: 400;\">Ester Duarri Amills<\/span><\/td>\n<td><span style=\"font-weight: 400;\">Marta Casas Ribas<\/span><\/p>\n<p><span style=\"font-weight: 400;\">L\u00eddia Cuberas Borr\u00f3s<\/span><\/p>\n<p><span style=\"font-weight: 400;\">Mart\u00ed Cord\u00f3n Siches<\/span><\/p>\n<p><span style=\"font-weight: 400;\">Eul\u00e0lia Canet Torra<\/span><\/p>\n<p><span style=\"font-weight: 400;\">Rosa Camprub\u00ed Gros<\/span><\/td>\n<\/tr>\n<\/tbody>\n<\/table>\n<p>&nbsp;<\/p>\n<table style=\"width: 54.7865%;\">\n<tbody>\n<tr>\n<td style=\"width: 133.578%;\" colspan=\"2\">\n<h4><b>CONSELL ESCOLAR MUNICIPAL<\/b><\/h4>\n<\/td>\n<\/tr>\n<tr>\n<td style=\"width: 33.3333%;\"><span style=\"font-weight: 400;\">Marta Casas Ribas<\/span><\/td>\n<td style=\"width: 100.245%;\"><span style=\"font-weight: 400;\">Representant com a directora del centre<\/span><\/td>\n<\/tr>\n<tr>\n<td style=\"width: 33.3333%;\"><span style=\"font-weight: 400;\">Gina Soler Carri\u00f3<\/span><\/td>\n<td style=\"width: 100.245%;\"><span style=\"font-weight: 400;\">Representant del claustre de mestres<\/span><\/td>\n<\/tr>\n<tr>\n<td style=\"width: 33.3333%;\"><\/td>\n<td style=\"width: 100.245%;\"><span style=\"font-weight: 400;\">Representant de l\u2019AFA<\/span><\/td>\n<\/tr>\n<\/tbody>\n<\/table>\n<p>&nbsp;<\/p>\n","protected":false},"excerpt":{"rendered":"<p>CONSELL ESCOLAR Marta Casas Ribas Presidenta L\u00eddia Cuberas Borr\u00f3s Cap d\u2019estudis i representant de coeducaci\u00f3 Mart\u00ed Cord\u00f3n Siches Secretari Eul\u00e0lia Canet Torra Representant sector de mestres Patricia Adan Guimer\u00e0 Representant sector de mestres Marta L\u00f3pez de Frutos Representant sector de mestres Gina Soler Carri\u00f3 Representant sector de mestres Representant sector de mestres Marina Santamaria Hosta [&hellip;]<\/p>\n","protected":false},"author":4,"featured_media":0,"parent":22,"menu_order":0,"comment_status":"closed","ping_status":"closed","template":"page-templates\/side-menu.php","meta":{"_bbp_topic_count":0,"_bbp_reply_count":0,"_bbp_total_topic_count":0,"_bbp_total_reply_count":0,"_bbp_voice_count":0,"_bbp_anonymous_reply_count":0,"_bbp_topic_count_hidden":0,"_bbp_reply_count_hidden":0,"_bbp_forum_subforum_count":0,"site-sidebar-layout":"default","site-content-layout":"","ast-site-content-layout":"","site-content-style":"default","site-sidebar-style":"default","ast-global-header-display":"","ast-banner-title-visibility":"","ast-main-header-display":"","ast-hfb-above-header-display":"","ast-hfb-below-header-display":"","ast-hfb-mobile-header-display":"","site-post-title":"","ast-breadcrumbs-content":"","ast-featured-img":"","footer-sml-layout":"","theme-transparent-header-meta":"","adv-header-id-meta":"","stick-header-meta":"","header-above-stick-meta":"","header-main-stick-meta":"","header-below-stick-meta":"","astra-migrate-meta-layouts":"default","ast-page-background-enabled":"default","ast-page-background-meta":{"desktop":{"background-color":"var(--ast-global-color-4)","background-image":"","background-repeat":"repeat","background-position":"center center","background-size":"auto","background-attachment":"scroll","background-type":"","background-media":"","overlay-type":"","overlay-color":"","overlay-opacity":"","overlay-gradient":""},"tablet":{"background-color":"","background-image":"","background-repeat":"repeat","background-position":"center center","background-size":"auto","background-attachment":"scroll","background-type":"","background-media":"","overlay-type":"","overlay-color":"","overlay-opacity":"","overlay-gradient":""},"mobile":{"background-color":"","background-image":"","background-repeat":"repeat","background-position":"center center","background-size":"auto","background-attachment":"scroll","background-type":"","background-media":"","overlay-type":"","overlay-color":"","overlay-opacity":"","overlay-gradient":""}},"ast-content-background-meta":{"desktop":{"background-color":"var(--ast-global-color-5)","background-image":"","background-repeat":"repeat","background-position":"center center","background-size":"auto","background-attachment":"scroll","background-type":"","background-media":"","overlay-type":"","overlay-color":"","overlay-opacity":"","overlay-gradient":""},"tablet":{"background-color":"var(--ast-global-color-5)","background-image":"","background-repeat":"repeat","background-position":"center center","background-size":"auto","background-attachment":"scroll","background-type":"","background-media":"","overlay-type":"","overlay-color":"","overlay-opacity":"","overlay-gradient":""},"mobile":{"background-color":"var(--ast-global-color-5)","background-image":"","background-repeat":"repeat","background-position":"center center","background-size":"auto","background-attachment":"scroll","background-type":"","background-media":"","overlay-type":"","overlay-color":"","overlay-opacity":"","overlay-gradient":""}},"footnotes":""},"class_list":["post-2429","page","type-page","status-publish","hentry"],"post_mailing_queue_ids":[],"_links":{"self":[{"href":"https:\/\/agora.xtec.cat\/escolapladelpuig\/wp-json\/wp\/v2\/pages\/2429","targetHints":{"allow":["GET"]}}],"collection":[{"href":"https:\/\/agora.xtec.cat\/escolapladelpuig\/wp-json\/wp\/v2\/pages"}],"about":[{"href":"https:\/\/agora.xtec.cat\/escolapladelpuig\/wp-json\/wp\/v2\/types\/page"}],"author":[{"embeddable":true,"href":"https:\/\/agora.xtec.cat\/escolapladelpuig\/wp-json\/wp\/v2\/users\/4"}],"replies":[{"embeddable":true,"href":"https:\/\/agora.xtec.cat\/escolapladelpuig\/wp-json\/wp\/v2\/comments?post=2429"}],"version-history":[{"count":5,"href":"https:\/\/agora.xtec.cat\/escolapladelpuig\/wp-json\/wp\/v2\/pages\/2429\/revisions"}],"predecessor-version":[{"id":4815,"href":"https:\/\/agora.xtec.cat\/escolapladelpuig\/wp-json\/wp\/v2\/pages\/2429\/revisions\/4815"}],"up":[{"embeddable":true,"href":"https:\/\/agora.xtec.cat\/escolapladelpuig\/wp-json\/wp\/v2\/pages\/22"}],"wp:attachment":[{"href":"https:\/\/agora.xtec.cat\/escolapladelpuig\/wp-json\/wp\/v2\/media?parent=2429"}],"curies":[{"name":"wp","href":"https:\/\/api.w.org\/{rel}","templated":true}]}}