{"id":2417,"date":"2019-11-26T11:30:09","date_gmt":"2019-11-26T10:30:09","guid":{"rendered":"http:\/\/agora.xtec.cat\/escolapladelpuig\/?page_id=2417"},"modified":"2024-07-18T10:19:56","modified_gmt":"2024-07-18T08:19:56","slug":"carta-compromis-educatiu","status":"publish","type":"page","link":"https:\/\/agora.xtec.cat\/escolapladelpuig\/documents\/carta-compromis-educatiu\/","title":{"rendered":"Carta comprom\u00eds educatiu"},"content":{"rendered":"<p>La carta de comprom\u00eds educatiu \u00e9s un document que t\u00e9 com a finalitat potenciar la comunicaci\u00f3, la participaci\u00f3, la implicaci\u00f3, el comprom\u00eds i la corresponsabilitat entre els centres i les fam\u00edlies en l&#8217;educaci\u00f3 d&#8217;infants i joves.<\/p>\n<p>Per tant, la carta ha de contribuir, entre altres, als objectius seg\u00fcents:<\/p>\n<ul>\n<li>Compartir amb les fam\u00edlies els principis i els continguts del projecte educatiu del centre i, si escau, els projectes educatius de l&#8217;entorn.<\/li>\n<li>Millorar la informaci\u00f3 i la comunicaci\u00f3 entre el centre i les fam\u00edlies.<\/li>\n<li>Facilitar a les fam\u00edlies l&#8217;exercici dels seus drets i el compliment dels deures.<\/li>\n<li>Fomentar la conviv\u00e8ncia i el bon clima escolar.<\/li>\n<li>Corresponsabilitzar el centre i la fam\u00edlia en l&#8217;\u00e8xit acad\u00e8mic, personal i social dels alumnes i tamb\u00e9 en el comprom\u00eds c\u00edvic dels infants i joves.<\/li>\n<\/ul>\n<p>Aquest document l&#8217;han de signar el pare, mare, tutor o tutora legal de l&#8217;alumne o alumna i la direcci\u00f3 del centre educatiu en el moment de la matr\u00edcula.<\/p>\n<p>Aqu\u00ed us deixem la nostra <a href=\"https:\/\/agora.xtec.cat\/escolapladelpuig\/wp-content\/uploads\/usu1272\/2024\/07\/Carta-de-compromis-educatiu-actualitzada-juny-2023.pdf\">carta de comprom\u00eds educatiu<\/a>.<\/p>\n","protected":false},"excerpt":{"rendered":"<p>La carta de comprom\u00eds educatiu \u00e9s un document que t\u00e9 com a finalitat potenciar la comunicaci\u00f3, la participaci\u00f3, la implicaci\u00f3, el comprom\u00eds i la corresponsabilitat entre els centres i les fam\u00edlies en l&#8217;educaci\u00f3 d&#8217;infants i joves. Per tant, la carta ha de contribuir, entre altres, als objectius seg\u00fcents: Compartir amb les fam\u00edlies els principis i [&hellip;]<\/p>\n","protected":false},"author":4,"featured_media":0,"parent":2402,"menu_order":0,"comment_status":"closed","ping_status":"closed","template":"page-templates\/side-menu.php","meta":{"_bbp_topic_count":0,"_bbp_reply_count":0,"_bbp_total_topic_count":0,"_bbp_total_reply_count":0,"_bbp_voice_count":0,"_bbp_anonymous_reply_count":0,"_bbp_topic_count_hidden":0,"_bbp_reply_count_hidden":0,"_bbp_forum_subforum_count":0,"site-sidebar-layout":"default","site-content-layout":"","ast-site-content-layout":"","site-content-style":"default","site-sidebar-style":"default","ast-global-header-display":"","ast-banner-title-visibility":"","ast-main-header-display":"","ast-hfb-above-header-display":"","ast-hfb-below-header-display":"","ast-hfb-mobile-header-display":"","site-post-title":"","ast-breadcrumbs-content":"","ast-featured-img":"","footer-sml-layout":"","theme-transparent-header-meta":"","adv-header-id-meta":"","stick-header-meta":"","header-above-stick-meta":"","header-main-stick-meta":"","header-below-stick-meta":"","astra-migrate-meta-layouts":"default","ast-page-background-enabled":"default","ast-page-background-meta":{"desktop":{"background-color":"var(--ast-global-color-4)","background-image":"","background-repeat":"repeat","background-position":"center center","background-size":"auto","background-attachment":"scroll","background-type":"","background-media":"","overlay-type":"","overlay-color":"","overlay-opacity":"","overlay-gradient":""},"tablet":{"background-color":"","background-image":"","background-repeat":"repeat","background-position":"center center","background-size":"auto","background-attachment":"scroll","background-type":"","background-media":"","overlay-type":"","overlay-color":"","overlay-opacity":"","overlay-gradient":""},"mobile":{"background-color":"","background-image":"","background-repeat":"repeat","background-position":"center center","background-size":"auto","background-attachment":"scroll","background-type":"","background-media":"","overlay-type":"","overlay-color":"","overlay-opacity":"","overlay-gradient":""}},"ast-content-background-meta":{"desktop":{"background-color":"var(--ast-global-color-5)","background-image":"","background-repeat":"repeat","background-position":"center center","background-size":"auto","background-attachment":"scroll","background-type":"","background-media":"","overlay-type":"","overlay-color":"","overlay-opacity":"","overlay-gradient":""},"tablet":{"background-color":"var(--ast-global-color-5)","background-image":"","background-repeat":"repeat","background-position":"center center","background-size":"auto","background-attachment":"scroll","background-type":"","background-media":"","overlay-type":"","overlay-color":"","overlay-opacity":"","overlay-gradient":""},"mobile":{"background-color":"var(--ast-global-color-5)","background-image":"","background-repeat":"repeat","background-position":"center center","background-size":"auto","background-attachment":"scroll","background-type":"","background-media":"","overlay-type":"","overlay-color":"","overlay-opacity":"","overlay-gradient":""}},"footnotes":""},"class_list":["post-2417","page","type-page","status-publish","hentry"],"post_mailing_queue_ids":[],"_links":{"self":[{"href":"https:\/\/agora.xtec.cat\/escolapladelpuig\/wp-json\/wp\/v2\/pages\/2417","targetHints":{"allow":["GET"]}}],"collection":[{"href":"https:\/\/agora.xtec.cat\/escolapladelpuig\/wp-json\/wp\/v2\/pages"}],"about":[{"href":"https:\/\/agora.xtec.cat\/escolapladelpuig\/wp-json\/wp\/v2\/types\/page"}],"author":[{"embeddable":true,"href":"https:\/\/agora.xtec.cat\/escolapladelpuig\/wp-json\/wp\/v2\/users\/4"}],"replies":[{"embeddable":true,"href":"https:\/\/agora.xtec.cat\/escolapladelpuig\/wp-json\/wp\/v2\/comments?post=2417"}],"version-history":[{"count":4,"href":"https:\/\/agora.xtec.cat\/escolapladelpuig\/wp-json\/wp\/v2\/pages\/2417\/revisions"}],"predecessor-version":[{"id":4791,"href":"https:\/\/agora.xtec.cat\/escolapladelpuig\/wp-json\/wp\/v2\/pages\/2417\/revisions\/4791"}],"up":[{"embeddable":true,"href":"https:\/\/agora.xtec.cat\/escolapladelpuig\/wp-json\/wp\/v2\/pages\/2402"}],"wp:attachment":[{"href":"https:\/\/agora.xtec.cat\/escolapladelpuig\/wp-json\/wp\/v2\/media?parent=2417"}],"curies":[{"name":"wp","href":"https:\/\/api.w.org\/{rel}","templated":true}]}}