{"id":2382,"date":"2019-11-25T18:00:57","date_gmt":"2019-11-25T17:00:57","guid":{"rendered":"http:\/\/agora.xtec.cat\/escolapladelpuig\/?page_id=2382"},"modified":"2022-01-27T16:45:35","modified_gmt":"2022-01-27T15:45:35","slug":"les-matematiques-a-lescola","status":"publish","type":"page","link":"https:\/\/agora.xtec.cat\/escolapladelpuig\/lescola\/projecte-educatiu\/les-matematiques-a-lescola\/","title":{"rendered":"Les matem\u00e0tiques a l&#8217;escola"},"content":{"rendered":"<p>Aquest curs a l\u2019escola continuem treballant en el projecte INNOVAMAT. Enguany continuem creixent i participant en la proposta a educaci\u00f3 infantil i a prim\u00e0ria fins a 4t.<\/p>\n<p>&nbsp;<\/p>\n<p>Els mestres de l\u2019escola ens estem formant en aquesta nova forma de veure, viure i ensenyar les matem\u00e0tiques per adaptar-nos al canvi i mica en mica poder-ho anar aplicant a tota l\u2019escola.<\/p>\n<p>&nbsp;<\/p>\n<p>Innovamat transforma l\u2019aula i les relacions que es donen en ella per emocionar, estimular i motivar l\u2019alumnat. Els materials posen l\u2019alumne en el centre del seu propi proc\u00e9s d\u2019ensenyament-aprenentatge i li permet desenvolupar l\u2019autonomia i el pensament cr\u00edtic: un proc\u00e9s emocional i emocionant pensat per a comprometre l\u2019alumne a trav\u00e9s d\u2019est\u00edmuls positius.<\/p>\n<p>Per a m\u00e9s informaci\u00f3 podeu consultar la p\u00e0gina web <a href=\"http:\/\/www.innovamat.es\/\">d\u2019innovamat<\/a>.<\/p>\n","protected":false},"excerpt":{"rendered":"<p>Aquest curs a l\u2019escola continuem treballant en el projecte INNOVAMAT. Enguany continuem creixent i participant en la proposta a educaci\u00f3 infantil i a prim\u00e0ria fins a 4t. &nbsp; Els mestres de l\u2019escola ens estem formant en aquesta nova forma de veure, viure i ensenyar les matem\u00e0tiques per adaptar-nos al canvi i mica en mica poder-ho [&hellip;]<\/p>\n","protected":false},"author":4,"featured_media":0,"parent":64,"menu_order":0,"comment_status":"closed","ping_status":"closed","template":"","meta":{"_bbp_topic_count":0,"_bbp_reply_count":0,"_bbp_total_topic_count":0,"_bbp_total_reply_count":0,"_bbp_voice_count":0,"_bbp_anonymous_reply_count":0,"_bbp_topic_count_hidden":0,"_bbp_reply_count_hidden":0,"_bbp_forum_subforum_count":0,"site-sidebar-layout":"default","site-content-layout":"","ast-site-content-layout":"","site-content-style":"default","site-sidebar-style":"default","ast-global-header-display":"","ast-banner-title-visibility":"","ast-main-header-display":"","ast-hfb-above-header-display":"","ast-hfb-below-header-display":"","ast-hfb-mobile-header-display":"","site-post-title":"","ast-breadcrumbs-content":"","ast-featured-img":"","footer-sml-layout":"","theme-transparent-header-meta":"","adv-header-id-meta":"","stick-header-meta":"","header-above-stick-meta":"","header-main-stick-meta":"","header-below-stick-meta":"","astra-migrate-meta-layouts":"default","ast-page-background-enabled":"default","ast-page-background-meta":{"desktop":{"background-color":"var(--ast-global-color-4)","background-image":"","background-repeat":"repeat","background-position":"center center","background-size":"auto","background-attachment":"scroll","background-type":"","background-media":"","overlay-type":"","overlay-color":"","overlay-opacity":"","overlay-gradient":""},"tablet":{"background-color":"","background-image":"","background-repeat":"repeat","background-position":"center center","background-size":"auto","background-attachment":"scroll","background-type":"","background-media":"","overlay-type":"","overlay-color":"","overlay-opacity":"","overlay-gradient":""},"mobile":{"background-color":"","background-image":"","background-repeat":"repeat","background-position":"center center","background-size":"auto","background-attachment":"scroll","background-type":"","background-media":"","overlay-type":"","overlay-color":"","overlay-opacity":"","overlay-gradient":""}},"ast-content-background-meta":{"desktop":{"background-color":"var(--ast-global-color-5)","background-image":"","background-repeat":"repeat","background-position":"center center","background-size":"auto","background-attachment":"scroll","background-type":"","background-media":"","overlay-type":"","overlay-color":"","overlay-opacity":"","overlay-gradient":""},"tablet":{"background-color":"var(--ast-global-color-5)","background-image":"","background-repeat":"repeat","background-position":"center center","background-size":"auto","background-attachment":"scroll","background-type":"","background-media":"","overlay-type":"","overlay-color":"","overlay-opacity":"","overlay-gradient":""},"mobile":{"background-color":"var(--ast-global-color-5)","background-image":"","background-repeat":"repeat","background-position":"center center","background-size":"auto","background-attachment":"scroll","background-type":"","background-media":"","overlay-type":"","overlay-color":"","overlay-opacity":"","overlay-gradient":""}},"footnotes":""},"class_list":["post-2382","page","type-page","status-publish","hentry"],"post_mailing_queue_ids":[],"_links":{"self":[{"href":"https:\/\/agora.xtec.cat\/escolapladelpuig\/wp-json\/wp\/v2\/pages\/2382","targetHints":{"allow":["GET"]}}],"collection":[{"href":"https:\/\/agora.xtec.cat\/escolapladelpuig\/wp-json\/wp\/v2\/pages"}],"about":[{"href":"https:\/\/agora.xtec.cat\/escolapladelpuig\/wp-json\/wp\/v2\/types\/page"}],"author":[{"embeddable":true,"href":"https:\/\/agora.xtec.cat\/escolapladelpuig\/wp-json\/wp\/v2\/users\/4"}],"replies":[{"embeddable":true,"href":"https:\/\/agora.xtec.cat\/escolapladelpuig\/wp-json\/wp\/v2\/comments?post=2382"}],"version-history":[{"count":3,"href":"https:\/\/agora.xtec.cat\/escolapladelpuig\/wp-json\/wp\/v2\/pages\/2382\/revisions"}],"predecessor-version":[{"id":3411,"href":"https:\/\/agora.xtec.cat\/escolapladelpuig\/wp-json\/wp\/v2\/pages\/2382\/revisions\/3411"}],"up":[{"embeddable":true,"href":"https:\/\/agora.xtec.cat\/escolapladelpuig\/wp-json\/wp\/v2\/pages\/64"}],"wp:attachment":[{"href":"https:\/\/agora.xtec.cat\/escolapladelpuig\/wp-json\/wp\/v2\/media?parent=2382"}],"curies":[{"name":"wp","href":"https:\/\/api.w.org\/{rel}","templated":true}]}}