{"id":2378,"date":"2019-11-25T17:59:57","date_gmt":"2019-11-25T16:59:57","guid":{"rendered":"http:\/\/agora.xtec.cat\/escolapladelpuig\/?page_id=2378"},"modified":"2024-07-18T10:26:42","modified_gmt":"2024-07-18T08:26:42","slug":"lescola-i-les-sortides-i-colonies","status":"publish","type":"page","link":"https:\/\/agora.xtec.cat\/escolapladelpuig\/lescola\/projecte-educatiu\/lescola-i-les-sortides-i-colonies\/","title":{"rendered":"Sortides i col\u00f2nies"},"content":{"rendered":"<p>Pel qu\u00e8 fa a les sortides escolars, es faran sortides a l&#8217;entorn m\u00e9s proper amb els grup estables i tamb\u00e9 altres sortides sempre que la situaci\u00f3 epidemiol\u00f2gica ho permeti.<\/p>\n<p>El nostres Projecte educatiu contempla&#8230;<\/p>\n<p>Les sortides i les col\u00f2nies escolars des de I3 s\u00f3n una eina important en el treball del coneixement del medi i de l\u2019entorn. Els alumnes d\u2019educaci\u00f3 infantil (I3, I4 i I5) passen una nit i dos dies de col\u00f2nies, i els alumnes de prim\u00e0ria \u00a0dues nits i tres dies. A educaci\u00f3 prim\u00e0ria s\u2019intentar\u00e0 la possibilitat d\u2019assistir a Camps d\u2019Aprenentatge.<\/p>\n<p>&nbsp;<\/p>\n<p>Les col\u00f2nies escolars formen part del nostre projecte d\u2019escola, com una activitat enriquidora i complement\u00e0ria del treball d\u2019aula. Malgrat considerar-la una activitat important dins el curr\u00edculum dels nostres alumnes, no podem oblidar, la no obligatorietat\u00a0 a assistir-hi, tant per part dels alumnes com dels mestres.<\/p>\n<p>&nbsp;<\/p>\n<p>Tenim contemplat que, al llarg de l\u2019escolaritat, tots els nostres alumnes realitzin col\u00f2nies escolars en llocs diferents, amb uns prop\u00f2sits curriculars diversos, per tal que quan marxin de l\u2019escola hagin pogut observar, treballar, interaccionar&#8230; en entorns el m\u00e9s diversificats possible i que aix\u00f2 els doni una visi\u00f3 general de la diversitat de paisatges, de cultures i de la hist\u00f2ria que hi ha en el nostre territori: comarques de mar, de muntanya, de plana, llocs interessants pel seu component hist\u00f2ric, per la seva ind\u00fastria, pel seu paisatge, etc.<\/p>\n","protected":false},"excerpt":{"rendered":"<p>Pel qu\u00e8 fa a les sortides escolars, es faran sortides a l&#8217;entorn m\u00e9s proper amb els grup estables i tamb\u00e9 altres sortides sempre que la situaci\u00f3 epidemiol\u00f2gica ho permeti. El nostres Projecte educatiu contempla&#8230; Les sortides i les col\u00f2nies escolars des de I3 s\u00f3n una eina important en el treball del coneixement del medi i [&hellip;]<\/p>\n","protected":false},"author":4,"featured_media":0,"parent":64,"menu_order":0,"comment_status":"closed","ping_status":"closed","template":"page-templates\/side-menu.php","meta":{"_bbp_topic_count":0,"_bbp_reply_count":0,"_bbp_total_topic_count":0,"_bbp_total_reply_count":0,"_bbp_voice_count":0,"_bbp_anonymous_reply_count":0,"_bbp_topic_count_hidden":0,"_bbp_reply_count_hidden":0,"_bbp_forum_subforum_count":0,"site-sidebar-layout":"default","site-content-layout":"","ast-site-content-layout":"","site-content-style":"default","site-sidebar-style":"default","ast-global-header-display":"","ast-banner-title-visibility":"","ast-main-header-display":"","ast-hfb-above-header-display":"","ast-hfb-below-header-display":"","ast-hfb-mobile-header-display":"","site-post-title":"","ast-breadcrumbs-content":"","ast-featured-img":"","footer-sml-layout":"","theme-transparent-header-meta":"","adv-header-id-meta":"","stick-header-meta":"","header-above-stick-meta":"","header-main-stick-meta":"","header-below-stick-meta":"","astra-migrate-meta-layouts":"default","ast-page-background-enabled":"default","ast-page-background-meta":{"desktop":{"background-color":"var(--ast-global-color-4)","background-image":"","background-repeat":"repeat","background-position":"center center","background-size":"auto","background-attachment":"scroll","background-type":"","background-media":"","overlay-type":"","overlay-color":"","overlay-opacity":"","overlay-gradient":""},"tablet":{"background-color":"","background-image":"","background-repeat":"repeat","background-position":"center center","background-size":"auto","background-attachment":"scroll","background-type":"","background-media":"","overlay-type":"","overlay-color":"","overlay-opacity":"","overlay-gradient":""},"mobile":{"background-color":"","background-image":"","background-repeat":"repeat","background-position":"center center","background-size":"auto","background-attachment":"scroll","background-type":"","background-media":"","overlay-type":"","overlay-color":"","overlay-opacity":"","overlay-gradient":""}},"ast-content-background-meta":{"desktop":{"background-color":"var(--ast-global-color-5)","background-image":"","background-repeat":"repeat","background-position":"center center","background-size":"auto","background-attachment":"scroll","background-type":"","background-media":"","overlay-type":"","overlay-color":"","overlay-opacity":"","overlay-gradient":""},"tablet":{"background-color":"var(--ast-global-color-5)","background-image":"","background-repeat":"repeat","background-position":"center center","background-size":"auto","background-attachment":"scroll","background-type":"","background-media":"","overlay-type":"","overlay-color":"","overlay-opacity":"","overlay-gradient":""},"mobile":{"background-color":"var(--ast-global-color-5)","background-image":"","background-repeat":"repeat","background-position":"center center","background-size":"auto","background-attachment":"scroll","background-type":"","background-media":"","overlay-type":"","overlay-color":"","overlay-opacity":"","overlay-gradient":""}},"footnotes":""},"class_list":["post-2378","page","type-page","status-publish","hentry"],"post_mailing_queue_ids":[],"_links":{"self":[{"href":"https:\/\/agora.xtec.cat\/escolapladelpuig\/wp-json\/wp\/v2\/pages\/2378","targetHints":{"allow":["GET"]}}],"collection":[{"href":"https:\/\/agora.xtec.cat\/escolapladelpuig\/wp-json\/wp\/v2\/pages"}],"about":[{"href":"https:\/\/agora.xtec.cat\/escolapladelpuig\/wp-json\/wp\/v2\/types\/page"}],"author":[{"embeddable":true,"href":"https:\/\/agora.xtec.cat\/escolapladelpuig\/wp-json\/wp\/v2\/users\/4"}],"replies":[{"embeddable":true,"href":"https:\/\/agora.xtec.cat\/escolapladelpuig\/wp-json\/wp\/v2\/comments?post=2378"}],"version-history":[{"count":4,"href":"https:\/\/agora.xtec.cat\/escolapladelpuig\/wp-json\/wp\/v2\/pages\/2378\/revisions"}],"predecessor-version":[{"id":4766,"href":"https:\/\/agora.xtec.cat\/escolapladelpuig\/wp-json\/wp\/v2\/pages\/2378\/revisions\/4766"}],"up":[{"embeddable":true,"href":"https:\/\/agora.xtec.cat\/escolapladelpuig\/wp-json\/wp\/v2\/pages\/64"}],"wp:attachment":[{"href":"https:\/\/agora.xtec.cat\/escolapladelpuig\/wp-json\/wp\/v2\/media?parent=2378"}],"curies":[{"name":"wp","href":"https:\/\/api.w.org\/{rel}","templated":true}]}}