{"id":2376,"date":"2019-11-25T17:56:51","date_gmt":"2019-11-25T16:56:51","guid":{"rendered":"http:\/\/agora.xtec.cat\/escolapladelpuig\/?page_id=2376"},"modified":"2026-01-23T15:03:57","modified_gmt":"2026-01-23T14:03:57","slug":"lescola-i-lensenyament-de-la-historia","status":"publish","type":"page","link":"https:\/\/agora.xtec.cat\/escolapladelpuig\/lescola\/projecte-educatiu\/lescola-i-lensenyament-de-la-historia\/","title":{"rendered":"L&#8217;escola i l&#8217;ensenyament de la hist\u00f2ria"},"content":{"rendered":"<p>Una escola arrelada i compromesa amb el pa\u00eds i amb el m\u00f3n passa per treballar de manera sistem\u00e0tica, i des de les primeres edats, l\u2019entorn proper i el lluny\u00e0. A l\u2019escola treballem temes d\u2019hist\u00f2ria des de l\u2019educaci\u00f3 infantil i durant tota la prim\u00e0ria\u00a0 a partir de realitats significatives per als infants.<\/p>\n<p>El 2009 ens van aprovar el Projecte d\u2019Innovaci\u00f3 Educativa, <strong><em>La hist\u00f2ria: el pas del temps, el paisatge i les persones. Una oportunitat d\u2019aprendre junts. <\/em><\/strong>Treballar la hist\u00f2ria exigeix reinventar cont\u00ednuament el passat i aquest \u00e9s un exercici que estimula poderosament el saber, la imaginaci\u00f3 i la creativitat de les persones.<\/p>\n<p>Treballar la hist\u00f2ria exigeix reinventar cont\u00ednuament el passat i aquest \u00e9s un exercici que estimula poderosament el saber, la imaginaci\u00f3 i la creativitat de les persones.<\/p>\n<p>Cada curs escolar s\u2019escull un tema com\u00fa per a treballar.<\/p>\n<p><strong>Curs 2007\/08 \u2013<\/strong> Viure en temps dels castells<\/p>\n<p><strong>Curs 2008\/09 \u2013<\/strong> Pirates del Pla del Puig<\/p>\n<p><strong>Curs 2009\/10 \u2013<\/strong> Festa Major al Mas del Pla del Puig<\/p>\n<p><strong>Curs 2010\/11-<\/strong> En temps de la prehist\u00f2ria al Pla del Puig<\/p>\n<p><strong>Curs 2011\/12 \u2013<\/strong> Festa de l\u2019aigua al Pla del Puig<\/p>\n<p><strong>Curs 2012\/13 \u2013<\/strong> Passeig per l\u2019antiga Roma al Pla del Puig<\/p>\n<p><strong>Curs 2013\/14 &#8211;<\/strong> Bandolers al Pla del Puig<\/p>\n<p><strong>Curs 2014\/15 \u2013<\/strong> El Pla del Puig viatja a l\u2019antiga Gr\u00e8cia<\/p>\n<p><strong>Curs 2015\/16 &#8211;<\/strong> El Pla del Puig viatja a l\u2019antic Egipte<\/p>\n<p><strong>Curs 2016\/17-<\/strong> La revoluci\u00f3 industrial<\/p>\n<p><strong>Curs 2017\/18 &#8211;<\/strong> 10 anys navegant per la hist\u00f2ria<\/p>\n<p><strong>Curs 2018\/19 &#8211;<\/strong> En temps de castells<\/p>\n<p><strong>Curs 2019\/20 &#8211;<\/strong> La prehist\u00f2ria<\/p>\n<p><strong>Curs 2020\/21 &#8211;<\/strong> Els Nadius Americans<\/p>\n<p><strong>Curs 2021\/22<\/strong>&#8211; Pugem al tren! La hist\u00f2ria a trav\u00e9s del ferrocarril<\/p>\n<p><strong>Curs 2022\/23<\/strong> &#8211; Seguint la petjada de les bruixes, aquelles dones s\u00e0vies<\/p>\n<p><strong>Curs 2023\/24<\/strong> &#8211; <span style=\"font-weight: 400;\">Fem una partida? Descobrim a qu\u00e8 jugaven els nostres avantpassats<\/span><\/p>\n<p><strong>Curs 2024\/25<\/strong> &#8211; Vikings: navegants sense por<\/p>\n<p><strong>Curs 2025\/26<\/strong>&#8211; El poder d&#8217;una idea: invents que han fet hist\u00f2ria<\/p>\n","protected":false},"excerpt":{"rendered":"<p>Una escola arrelada i compromesa amb el pa\u00eds i amb el m\u00f3n passa per treballar de manera sistem\u00e0tica, i des de les primeres edats, l\u2019entorn proper i el lluny\u00e0. A l\u2019escola treballem temes d\u2019hist\u00f2ria des de l\u2019educaci\u00f3 infantil i durant tota la prim\u00e0ria\u00a0 a partir de realitats significatives per als infants. El 2009 ens van [&hellip;]<\/p>\n","protected":false},"author":4,"featured_media":0,"parent":64,"menu_order":0,"comment_status":"closed","ping_status":"closed","template":"","meta":{"_bbp_topic_count":0,"_bbp_reply_count":0,"_bbp_total_topic_count":0,"_bbp_total_reply_count":0,"_bbp_voice_count":0,"_bbp_anonymous_reply_count":0,"_bbp_topic_count_hidden":0,"_bbp_reply_count_hidden":0,"_bbp_forum_subforum_count":0,"site-sidebar-layout":"default","site-content-layout":"","ast-site-content-layout":"default","site-content-style":"default","site-sidebar-style":"default","ast-global-header-display":"","ast-banner-title-visibility":"","ast-main-header-display":"","ast-hfb-above-header-display":"","ast-hfb-below-header-display":"","ast-hfb-mobile-header-display":"","site-post-title":"","ast-breadcrumbs-content":"","ast-featured-img":"","footer-sml-layout":"","theme-transparent-header-meta":"","adv-header-id-meta":"","stick-header-meta":"","header-above-stick-meta":"","header-main-stick-meta":"","header-below-stick-meta":"","astra-migrate-meta-layouts":"set","ast-page-background-enabled":"default","ast-page-background-meta":{"desktop":{"background-color":"var(--ast-global-color-4)","background-image":"","background-repeat":"repeat","background-position":"center center","background-size":"auto","background-attachment":"scroll","background-type":"","background-media":"","overlay-type":"","overlay-color":"","overlay-opacity":"","overlay-gradient":""},"tablet":{"background-color":"","background-image":"","background-repeat":"repeat","background-position":"center center","background-size":"auto","background-attachment":"scroll","background-type":"","background-media":"","overlay-type":"","overlay-color":"","overlay-opacity":"","overlay-gradient":""},"mobile":{"background-color":"","background-image":"","background-repeat":"repeat","background-position":"center center","background-size":"auto","background-attachment":"scroll","background-type":"","background-media":"","overlay-type":"","overlay-color":"","overlay-opacity":"","overlay-gradient":""}},"ast-content-background-meta":{"desktop":{"background-color":"var(--ast-global-color-5)","background-image":"","background-repeat":"repeat","background-position":"center center","background-size":"auto","background-attachment":"scroll","background-type":"","background-media":"","overlay-type":"","overlay-color":"","overlay-opacity":"","overlay-gradient":""},"tablet":{"background-color":"var(--ast-global-color-5)","background-image":"","background-repeat":"repeat","background-position":"center center","background-size":"auto","background-attachment":"scroll","background-type":"","background-media":"","overlay-type":"","overlay-color":"","overlay-opacity":"","overlay-gradient":""},"mobile":{"background-color":"var(--ast-global-color-5)","background-image":"","background-repeat":"repeat","background-position":"center center","background-size":"auto","background-attachment":"scroll","background-type":"","background-media":"","overlay-type":"","overlay-color":"","overlay-opacity":"","overlay-gradient":""}},"footnotes":""},"class_list":["post-2376","page","type-page","status-publish","hentry"],"post_mailing_queue_ids":[],"_links":{"self":[{"href":"https:\/\/agora.xtec.cat\/escolapladelpuig\/wp-json\/wp\/v2\/pages\/2376","targetHints":{"allow":["GET"]}}],"collection":[{"href":"https:\/\/agora.xtec.cat\/escolapladelpuig\/wp-json\/wp\/v2\/pages"}],"about":[{"href":"https:\/\/agora.xtec.cat\/escolapladelpuig\/wp-json\/wp\/v2\/types\/page"}],"author":[{"embeddable":true,"href":"https:\/\/agora.xtec.cat\/escolapladelpuig\/wp-json\/wp\/v2\/users\/4"}],"replies":[{"embeddable":true,"href":"https:\/\/agora.xtec.cat\/escolapladelpuig\/wp-json\/wp\/v2\/comments?post=2376"}],"version-history":[{"count":5,"href":"https:\/\/agora.xtec.cat\/escolapladelpuig\/wp-json\/wp\/v2\/pages\/2376\/revisions"}],"predecessor-version":[{"id":5864,"href":"https:\/\/agora.xtec.cat\/escolapladelpuig\/wp-json\/wp\/v2\/pages\/2376\/revisions\/5864"}],"up":[{"embeddable":true,"href":"https:\/\/agora.xtec.cat\/escolapladelpuig\/wp-json\/wp\/v2\/pages\/64"}],"wp:attachment":[{"href":"https:\/\/agora.xtec.cat\/escolapladelpuig\/wp-json\/wp\/v2\/media?parent=2376"}],"curies":[{"name":"wp","href":"https:\/\/api.w.org\/{rel}","templated":true}]}}