{"id":902,"date":"2017-08-28T17:08:20","date_gmt":"2017-08-28T15:08:20","guid":{"rendered":"http:\/\/agora.xtec.cat\/escolapladelametller\/?page_id=902"},"modified":"2020-01-12T20:45:21","modified_gmt":"2020-01-12T19:45:21","slug":"padrins-de-lectura-ci-i-cs","status":"publish","type":"page","link":"https:\/\/agora.xtec.cat\/escolapladelametller\/projectes-descola\/padrins-de-lectura-ci-i-cs\/","title":{"rendered":"Padrins de lectura CI i CS"},"content":{"rendered":"<p>Aquest projecte est\u00e0 dins del nostre Pla Lector de Centre. Consisteix en que els alumnes de 5\u00e8 ajuden als alumnes de 1r a llegir un mat\u00ed a la setmana, de 9 a 9:30. Tamb\u00e9 es fan altres activitats conjuntes al llarg del curs. <\/p>\n<p><a href=\"https:\/\/agora.xtec.cat\/escolapladelametller\/portada\/padrins-de-lectura-1r-i-5e\/\" rel=\"noopener noreferrer\" target=\"_blank\">PADRINS DE LECTURA CURS 18-19<\/a><\/p>\n<p><a href=\"https:\/\/agora.xtec.cat\/escolapladelametller\/general\/padrins-i-fillols-de-lectura-1r-i-5e\/\" rel=\"noopener noreferrer\" target=\"_blank\">PADRINS I FILLOLS DE LECTURA CURS 19-20<\/a><\/p>\n","protected":false},"excerpt":{"rendered":"<p>Aquest projecte est\u00e0 dins del nostre Pla Lector de Centre. Consisteix en que els alumnes de 5\u00e8 ajuden als alumnes de 1r a llegir un mat\u00ed a la setmana, de 9 a 9:30. Tamb\u00e9 es fan altres activitats conjuntes al llarg del curs. PADRINS DE LECTURA CURS 18-19 PADRINS I FILLOLS DE LECTURA CURS 19-20<\/p>\n","protected":false},"author":10,"featured_media":0,"parent":512,"menu_order":2,"comment_status":"closed","ping_status":"closed","template":"page-templates\/side-menu.php","meta":{"_bbp_topic_count":0,"_bbp_reply_count":0,"_bbp_total_topic_count":0,"_bbp_total_reply_count":0,"_bbp_voice_count":0,"_bbp_anonymous_reply_count":0,"_bbp_topic_count_hidden":0,"_bbp_reply_count_hidden":0,"_bbp_forum_subforum_count":0,"site-sidebar-layout":"default","site-content-layout":"","ast-site-content-layout":"","site-content-style":"default","site-sidebar-style":"default","ast-global-header-display":"","ast-banner-title-visibility":"","ast-main-header-display":"","ast-hfb-above-header-display":"","ast-hfb-below-header-display":"","ast-hfb-mobile-header-display":"","site-post-title":"","ast-breadcrumbs-content":"","ast-featured-img":"","footer-sml-layout":"","theme-transparent-header-meta":"","adv-header-id-meta":"","stick-header-meta":"","header-above-stick-meta":"","header-main-stick-meta":"","header-below-stick-meta":"","astra-migrate-meta-layouts":"default","ast-page-background-enabled":"default","ast-page-background-meta":{"desktop":{"background-color":"var(--ast-global-color-4)","background-image":"","background-repeat":"repeat","background-position":"center center","background-size":"auto","background-attachment":"scroll","background-type":"","background-media":"","overlay-type":"","overlay-color":"","overlay-opacity":"","overlay-gradient":""},"tablet":{"background-color":"","background-image":"","background-repeat":"repeat","background-position":"center center","background-size":"auto","background-attachment":"scroll","background-type":"","background-media":"","overlay-type":"","overlay-color":"","overlay-opacity":"","overlay-gradient":""},"mobile":{"background-color":"","background-image":"","background-repeat":"repeat","background-position":"center center","background-size":"auto","background-attachment":"scroll","background-type":"","background-media":"","overlay-type":"","overlay-color":"","overlay-opacity":"","overlay-gradient":""}},"ast-content-background-meta":{"desktop":{"background-color":"var(--ast-global-color-5)","background-image":"","background-repeat":"repeat","background-position":"center center","background-size":"auto","background-attachment":"scroll","background-type":"","background-media":"","overlay-type":"","overlay-color":"","overlay-opacity":"","overlay-gradient":""},"tablet":{"background-color":"var(--ast-global-color-5)","background-image":"","background-repeat":"repeat","background-position":"center center","background-size":"auto","background-attachment":"scroll","background-type":"","background-media":"","overlay-type":"","overlay-color":"","overlay-opacity":"","overlay-gradient":""},"mobile":{"background-color":"var(--ast-global-color-5)","background-image":"","background-repeat":"repeat","background-position":"center center","background-size":"auto","background-attachment":"scroll","background-type":"","background-media":"","overlay-type":"","overlay-color":"","overlay-opacity":"","overlay-gradient":""}},"footnotes":""},"class_list":["post-902","page","type-page","status-publish","hentry"],"post_mailing_queue_ids":[],"_links":{"self":[{"href":"https:\/\/agora.xtec.cat\/escolapladelametller\/wp-json\/wp\/v2\/pages\/902","targetHints":{"allow":["GET"]}}],"collection":[{"href":"https:\/\/agora.xtec.cat\/escolapladelametller\/wp-json\/wp\/v2\/pages"}],"about":[{"href":"https:\/\/agora.xtec.cat\/escolapladelametller\/wp-json\/wp\/v2\/types\/page"}],"author":[{"embeddable":true,"href":"https:\/\/agora.xtec.cat\/escolapladelametller\/wp-json\/wp\/v2\/users\/10"}],"replies":[{"embeddable":true,"href":"https:\/\/agora.xtec.cat\/escolapladelametller\/wp-json\/wp\/v2\/comments?post=902"}],"version-history":[{"count":3,"href":"https:\/\/agora.xtec.cat\/escolapladelametller\/wp-json\/wp\/v2\/pages\/902\/revisions"}],"predecessor-version":[{"id":4521,"href":"https:\/\/agora.xtec.cat\/escolapladelametller\/wp-json\/wp\/v2\/pages\/902\/revisions\/4521"}],"up":[{"embeddable":true,"href":"https:\/\/agora.xtec.cat\/escolapladelametller\/wp-json\/wp\/v2\/pages\/512"}],"wp:attachment":[{"href":"https:\/\/agora.xtec.cat\/escolapladelametller\/wp-json\/wp\/v2\/media?parent=902"}],"curies":[{"name":"wp","href":"https:\/\/api.w.org\/{rel}","templated":true}]}}