{"id":8852,"date":"2025-09-04T15:35:11","date_gmt":"2025-09-04T13:35:11","guid":{"rendered":"https:\/\/agora.xtec.cat\/escolapladelametller\/?page_id=8852"},"modified":"2026-02-23T13:16:16","modified_gmt":"2026-02-23T12:16:16","slug":"cicle-superior","status":"publish","type":"page","link":"https:\/\/agora.xtec.cat\/escolapladelametller\/cicle-superior\/","title":{"rendered":"CICLE SUPERIOR"},"content":{"rendered":"\n<p><strong>COM TREBALLEM<\/strong><\/p>\n\n\n\n<p>A cicle superior aprenem fent i reflexionant amb il\u00b7lusi\u00f3 i motivaci\u00f3. Cada infant \u00e9s el protagonista del seu aprenentatge, \u00e9s per aix\u00f2 que procurem acompanyar-lo i guiar-lo per tal que desenvolupi al m\u00e0xim les seves potencialitats. Afavorim un entorn de treball on se sentin segurs, acollits i amb expectatives d&#8217;aprenentatge.<\/p>\n\n\n\n<p>Organitzem el treball educatiu a partir de la triplicaci\u00f3 dels grups classe, amb l\u2019objectiu principal de reduir les r\u00e0tios, millorar la qualitat de l\u2019atenci\u00f3 educativa i donar una resposta m\u00e9s ajustada a la diversitat de l\u2019alumnat.<\/p>\n\n\n\n<p>Els mestres imparteixen dues \u00e0rees als tres grups del mateix curs, fet que afavoreix la coher\u00e8ncia pedag\u00f2gica, el seguiment de l\u2019alumnat i la preparaci\u00f3 progressiva pel pas a l\u2019institut, acostumant els infants a tenir diferents docents de refer\u00e8ncia.<\/p>\n\n\n\n<p>El treball en grups redu\u00efts facilita l\u2019aplicaci\u00f3 de metodologies actives i inclusives i una avaluaci\u00f3 formativa i cont\u00ednua, amb retorn ajustat a les necessitats de cada alumne.<\/p>\n\n\n\n<div class=\"wp-block-columns is-layout-flex wp-container-core-columns-is-layout-1 wp-block-columns-is-layout-flex\">\n<div class=\"wp-block-column is-layout-flow wp-block-column-is-layout-flow\">\n<p class=\"has-medium-font-size\"><strong>Les lleng\u00fces<\/strong><\/p>\n\n\n\n<p class=\"has-medium-font-size\">A cicle superior aprenem les lleng\u00fces de manera integrada, a trav\u00e9s d&#8217;expressions i comprensions (orals i escrites) de catal\u00e0, castell\u00e0 i angl\u00e8s. Potenciant aix\u00ed la compet\u00e8ncia comunicativa i l\u2019\u00fas funcional de les lleng\u00fces en contextos significatius.<\/p>\n\n\n\n<figure class=\"wp-block-image size-large is-resized\"><a href=\"https:\/\/agora.xtec.cat\/escolapladelametller\/wp-content\/uploads\/usu1463\/2026\/02\/catala.jpg\"><img loading=\"lazy\" decoding=\"async\" width=\"807\" height=\"1024\" src=\"https:\/\/agora.xtec.cat\/escolapladelametller\/wp-content\/uploads\/usu1463\/2026\/02\/catala-807x1024.jpg\" alt=\"\" class=\"wp-image-9323\" style=\"width:334px;height:auto\" srcset=\"https:\/\/agora.xtec.cat\/escolapladelametller\/wp-content\/uploads\/usu1463\/2026\/02\/catala-807x1024.jpg 807w, https:\/\/agora.xtec.cat\/escolapladelametller\/wp-content\/uploads\/usu1463\/2026\/02\/catala-237x300.jpg 237w, https:\/\/agora.xtec.cat\/escolapladelametller\/wp-content\/uploads\/usu1463\/2026\/02\/catala-768x974.jpg 768w, https:\/\/agora.xtec.cat\/escolapladelametller\/wp-content\/uploads\/usu1463\/2026\/02\/catala.jpg 1170w\" sizes=\"auto, (max-width: 807px) 100vw, 807px\" \/><\/a><\/figure>\n<\/div>\n\n\n\n<div class=\"wp-block-column is-layout-flow wp-block-column-is-layout-flow\">\n<h2 class=\"wp-block-heading has-medium-font-size\">Les matem\u00e0tiques<\/h2>\n\n\n\n<p class=\"has-medium-font-size\">Pel que fa a les matem\u00e0tiques aprofundim en la seva comprensi\u00f3 i el raonament l\u00f2gic, de forma m\u00e9s estructurada que als cicles inferiors, combinant el treball sistem\u00e0tic amb materials manipulatius que facililten un aprenentatge significatiu, procurant adaptar els continguts a les necessitats de tot l&#8217;alumnat. <\/p>\n\n\n\n<p class=\"has-medium-font-size\">S&#8217;utilitza el llibre de text com a eina principal per garantir una progressi\u00f3 adequada i facilitar la transici\u00f3 cap a l\u2019institut.<\/p>\n\n\n\n<figure class=\"wp-block-image aligncenter size-large is-resized\"><a href=\"https:\/\/agora.xtec.cat\/escolapladelametller\/wp-content\/uploads\/usu1463\/2026\/02\/mates-rotated.jpg\"><img loading=\"lazy\" decoding=\"async\" width=\"1024\" height=\"780\" src=\"https:\/\/agora.xtec.cat\/escolapladelametller\/wp-content\/uploads\/usu1463\/2026\/02\/mates-1024x780.jpg\" alt=\"\" class=\"wp-image-9327\" style=\"width:416px;height:auto\" srcset=\"https:\/\/agora.xtec.cat\/escolapladelametller\/wp-content\/uploads\/usu1463\/2026\/02\/mates-1024x780.jpg 1024w, https:\/\/agora.xtec.cat\/escolapladelametller\/wp-content\/uploads\/usu1463\/2026\/02\/mates-300x229.jpg 300w, https:\/\/agora.xtec.cat\/escolapladelametller\/wp-content\/uploads\/usu1463\/2026\/02\/mates-768x585.jpg 768w, https:\/\/agora.xtec.cat\/escolapladelametller\/wp-content\/uploads\/usu1463\/2026\/02\/mates-rotated.jpg 1504w\" sizes=\"auto, (max-width: 1024px) 100vw, 1024px\" \/><\/a><\/figure>\n<\/div>\n<\/div>\n\n\n\n<div class=\"wp-block-columns is-layout-flex wp-container-core-columns-is-layout-2 wp-block-columns-is-layout-flex\">\n<div class=\"wp-block-column is-layout-flow wp-block-column-is-layout-flow\">\n<p class=\"has-text-align-center has-medium-font-size\"><strong>Les sortides i el medi<\/strong><\/p>\n\n\n\n<p class=\"has-medium-font-size\">L&#8217;estudi del medi natural i social l\u2019entenem com a una eina per entendre el m\u00f3n que ens envolta i desenvolupar un pensament cr\u00edtic i reflexiu.  <\/p>\n\n\n\n<p class=\"has-medium-font-size\">Relacionem molts continguts amb les sortides a l\u2019entorn proper, tant natural com urb\u00e0, que s\u00f3n una font d\u2019aprenentatge molt important per analitzar el paisatge, la hist\u00f2ria, l\u2019organitzaci\u00f3 social i els canvis al llarg del temps.  Tamb\u00e9 promovem un aprenentatge actiu tot afavorint el respecte pel medi ambient i el comprom\u00eds social.<\/p>\n\n\n\n<figure class=\"wp-block-image aligncenter size-large is-resized\"><a href=\"https:\/\/agora.xtec.cat\/escolapladelametller\/wp-content\/uploads\/usu1463\/2026\/02\/SORTIDES-PEL-NOSTRE-ENTORN-1.jpg\"><img loading=\"lazy\" decoding=\"async\" width=\"768\" height=\"1024\" src=\"https:\/\/agora.xtec.cat\/escolapladelametller\/wp-content\/uploads\/usu1463\/2026\/02\/SORTIDES-PEL-NOSTRE-ENTORN-1-768x1024.jpg\" alt=\"\" class=\"wp-image-9277\" style=\"width:257px;height:auto\" srcset=\"https:\/\/agora.xtec.cat\/escolapladelametller\/wp-content\/uploads\/usu1463\/2026\/02\/SORTIDES-PEL-NOSTRE-ENTORN-1-768x1024.jpg 768w, https:\/\/agora.xtec.cat\/escolapladelametller\/wp-content\/uploads\/usu1463\/2026\/02\/SORTIDES-PEL-NOSTRE-ENTORN-1-225x300.jpg 225w, https:\/\/agora.xtec.cat\/escolapladelametller\/wp-content\/uploads\/usu1463\/2026\/02\/SORTIDES-PEL-NOSTRE-ENTORN-1-1152x1536.jpg 1152w, https:\/\/agora.xtec.cat\/escolapladelametller\/wp-content\/uploads\/usu1463\/2026\/02\/SORTIDES-PEL-NOSTRE-ENTORN-1.jpg 1200w\" sizes=\"auto, (max-width: 768px) 100vw, 768px\" \/><\/a><\/figure>\n<\/div>\n\n\n\n<div class=\"wp-block-column is-layout-flow wp-block-column-is-layout-flow\">\n<h2 class=\"wp-block-heading has-text-align-center has-medium-font-size\">Altres aprenentatges<\/h2>\n\n\n\n<p class=\"has-medium-font-size\">La m\u00fasica, l&#8217;educaci\u00f3 f\u00edsica, la pl\u00e0stica i la multim\u00e8dia tamb\u00e9 formen part dels aprenentatges del nostre dia a dia. <\/p>\n\n\n\n<p class=\"has-medium-font-size\">Es planteja des d&#8217;una mirada transversal, de manera que els aprenentatges connecten amb les diferents \u00e0rees del curr\u00edculum afavorint un aprenentatge global. <\/p>\n\n\n\n<p class=\"has-medium-font-size\">\u00a0Posant a l\u2019infant al centre, oferint propostes variades, manipulatives i vivencials que afavoreixen un aprenentatge significatiu.<\/p>\n\n\n\n<figure class=\"wp-block-image aligncenter size-large is-resized\"><a href=\"https:\/\/agora.xtec.cat\/escolapladelametller\/wp-content\/uploads\/usu1463\/2026\/02\/castella-1.jpg\"><img loading=\"lazy\" decoding=\"async\" width=\"1024\" height=\"878\" src=\"https:\/\/agora.xtec.cat\/escolapladelametller\/wp-content\/uploads\/usu1463\/2026\/02\/castella-1-1024x878.jpg\" alt=\"\" class=\"wp-image-9325\" style=\"width:401px;height:auto\" srcset=\"https:\/\/agora.xtec.cat\/escolapladelametller\/wp-content\/uploads\/usu1463\/2026\/02\/castella-1-1024x878.jpg 1024w, https:\/\/agora.xtec.cat\/escolapladelametller\/wp-content\/uploads\/usu1463\/2026\/02\/castella-1-300x257.jpg 300w, https:\/\/agora.xtec.cat\/escolapladelametller\/wp-content\/uploads\/usu1463\/2026\/02\/castella-1-768x658.jpg 768w, https:\/\/agora.xtec.cat\/escolapladelametller\/wp-content\/uploads\/usu1463\/2026\/02\/castella-1.jpg 1365w\" sizes=\"auto, (max-width: 1024px) 100vw, 1024px\" \/><\/a><\/figure>\n<\/div>\n<\/div>\n\n\n\n<p class=\"has-medium-font-size\"><\/p>\n\n\n\n<div class=\"wp-block-getwid-images-slider has-arrows-inside has-dots-inside is-carousel has-slides-gap-small has-images-center has-fitted-images\"><div class=\"wp-block-getwid-images-slider__wrapper\" data-effect=\"slide\" data-slides-show=\"2\" data-slides-show-laptop=\"3\" data-slides-show-tablet=\"2\" data-slides-show-mobile=\"1\" data-slides-scroll=\"1\" data-autoplay=\"false\" data-pause-hover=\"false\" data-autoplay-speed=\"6000\" data-infinite=\"true\" data-animation-speed=\"800\" data-center-mode=\"false\" data-variable-width=\"false\" data-arrows=\"inside\" data-dots=\"inside\" data-spacing=\"small\"><div class=\"wp-block-getwid-images-slider__item\"><figure><img loading=\"lazy\" decoding=\"async\" width=\"1460\" height=\"1170\" src=\"https:\/\/agora.xtec.cat\/escolapladelametller\/wp-content\/uploads\/usu1463\/2026\/02\/padrins-rotated.jpg\" data-id=\"9330\" data-link=\"https:\/\/agora.xtec.cat\/escolapladelametller\/cicle-superior\/attachment\/padrins\/\" data-original-link=\"https:\/\/agora.xtec.cat\/escolapladelametller\/wp-content\/uploads\/usu1463\/2026\/02\/padrins-rotated.jpg\" class=\"wp-block-getwid-images-slider__image wp-image-9330\" srcset=\"https:\/\/agora.xtec.cat\/escolapladelametller\/wp-content\/uploads\/usu1463\/2026\/02\/padrins-rotated.jpg 1460w, https:\/\/agora.xtec.cat\/escolapladelametller\/wp-content\/uploads\/usu1463\/2026\/02\/padrins-300x240.jpg 300w, https:\/\/agora.xtec.cat\/escolapladelametller\/wp-content\/uploads\/usu1463\/2026\/02\/padrins-1024x821.jpg 1024w, https:\/\/agora.xtec.cat\/escolapladelametller\/wp-content\/uploads\/usu1463\/2026\/02\/padrins-768x615.jpg 768w\" sizes=\"auto, (max-width: 1460px) 100vw, 1460px\" \/><\/figure><\/div><div class=\"wp-block-getwid-images-slider__item\"><figure><img loading=\"lazy\" decoding=\"async\" width=\"1179\" height=\"881\" src=\"https:\/\/agora.xtec.cat\/escolapladelametller\/wp-content\/uploads\/usu1463\/2026\/02\/PLASTICA.jpg\" data-id=\"9275\" data-link=\"https:\/\/agora.xtec.cat\/escolapladelametller\/cicle-superior\/attachment\/plastica\/\" data-original-link=\"https:\/\/agora.xtec.cat\/escolapladelametller\/wp-content\/uploads\/usu1463\/2026\/02\/PLASTICA.jpg\" class=\"wp-block-getwid-images-slider__image wp-image-9275\" srcset=\"https:\/\/agora.xtec.cat\/escolapladelametller\/wp-content\/uploads\/usu1463\/2026\/02\/PLASTICA.jpg 1179w, https:\/\/agora.xtec.cat\/escolapladelametller\/wp-content\/uploads\/usu1463\/2026\/02\/PLASTICA-300x224.jpg 300w, https:\/\/agora.xtec.cat\/escolapladelametller\/wp-content\/uploads\/usu1463\/2026\/02\/PLASTICA-1024x765.jpg 1024w, https:\/\/agora.xtec.cat\/escolapladelametller\/wp-content\/uploads\/usu1463\/2026\/02\/PLASTICA-768x574.jpg 768w\" sizes=\"auto, (max-width: 1179px) 100vw, 1179px\" \/><\/figure><\/div><div class=\"wp-block-getwid-images-slider__item\"><figure><img loading=\"lazy\" decoding=\"async\" width=\"1024\" height=\"768\" src=\"https:\/\/agora.xtec.cat\/escolapladelametller\/wp-content\/uploads\/usu1463\/2023\/05\/1684832980539.jpg\" data-id=\"7531\" data-link=\"https:\/\/agora.xtec.cat\/escolapladelametller\/general\/6e-cantania\/attachment\/1684832980539\/\" data-original-link=\"https:\/\/agora.xtec.cat\/escolapladelametller\/wp-content\/uploads\/usu1463\/2023\/05\/1684832980539.jpg\" class=\"wp-block-getwid-images-slider__image wp-image-7531\" srcset=\"https:\/\/agora.xtec.cat\/escolapladelametller\/wp-content\/uploads\/usu1463\/2023\/05\/1684832980539.jpg 1024w, https:\/\/agora.xtec.cat\/escolapladelametller\/wp-content\/uploads\/usu1463\/2023\/05\/1684832980539-300x225.jpg 300w, https:\/\/agora.xtec.cat\/escolapladelametller\/wp-content\/uploads\/usu1463\/2023\/05\/1684832980539-768x576.jpg 768w, https:\/\/agora.xtec.cat\/escolapladelametller\/wp-content\/uploads\/usu1463\/2023\/05\/1684832980539-200x150.jpg 200w\" sizes=\"auto, (max-width: 1024px) 100vw, 1024px\" \/><\/figure><\/div><div class=\"wp-block-getwid-images-slider__item\"><figure><img loading=\"lazy\" decoding=\"async\" width=\"768\" height=\"1024\" src=\"https:\/\/agora.xtec.cat\/escolapladelametller\/wp-content\/uploads\/usu1463\/2024\/06\/IMG_20240606_100205-768x1024-1.jpg\" data-id=\"8338\" data-link=\"https:\/\/agora.xtec.cat\/escolapladelametller\/general\/activitat-de-kayak-a-lestany\/attachment\/img_20240606_100205-768x1024\/\" data-original-link=\"https:\/\/agora.xtec.cat\/escolapladelametller\/wp-content\/uploads\/usu1463\/2024\/06\/IMG_20240606_100205-768x1024-1.jpg\" class=\"wp-block-getwid-images-slider__image wp-image-8338\" srcset=\"https:\/\/agora.xtec.cat\/escolapladelametller\/wp-content\/uploads\/usu1463\/2024\/06\/IMG_20240606_100205-768x1024-1.jpg 768w, https:\/\/agora.xtec.cat\/escolapladelametller\/wp-content\/uploads\/usu1463\/2024\/06\/IMG_20240606_100205-768x1024-1-225x300.jpg 225w\" sizes=\"auto, (max-width: 768px) 100vw, 768px\" \/><\/figure><\/div><div class=\"wp-block-getwid-images-slider__item\"><figure><img loading=\"lazy\" decoding=\"async\" width=\"1170\" height=\"1511\" src=\"https:\/\/agora.xtec.cat\/escolapladelametller\/wp-content\/uploads\/usu1463\/2026\/02\/IMG_4448.jpg\" data-id=\"9310\" data-link=\"https:\/\/agora.xtec.cat\/escolapladelametller\/cicle-superior\/attachment\/screenshot-4\/\" data-original-link=\"https:\/\/agora.xtec.cat\/escolapladelametller\/wp-content\/uploads\/usu1463\/2026\/02\/IMG_4448.jpg\" class=\"wp-block-getwid-images-slider__image wp-image-9310\" srcset=\"https:\/\/agora.xtec.cat\/escolapladelametller\/wp-content\/uploads\/usu1463\/2026\/02\/IMG_4448.jpg 1170w, https:\/\/agora.xtec.cat\/escolapladelametller\/wp-content\/uploads\/usu1463\/2026\/02\/IMG_4448-232x300.jpg 232w, https:\/\/agora.xtec.cat\/escolapladelametller\/wp-content\/uploads\/usu1463\/2026\/02\/IMG_4448-793x1024.jpg 793w, https:\/\/agora.xtec.cat\/escolapladelametller\/wp-content\/uploads\/usu1463\/2026\/02\/IMG_4448-768x992.jpg 768w\" sizes=\"auto, (max-width: 1170px) 100vw, 1170px\" \/><figcaption class=\"wp-block-getwid-images-slider__caption\">Screenshot<\/figcaption><\/figure><\/div><\/div><\/div>\n\n\n\n<div class=\"wp-block-getwid-images-slider has-arrows-inside has-dots-inside has-images-center has-cropped-images\"><div class=\"wp-block-getwid-images-slider__wrapper\" data-effect=\"slide\" data-slides-show=\"1\" data-slides-show-laptop=\"1\" data-slides-show-tablet=\"1\" data-slides-show-mobile=\"1\" data-slides-scroll=\"1\" data-autoplay=\"false\" data-pause-hover=\"false\" data-autoplay-speed=\"6000\" data-infinite=\"true\" data-animation-speed=\"800\" data-center-mode=\"false\" data-variable-width=\"false\" data-arrows=\"inside\" data-dots=\"inside\" data-spacing=\"none\"><div class=\"wp-block-getwid-images-slider__item\"><figure><img loading=\"lazy\" decoding=\"async\" width=\"1200\" height=\"1600\" src=\"https:\/\/agora.xtec.cat\/escolapladelametller\/wp-content\/uploads\/usu1463\/2026\/02\/SORTIDES-PEL-NOSTRE-ENTORN-1.jpg\" data-id=\"9277\" data-link=\"https:\/\/agora.xtec.cat\/escolapladelametller\/cicle-superior\/attachment\/sortides-pel-nostre-entorn-1\/\" data-original-link=\"https:\/\/agora.xtec.cat\/escolapladelametller\/wp-content\/uploads\/usu1463\/2026\/02\/SORTIDES-PEL-NOSTRE-ENTORN-1.jpg\" class=\"wp-block-getwid-images-slider__image wp-image-9277\" srcset=\"https:\/\/agora.xtec.cat\/escolapladelametller\/wp-content\/uploads\/usu1463\/2026\/02\/SORTIDES-PEL-NOSTRE-ENTORN-1.jpg 1200w, https:\/\/agora.xtec.cat\/escolapladelametller\/wp-content\/uploads\/usu1463\/2026\/02\/SORTIDES-PEL-NOSTRE-ENTORN-1-225x300.jpg 225w, https:\/\/agora.xtec.cat\/escolapladelametller\/wp-content\/uploads\/usu1463\/2026\/02\/SORTIDES-PEL-NOSTRE-ENTORN-1-768x1024.jpg 768w, https:\/\/agora.xtec.cat\/escolapladelametller\/wp-content\/uploads\/usu1463\/2026\/02\/SORTIDES-PEL-NOSTRE-ENTORN-1-1152x1536.jpg 1152w\" sizes=\"auto, (max-width: 1200px) 100vw, 1200px\" \/><\/figure><\/div><div class=\"wp-block-getwid-images-slider__item\"><figure><img loading=\"lazy\" decoding=\"async\" width=\"1200\" height=\"1600\" src=\"https:\/\/agora.xtec.cat\/escolapladelametller\/wp-content\/uploads\/usu1463\/2026\/02\/SORTIDES-PEL-NOSTRE-ENTORN.jpg\" data-id=\"9276\" data-link=\"https:\/\/agora.xtec.cat\/escolapladelametller\/cicle-superior\/attachment\/sortides-pel-nostre-entorn\/\" data-original-link=\"https:\/\/agora.xtec.cat\/escolapladelametller\/wp-content\/uploads\/usu1463\/2026\/02\/SORTIDES-PEL-NOSTRE-ENTORN.jpg\" class=\"wp-block-getwid-images-slider__image wp-image-9276\" srcset=\"https:\/\/agora.xtec.cat\/escolapladelametller\/wp-content\/uploads\/usu1463\/2026\/02\/SORTIDES-PEL-NOSTRE-ENTORN.jpg 1200w, https:\/\/agora.xtec.cat\/escolapladelametller\/wp-content\/uploads\/usu1463\/2026\/02\/SORTIDES-PEL-NOSTRE-ENTORN-225x300.jpg 225w, https:\/\/agora.xtec.cat\/escolapladelametller\/wp-content\/uploads\/usu1463\/2026\/02\/SORTIDES-PEL-NOSTRE-ENTORN-768x1024.jpg 768w, https:\/\/agora.xtec.cat\/escolapladelametller\/wp-content\/uploads\/usu1463\/2026\/02\/SORTIDES-PEL-NOSTRE-ENTORN-1152x1536.jpg 1152w\" sizes=\"auto, (max-width: 1200px) 100vw, 1200px\" \/><\/figure><\/div><div class=\"wp-block-getwid-images-slider__item\"><figure><img loading=\"lazy\" decoding=\"async\" width=\"1179\" height=\"881\" src=\"https:\/\/agora.xtec.cat\/escolapladelametller\/wp-content\/uploads\/usu1463\/2026\/02\/PLASTICA-1.jpg\" data-id=\"9289\" data-link=\"https:\/\/agora.xtec.cat\/escolapladelametller\/cicle-superior\/attachment\/plastica-2\/\" data-original-link=\"https:\/\/agora.xtec.cat\/escolapladelametller\/wp-content\/uploads\/usu1463\/2026\/02\/PLASTICA-1.jpg\" class=\"wp-block-getwid-images-slider__image wp-image-9289\" srcset=\"https:\/\/agora.xtec.cat\/escolapladelametller\/wp-content\/uploads\/usu1463\/2026\/02\/PLASTICA-1.jpg 1179w, https:\/\/agora.xtec.cat\/escolapladelametller\/wp-content\/uploads\/usu1463\/2026\/02\/PLASTICA-1-300x224.jpg 300w, https:\/\/agora.xtec.cat\/escolapladelametller\/wp-content\/uploads\/usu1463\/2026\/02\/PLASTICA-1-1024x765.jpg 1024w, https:\/\/agora.xtec.cat\/escolapladelametller\/wp-content\/uploads\/usu1463\/2026\/02\/PLASTICA-1-768x574.jpg 768w\" sizes=\"auto, (max-width: 1179px) 100vw, 1179px\" \/><\/figure><\/div><div class=\"wp-block-getwid-images-slider__item\"><figure><img decoding=\"async\" src=\"https:\/\/agora.xtec.cat\/escolapladelametller\/wp-content\/uploads\/usu1463\/2026\/02\/IMG_4122-1.heic\" data-id=\"9293\" data-link=\"https:\/\/agora.xtec.cat\/escolapladelametller\/cicle-superior\/attachment\/img_4122-2\/\" data-original-link=\"https:\/\/agora.xtec.cat\/escolapladelametller\/wp-content\/uploads\/usu1463\/2026\/02\/IMG_4122-1.heic\" class=\"wp-block-getwid-images-slider__image wp-image-9293\"\/><\/figure><\/div><div class=\"wp-block-getwid-images-slider__item\"><figure><img loading=\"lazy\" decoding=\"async\" width=\"1170\" height=\"1460\" src=\"https:\/\/agora.xtec.cat\/escolapladelametller\/wp-content\/uploads\/usu1463\/2026\/02\/IMG_4449-1.jpg\" data-id=\"9307\" data-link=\"https:\/\/agora.xtec.cat\/escolapladelametller\/cicle-superior\/attachment\/screenshot\/\" data-original-link=\"https:\/\/agora.xtec.cat\/escolapladelametller\/wp-content\/uploads\/usu1463\/2026\/02\/IMG_4449-1.jpg\" class=\"wp-block-getwid-images-slider__image wp-image-9307\" srcset=\"https:\/\/agora.xtec.cat\/escolapladelametller\/wp-content\/uploads\/usu1463\/2026\/02\/IMG_4449-1.jpg 1170w, https:\/\/agora.xtec.cat\/escolapladelametller\/wp-content\/uploads\/usu1463\/2026\/02\/IMG_4449-1-240x300.jpg 240w, https:\/\/agora.xtec.cat\/escolapladelametller\/wp-content\/uploads\/usu1463\/2026\/02\/IMG_4449-1-821x1024.jpg 821w, https:\/\/agora.xtec.cat\/escolapladelametller\/wp-content\/uploads\/usu1463\/2026\/02\/IMG_4449-1-768x958.jpg 768w\" sizes=\"auto, (max-width: 1170px) 100vw, 1170px\" \/><figcaption class=\"wp-block-getwid-images-slider__caption\">Screenshot<\/figcaption><\/figure><\/div><div class=\"wp-block-getwid-images-slider__item\"><figure><img decoding=\"async\" src=\"https:\/\/agora.xtec.cat\/escolapladelametller\/wp-content\/uploads\/usu1463\/2026\/02\/IMG_4446.jpg\" data-id=\"9308\" data-link=\"https:\/\/agora.xtec.cat\/escolapladelametller\/cicle-superior\/attachment\/screenshot-2\/\" data-original-link=\"https:\/\/agora.xtec.cat\/escolapladelametller\/wp-content\/uploads\/usu1463\/2026\/02\/IMG_4446.jpg\" class=\"wp-block-getwid-images-slider__image wp-image-9308\"\/><figcaption class=\"wp-block-getwid-images-slider__caption\">Screenshot<\/figcaption><\/figure><\/div><div class=\"wp-block-getwid-images-slider__item\"><figure><img decoding=\"async\" src=\"https:\/\/agora.xtec.cat\/escolapladelametller\/wp-content\/uploads\/usu1463\/2026\/02\/IMG_4447.jpg\" data-id=\"9309\" data-link=\"https:\/\/agora.xtec.cat\/escolapladelametller\/cicle-superior\/attachment\/screenshot-3\/\" data-original-link=\"https:\/\/agora.xtec.cat\/escolapladelametller\/wp-content\/uploads\/usu1463\/2026\/02\/IMG_4447.jpg\" class=\"wp-block-getwid-images-slider__image wp-image-9309\"\/><figcaption class=\"wp-block-getwid-images-slider__caption\">Screenshot<\/figcaption><\/figure><\/div><div class=\"wp-block-getwid-images-slider__item\"><figure><img loading=\"lazy\" decoding=\"async\" width=\"1170\" height=\"1511\" src=\"https:\/\/agora.xtec.cat\/escolapladelametller\/wp-content\/uploads\/usu1463\/2026\/02\/IMG_4448.jpg\" data-id=\"9310\" data-link=\"https:\/\/agora.xtec.cat\/escolapladelametller\/cicle-superior\/attachment\/screenshot-4\/\" data-original-link=\"https:\/\/agora.xtec.cat\/escolapladelametller\/wp-content\/uploads\/usu1463\/2026\/02\/IMG_4448.jpg\" class=\"wp-block-getwid-images-slider__image wp-image-9310\" srcset=\"https:\/\/agora.xtec.cat\/escolapladelametller\/wp-content\/uploads\/usu1463\/2026\/02\/IMG_4448.jpg 1170w, https:\/\/agora.xtec.cat\/escolapladelametller\/wp-content\/uploads\/usu1463\/2026\/02\/IMG_4448-232x300.jpg 232w, https:\/\/agora.xtec.cat\/escolapladelametller\/wp-content\/uploads\/usu1463\/2026\/02\/IMG_4448-793x1024.jpg 793w, https:\/\/agora.xtec.cat\/escolapladelametller\/wp-content\/uploads\/usu1463\/2026\/02\/IMG_4448-768x992.jpg 768w\" sizes=\"auto, (max-width: 1170px) 100vw, 1170px\" \/><figcaption class=\"wp-block-getwid-images-slider__caption\">Screenshot<\/figcaption><\/figure><\/div><\/div><\/div>\n","protected":false},"excerpt":{"rendered":"<p>COM TREBALLEM A cicle superior aprenem fent i reflexionant amb il\u00b7lusi\u00f3 i motivaci\u00f3. Cada infant \u00e9s el protagonista del seu aprenentatge, \u00e9s per aix\u00f2 que procurem acompanyar-lo i guiar-lo per tal que desenvolupi al m\u00e0xim les seves potencialitats. Afavorim un entorn de treball on se sentin segurs, acollits i amb expectatives d&#8217;aprenentatge. Organitzem el treball [&hellip;]<\/p>\n","protected":false},"author":1,"featured_media":0,"parent":0,"menu_order":0,"comment_status":"closed","ping_status":"close","template":"","meta":{"_bbp_topic_count":0,"_bbp_reply_count":0,"_bbp_total_topic_count":0,"_bbp_total_reply_count":0,"_bbp_voice_count":0,"_bbp_anonymous_reply_count":0,"_bbp_topic_count_hidden":0,"_bbp_reply_count_hidden":0,"_bbp_forum_subforum_count":0,"site-sidebar-layout":"default","site-content-layout":"","ast-site-content-layout":"default","site-content-style":"default","site-sidebar-style":"default","ast-global-header-display":"","ast-banner-title-visibility":"","ast-main-header-display":"","ast-hfb-above-header-display":"","ast-hfb-below-header-display":"","ast-hfb-mobile-header-display":"","site-post-title":"","ast-breadcrumbs-content":"","ast-featured-img":"","footer-sml-layout":"","theme-transparent-header-meta":"","adv-header-id-meta":"","stick-header-meta":"","header-above-stick-meta":"","header-main-stick-meta":"","header-below-stick-meta":"","astra-migrate-meta-layouts":"set","ast-page-background-enabled":"default","ast-page-background-meta":{"desktop":{"background-color":"var(--ast-global-color-4)","background-image":"","background-repeat":"repeat","background-position":"center center","background-size":"auto","background-attachment":"scroll","background-type":"","background-media":"","overlay-type":"","overlay-color":"","overlay-opacity":"","overlay-gradient":""},"tablet":{"background-color":"","background-image":"","background-repeat":"repeat","background-position":"center center","background-size":"auto","background-attachment":"scroll","background-type":"","background-media":"","overlay-type":"","overlay-color":"","overlay-opacity":"","overlay-gradient":""},"mobile":{"background-color":"","background-image":"","background-repeat":"repeat","background-position":"center center","background-size":"auto","background-attachment":"scroll","background-type":"","background-media":"","overlay-type":"","overlay-color":"","overlay-opacity":"","overlay-gradient":""}},"ast-content-background-meta":{"desktop":{"background-color":"var(--ast-global-color-5)","background-image":"","background-repeat":"repeat","background-position":"center center","background-size":"auto","background-attachment":"scroll","background-type":"","background-media":"","overlay-type":"","overlay-color":"","overlay-opacity":"","overlay-gradient":""},"tablet":{"background-color":"var(--ast-global-color-5)","background-image":"","background-repeat":"repeat","background-position":"center center","background-size":"auto","background-attachment":"scroll","background-type":"","background-media":"","overlay-type":"","overlay-color":"","overlay-opacity":"","overlay-gradient":""},"mobile":{"background-color":"var(--ast-global-color-5)","background-image":"","background-repeat":"repeat","background-position":"center center","background-size":"auto","background-attachment":"scroll","background-type":"","background-media":"","overlay-type":"","overlay-color":"","overlay-opacity":"","overlay-gradient":""}},"footnotes":""},"class_list":["post-8852","page","type-page","status-publish","hentry"],"post_mailing_queue_ids":[],"_links":{"self":[{"href":"https:\/\/agora.xtec.cat\/escolapladelametller\/wp-json\/wp\/v2\/pages\/8852","targetHints":{"allow":["GET"]}}],"collection":[{"href":"https:\/\/agora.xtec.cat\/escolapladelametller\/wp-json\/wp\/v2\/pages"}],"about":[{"href":"https:\/\/agora.xtec.cat\/escolapladelametller\/wp-json\/wp\/v2\/types\/page"}],"author":[{"embeddable":true,"href":"https:\/\/agora.xtec.cat\/escolapladelametller\/wp-json\/wp\/v2\/users\/1"}],"replies":[{"embeddable":true,"href":"https:\/\/agora.xtec.cat\/escolapladelametller\/wp-json\/wp\/v2\/comments?post=8852"}],"version-history":[{"count":5,"href":"https:\/\/agora.xtec.cat\/escolapladelametller\/wp-json\/wp\/v2\/pages\/8852\/revisions"}],"predecessor-version":[{"id":9337,"href":"https:\/\/agora.xtec.cat\/escolapladelametller\/wp-json\/wp\/v2\/pages\/8852\/revisions\/9337"}],"wp:attachment":[{"href":"https:\/\/agora.xtec.cat\/escolapladelametller\/wp-json\/wp\/v2\/media?parent=8852"}],"curies":[{"name":"wp","href":"https:\/\/api.w.org\/{rel}","templated":true}]}}