{"id":8821,"date":"2025-09-03T21:18:50","date_gmt":"2025-09-03T19:18:50","guid":{"rendered":"https:\/\/agora.xtec.cat\/escolapladelametller\/?page_id=8821"},"modified":"2026-02-22T11:42:49","modified_gmt":"2026-02-22T10:42:49","slug":"cicle-inicial","status":"publish","type":"page","link":"https:\/\/agora.xtec.cat\/escolapladelametller\/cicle-inicial\/","title":{"rendered":"CICLE INICIAL"},"content":{"rendered":"\n<p><strong>ENLLA\u00c7OS <\/strong><\/p>\n\n\n\n<figure class=\"wp-block-image size-large\"><a href=\"https:\/\/sites.google.com\/xtec.cat\/aula-virtualci\/inici\" target=\"_blank\" rel=\"AULA VIRTUAL 1r i 2n\"><img loading=\"lazy\" decoding=\"async\" width=\"1024\" height=\"451\" src=\"https:\/\/agora.xtec.cat\/escolapladelametller\/wp-content\/uploads\/usu1463\/2020\/10\/virtual-12-1024x451.png\" alt=\"\" class=\"wp-image-5503\" srcset=\"https:\/\/agora.xtec.cat\/escolapladelametller\/wp-content\/uploads\/usu1463\/2020\/10\/virtual-12-1024x451.png 1024w, https:\/\/agora.xtec.cat\/escolapladelametller\/wp-content\/uploads\/usu1463\/2020\/10\/virtual-12-300x132.png 300w, https:\/\/agora.xtec.cat\/escolapladelametller\/wp-content\/uploads\/usu1463\/2020\/10\/virtual-12-768x338.png 768w, https:\/\/agora.xtec.cat\/escolapladelametller\/wp-content\/uploads\/usu1463\/2020\/10\/virtual-12.png 1823w\" sizes=\"auto, (max-width: 1024px) 100vw, 1024px\" \/><\/a><\/figure>\n\n\n\n<div class=\"wp-block-getwid-section alignfull alignfull getwid-section-content-custom-width\"><div class=\"wp-block-getwid-section__wrapper getwid-padding-top-large getwid-padding-bottom-large getwid-padding-left-medium getwid-padding-right-medium\"><div class=\"wp-block-getwid-section__inner-wrapper\" style=\"max-width:1140px\"><div class=\"wp-block-getwid-section__background-holder\"><div class=\"wp-block-getwid-section__background\"><\/div><div class=\"wp-block-getwid-section__foreground\"><\/div><\/div><div class=\"wp-block-getwid-section__content\"><div class=\"wp-block-getwid-section__inner-content\"><\/div><\/div><\/div><\/div><\/div>\n\n\n\n<div class=\"wp-block-getwid-section alignfull alignfull getwid-section-content-custom-width\"><div class=\"wp-block-getwid-section__wrapper\"><div class=\"wp-block-getwid-section__inner-wrapper\" style=\"max-width:1140px\"><div class=\"wp-block-getwid-section__background-holder\"><div class=\"wp-block-getwid-section__background\"><\/div><div class=\"wp-block-getwid-section__foreground\"><\/div><\/div><div class=\"wp-block-getwid-section__content\"><div class=\"wp-block-getwid-section__inner-content\">\n<div class=\"wp-block-getwid-advanced-heading\" style=\"margin-bottom:0px;margin-top:0px\"><span class=\"wp-block-getwid-advanced-heading__content\" style=\"text-align:left\"><strong>COM TREBALLEM<\/strong><\/span><\/div>\n\n\n\n<div class=\"wp-block-getwid-advanced-heading\" style=\"margin-bottom:30px;margin-top:10px\"><h2 class=\"wp-block-getwid-advanced-heading__content\" style=\"text-align:center\"><\/h2><\/div>\n\n\n\n<p class=\"has-text-align-left has-medium-font-size\">Al Cicle Inicial creiem en un aprenentatge viu, significatiu i proper a la realitat dels infants. Cada nen i nena \u00e9s diferent, i per aix\u00f2 adaptem les activitats als seus interessos, necessitats i ritmes d\u2019aprenentatge, sense llibres de text i amb molta vivenciaci\u00f3.<\/p>\n\n\n\n<div class=\"wp-block-getwid-advanced-spacer\" style=\"height:40px\" aria-hidden=\"true\"><\/div>\n\n\n\n<div class=\"wp-block-columns has-2-columns is-layout-flex wp-container-core-columns-is-layout-1 wp-block-columns-is-layout-flex\">\n<div class=\"wp-block-column is-layout-flow wp-block-column-is-layout-flow\">\n<div class=\"wp-block-getwid-section\"><div class=\"wp-block-getwid-section__wrapper getwid-padding-top-none getwid-padding-bottom-none getwid-padding-left-none getwid-padding-right-small\"><div class=\"wp-block-getwid-section__inner-wrapper\"><div class=\"wp-block-getwid-section__background-holder\"><div class=\"wp-block-getwid-section__background has-background\" style=\"background-color:#fafafa\"><\/div><div class=\"wp-block-getwid-section__foreground\"><\/div><\/div><div class=\"wp-block-getwid-section__content\"><div class=\"wp-block-getwid-section__inner-content\">\n<div class=\"wp-block-getwid-image-box has-image-left has-text-left has-mobile-layout-default has-mobile-alignment-default\"><div class=\"wp-block-getwid-image-box__image-container is-position-top\"><div class=\"wp-block-getwid-image-box__image-wrapper\"><img loading=\"lazy\" decoding=\"async\" width=\"615\" height=\"591\" src=\"https:\/\/agora.xtec.cat\/escolapladelametller\/wp-content\/uploads\/usu1463\/2025\/12\/biblio-ci.jpg\" alt=\"\" class=\"wp-block-getwid-image-box__image wp-image-9073\" srcset=\"https:\/\/agora.xtec.cat\/escolapladelametller\/wp-content\/uploads\/usu1463\/2025\/12\/biblio-ci.jpg 615w, https:\/\/agora.xtec.cat\/escolapladelametller\/wp-content\/uploads\/usu1463\/2025\/12\/biblio-ci-300x288.jpg 300w\" sizes=\"auto, (max-width: 615px) 100vw, 615px\" \/><\/div><\/div><div class=\"wp-block-getwid-image-box__content\">\n<div class=\"wp-block-getwid-advanced-heading\" style=\"margin-bottom:10px\"><h3 class=\"wp-block-getwid-advanced-heading__content\">Les lleng\u00fces<\/h3><\/div>\n\n\n\n<p class=\"has-medium-font-size\">Pel que fa al treball de llengua, partim de la consci\u00e8ncia fonol\u00f2gica com a base per desenvolupar una bona lectoescriptura. A trav\u00e9s de jocs, converses, lectures compartides i materials diversos, fomentem el gust per llegir i escriure, i ajudem els infants a comunicar-se de manera creativa i significativa.<\/p>\n<\/div><\/div>\n<\/div><\/div><\/div><\/div><\/div>\n<\/div>\n\n\n\n<div class=\"wp-block-column is-layout-flow wp-block-column-is-layout-flow\">\n<div class=\"wp-block-getwid-section\"><div class=\"wp-block-getwid-section__wrapper getwid-padding-top-none getwid-padding-bottom-none getwid-padding-left-none getwid-padding-right-small\"><div class=\"wp-block-getwid-section__inner-wrapper\"><div class=\"wp-block-getwid-section__background-holder\"><div class=\"wp-block-getwid-section__background has-background\" style=\"background-color:#fafafa\"><\/div><div class=\"wp-block-getwid-section__foreground\"><\/div><\/div><div class=\"wp-block-getwid-section__content\"><div class=\"wp-block-getwid-section__inner-content\">\n<div class=\"wp-block-getwid-image-box has-image-left has-text-left has-mobile-layout-default has-mobile-alignment-default\"><div class=\"wp-block-getwid-image-box__image-container is-position-top\"><div class=\"wp-block-getwid-image-box__image-wrapper\"><img loading=\"lazy\" decoding=\"async\" width=\"405\" height=\"475\" src=\"https:\/\/agora.xtec.cat\/escolapladelametller\/wp-content\/uploads\/usu1463\/2025\/12\/mates-ci-2.jpg\" alt=\"\" class=\"wp-block-getwid-image-box__image wp-image-9070\" srcset=\"https:\/\/agora.xtec.cat\/escolapladelametller\/wp-content\/uploads\/usu1463\/2025\/12\/mates-ci-2.jpg 405w, https:\/\/agora.xtec.cat\/escolapladelametller\/wp-content\/uploads\/usu1463\/2025\/12\/mates-ci-2-256x300.jpg 256w\" sizes=\"auto, (max-width: 405px) 100vw, 405px\" \/><\/div><\/div><div class=\"wp-block-getwid-image-box__content\">\n<div class=\"wp-block-getwid-advanced-heading\" style=\"margin-bottom:10px\"><h3 class=\"wp-block-getwid-advanced-heading__content\">Les matem\u00e0tiques<\/h3><\/div>\n\n\n\n<p class=\"has-medium-font-size\">Les matem\u00e0tiques les vivim de manera manipulativa: comptem, mesurem, constru\u00efm i experimentem amb materials diversos per entendre el m\u00f3n que ens envolta. L\u2019aprenentatge parteix de situacions properes, que fomenten la curiositat, el treball cooperatiu i l\u2019autonomia.<\/p>\n<\/div><\/div>\n<\/div><\/div><\/div><\/div><\/div>\n<\/div>\n<\/div>\n\n\n\n<div class=\"wp-block-columns has-2-columns is-layout-flex wp-container-core-columns-is-layout-2 wp-block-columns-is-layout-flex\">\n<div class=\"wp-block-column is-layout-flow wp-block-column-is-layout-flow\">\n<div class=\"wp-block-getwid-section\"><div class=\"wp-block-getwid-section__wrapper getwid-padding-top-none getwid-padding-bottom-none getwid-padding-left-none getwid-padding-right-small\"><div class=\"wp-block-getwid-section__inner-wrapper\"><div class=\"wp-block-getwid-section__background-holder\"><div class=\"wp-block-getwid-section__background has-background\" style=\"background-color:#fafafa\"><\/div><div class=\"wp-block-getwid-section__foreground\"><\/div><\/div><div class=\"wp-block-getwid-section__content\"><div class=\"wp-block-getwid-section__inner-content\">\n<div class=\"wp-block-getwid-image-box has-image-left has-text-left has-mobile-layout-default has-mobile-alignment-default\"><div class=\"wp-block-getwid-image-box__image-container is-position-top\"><div class=\"wp-block-getwid-image-box__image-wrapper\"><img loading=\"lazy\" decoding=\"async\" width=\"505\" height=\"694\" src=\"https:\/\/agora.xtec.cat\/escolapladelametller\/wp-content\/uploads\/usu1463\/2025\/12\/sortides-ci.jpg\" alt=\"\" class=\"wp-block-getwid-image-box__image wp-image-9072\" srcset=\"https:\/\/agora.xtec.cat\/escolapladelametller\/wp-content\/uploads\/usu1463\/2025\/12\/sortides-ci.jpg 505w, https:\/\/agora.xtec.cat\/escolapladelametller\/wp-content\/uploads\/usu1463\/2025\/12\/sortides-ci-218x300.jpg 218w\" sizes=\"auto, (max-width: 505px) 100vw, 505px\" \/><\/div><\/div><div class=\"wp-block-getwid-image-box__content\">\n<div class=\"wp-block-getwid-advanced-heading\" style=\"margin-bottom:10px\"><h3 class=\"wp-block-getwid-advanced-heading__content\" style=\"text-align:center\">Les sortides <br>i el medi<\/h3><\/div>\n\n\n\n<p class=\"has-medium-font-size\">Donem molt valor a l\u2019entorn proper: descobrim el barri, coneixem els serveis municipals, sortim a l&#8217;entorn proper de la ciutat i treballem en xarxa amb la comunitat educativa.\u00a0 Fem experimentaci\u00f3 i practiquem el m\u00e8tode cient\u00edfic.<\/p>\n<\/div><\/div>\n<\/div><\/div><\/div><\/div><\/div>\n<\/div>\n\n\n\n<div class=\"wp-block-column is-layout-flow wp-block-column-is-layout-flow\">\n<div class=\"wp-block-getwid-section\"><div class=\"wp-block-getwid-section__wrapper getwid-padding-top-none getwid-padding-bottom-none getwid-padding-left-none getwid-padding-right-small\"><div class=\"wp-block-getwid-section__inner-wrapper\"><div class=\"wp-block-getwid-section__background-holder\"><div class=\"wp-block-getwid-section__background has-background\" style=\"background-color:#fafafa\"><\/div><div class=\"wp-block-getwid-section__foreground\"><\/div><\/div><div class=\"wp-block-getwid-section__content\"><div class=\"wp-block-getwid-section__inner-content\">\n<div class=\"wp-block-getwid-image-box has-image-left has-text-left has-mobile-layout-default has-mobile-alignment-default\"><div class=\"wp-block-getwid-image-box__image-container is-position-top\"><div class=\"wp-block-getwid-image-box__image-wrapper\"><img loading=\"lazy\" decoding=\"async\" width=\"367\" height=\"580\" src=\"https:\/\/agora.xtec.cat\/escolapladelametller\/wp-content\/uploads\/usu1463\/2025\/12\/castellers-ci.jpg\" alt=\"\" class=\"wp-block-getwid-image-box__image wp-image-9071\" srcset=\"https:\/\/agora.xtec.cat\/escolapladelametller\/wp-content\/uploads\/usu1463\/2025\/12\/castellers-ci.jpg 367w, https:\/\/agora.xtec.cat\/escolapladelametller\/wp-content\/uploads\/usu1463\/2025\/12\/castellers-ci-190x300.jpg 190w\" sizes=\"auto, (max-width: 367px) 100vw, 367px\" \/><\/div><\/div><div class=\"wp-block-getwid-image-box__content\">\n<div class=\"wp-block-getwid-advanced-heading\" style=\"margin-bottom:10px\"><h3 class=\"wp-block-getwid-advanced-heading__content\">Fem comunitat<\/h3><\/div>\n\n\n\n<p class=\"has-medium-font-size\">Els voluntaris dels instituts i les fam\u00edlies ens acompanyen sovint, enriquint les experi\u00e8ncies d\u2019aprenentatge i creant vincles entre generacions: el sof\u00e0 de lectura, l&#8217;explicaci\u00f3 dels seus oficis, col\u00b7laboraci\u00f3 en activitats conjuntes&#8230;<\/p>\n<\/div><\/div>\n<\/div><\/div><\/div><\/div><\/div>\n<\/div>\n<\/div>\n<\/div><\/div><\/div><\/div><\/div>\n\n\n\n\n\n<div class=\"wp-block-getwid-images-slider has-cropped-images has-arrows-none has-dots-outside is-carousel has-slides-gap-large has-images-center has-cropped-images\"><div class=\"wp-block-getwid-images-slider__wrapper\" data-effect=\"slide\" data-slides-show=\"3\" data-slides-show-laptop=\"2\" data-slides-show-tablet=\"1\" data-slides-show-mobile=\"1\" data-slides-scroll=\"1\" data-autoplay=\"false\" data-pause-hover=\"false\" data-autoplay-speed=\"6000\" data-infinite=\"true\" data-animation-speed=\"800\" data-center-mode=\"false\" data-variable-width=\"false\" data-arrows=\"none\" data-dots=\"outside\" data-spacing=\"large\"><div class=\"wp-block-getwid-images-slider__item\"><figure><img loading=\"lazy\" decoding=\"async\" width=\"862\" height=\"495\" src=\"https:\/\/agora.xtec.cat\/escolapladelametller\/wp-content\/uploads\/usu1463\/2025\/05\/3.jpg\" data-id=\"8698\" data-link=\"https:\/\/agora.xtec.cat\/escolapladelametller\/general\/sortida-a-les-llacunes-2n-2\/attachment\/3-2\/\" data-original-link=\"https:\/\/agora.xtec.cat\/escolapladelametller\/wp-content\/uploads\/usu1463\/2025\/05\/3.jpg\" class=\"wp-block-getwid-images-slider__image wp-image-8698\" srcset=\"https:\/\/agora.xtec.cat\/escolapladelametller\/wp-content\/uploads\/usu1463\/2025\/05\/3.jpg 862w, https:\/\/agora.xtec.cat\/escolapladelametller\/wp-content\/uploads\/usu1463\/2025\/05\/3-300x172.jpg 300w, https:\/\/agora.xtec.cat\/escolapladelametller\/wp-content\/uploads\/usu1463\/2025\/05\/3-768x441.jpg 768w\" sizes=\"auto, (max-width: 862px) 100vw, 862px\" \/><\/figure><\/div><div class=\"wp-block-getwid-images-slider__item\"><figure><img loading=\"lazy\" decoding=\"async\" width=\"1200\" height=\"1600\" src=\"https:\/\/agora.xtec.cat\/escolapladelametller\/wp-content\/uploads\/usu1463\/2024\/11\/PHOTO-2024-11-15-17-34-0018.jpg\" data-id=\"8401\" data-link=\"https:\/\/agora.xtec.cat\/escolapladelametller\/general\/fem-de-castellers-a-2n\/attachment\/photo-2024-11-15-17-34-0018\/\" data-original-link=\"https:\/\/agora.xtec.cat\/escolapladelametller\/wp-content\/uploads\/usu1463\/2024\/11\/PHOTO-2024-11-15-17-34-0018.jpg\" class=\"wp-block-getwid-images-slider__image wp-image-8401\" srcset=\"https:\/\/agora.xtec.cat\/escolapladelametller\/wp-content\/uploads\/usu1463\/2024\/11\/PHOTO-2024-11-15-17-34-0018.jpg 1200w, https:\/\/agora.xtec.cat\/escolapladelametller\/wp-content\/uploads\/usu1463\/2024\/11\/PHOTO-2024-11-15-17-34-0018-225x300.jpg 225w, https:\/\/agora.xtec.cat\/escolapladelametller\/wp-content\/uploads\/usu1463\/2024\/11\/PHOTO-2024-11-15-17-34-0018-768x1024.jpg 768w, https:\/\/agora.xtec.cat\/escolapladelametller\/wp-content\/uploads\/usu1463\/2024\/11\/PHOTO-2024-11-15-17-34-0018-1152x1536.jpg 1152w\" sizes=\"auto, (max-width: 1200px) 100vw, 1200px\" \/><\/figure><\/div><div class=\"wp-block-getwid-images-slider__item\"><figure><img loading=\"lazy\" decoding=\"async\" width=\"2048\" height=\"1536\" src=\"https:\/\/agora.xtec.cat\/escolapladelametller\/wp-content\/uploads\/usu1463\/2023\/01\/c397897a-3d02-482e-be59-b34d3fd857ab.jpg\" data-id=\"7213\" data-link=\"https:\/\/agora.xtec.cat\/escolapladelametller\/general\/projecte-de-lhort-a-segon\/attachment\/c397897a-3d02-482e-be59-b34d3fd857ab\/\" data-original-link=\"https:\/\/agora.xtec.cat\/escolapladelametller\/wp-content\/uploads\/usu1463\/2023\/01\/c397897a-3d02-482e-be59-b34d3fd857ab.jpg\" class=\"wp-block-getwid-images-slider__image wp-image-7213\" srcset=\"https:\/\/agora.xtec.cat\/escolapladelametller\/wp-content\/uploads\/usu1463\/2023\/01\/c397897a-3d02-482e-be59-b34d3fd857ab.jpg 2048w, https:\/\/agora.xtec.cat\/escolapladelametller\/wp-content\/uploads\/usu1463\/2023\/01\/c397897a-3d02-482e-be59-b34d3fd857ab-300x225.jpg 300w, https:\/\/agora.xtec.cat\/escolapladelametller\/wp-content\/uploads\/usu1463\/2023\/01\/c397897a-3d02-482e-be59-b34d3fd857ab-1024x768.jpg 1024w, https:\/\/agora.xtec.cat\/escolapladelametller\/wp-content\/uploads\/usu1463\/2023\/01\/c397897a-3d02-482e-be59-b34d3fd857ab-768x576.jpg 768w, https:\/\/agora.xtec.cat\/escolapladelametller\/wp-content\/uploads\/usu1463\/2023\/01\/c397897a-3d02-482e-be59-b34d3fd857ab-1536x1152.jpg 1536w, https:\/\/agora.xtec.cat\/escolapladelametller\/wp-content\/uploads\/usu1463\/2023\/01\/c397897a-3d02-482e-be59-b34d3fd857ab-200x150.jpg 200w\" sizes=\"auto, (max-width: 2048px) 100vw, 2048px\" \/><\/figure><\/div><div class=\"wp-block-getwid-images-slider__item\"><figure><img loading=\"lazy\" decoding=\"async\" width=\"1071\" height=\"789\" src=\"https:\/\/agora.xtec.cat\/escolapladelametller\/wp-content\/uploads\/usu1463\/2022\/12\/1-1.png\" data-id=\"7175\" data-link=\"https:\/\/agora.xtec.cat\/escolapladelametller\/portada\/llegim-a-primer\/attachment\/1-8\/\" data-original-link=\"https:\/\/agora.xtec.cat\/escolapladelametller\/wp-content\/uploads\/usu1463\/2022\/12\/1-1.png\" class=\"wp-block-getwid-images-slider__image wp-image-7175\" srcset=\"https:\/\/agora.xtec.cat\/escolapladelametller\/wp-content\/uploads\/usu1463\/2022\/12\/1-1.png 1071w, https:\/\/agora.xtec.cat\/escolapladelametller\/wp-content\/uploads\/usu1463\/2022\/12\/1-1-300x221.png 300w, https:\/\/agora.xtec.cat\/escolapladelametller\/wp-content\/uploads\/usu1463\/2022\/12\/1-1-1024x754.png 1024w, https:\/\/agora.xtec.cat\/escolapladelametller\/wp-content\/uploads\/usu1463\/2022\/12\/1-1-768x566.png 768w\" sizes=\"auto, (max-width: 1071px) 100vw, 1071px\" \/><\/figure><\/div><div class=\"wp-block-getwid-images-slider__item\"><figure><img loading=\"lazy\" decoding=\"async\" width=\"1024\" height=\"768\" src=\"https:\/\/agora.xtec.cat\/escolapladelametller\/wp-content\/uploads\/usu1463\/2022\/04\/IMG-20220426-WA0021.jpg\" data-id=\"6780\" data-link=\"https:\/\/agora.xtec.cat\/escolapladelametller\/general\/sortida-a-les-pesqueres-de-lestany-1r\/attachment\/img-20220426-wa0021\/\" data-original-link=\"https:\/\/agora.xtec.cat\/escolapladelametller\/wp-content\/uploads\/usu1463\/2022\/04\/IMG-20220426-WA0021.jpg\" class=\"wp-block-getwid-images-slider__image wp-image-6780\" srcset=\"https:\/\/agora.xtec.cat\/escolapladelametller\/wp-content\/uploads\/usu1463\/2022\/04\/IMG-20220426-WA0021.jpg 1024w, https:\/\/agora.xtec.cat\/escolapladelametller\/wp-content\/uploads\/usu1463\/2022\/04\/IMG-20220426-WA0021-300x225.jpg 300w, https:\/\/agora.xtec.cat\/escolapladelametller\/wp-content\/uploads\/usu1463\/2022\/04\/IMG-20220426-WA0021-768x576.jpg 768w, https:\/\/agora.xtec.cat\/escolapladelametller\/wp-content\/uploads\/usu1463\/2022\/04\/IMG-20220426-WA0021-200x150.jpg 200w\" sizes=\"auto, (max-width: 1024px) 100vw, 1024px\" \/><\/figure><\/div><div class=\"wp-block-getwid-images-slider__item\"><figure><img loading=\"lazy\" decoding=\"async\" width=\"1920\" height=\"2560\" src=\"https:\/\/agora.xtec.cat\/escolapladelametller\/wp-content\/uploads\/usu1463\/2025\/01\/IMG_20241220_095727-scaled.jpg\" data-id=\"8478\" data-link=\"https:\/\/agora.xtec.cat\/escolapladelametller\/general\/el-tio-i-la-xocolatada-a-c-i\/attachment\/img_20241220_095727\/\" data-original-link=\"https:\/\/agora.xtec.cat\/escolapladelametller\/wp-content\/uploads\/usu1463\/2025\/01\/IMG_20241220_095727-scaled.jpg\" class=\"wp-block-getwid-images-slider__image wp-image-8478\" srcset=\"https:\/\/agora.xtec.cat\/escolapladelametller\/wp-content\/uploads\/usu1463\/2025\/01\/IMG_20241220_095727-scaled.jpg 1920w, https:\/\/agora.xtec.cat\/escolapladelametller\/wp-content\/uploads\/usu1463\/2025\/01\/IMG_20241220_095727-225x300.jpg 225w, https:\/\/agora.xtec.cat\/escolapladelametller\/wp-content\/uploads\/usu1463\/2025\/01\/IMG_20241220_095727-768x1024.jpg 768w, https:\/\/agora.xtec.cat\/escolapladelametller\/wp-content\/uploads\/usu1463\/2025\/01\/IMG_20241220_095727-1152x1536.jpg 1152w, https:\/\/agora.xtec.cat\/escolapladelametller\/wp-content\/uploads\/usu1463\/2025\/01\/IMG_20241220_095727-1536x2048.jpg 1536w\" sizes=\"auto, (max-width: 1920px) 100vw, 1920px\" \/><\/figure><\/div><div class=\"wp-block-getwid-images-slider__item\"><figure><img loading=\"lazy\" decoding=\"async\" width=\"215\" height=\"176\" src=\"https:\/\/agora.xtec.cat\/escolapladelametller\/wp-content\/uploads\/usu1463\/2024\/05\/IMG_8060-1.jpg\" data-id=\"8117\" data-link=\"https:\/\/agora.xtec.cat\/escolapladelametller\/general\/dos-dies-diferents-literaris-22-23-i-24-dabril\/attachment\/img_8060-1\/\" data-original-link=\"https:\/\/agora.xtec.cat\/escolapladelametller\/wp-content\/uploads\/usu1463\/2024\/05\/IMG_8060-1.jpg\" class=\"wp-block-getwid-images-slider__image wp-image-8117\"\/><\/figure><\/div><\/div><\/div>\n\n\n\n<p><\/p>\n","protected":false},"excerpt":{"rendered":"<p>ENLLA\u00c7OS<\/p>\n","protected":false},"author":1,"featured_media":0,"parent":0,"menu_order":0,"comment_status":"closed","ping_status":"closed","template":"","meta":{"_bbp_topic_count":0,"_bbp_reply_count":0,"_bbp_total_topic_count":0,"_bbp_total_reply_count":0,"_bbp_voice_count":0,"_bbp_anonymous_reply_count":0,"_bbp_topic_count_hidden":0,"_bbp_reply_count_hidden":0,"_bbp_forum_subforum_count":0,"site-sidebar-layout":"default","site-content-layout":"","ast-site-content-layout":"default","site-content-style":"default","site-sidebar-style":"default","ast-global-header-display":"","ast-banner-title-visibility":"","ast-main-header-display":"","ast-hfb-above-header-display":"","ast-hfb-below-header-display":"","ast-hfb-mobile-header-display":"","site-post-title":"","ast-breadcrumbs-content":"","ast-featured-img":"","footer-sml-layout":"","theme-transparent-header-meta":"default","adv-header-id-meta":"","stick-header-meta":"","header-above-stick-meta":"","header-main-stick-meta":"","header-below-stick-meta":"","astra-migrate-meta-layouts":"set","ast-page-background-enabled":"default","ast-page-background-meta":{"desktop":{"background-color":"var(--ast-global-color-4)","background-image":"","background-repeat":"repeat","background-position":"center center","background-size":"auto","background-attachment":"scroll","background-type":"","background-media":"","overlay-type":"","overlay-color":"","overlay-opacity":"","overlay-gradient":""},"tablet":{"background-color":"","background-image":"","background-repeat":"repeat","background-position":"center center","background-size":"auto","background-attachment":"scroll","background-type":"","background-media":"","overlay-type":"","overlay-color":"","overlay-opacity":"","overlay-gradient":""},"mobile":{"background-color":"","background-image":"","background-repeat":"repeat","background-position":"center center","background-size":"auto","background-attachment":"scroll","background-type":"","background-media":"","overlay-type":"","overlay-color":"","overlay-opacity":"","overlay-gradient":""}},"ast-content-background-meta":{"desktop":{"background-color":"var(--ast-global-color-5)","background-image":"","background-repeat":"repeat","background-position":"center center","background-size":"auto","background-attachment":"scroll","background-type":"","background-media":"","overlay-type":"","overlay-color":"","overlay-opacity":"","overlay-gradient":""},"tablet":{"background-color":"var(--ast-global-color-5)","background-image":"","background-repeat":"repeat","background-position":"center center","background-size":"auto","background-attachment":"scroll","background-type":"","background-media":"","overlay-type":"","overlay-color":"","overlay-opacity":"","overlay-gradient":""},"mobile":{"background-color":"var(--ast-global-color-5)","background-image":"","background-repeat":"repeat","background-position":"center center","background-size":"auto","background-attachment":"scroll","background-type":"","background-media":"","overlay-type":"","overlay-color":"","overlay-opacity":"","overlay-gradient":""}},"footnotes":""},"class_list":["post-8821","page","type-page","status-publish","hentry"],"post_mailing_queue_ids":[],"_links":{"self":[{"href":"https:\/\/agora.xtec.cat\/escolapladelametller\/wp-json\/wp\/v2\/pages\/8821","targetHints":{"allow":["GET"]}}],"collection":[{"href":"https:\/\/agora.xtec.cat\/escolapladelametller\/wp-json\/wp\/v2\/pages"}],"about":[{"href":"https:\/\/agora.xtec.cat\/escolapladelametller\/wp-json\/wp\/v2\/types\/page"}],"author":[{"embeddable":true,"href":"https:\/\/agora.xtec.cat\/escolapladelametller\/wp-json\/wp\/v2\/users\/1"}],"replies":[{"embeddable":true,"href":"https:\/\/agora.xtec.cat\/escolapladelametller\/wp-json\/wp\/v2\/comments?post=8821"}],"version-history":[{"count":6,"href":"https:\/\/agora.xtec.cat\/escolapladelametller\/wp-json\/wp\/v2\/pages\/8821\/revisions"}],"predecessor-version":[{"id":9322,"href":"https:\/\/agora.xtec.cat\/escolapladelametller\/wp-json\/wp\/v2\/pages\/8821\/revisions\/9322"}],"wp:attachment":[{"href":"https:\/\/agora.xtec.cat\/escolapladelametller\/wp-json\/wp\/v2\/media?parent=8821"}],"curies":[{"name":"wp","href":"https:\/\/api.w.org\/{rel}","templated":true}]}}