{"id":512,"date":"2017-03-15T23:03:03","date_gmt":"2017-03-15T22:03:03","guid":{"rendered":"http:\/\/agora.xtec.cat\/escolapladelametller\/?page_id=512"},"modified":"2020-03-22T18:08:45","modified_gmt":"2020-03-22T17:08:45","slug":"projectes-descola","status":"publish","type":"page","link":"https:\/\/agora.xtec.cat\/escolapladelametller\/projectes-descola\/","title":{"rendered":"Projectes d&#8217;escola"},"content":{"rendered":"<p>Increment d&#8217;hores d&#8217;angl\u00e8s<br \/>\nPla d&#8217;impuls a la lectura<br \/>\nPadrins de lectura: CI i CS<br \/>\nReutilitzaci\u00f3 de llibres de text<br \/>\nProjecte 12\/90<br \/>\nFruita a l&#8217;escola 2016-2017<br \/>\nL&#8217;hort d&#8217;Educaci\u00f3 Infantil<br \/>\nL&#8217;hort de 2n de prim\u00e0ria<br \/>\nD&#8217;on som d&#8217;on venim<br \/>\n2 Dies Diferents<br \/>\nProjecte Ling\u00fc\u00edstic (PL)<br \/>\nAlerta Verda: comissi\u00f3 de medi ambient<\/p>\n","protected":false},"excerpt":{"rendered":"<p>Increment d&#8217;hores d&#8217;angl\u00e8s Pla d&#8217;impuls a la lectura Padrins de lectura: CI i CS Reutilitzaci\u00f3 de llibres de text Projecte 12\/90 Fruita a l&#8217;escola 2016-2017 L&#8217;hort d&#8217;Educaci\u00f3 Infantil L&#8217;hort de 2n de prim\u00e0ria D&#8217;on som d&#8217;on venim 2 Dies Diferents Projecte Ling\u00fc\u00edstic (PL) Alerta Verda: comissi\u00f3 de medi ambient<\/p>\n","protected":false},"author":1,"featured_media":0,"parent":0,"menu_order":0,"comment_status":"closed","ping_status":"closed","template":"page-templates\/side-menu.php","meta":{"_bbp_topic_count":0,"_bbp_reply_count":0,"_bbp_total_topic_count":0,"_bbp_total_reply_count":0,"_bbp_voice_count":0,"_bbp_anonymous_reply_count":0,"_bbp_topic_count_hidden":0,"_bbp_reply_count_hidden":0,"_bbp_forum_subforum_count":0,"site-sidebar-layout":"default","site-content-layout":"","ast-site-content-layout":"","site-content-style":"default","site-sidebar-style":"default","ast-global-header-display":"","ast-banner-title-visibility":"","ast-main-header-display":"","ast-hfb-above-header-display":"","ast-hfb-below-header-display":"","ast-hfb-mobile-header-display":"","site-post-title":"","ast-breadcrumbs-content":"","ast-featured-img":"","footer-sml-layout":"","theme-transparent-header-meta":"","adv-header-id-meta":"","stick-header-meta":"","header-above-stick-meta":"","header-main-stick-meta":"","header-below-stick-meta":"","astra-migrate-meta-layouts":"default","ast-page-background-enabled":"default","ast-page-background-meta":{"desktop":{"background-color":"var(--ast-global-color-4)","background-image":"","background-repeat":"repeat","background-position":"center center","background-size":"auto","background-attachment":"scroll","background-type":"","background-media":"","overlay-type":"","overlay-color":"","overlay-opacity":"","overlay-gradient":""},"tablet":{"background-color":"","background-image":"","background-repeat":"repeat","background-position":"center center","background-size":"auto","background-attachment":"scroll","background-type":"","background-media":"","overlay-type":"","overlay-color":"","overlay-opacity":"","overlay-gradient":""},"mobile":{"background-color":"","background-image":"","background-repeat":"repeat","background-position":"center center","background-size":"auto","background-attachment":"scroll","background-type":"","background-media":"","overlay-type":"","overlay-color":"","overlay-opacity":"","overlay-gradient":""}},"ast-content-background-meta":{"desktop":{"background-color":"var(--ast-global-color-5)","background-image":"","background-repeat":"repeat","background-position":"center center","background-size":"auto","background-attachment":"scroll","background-type":"","background-media":"","overlay-type":"","overlay-color":"","overlay-opacity":"","overlay-gradient":""},"tablet":{"background-color":"var(--ast-global-color-5)","background-image":"","background-repeat":"repeat","background-position":"center center","background-size":"auto","background-attachment":"scroll","background-type":"","background-media":"","overlay-type":"","overlay-color":"","overlay-opacity":"","overlay-gradient":""},"mobile":{"background-color":"var(--ast-global-color-5)","background-image":"","background-repeat":"repeat","background-position":"center center","background-size":"auto","background-attachment":"scroll","background-type":"","background-media":"","overlay-type":"","overlay-color":"","overlay-opacity":"","overlay-gradient":""}},"footnotes":""},"class_list":["post-512","page","type-page","status-publish","hentry"],"post_mailing_queue_ids":[],"_links":{"self":[{"href":"https:\/\/agora.xtec.cat\/escolapladelametller\/wp-json\/wp\/v2\/pages\/512","targetHints":{"allow":["GET"]}}],"collection":[{"href":"https:\/\/agora.xtec.cat\/escolapladelametller\/wp-json\/wp\/v2\/pages"}],"about":[{"href":"https:\/\/agora.xtec.cat\/escolapladelametller\/wp-json\/wp\/v2\/types\/page"}],"author":[{"embeddable":true,"href":"https:\/\/agora.xtec.cat\/escolapladelametller\/wp-json\/wp\/v2\/users\/1"}],"replies":[{"embeddable":true,"href":"https:\/\/agora.xtec.cat\/escolapladelametller\/wp-json\/wp\/v2\/comments?post=512"}],"version-history":[{"count":3,"href":"https:\/\/agora.xtec.cat\/escolapladelametller\/wp-json\/wp\/v2\/pages\/512\/revisions"}],"predecessor-version":[{"id":4814,"href":"https:\/\/agora.xtec.cat\/escolapladelametller\/wp-json\/wp\/v2\/pages\/512\/revisions\/4814"}],"wp:attachment":[{"href":"https:\/\/agora.xtec.cat\/escolapladelametller\/wp-json\/wp\/v2\/media?parent=512"}],"curies":[{"name":"wp","href":"https:\/\/api.w.org\/{rel}","templated":true}]}}