{"id":26,"date":"2014-09-18T12:24:32","date_gmt":"2014-09-18T11:24:32","guid":{"rendered":"http:\/\/agora.xtec.cat\/escolapladelametller\/?page_id=26"},"modified":"2025-11-04T11:57:02","modified_gmt":"2025-11-04T10:57:02","slug":"historia","status":"publish","type":"page","link":"https:\/\/agora.xtec.cat\/escolapladelametller\/lescola\/historia\/","title":{"rendered":"Qui som"},"content":{"rendered":"<p><b><span lang=\"CA\">Som l&#8217;Escola Pla de l&#8217;Ametller de Banyoles.<\/span><\/b><\/p>\n<p><b><span lang=\"CA\">Escola p\u00fablica de doble l\u00ednia.<\/span><\/b><\/p>\n<p><b><span lang=\"CA\">Titularitat del centre<\/span><\/b><span lang=\"CA\">. Edifici de titularitat p\u00fablica: Departament d\u2019Educaci\u00f3 de la Generalitat de Catalunya i l\u2019Ajuntament de Banyoles.<\/span><\/p>\n<p><b><span lang=\"CA\">Ensenyaments que ofereix i nivells: <\/span><\/b><span lang=\"CA\">Els nivells educatius que s\u2019ofereixen al centre s\u00f3n Educaci\u00f3 Infantil (3 a 6 anys) i Educaci\u00f3 Prim\u00e0ria (6 a 12 anys). El centre s\u2019estructura en dues l\u00ednies educatives complertes de I3 a 6\u00e8 (excepte l&#8217;actual I3, I4 i 2n que s\u00f3n d&#8217;una sola l\u00ednia), amb un total de 17 aules\/tutories (4 a Infantil i 13 a Prim\u00e0ria). A nivell intern tripliquem els cursos de Cicle Superior per poder treballar amb una r\u00e0tio m\u00e9s baixa (15\/16 alumnes per aula).<\/span><\/p>\n<p style=\"text-align: center;\">\n","protected":false},"excerpt":{"rendered":"<p>Som l&#8217;Escola Pla de l&#8217;Ametller de Banyoles. Escola p\u00fablica de doble l\u00ednia. Titularitat del centre. Edifici de titularitat p\u00fablica: Departament d\u2019Educaci\u00f3 de la Generalitat de Catalunya i l\u2019Ajuntament de Banyoles. Ensenyaments que ofereix i nivells: Els nivells educatius que s\u2019ofereixen al centre s\u00f3n Educaci\u00f3 Infantil (3 a 6 anys) i Educaci\u00f3 Prim\u00e0ria (6 a 12 [&hellip;]<\/p>\n","protected":false},"author":1,"featured_media":0,"parent":22,"menu_order":20,"comment_status":"closed","ping_status":"closed","template":"","meta":{"_bbp_topic_count":0,"_bbp_reply_count":0,"_bbp_total_topic_count":0,"_bbp_total_reply_count":0,"_bbp_voice_count":0,"_bbp_anonymous_reply_count":0,"_bbp_topic_count_hidden":0,"_bbp_reply_count_hidden":0,"_bbp_forum_subforum_count":0,"site-sidebar-layout":"default","site-content-layout":"","ast-site-content-layout":"default","site-content-style":"default","site-sidebar-style":"default","ast-global-header-display":"","ast-banner-title-visibility":"","ast-main-header-display":"","ast-hfb-above-header-display":"","ast-hfb-below-header-display":"","ast-hfb-mobile-header-display":"","site-post-title":"","ast-breadcrumbs-content":"","ast-featured-img":"","footer-sml-layout":"","theme-transparent-header-meta":"","adv-header-id-meta":"","stick-header-meta":"","header-above-stick-meta":"","header-main-stick-meta":"","header-below-stick-meta":"","astra-migrate-meta-layouts":"set","ast-page-background-enabled":"default","ast-page-background-meta":{"desktop":{"background-color":"var(--ast-global-color-4)","background-image":"","background-repeat":"repeat","background-position":"center center","background-size":"auto","background-attachment":"scroll","background-type":"","background-media":"","overlay-type":"","overlay-color":"","overlay-opacity":"","overlay-gradient":""},"tablet":{"background-color":"","background-image":"","background-repeat":"repeat","background-position":"center center","background-size":"auto","background-attachment":"scroll","background-type":"","background-media":"","overlay-type":"","overlay-color":"","overlay-opacity":"","overlay-gradient":""},"mobile":{"background-color":"","background-image":"","background-repeat":"repeat","background-position":"center center","background-size":"auto","background-attachment":"scroll","background-type":"","background-media":"","overlay-type":"","overlay-color":"","overlay-opacity":"","overlay-gradient":""}},"ast-content-background-meta":{"desktop":{"background-color":"var(--ast-global-color-5)","background-image":"","background-repeat":"repeat","background-position":"center center","background-size":"auto","background-attachment":"scroll","background-type":"","background-media":"","overlay-type":"","overlay-color":"","overlay-opacity":"","overlay-gradient":""},"tablet":{"background-color":"var(--ast-global-color-5)","background-image":"","background-repeat":"repeat","background-position":"center center","background-size":"auto","background-attachment":"scroll","background-type":"","background-media":"","overlay-type":"","overlay-color":"","overlay-opacity":"","overlay-gradient":""},"mobile":{"background-color":"var(--ast-global-color-5)","background-image":"","background-repeat":"repeat","background-position":"center center","background-size":"auto","background-attachment":"scroll","background-type":"","background-media":"","overlay-type":"","overlay-color":"","overlay-opacity":"","overlay-gradient":""}},"footnotes":""},"class_list":["post-26","page","type-page","status-publish","hentry"],"post_mailing_queue_ids":[],"_links":{"self":[{"href":"https:\/\/agora.xtec.cat\/escolapladelametller\/wp-json\/wp\/v2\/pages\/26","targetHints":{"allow":["GET"]}}],"collection":[{"href":"https:\/\/agora.xtec.cat\/escolapladelametller\/wp-json\/wp\/v2\/pages"}],"about":[{"href":"https:\/\/agora.xtec.cat\/escolapladelametller\/wp-json\/wp\/v2\/types\/page"}],"author":[{"embeddable":true,"href":"https:\/\/agora.xtec.cat\/escolapladelametller\/wp-json\/wp\/v2\/users\/1"}],"replies":[{"embeddable":true,"href":"https:\/\/agora.xtec.cat\/escolapladelametller\/wp-json\/wp\/v2\/comments?post=26"}],"version-history":[{"count":5,"href":"https:\/\/agora.xtec.cat\/escolapladelametller\/wp-json\/wp\/v2\/pages\/26\/revisions"}],"predecessor-version":[{"id":8965,"href":"https:\/\/agora.xtec.cat\/escolapladelametller\/wp-json\/wp\/v2\/pages\/26\/revisions\/8965"}],"up":[{"embeddable":true,"href":"https:\/\/agora.xtec.cat\/escolapladelametller\/wp-json\/wp\/v2\/pages\/22"}],"wp:attachment":[{"href":"https:\/\/agora.xtec.cat\/escolapladelametller\/wp-json\/wp\/v2\/media?parent=26"}],"curies":[{"name":"wp","href":"https:\/\/api.w.org\/{rel}","templated":true}]}}