{"id":24,"date":"2014-09-18T12:23:15","date_gmt":"2014-09-18T11:23:15","guid":{"rendered":"http:\/\/agora.xtec.cat\/escolapladelametller\/?page_id=24"},"modified":"2026-02-23T21:02:01","modified_gmt":"2026-02-23T20:02:01","slug":"on-som","status":"publish","type":"page","link":"https:\/\/agora.xtec.cat\/escolapladelametller\/lescola\/on-som\/","title":{"rendered":"On som"},"content":{"rendered":"\n<p>Us donem la benvinguda a la nostra p\u00e0gina web.<\/p>\n\n\n\n<p>Si ens voleu con\u00e8ixer, aqu\u00ed teniu l&#8217;adre\u00e7a, el tel\u00e8fon, el correu electr\u00f2nic i el nostre compte d&#8217;Instagram. <\/p>\n\n\n\n<p>&nbsp;c\/ Formiga, 117<\/p>\n\n\n\n<p>17820 Banyoles<\/p>\n\n\n\n<p>Tel. 972571528<\/p>\n\n\n\n<p>b7000329<span class=\"\">@xtec.cat<\/span><\/p>\n\n\n\n<figure class=\"wp-block-image alignleft is-resized\"><a href=\"https:\/\/www.google.com\/maps\/place\/Escola+Pla+de+l'Ametller\/@42.1090661,2.7688491,17z\/data=!3m1!4b1!4m6!3m5!1s0x12bac20e87194305:0x32bf90dd09716af3!8m2!3d42.1090661!4d2.771424!16s%2Fg%2F11b6d4zgvd?hl=ca-ES&amp;entry=ttu\" target=\"_blank\" rel=\"noopener\"><img loading=\"lazy\" decoding=\"async\" width=\"300\" height=\"201\" src=\"https:\/\/agora.xtec.cat\/escolapladelametller\/wp-content\/uploads\/usu1463\/2023\/09\/ESCOLA-FOTO-300x201.jpg\" alt=\"\" class=\"wp-image-7690\" style=\"width:378px;height:auto\" srcset=\"https:\/\/agora.xtec.cat\/escolapladelametller\/wp-content\/uploads\/usu1463\/2023\/09\/ESCOLA-FOTO-300x201.jpg 300w, https:\/\/agora.xtec.cat\/escolapladelametller\/wp-content\/uploads\/usu1463\/2023\/09\/ESCOLA-FOTO.jpg 486w\" sizes=\"auto, (max-width: 300px) 100vw, 300px\" \/><\/a><\/figure>\n\n\n\n<figure class=\"wp-block-image alignleft size-full is-resized\" style=\"margin-top:0;margin-bottom:0\"><a href=\"https:\/\/www.instagram.com\/escolapladelametller\/\"><img loading=\"lazy\" decoding=\"async\" width=\"533\" height=\"373\" src=\"https:\/\/agora.xtec.cat\/escolapladelametller\/wp-content\/uploads\/usu1463\/2026\/02\/instagram-escola.jpg\" alt=\"\" class=\"wp-image-9356\" style=\"width:377px;height:auto\" srcset=\"https:\/\/agora.xtec.cat\/escolapladelametller\/wp-content\/uploads\/usu1463\/2026\/02\/instagram-escola.jpg 533w, https:\/\/agora.xtec.cat\/escolapladelametller\/wp-content\/uploads\/usu1463\/2026\/02\/instagram-escola-300x210.jpg 300w\" sizes=\"auto, (max-width: 533px) 100vw, 533px\" \/><\/a><\/figure>\n\n\n\n<p><\/p>\n\n\n\n<p><\/p>\n\n\n\n<p><\/p>\n\n\n\n<p><\/p>\n\n\n\n<p class=\"has-text-align-center\"><\/p>\n","protected":false},"excerpt":{"rendered":"<p>Us donem la benvinguda a la nostra p\u00e0gina web. Si ens voleu con\u00e8ixer, aqu\u00ed teniu l&#8217;adre\u00e7a, el tel\u00e8fon, el correu electr\u00f2nic i el nostre compte d&#8217;Instagram. &nbsp;c\/ Formiga, 117 17820 Banyoles Tel. 972571528 b7000329@xtec.cat<\/p>\n","protected":false},"author":1,"featured_media":0,"parent":22,"menu_order":10,"comment_status":"closed","ping_status":"closed","template":"","meta":{"_bbp_topic_count":0,"_bbp_reply_count":0,"_bbp_total_topic_count":0,"_bbp_total_reply_count":0,"_bbp_voice_count":0,"_bbp_anonymous_reply_count":0,"_bbp_topic_count_hidden":0,"_bbp_reply_count_hidden":0,"_bbp_forum_subforum_count":0,"site-sidebar-layout":"default","site-content-layout":"","ast-site-content-layout":"default","site-content-style":"default","site-sidebar-style":"default","ast-global-header-display":"","ast-banner-title-visibility":"","ast-main-header-display":"","ast-hfb-above-header-display":"","ast-hfb-below-header-display":"","ast-hfb-mobile-header-display":"","site-post-title":"","ast-breadcrumbs-content":"","ast-featured-img":"","footer-sml-layout":"","theme-transparent-header-meta":"","adv-header-id-meta":"","stick-header-meta":"","header-above-stick-meta":"","header-main-stick-meta":"","header-below-stick-meta":"","astra-migrate-meta-layouts":"set","ast-page-background-enabled":"default","ast-page-background-meta":{"desktop":{"background-color":"var(--ast-global-color-4)","background-image":"","background-repeat":"repeat","background-position":"center center","background-size":"auto","background-attachment":"scroll","background-type":"","background-media":"","overlay-type":"","overlay-color":"","overlay-opacity":"","overlay-gradient":""},"tablet":{"background-color":"","background-image":"","background-repeat":"repeat","background-position":"center center","background-size":"auto","background-attachment":"scroll","background-type":"","background-media":"","overlay-type":"","overlay-color":"","overlay-opacity":"","overlay-gradient":""},"mobile":{"background-color":"","background-image":"","background-repeat":"repeat","background-position":"center center","background-size":"auto","background-attachment":"scroll","background-type":"","background-media":"","overlay-type":"","overlay-color":"","overlay-opacity":"","overlay-gradient":""}},"ast-content-background-meta":{"desktop":{"background-color":"var(--ast-global-color-5)","background-image":"","background-repeat":"repeat","background-position":"center center","background-size":"auto","background-attachment":"scroll","background-type":"","background-media":"","overlay-type":"","overlay-color":"","overlay-opacity":"","overlay-gradient":""},"tablet":{"background-color":"var(--ast-global-color-5)","background-image":"","background-repeat":"repeat","background-position":"center center","background-size":"auto","background-attachment":"scroll","background-type":"","background-media":"","overlay-type":"","overlay-color":"","overlay-opacity":"","overlay-gradient":""},"mobile":{"background-color":"var(--ast-global-color-5)","background-image":"","background-repeat":"repeat","background-position":"center center","background-size":"auto","background-attachment":"scroll","background-type":"","background-media":"","overlay-type":"","overlay-color":"","overlay-opacity":"","overlay-gradient":""}},"footnotes":""},"class_list":["post-24","page","type-page","status-publish","hentry"],"post_mailing_queue_ids":[],"_links":{"self":[{"href":"https:\/\/agora.xtec.cat\/escolapladelametller\/wp-json\/wp\/v2\/pages\/24","targetHints":{"allow":["GET"]}}],"collection":[{"href":"https:\/\/agora.xtec.cat\/escolapladelametller\/wp-json\/wp\/v2\/pages"}],"about":[{"href":"https:\/\/agora.xtec.cat\/escolapladelametller\/wp-json\/wp\/v2\/types\/page"}],"author":[{"embeddable":true,"href":"https:\/\/agora.xtec.cat\/escolapladelametller\/wp-json\/wp\/v2\/users\/1"}],"replies":[{"embeddable":true,"href":"https:\/\/agora.xtec.cat\/escolapladelametller\/wp-json\/wp\/v2\/comments?post=24"}],"version-history":[{"count":6,"href":"https:\/\/agora.xtec.cat\/escolapladelametller\/wp-json\/wp\/v2\/pages\/24\/revisions"}],"predecessor-version":[{"id":9367,"href":"https:\/\/agora.xtec.cat\/escolapladelametller\/wp-json\/wp\/v2\/pages\/24\/revisions\/9367"}],"up":[{"embeddable":true,"href":"https:\/\/agora.xtec.cat\/escolapladelametller\/wp-json\/wp\/v2\/pages\/22"}],"wp:attachment":[{"href":"https:\/\/agora.xtec.cat\/escolapladelametller\/wp-json\/wp\/v2\/media?parent=24"}],"curies":[{"name":"wp","href":"https:\/\/api.w.org\/{rel}","templated":true}]}}