{"id":4117,"date":"2020-03-30T10:50:36","date_gmt":"2020-03-30T08:50:36","guid":{"rendered":"http:\/\/agora.xtec.cat\/escolapinyanalleida\/?page_id=4117"},"modified":"2022-02-06T11:25:43","modified_gmt":"2022-02-06T10:25:43","slug":"portes-obertes-telematiques","status":"publish","type":"page","link":"https:\/\/agora.xtec.cat\/escolapinyanalleida\/portes-obertes-telematiques\/","title":{"rendered":"PORTES OBERTES CURS 22\/23"},"content":{"rendered":"<p>Donat que s\u2019atansen les dates en les quals haureu d\u2019escollir el centre on els vostres fills cursaran<br \/>\nl\u2019ESO, us volem anunciar les <strong>Jornades de Portes Obertes<\/strong>, en qu\u00e8 alumnes i fam\u00edlies podreu<br \/>\ncon\u00e8ixer el nostre Centre.<\/p>\n<p>En aquesta reuni\u00f3 us informarem del nostre Projecte Educatiu, de la nostra l\u00ednia pedag\u00f2gica i de<br \/>\nles q\u00fcestions de funcionament del nostre Centre. Aix\u00ed mateix, respondrem tots els dubtes i<br \/>\ninquietuds que pugueu tenir.<\/p>\n<p>Les Jornades de Portes Obertes tindran lloc el <strong>dimarts 1<\/strong> i el <strong>dimecres 2 de mar\u00e7<\/strong>, en dos hores<br \/>\ndiferents, a les <strong>18.30 hores<\/strong> i a les <strong>20 hores<\/strong>.<\/p>\n<p>&nbsp;<\/p>\n<p><a href=\"https:\/\/agora.xtec.cat\/escolapinyanalleida\/wp-content\/uploads\/usu912\/2022\/02\/Portes-Obertes.pdf\">\u00a0Circular informativa: Portes Obertes\u00a0<\/a><\/p>\n","protected":false},"excerpt":{"rendered":"<p>Donat que s\u2019atansen les dates en les quals haureu d\u2019escollir el centre on els vostres fills cursaran<br \/>\nl\u2019ESO, us volem anunciar les Jornades de Portes Obertes, en qu\u00e8 alumnes i fam\u00edlies podreu<br \/>\ncon\u00e8ixer el nostre Centre.<br \/>\nEn aquesta reuni\u00f3 us informarem del nostre Projecte Educatiu, de la nostra&hellip;  <a href=\"https:\/\/agora.xtec.cat\/escolapinyanalleida\/portes-obertes-telematiques\/\" title=\"Read PORTES OBERTES CURS 22\/23\">Llegeix m\u00e9s\u00bb<\/a><\/p>\n","protected":false},"author":11,"featured_media":0,"parent":0,"menu_order":0,"comment_status":"closed","ping_status":"closed","template":"","meta":{"_bbp_topic_count":0,"_bbp_reply_count":0,"_bbp_total_topic_count":0,"_bbp_total_reply_count":0,"_bbp_voice_count":0,"_bbp_anonymous_reply_count":0,"_bbp_topic_count_hidden":0,"_bbp_reply_count_hidden":0,"_bbp_forum_subforum_count":0,"footnotes":""},"class_list":["post-4117","page","type-page","status-publish","hentry"],"post_mailing_queue_ids":[],"_links":{"self":[{"href":"https:\/\/agora.xtec.cat\/escolapinyanalleida\/wp-json\/wp\/v2\/pages\/4117","targetHints":{"allow":["GET"]}}],"collection":[{"href":"https:\/\/agora.xtec.cat\/escolapinyanalleida\/wp-json\/wp\/v2\/pages"}],"about":[{"href":"https:\/\/agora.xtec.cat\/escolapinyanalleida\/wp-json\/wp\/v2\/types\/page"}],"author":[{"embeddable":true,"href":"https:\/\/agora.xtec.cat\/escolapinyanalleida\/wp-json\/wp\/v2\/users\/11"}],"replies":[{"embeddable":true,"href":"https:\/\/agora.xtec.cat\/escolapinyanalleida\/wp-json\/wp\/v2\/comments?post=4117"}],"version-history":[{"count":5,"href":"https:\/\/agora.xtec.cat\/escolapinyanalleida\/wp-json\/wp\/v2\/pages\/4117\/revisions"}],"predecessor-version":[{"id":5787,"href":"https:\/\/agora.xtec.cat\/escolapinyanalleida\/wp-json\/wp\/v2\/pages\/4117\/revisions\/5787"}],"wp:attachment":[{"href":"https:\/\/agora.xtec.cat\/escolapinyanalleida\/wp-json\/wp\/v2\/media?parent=4117"}],"curies":[{"name":"wp","href":"https:\/\/api.w.org\/{rel}","templated":true}]}}