{"id":3862,"date":"2020-02-20T10:23:28","date_gmt":"2020-02-20T09:23:28","guid":{"rendered":"http:\/\/agora.xtec.cat\/escolapinyanalleida\/?page_id=3862"},"modified":"2021-06-08T13:23:12","modified_gmt":"2021-06-08T11:23:12","slug":"preinscricio-curs-20-21","status":"publish","type":"page","link":"https:\/\/agora.xtec.cat\/escolapinyanalleida\/preinscricio-curs-20-21\/","title":{"rendered":"Preinscrici\u00f3 curs 21\/22"},"content":{"rendered":"<p>&nbsp;<\/p>\n<h4 style=\"text-align: left;\"><strong>El\u00a069.448 \u00e9s el n\u00famero de desempat per a la preinscripci\u00f3 escolar 2021-22.<\/strong><\/h4>\n<p>&nbsp;<\/p>\n<table style=\"width: 598px; border-color: #ffffff; height: 94px;\">\n<tbody>\n<tr style=\"height: 89px;\">\n<td style=\"width: 507.879px; border-color: #fcfafa; height: 83px;\">Alumnes assignats al centre amb indicaci\u00f3 de la primera petici\u00f3<\/td>\n<td style=\"width: 83.0303px; border-color: #fafafc; height: 83px;\"><a href=\"https:\/\/drive.google.com\/file\/d\/1HYXBl25WbqlAcCE4Y6tZQXhHxBKoGNdI\/view?usp=sharing\" target=\"_blank\" rel=\"noopener noreferrer\"><img loading=\"lazy\" decoding=\"async\" class=\"alignnone\" src=\"https:\/\/icons.iconarchive.com\/icons\/pelfusion\/long-shadow-media\/256\/Document-icon.png\" alt=\"Document Icon | Long Shadow Media Iconset | PelFusion\" width=\"256\" height=\"256\" \/><\/a><\/td>\n<\/tr>\n<\/tbody>\n<\/table>\n<table style=\"width: 598px; border-color: #ffffff; height: 94px;\">\n<tbody>\n<tr style=\"height: 89px;\">\n<td style=\"width: 507.879px; border-color: #fcfafa; height: 83px;\">Llista d&#8217;espera<\/td>\n<td style=\"width: 83.0303px; border-color: #fafafc; height: 83px;\"><a href=\"https:\/\/drive.google.com\/file\/d\/1D2oEytU9b3kMTL6fO81lYksqS9Wh7KtI\/view?usp=sharing\" target=\"_blank\" rel=\"noopener noreferrer\"><img loading=\"lazy\" decoding=\"async\" class=\"alignnone\" src=\"https:\/\/icons.iconarchive.com\/icons\/pelfusion\/long-shadow-media\/256\/Document-icon.png\" alt=\"Document Icon | Long Shadow Media Iconset | PelFusion\" width=\"256\" height=\"256\" \/><\/a><\/td>\n<\/tr>\n<\/tbody>\n<\/table>\n<table style=\"width: 598px; border-color: #ffffff; height: 94px;\">\n<tbody>\n<tr style=\"height: 89px;\">\n<td style=\"width: 507.879px; border-color: #fcfafa; height: 83px;\">Publicaci\u00f3 de l&#8217;oferta definitiva de places d&#8217;Educaci\u00f3 Infantil de segon cicle i<\/p>\n<p>Prim\u00e0ria<\/td>\n<td style=\"width: 83.0303px; border-color: #fafafc; height: 83px;\"><a href=\"https:\/\/drive.google.com\/file\/d\/1NTaGxA01fBzjjcSkVYC36AOwkc0219Vd\/view?usp=sharing\"><img loading=\"lazy\" decoding=\"async\" class=\"alignnone\" src=\"https:\/\/icons.iconarchive.com\/icons\/pelfusion\/long-shadow-media\/256\/Document-icon.png\" alt=\"Document Icon | Long Shadow Media Iconset | PelFusion\" width=\"256\" height=\"256\" \/><\/a><\/td>\n<\/tr>\n<\/tbody>\n<\/table>\n<div>\n<table style=\"width: 598px; border-color: #ffffff; height: 94px;\">\n<tbody>\n<tr style=\"height: 89px;\">\n<td style=\"width: 507.879px; border-color: #fcfafa; height: 83px;\">Llista de sol\u00b7licituds que han demanat el centre i l&#8217;ensenyament en primera<\/p>\n<p>petici\u00f3 amb el barem resoltes les reclamacions a 30\/04\/2021<\/td>\n<td style=\"width: 83.0303px; border-color: #fafafc; height: 83px;\"><a href=\"https:\/\/drive.google.com\/file\/d\/1yrp8emgca29BRiMwjuXzv2IjaG4a7ZO0\/view?usp=sharing\"><img loading=\"lazy\" decoding=\"async\" class=\"alignnone\" src=\"https:\/\/icons.iconarchive.com\/icons\/pelfusion\/long-shadow-media\/256\/Document-icon.png\" alt=\"Document Icon | Long Shadow Media Iconset | PelFusion\" width=\"256\" height=\"256\" \/><\/a><\/td>\n<\/tr>\n<\/tbody>\n<\/table>\n<table style=\"width: 598px; border-color: #ffffff; height: 94px;\">\n<tbody>\n<tr style=\"height: 89px;\">\n<td style=\"width: 507.879px; border-color: #fcfafa; height: 83px;\">Llista de sol\u00b7licituds que han demanat el centre i l&#8217;ensenyament en primera<\/p>\n<p>petici\u00f3 amb el barem provisional a 19\/04\/2021<\/td>\n<td style=\"width: 83.0303px; border-color: #fafafc; height: 83px;\"><a href=\"https:\/\/drive.google.com\/file\/d\/1kc43FKmu02ShEYMS9Wwv94tF-GxHA1Uo\/view?usp=sharing\"><img loading=\"lazy\" decoding=\"async\" class=\"alignnone\" src=\"https:\/\/icons.iconarchive.com\/icons\/pelfusion\/long-shadow-media\/256\/Document-icon.png\" alt=\"Document Icon | Long Shadow Media Iconset | PelFusion\" width=\"256\" height=\"256\" \/><\/a><\/td>\n<\/tr>\n<\/tbody>\n<\/table>\n<table style=\"width: 598px; border-color: #ffffff; height: 94px;\">\n<tbody>\n<tr style=\"height: 89px;\">\n<td style=\"width: 507.879px; border-color: #fcfafa; height: 83px;\">Publicaci\u00f3 de l&#8217;oferta inicial de places<\/td>\n<td style=\"width: 83.0303px; border-color: #fafafc; height: 83px;\"><a href=\"https:\/\/drive.google.com\/file\/d\/1LESVV1H9IwSzsf5s4EEcNTMHeRyccAFY\/view?usp=sharing\"><img decoding=\"async\" src=\"https:\/\/icons.iconarchive.com\/icons\/pelfusion\/long-shadow-media\/256\/Document-icon.png\" alt=\"Document Icon | Long Shadow Media Iconset | PelFusion\" \/><\/a><\/td>\n<\/tr>\n<\/tbody>\n<\/table>\n<table style=\"width: 598px; border-color: #ffffff; height: 89px;\">\n<tbody>\n<tr style=\"height: 89px;\">\n<td style=\"width: 507.879px; border-color: #fcfafa; text-align: left; height: 89px;\">Us deixem l&#8217;enlla\u00e7 al document amb informaci\u00f3 d&#8217;inter\u00e8s. Podreu veure qui<\/p>\n<p>som i els aspectes m\u00e9s importants que ens identifiquen com escola.<\/td>\n<td style=\"width: 83.0303px; border-color: #fafafc; height: 89px;\"><a href=\"https:\/\/drive.google.com\/file\/d\/1uC8laRQYvso2xrcQtGFUd4R6zQVUaryU\/view?usp=sharing\"><img decoding=\"async\" src=\"https:\/\/icons.iconarchive.com\/icons\/pelfusion\/long-shadow-media\/256\/Document-icon.png\" alt=\"Document Icon | Long Shadow Media Iconset | PelFusion\" \/><\/a><\/td>\n<\/tr>\n<\/tbody>\n<\/table>\n<\/div>\n<div class=\"FW_sArticleFoto\">\n<div class=\"FW_sEditPro\">\n<p>&nbsp;<\/p>\n<\/div>\n<\/div>\n<div class=\"FW_sPregunta FW_sImpacte\">\n<div class=\"FW_sArticleFoto\">\n<div class=\"FW_sEditPro\">\n<h4 style=\"text-align: left;\"><\/h4>\n<\/div>\n<\/div>\n<p>&nbsp;<\/p>\n<\/div>\n","protected":false},"excerpt":{"rendered":"<p>&nbsp;<br \/>\nEl\u00a069.448 \u00e9s el n\u00famero de desempat per a la preinscripci\u00f3 escolar 2021-22.<br \/>\n&nbsp;<\/p>\n<p>Alumnes assignats al centre amb indicaci\u00f3 de la primera petici\u00f3<br \/>\n<a href=\"https:\/\/drive.google.com\/file\/d\/1HYXBl25WbqlAcCE4Y6tZQXhHxBKoGNdI\/view?usp=sharing\" target=\"_blank\" rel=\"noopener noreferrer\"><\/a><\/p>\n<p>Llista d&#8217;espera<br \/>\n<a href=\"https:\/\/drive.google.com\/file\/d\/1D2oEytU9b3kMTL6fO81lYksqS9Wh7KtI\/view?usp=sharing\" target=\"_blank\" rel=\"noopener noreferrer\"><\/a><\/p>\n<p>Publicaci\u00f3 de l&#8217;oferta definitiva de places d&#8217;Educaci\u00f3 Infantil de segon cicle i<br \/>\nPrim\u00e0ria<br \/>\n<a href=\"https:\/\/drive.google.com\/file\/d\/1NTaGxA01fBzjjcSkVYC36AOwkc0219Vd\/view?usp=sharing\"><\/a><\/p>\n<p>Llista de sol\u00b7licituds que&hellip;  <a href=\"https:\/\/agora.xtec.cat\/escolapinyanalleida\/preinscricio-curs-20-21\/\" title=\"Read Preinscrici\u00f3 curs 21\/22\">Llegeix m\u00e9s\u00bb<\/a><\/p>\n","protected":false},"author":11,"featured_media":0,"parent":0,"menu_order":0,"comment_status":"closed","ping_status":"closed","template":"","meta":{"_bbp_topic_count":0,"_bbp_reply_count":0,"_bbp_total_topic_count":0,"_bbp_total_reply_count":0,"_bbp_voice_count":0,"_bbp_anonymous_reply_count":0,"_bbp_topic_count_hidden":0,"_bbp_reply_count_hidden":0,"_bbp_forum_subforum_count":0,"footnotes":""},"class_list":["post-3862","page","type-page","status-publish","hentry"],"post_mailing_queue_ids":[],"_links":{"self":[{"href":"https:\/\/agora.xtec.cat\/escolapinyanalleida\/wp-json\/wp\/v2\/pages\/3862","targetHints":{"allow":["GET"]}}],"collection":[{"href":"https:\/\/agora.xtec.cat\/escolapinyanalleida\/wp-json\/wp\/v2\/pages"}],"about":[{"href":"https:\/\/agora.xtec.cat\/escolapinyanalleida\/wp-json\/wp\/v2\/types\/page"}],"author":[{"embeddable":true,"href":"https:\/\/agora.xtec.cat\/escolapinyanalleida\/wp-json\/wp\/v2\/users\/11"}],"replies":[{"embeddable":true,"href":"https:\/\/agora.xtec.cat\/escolapinyanalleida\/wp-json\/wp\/v2\/comments?post=3862"}],"version-history":[{"count":4,"href":"https:\/\/agora.xtec.cat\/escolapinyanalleida\/wp-json\/wp\/v2\/pages\/3862\/revisions"}],"predecessor-version":[{"id":5108,"href":"https:\/\/agora.xtec.cat\/escolapinyanalleida\/wp-json\/wp\/v2\/pages\/3862\/revisions\/5108"}],"wp:attachment":[{"href":"https:\/\/agora.xtec.cat\/escolapinyanalleida\/wp-json\/wp\/v2\/media?parent=3862"}],"curies":[{"name":"wp","href":"https:\/\/api.w.org\/{rel}","templated":true}]}}