{"id":28,"date":"2014-09-18T12:29:35","date_gmt":"2014-09-18T11:29:35","guid":{"rendered":"http:\/\/agora.xtec.cat\/escolapinyanalleida\/?page_id=28"},"modified":"2022-06-14T20:34:17","modified_gmt":"2022-06-14T18:34:17","slug":"consell-escolar","status":"publish","type":"page","link":"https:\/\/agora.xtec.cat\/escolapinyanalleida\/lescola\/consell-escolar\/","title":{"rendered":"Equip educatiu"},"content":{"rendered":"<p>&nbsp;<\/p>\n<table style=\"border-collapse: collapse; width: 100%; height: 96px;\">\n<tbody>\n<tr style=\"height: 32px;\">\n<td style=\"width: 33.3333%; height: 32px; text-align: center;\" rowspan=\"3\"><span style=\"font-weight: 400;\">Equip directiu<\/span><\/td>\n<td style=\"width: 33.3333%; height: 32px; text-align: center;\"><span style=\"font-weight: 400;\">Directora<\/span><\/td>\n<td style=\"width: 33.3333%; height: 32px; text-align: center;\"><span style=\"font-weight: 400;\">Anna Mosegu\u00ed<\/span><\/td>\n<\/tr>\n<tr style=\"height: 32px;\">\n<td style=\"width: 33.3333%; height: 32px; text-align: center;\"><span style=\"font-weight: 400;\">Cap d\u2019estudis<\/span><\/td>\n<td style=\"width: 33.3333%; height: 32px; text-align: center;\"><span style=\"font-weight: 400;\">Iban Oto<\/span><\/td>\n<\/tr>\n<tr style=\"height: 32px;\">\n<td style=\"width: 33.3333%; height: 32px; text-align: center;\"><span style=\"font-weight: 400;\">Secretaria<\/span><\/td>\n<td style=\"width: 33.3333%; height: 32px; text-align: center;\"><span style=\"font-weight: 400;\">M\u00f2nica Bobet<\/span><\/td>\n<\/tr>\n<\/tbody>\n<\/table>\n<table style=\"border-collapse: collapse; width: 100%; height: 192px;\">\n<tbody>\n<tr style=\"height: 32px;\">\n<td style=\"width: 50%; height: 32px; text-align: center;\" rowspan=\"6\"><span style=\"font-weight: 400;\">Educaci\u00f3 Infantil<\/span><\/td>\n<td style=\"width: 50%; height: 32px; text-align: center;\"><span style=\"font-weight: 400;\">Vanesa Soto (Tutora P-3)<\/span><\/td>\n<\/tr>\n<tr style=\"height: 32px;\">\n<td style=\"width: 50%; height: 32px; text-align: center;\"><span style=\"font-weight: 400;\">Anna Ametlla (Tutora P-4 i coordinadora)<\/span><\/td>\n<\/tr>\n<tr style=\"height: 32px;\">\n<td style=\"width: 50%; height: 32px; text-align: center;\"><span style=\"font-weight: 400;\">Mar Farreny (Tutora P-5)<\/span><\/td>\n<\/tr>\n<tr style=\"height: 32px;\">\n<td style=\"width: 50%; height: 32px; text-align: center;\"><span style=\"font-weight: 400;\">Ceci Domingo (TEI)<\/span><\/td>\n<\/tr>\n<tr style=\"height: 32px;\">\n<td style=\"width: 50%; height: 32px; text-align: center;\"><span style=\"font-weight: 400;\">Ivet Calabria (Tutora SIEI)<\/span><\/td>\n<\/tr>\n<tr style=\"height: 32px;\">\n<td style=\"width: 50%; height: 32px; text-align: center;\"><span style=\"font-weight: 400;\">Clara Collado (Educadora SIEI)<\/span><\/td>\n<\/tr>\n<\/tbody>\n<\/table>\n<table style=\"border-collapse: collapse; width: 100%; height: 239px;\">\n<tbody>\n<tr style=\"height: 32px;\">\n<td style=\"width: 50%; text-align: center; height: 239px;\" rowspan=\"7\">Cicle Inicial<\/td>\n<td style=\"width: 50%; text-align: center; height: 32px;\">N\u00faria Espinet (Tutora 1r)<\/td>\n<\/tr>\n<tr style=\"height: 32px;\">\n<td style=\"width: 50%; text-align: center; height: 32px;\">Anna Roure (Tutora 2n, angl\u00e8s CI i coordinadora)<\/td>\n<\/tr>\n<tr style=\"height: 32px;\">\n<td style=\"width: 50%; text-align: center; height: 32px;\">Blanca Ardiaca ( M\u00fasica i suport)<\/td>\n<\/tr>\n<tr style=\"height: 32px;\">\n<td style=\"width: 50%; text-align: center; height: 32px;\">Cristina de Castellarnau (Suport)<\/td>\n<\/tr>\n<tr style=\"height: 47px;\">\n<td style=\"width: 50%; text-align: center; height: 47px;\">H\u00e8ctor Redondo (Psicomotricitat a infantil, angl\u00e8s P4 i educaci\u00f3 f\u00edsica a CI)<\/td>\n<\/tr>\n<tr style=\"height: 32px;\">\n<td style=\"width: 50%; text-align: center; height: 32px;\">Anna Mosegu\u00ed (Suport prim\u00e0ria)<\/td>\n<\/tr>\n<tr style=\"height: 32px;\">\n<td style=\"width: 50%; text-align: center; height: 32px;\">Eli Cepillo (Auxiliar d\u2019Educaci\u00f3 Especial)<\/td>\n<\/tr>\n<\/tbody>\n<\/table>\n<table style=\"border-collapse: collapse; width: 100%; height: 207px;\">\n<tbody>\n<tr style=\"height: 32px;\">\n<td style=\"width: 50%; text-align: center; height: 207px;\" rowspan=\"6\">Cicle Mitj\u00e0<\/td>\n<td style=\"width: 50%; text-align: center; height: 32px;\">Olga Ortega (Tutora 3r)<\/td>\n<\/tr>\n<tr style=\"height: 32px;\">\n<td style=\"width: 50%; text-align: center; height: 32px;\">Robert Hern\u00e1ndez (Tutor 4t-A)<\/td>\n<\/tr>\n<tr style=\"height: 32px;\">\n<td style=\"width: 50%; text-align: center; height: 32px;\">Mila Fern\u00e1ndez (Tutora 4t-B)<\/td>\n<\/tr>\n<tr style=\"height: 47px;\">\n<td style=\"width: 50%; text-align: center; height: 47px;\">Rous Mart\u00ednez\/ Ariadna Gateu (Pedagogia terap\u00e8utica, educaci\u00f3 f\u00edsica CM i coordinadora)<\/td>\n<\/tr>\n<tr style=\"height: 32px;\">\n<td style=\"width: 50%; text-align: center; height: 32px;\">M\u00f2nica Bobet (Angl\u00e8s i suport)<\/td>\n<\/tr>\n<tr style=\"height: 32px;\">\n<td style=\"width: 50%; text-align: center; height: 32px;\">Maria Perib\u00e1\u00f1ez (Aula d&#8217;acollida i suport)<\/td>\n<\/tr>\n<\/tbody>\n<\/table>\n<table style=\"border-collapse: collapse; width: 100%; height: 256px;\">\n<tbody>\n<tr style=\"height: 32px;\">\n<td style=\"width: 50%; text-align: center; height: 256px;\" rowspan=\"8\">Cicle Superior<\/td>\n<td style=\"width: 50%; text-align: center; height: 32px;\">Ver\u00f2nica Castells (Tutora 5\u00e8-A)<\/td>\n<\/tr>\n<tr style=\"height: 32px;\">\n<td style=\"width: 50%; text-align: center; height: 32px;\">Sergio Villach (Tutor 5\u00e8-B)<\/td>\n<\/tr>\n<tr style=\"height: 32px;\">\n<td style=\"width: 50%; text-align: center; height: 32px;\">Anna Duaso (Tutora 6\u00e8-A i coordinadora)<\/td>\n<\/tr>\n<tr style=\"height: 32px;\">\n<td style=\"width: 50%; text-align: center; height: 32px;\">Maria Jos\u00e9 Murillo (tutora 6\u00e8-B)<\/td>\n<\/tr>\n<tr style=\"height: 32px;\">\n<td style=\"width: 50%; text-align: center; height: 32px;\">Ver\u00f2nica Caubet (Tutora 6\u00e8-C)<\/td>\n<\/tr>\n<tr style=\"height: 32px;\">\n<td style=\"width: 50%; text-align: center; height: 32px;\">Annabel Agust\u00ed (Angl\u00e8s i suport)<\/td>\n<\/tr>\n<tr style=\"height: 32px;\">\n<td style=\"width: 50%; text-align: center; height: 32px;\">Iban Oto (Educaci\u00f3 f\u00edsica i rob\u00f2tica)<\/td>\n<\/tr>\n<tr style=\"height: 32px;\">\n<td style=\"width: 50%; text-align: center; height: 32px;\">Jordi Tendero (M\u00fasica i suport)<\/td>\n<\/tr>\n<\/tbody>\n<\/table>\n<table style=\"border-collapse: collapse; width: 100%;\">\n<tbody>\n<tr>\n<td style=\"width: 33.3333%; text-align: center;\" rowspan=\"7\"><span style=\"font-weight: 400;\">Personal PAS-PAE i altres professionals<\/span><\/td>\n<td style=\"width: 33.3333%; text-align: center;\"><span style=\"font-weight: 400;\">Administrativa<\/span><\/td>\n<td style=\"width: 33.3333%; text-align: center;\"><span style=\"font-weight: 400;\">Carme Escu\u00e9<\/span><\/td>\n<\/tr>\n<tr>\n<td style=\"width: 33.3333%; text-align: center;\"><span style=\"font-weight: 400;\">Conserge<\/span><\/td>\n<td style=\"width: 33.3333%; text-align: center;\"><span style=\"font-weight: 400;\">Anna Barrientos<\/span><\/td>\n<\/tr>\n<tr>\n<td style=\"width: 33.3333%; text-align: center;\">T\u00e8cnica d&#8217;educaci\u00f3 infantil (TEI)<\/td>\n<td style=\"width: 33.3333%; text-align: center;\"><span style=\"font-weight: 400;\">Ceci Domingo<\/span><\/td>\n<\/tr>\n<tr>\n<td style=\"width: 33.3333%; text-align: center;\"><span style=\"font-weight: 400;\">Educadora SIEI<\/span><\/td>\n<td style=\"width: 33.3333%; text-align: center;\"><span style=\"font-weight: 400;\">Clara Collado<\/span><\/td>\n<\/tr>\n<tr>\n<td style=\"width: 33.3333%; text-align: center;\">Auxiliar d&#8217;educaci\u00f3 especial<\/td>\n<td style=\"width: 33.3333%; text-align: center;\">Eli Cepillo<\/td>\n<\/tr>\n<tr>\n<td style=\"width: 33.3333%; text-align: center;\"><span style=\"font-weight: 400;\">TIS: coordinadora del centre amb l\u2019assistent social<\/span><\/td>\n<td style=\"width: 33.3333%; text-align: center;\"><span style=\"font-weight: 400;\">Anna Gabarrella<\/span><\/td>\n<\/tr>\n<tr>\n<td style=\"width: 33.3333%; text-align: center;\"><span style=\"font-weight: 400;\">Coordinadora de menjador i personal de neteja<\/span><\/td>\n<td style=\"width: 33.3333%; text-align: center;\"><span style=\"font-weight: 400;\">Olga Gonz\u00e1lez<\/span><\/td>\n<\/tr>\n<\/tbody>\n<\/table>\n","protected":false},"excerpt":{"rendered":"<p>&nbsp;<\/p>\n<p>Equip directiu<br \/>\nDirectora<br \/>\nAnna Mosegu\u00ed<\/p>\n<p>Cap d\u2019estudis<br \/>\nIban Oto<\/p>\n<p>Secretaria<br \/>\nM\u00f2nica Bobet<\/p>\n<p>Educaci\u00f3 Infantil<br \/>\nVanesa Soto (Tutora P-3)<\/p>\n<p>Anna Ametlla (Tutora P-4 i coordinadora)<\/p>\n<p>Mar Farreny (Tutora P-5)<\/p>\n<p>Ceci Domingo (TEI)<\/p>\n<p>Ivet Calabria (Tutora SIEI)<\/p>\n<p>Clara Collado (Educadora SIEI)<\/p>\n<p>Cicle Inicial<br \/>\nN\u00faria Espinet (Tutora 1r)<\/p>\n<p>Anna Roure (Tutora 2n, angl\u00e8s CI i coordinadora)<\/p>\n<p>Blanca Ardiaca ( M\u00fasica i suport)<\/p>\n<p>Cristina de Castellarnau (Suport)<\/p>\n<p>H\u00e8ctor&hellip;  <a href=\"https:\/\/agora.xtec.cat\/escolapinyanalleida\/lescola\/consell-escolar\/\" title=\"Read Equip educatiu\">Llegeix m\u00e9s\u00bb<\/a><\/p>\n","protected":false},"author":1,"featured_media":0,"parent":22,"menu_order":30,"comment_status":"closed","ping_status":"closed","template":"page-templates\/side-menu.php","meta":{"_bbp_topic_count":0,"_bbp_reply_count":0,"_bbp_total_topic_count":0,"_bbp_total_reply_count":0,"_bbp_voice_count":0,"_bbp_anonymous_reply_count":0,"_bbp_topic_count_hidden":0,"_bbp_reply_count_hidden":0,"_bbp_forum_subforum_count":0,"footnotes":""},"class_list":["post-28","page","type-page","status-publish","hentry"],"post_mailing_queue_ids":[],"_links":{"self":[{"href":"https:\/\/agora.xtec.cat\/escolapinyanalleida\/wp-json\/wp\/v2\/pages\/28","targetHints":{"allow":["GET"]}}],"collection":[{"href":"https:\/\/agora.xtec.cat\/escolapinyanalleida\/wp-json\/wp\/v2\/pages"}],"about":[{"href":"https:\/\/agora.xtec.cat\/escolapinyanalleida\/wp-json\/wp\/v2\/types\/page"}],"author":[{"embeddable":true,"href":"https:\/\/agora.xtec.cat\/escolapinyanalleida\/wp-json\/wp\/v2\/users\/1"}],"replies":[{"embeddable":true,"href":"https:\/\/agora.xtec.cat\/escolapinyanalleida\/wp-json\/wp\/v2\/comments?post=28"}],"version-history":[{"count":5,"href":"https:\/\/agora.xtec.cat\/escolapinyanalleida\/wp-json\/wp\/v2\/pages\/28\/revisions"}],"predecessor-version":[{"id":6413,"href":"https:\/\/agora.xtec.cat\/escolapinyanalleida\/wp-json\/wp\/v2\/pages\/28\/revisions\/6413"}],"up":[{"embeddable":true,"href":"https:\/\/agora.xtec.cat\/escolapinyanalleida\/wp-json\/wp\/v2\/pages\/22"}],"wp:attachment":[{"href":"https:\/\/agora.xtec.cat\/escolapinyanalleida\/wp-json\/wp\/v2\/media?parent=28"}],"curies":[{"name":"wp","href":"https:\/\/api.w.org\/{rel}","templated":true}]}}