{"id":26,"date":"2014-09-18T12:24:32","date_gmt":"2014-09-18T11:24:32","guid":{"rendered":"http:\/\/agora.xtec.cat\/escolapinyanalleida\/?page_id=26"},"modified":"2016-02-17T13:50:26","modified_gmt":"2016-02-17T12:50:26","slug":"historia","status":"publish","type":"page","link":"https:\/\/agora.xtec.cat\/escolapinyanalleida\/lescola\/historia\/","title":{"rendered":"Trets d&#8217;identitat"},"content":{"rendered":"<p><strong>Escola catalana.<\/strong> Empra el catal\u00e0 com a llengua pr\u00f2pia i vehicular d&#8217;ensenyament i aprenentatge.<\/p>\n<p><strong>Escola aconfessional i pluralista.<\/strong> Respecta les diferents maneres de pensar i \u00e9s oberta a tothom. Educa per la llibertat, la responsabilitat i per l&#8217;adquisici\u00f3 d&#8217;h\u00e0bits i conductes que fan dels seus membres persones socials dignes de la comunitat on viuen.<\/p>\n<p><strong>Escola coeducadora i no sexista.<\/strong> Educa per la conviv\u00e8ncia i respecte als altres basant-se en la coeducaci\u00f3, sense cap mena de discriminaci\u00f3 per ra\u00f3 de sexe.<\/p>\n<p><strong>Escola solid\u00e0ria i tolerant.<\/strong> Educa per la just\u00edcia, la solidaritat i la no discriminaci\u00f3.<\/p>\n<p><strong>Educaci\u00f3 integral.<\/strong> Escola que descobreix en el treball, les aptituds de cadasc\u00fa, aprenent a desenvolupar totes les capacitats personals i a respectar les dels altres, fomentant l&#8217;autoestima i real\u00e7ant l&#8217;aspecte formatiu de la persona. La comunitat educativa estimula i potencia el desenvolupament integral de l&#8217;alumnat tenint en compte les caracter\u00edstiques personals que fan \u00fanic\/a a cada alumne\/a.<\/p>\n<p><strong>Educaci\u00f3 socialitzadora.<\/strong> Educa en les estrat\u00e8gies per resoldre les dificultats i per concienciar dels drets i deures que comporta la vida en societat, fugint de l&#8217;estricta competitivitat. Cerca f\u00f3rmules diveres d&#8217;actuaci\u00f3, que si b\u00e9 inclouen la competici\u00f3 ho fan de manera no prioritzada i sempre vetllant perqu\u00e8 es donin les adequades condicions de respecte entre els companys i companyes. Eduquem per ser competents.<\/p>\n<p><strong>Escola dialogant.<\/strong> Afavoridora del di\u00e0leg, mantenint una relaci\u00f3 real i efectiva entre els pares, mestres, alumnes i altres professionals implicats dins la comunitat escolar, per mitj\u00e0 dels representants elegits per cada un d&#8217;aquests estaments.<\/p>\n<p><strong>Ensenyament personalitzat i de qualitat.<\/strong> Escola ques aspira a un ensenyament de qualitat i personalitzat, que ensenyi i a aprendre, a consultar i a adaptar-se a la constant evoluci\u00f3 social (aprenentatge significatiu).<\/p>\n<p><strong>Ensenyament actiu i innovador.<\/strong> Escola que potencia l&#8217;aspecte instructiu, que fomenta l&#8217;experimentaci\u00f3, el descobriment, la formaci\u00f3 d&#8217;h\u00e0bits \u00e8tics i c\u00edvics, aprendre a aprendre, el coneixement del medi.<\/p>\n<p><strong>Escola oberta a la participaci\u00f3.<\/strong> Valora com a fonamental la participaci\u00f3 de l&#8217;alumnat en totes les tasques d&#8217;aprenentatges i en les diferents activitats, i que fomenta el treball individual i en equip. Facilita que el professorat, pares, treballadors no docents i alumnes participin en la gesti\u00f3 i activitats diverses del centre, segons la legislaci\u00f3 vigent.<\/p>\n<p><strong>Escola respectuosa amb l&#8217;entorn i compromesa amb el medi ambient.<\/strong> Es vol treballar per la sostenibilitat: residus, mobilitat, gesti\u00f3 de recursos&#8230;<\/p>\n<p><strong>Visi\u00f3 cr\u00edtica.<\/strong> Escola que vol aconseguir que es valorin els fets amb visi\u00f3 cr\u00edtica, fomentant l&#8217;observaci\u00f3, la investigaci\u00f3, l&#8217;an\u00e0lisi, la s\u00edntesi, l&#8217;autoavaluaci\u00f3 i l&#8217;aprendre del propi error.<\/p>\n","protected":false},"excerpt":{"rendered":"<p>Escola catalana. Empra el catal\u00e0 com a llengua pr\u00f2pia i vehicular d&#8217;ensenyament i aprenentatge.<br \/>\nEscola aconfessional i pluralista. Respecta les diferents maneres de pensar i \u00e9s oberta a tothom. Educa per la llibertat, la responsabilitat i per l&#8217;adquisici\u00f3 d&#8217;h\u00e0bits i conductes que fan dels seus membres&hellip;  <a href=\"https:\/\/agora.xtec.cat\/escolapinyanalleida\/lescola\/historia\/\" title=\"Read Trets d&#8217;identitat\">Llegeix m\u00e9s\u00bb<\/a><\/p>\n","protected":false},"author":1,"featured_media":0,"parent":22,"menu_order":20,"comment_status":"closed","ping_status":"closed","template":"page-templates\/side-menu.php","meta":{"_bbp_topic_count":0,"_bbp_reply_count":0,"_bbp_total_topic_count":0,"_bbp_total_reply_count":0,"_bbp_voice_count":0,"_bbp_anonymous_reply_count":0,"_bbp_topic_count_hidden":0,"_bbp_reply_count_hidden":0,"_bbp_forum_subforum_count":0,"footnotes":""},"class_list":["post-26","page","type-page","status-publish","hentry"],"post_mailing_queue_ids":[],"_links":{"self":[{"href":"https:\/\/agora.xtec.cat\/escolapinyanalleida\/wp-json\/wp\/v2\/pages\/26","targetHints":{"allow":["GET"]}}],"collection":[{"href":"https:\/\/agora.xtec.cat\/escolapinyanalleida\/wp-json\/wp\/v2\/pages"}],"about":[{"href":"https:\/\/agora.xtec.cat\/escolapinyanalleida\/wp-json\/wp\/v2\/types\/page"}],"author":[{"embeddable":true,"href":"https:\/\/agora.xtec.cat\/escolapinyanalleida\/wp-json\/wp\/v2\/users\/1"}],"replies":[{"embeddable":true,"href":"https:\/\/agora.xtec.cat\/escolapinyanalleida\/wp-json\/wp\/v2\/comments?post=26"}],"version-history":[{"count":3,"href":"https:\/\/agora.xtec.cat\/escolapinyanalleida\/wp-json\/wp\/v2\/pages\/26\/revisions"}],"predecessor-version":[{"id":350,"href":"https:\/\/agora.xtec.cat\/escolapinyanalleida\/wp-json\/wp\/v2\/pages\/26\/revisions\/350"}],"up":[{"embeddable":true,"href":"https:\/\/agora.xtec.cat\/escolapinyanalleida\/wp-json\/wp\/v2\/pages\/22"}],"wp:attachment":[{"href":"https:\/\/agora.xtec.cat\/escolapinyanalleida\/wp-json\/wp\/v2\/media?parent=26"}],"curies":[{"name":"wp","href":"https:\/\/api.w.org\/{rel}","templated":true}]}}