{"id":9765,"date":"2025-06-16T10:08:34","date_gmt":"2025-06-16T08:08:34","guid":{"rendered":"https:\/\/agora.xtec.cat\/escolapinyana\/?page_id=9765"},"modified":"2026-02-02T12:55:51","modified_gmt":"2026-02-02T11:55:51","slug":"pmoe-proa-2025-2029","status":"publish","type":"page","link":"https:\/\/agora.xtec.cat\/escolapinyana\/pmoe-proa-2025-2029\/","title":{"rendered":"PMOE-PROA+ 2024-2025"},"content":{"rendered":"<h3>ACTIVITAT PALANCA 106<\/h3>\n<ul>\n<li><strong>ACC\u00c9S EQUITATIU A LES COL\u00d2NIES<\/strong><\/li>\n<\/ul>\n<table style=\"border-collapse: collapse; width: 100%;\">\n<tbody>\n<tr>\n<td style=\"width: 50%;\"><a href=\"https:\/\/agora.xtec.cat\/escolapinyana\/portada\/colonies-a-vilafranca-del-penedes\/\" target=\"_blank\" rel=\"noopener\"><img loading=\"lazy\" decoding=\"async\" class=\"wp-image-9467 aligncenter\" src=\"https:\/\/agora.xtec.cat\/escolapinyana\/wp-content\/uploads\/usu1012\/2025\/04\/ESTADES-A-vILAFRANCA-1-1024x576.jpg\" alt=\"\" width=\"284\" height=\"160\" srcset=\"https:\/\/agora.xtec.cat\/escolapinyana\/wp-content\/uploads\/usu1012\/2025\/04\/ESTADES-A-vILAFRANCA-1-1024x576.jpg 1024w, https:\/\/agora.xtec.cat\/escolapinyana\/wp-content\/uploads\/usu1012\/2025\/04\/ESTADES-A-vILAFRANCA-1-300x169.jpg 300w, https:\/\/agora.xtec.cat\/escolapinyana\/wp-content\/uploads\/usu1012\/2025\/04\/ESTADES-A-vILAFRANCA-1-768x432.jpg 768w, https:\/\/agora.xtec.cat\/escolapinyana\/wp-content\/uploads\/usu1012\/2025\/04\/ESTADES-A-vILAFRANCA-1-1536x864.jpg 1536w, https:\/\/agora.xtec.cat\/escolapinyana\/wp-content\/uploads\/usu1012\/2025\/04\/ESTADES-A-vILAFRANCA-1.jpg 1920w\" sizes=\"auto, (max-width: 284px) 100vw, 284px\" \/><\/a><\/td>\n<td style=\"width: 50%;\">\n<h3><a href=\"https:\/\/agora.xtec.cat\/escolapinyana\/portada\/colonies-a-la-seu-durgell\/\" target=\"_blank\" rel=\"noopener\"><img loading=\"lazy\" decoding=\"async\" class=\"wp-image-9776 aligncenter\" src=\"https:\/\/agora.xtec.cat\/escolapinyana\/wp-content\/uploads\/usu1012\/2025\/06\/0-1-e1750062374943.jpg\" alt=\"\" width=\"293\" height=\"165\" srcset=\"https:\/\/agora.xtec.cat\/escolapinyana\/wp-content\/uploads\/usu1012\/2025\/06\/0-1-e1750062374943.jpg 480w, https:\/\/agora.xtec.cat\/escolapinyana\/wp-content\/uploads\/usu1012\/2025\/06\/0-1-e1750062374943-300x169.jpg 300w\" sizes=\"auto, (max-width: 293px) 100vw, 293px\" \/><\/a><\/h3>\n<\/td>\n<\/tr>\n<\/tbody>\n<\/table>\n<p>&nbsp;<\/p>\n<h3>ACTIVITAT\u00a0 PALANCA 103<\/h3>\n<ul>\n<li><strong>PARELLES LING\u00dc\u00cdSTIQUES<\/strong><\/li>\n<\/ul>\n<table style=\"border-collapse: collapse; width: 100%;\">\n<tbody>\n<tr>\n<td style=\"width: 33.3333%;\"><img decoding=\"async\" src=\"https:\/\/agora.xtec.cat\/escolapinyana\/wp-content\/uploads\/usu1012\/2025\/06\/IMG_1451.jpg\" \/><\/td>\n<td style=\"width: 33.3333%;\"><img decoding=\"async\" src=\"https:\/\/agora.xtec.cat\/escolapinyana\/wp-content\/uploads\/usu1012\/2025\/06\/IMG_1450.jpg\" \/><\/td>\n<td style=\"width: 33.3333%;\"><img decoding=\"async\" src=\"https:\/\/agora.xtec.cat\/escolapinyana\/wp-content\/uploads\/usu1012\/2025\/06\/IMG_1449.jpg\" \/><\/td>\n<\/tr>\n<tr>\n<td style=\"width: 33.3333%;\"><img decoding=\"async\" src=\"https:\/\/agora.xtec.cat\/escolapinyana\/wp-content\/uploads\/usu1012\/2025\/06\/IMG_1448.jpg\" \/><\/td>\n<td style=\"width: 33.3333%;\"><img decoding=\"async\" src=\"https:\/\/agora.xtec.cat\/escolapinyana\/wp-content\/uploads\/usu1012\/2025\/06\/IMG_1447.jpg\" \/><\/td>\n<td style=\"width: 33.3333%;\"><img decoding=\"async\" src=\"https:\/\/agora.xtec.cat\/escolapinyana\/wp-content\/uploads\/usu1012\/2025\/06\/IMG_1344.jpg\" \/><\/td>\n<\/tr>\n<\/tbody>\n<\/table>\n<ul>\n<li><strong>IMPLEMENTACI\u00d3 D&#8217;ACTIVITATS D&#8217;AULA QUE IMPLIQUEN LA PARTICIPACI\u00d3 DE LES FAM\u00cdLIES<\/strong><\/li>\n<\/ul>\n<p><img loading=\"lazy\" decoding=\"async\" class=\"\" src=\"https:\/\/agora.xtec.cat\/escolapinyana\/wp-content\/uploads\/usu1012\/2025\/06\/El-text-del-paragraf.jpg\" width=\"431\" height=\"242\" \/><\/p>\n<ul>\n<li><strong>CREACI\u00d3 D&#8217;ESPAIS INCLUSIUS ENTRE FAM\u00cdLIES I ESCOLA.<\/strong><\/li>\n<\/ul>\n<h3>ACTIVITAT PALANCA 102<\/h3>\n<ul>\n<li><strong>FORMACI\u00d3 DE FAM\u00cdLIES EN RELACI\u00d3 AMB LA COMPET\u00c8NCIA DIGITAL I LA MILLORA DE LES HABILITATS PARENTALS<\/strong><\/li>\n<\/ul>\n<h3>ACTIVITAT PALANCA 303<\/h3>\n<ul>\n<li><strong><strong>IMPLEMENTACI\u00d3 D&#8217;ACTIVITATS QUE IMPLIQUEN LA PARTICIPACI\u00d3 DE DIFERENTS ASSOCIACIONS (BITLLES I SARDANES)<\/strong><\/strong><br \/>\n<table style=\"border-collapse: collapse; width: 100%;\">\n<tbody>\n<tr>\n<td style=\"width: 50%;\"><a href=\"https:\/\/agora.xtec.cat\/escolapinyana\/portada\/3a-tirada-de-bitlles-5e\/\" target=\"_blank\" rel=\"noopener\"><img decoding=\"async\" src=\"https:\/\/agora.xtec.cat\/escolapinyana\/wp-content\/uploads\/usu1012\/2025\/05\/IMG_20250516_122134528_HDR.jpg\" \/><\/a><\/td>\n<td style=\"width: 50%;\"><a href=\"https:\/\/agora.xtec.cat\/escolapinyana\/wp-content\/uploads\/usu1012\/2025\/06\/IMG_6065-copia.jpg\"><img loading=\"lazy\" decoding=\"async\" class=\"alignright size-full wp-image-9803\" src=\"https:\/\/agora.xtec.cat\/escolapinyana\/wp-content\/uploads\/usu1012\/2025\/06\/IMG_6065-copia.jpg\" alt=\"\" width=\"1008\" height=\"756\" srcset=\"https:\/\/agora.xtec.cat\/escolapinyana\/wp-content\/uploads\/usu1012\/2025\/06\/IMG_6065-copia.jpg 1008w, https:\/\/agora.xtec.cat\/escolapinyana\/wp-content\/uploads\/usu1012\/2025\/06\/IMG_6065-copia-300x225.jpg 300w, https:\/\/agora.xtec.cat\/escolapinyana\/wp-content\/uploads\/usu1012\/2025\/06\/IMG_6065-copia-768x576.jpg 768w, https:\/\/agora.xtec.cat\/escolapinyana\/wp-content\/uploads\/usu1012\/2025\/06\/IMG_6065-copia-200x150.jpg 200w\" sizes=\"auto, (max-width: 1008px) 100vw, 1008px\" \/><\/a><\/td>\n<\/tr>\n<\/tbody>\n<\/table>\n<\/li>\n<\/ul>\n<ul>\n<li><strong>PROGRAMACI\u00d3 DE SORTIDES A L&#8217;ENTORN PER POTENCIAR EL CONEIXEMENT DEL PATRIMONI I EL SENTIMENT DE PERTINEN\u00c7A<\/strong><\/li>\n<\/ul>\n<p><a href=\"https:\/\/agora.xtec.cat\/escolapinyana\/portada\/sortida-a-lentorn-de-4t\/\" target=\"_blank\" rel=\"noopener\"><img loading=\"lazy\" decoding=\"async\" class=\"wp-image-8677 alignleft\" src=\"https:\/\/agora.xtec.cat\/escolapinyana\/wp-content\/uploads\/usu1012\/2024\/10\/IMG_5135-1-1024x768.jpg\" alt=\"\" width=\"400\" height=\"300\" srcset=\"https:\/\/agora.xtec.cat\/escolapinyana\/wp-content\/uploads\/usu1012\/2024\/10\/IMG_5135-1-1024x768.jpg 1024w, https:\/\/agora.xtec.cat\/escolapinyana\/wp-content\/uploads\/usu1012\/2024\/10\/IMG_5135-1-300x225.jpg 300w, https:\/\/agora.xtec.cat\/escolapinyana\/wp-content\/uploads\/usu1012\/2024\/10\/IMG_5135-1-768x576.jpg 768w, https:\/\/agora.xtec.cat\/escolapinyana\/wp-content\/uploads\/usu1012\/2024\/10\/IMG_5135-1-1536x1152.jpg 1536w, https:\/\/agora.xtec.cat\/escolapinyana\/wp-content\/uploads\/usu1012\/2024\/10\/IMG_5135-1-200x150.jpg 200w, https:\/\/agora.xtec.cat\/escolapinyana\/wp-content\/uploads\/usu1012\/2024\/10\/IMG_5135-1.jpg 2016w\" sizes=\"auto, (max-width: 400px) 100vw, 400px\" \/><\/a><\/p>\n<p>&nbsp;<\/p>\n<p>&nbsp;<\/p>\n<p>&nbsp;<\/p>\n<p>&nbsp;<\/p>\n<p>&nbsp;<\/p>\n<p>&nbsp;<\/p>\n<p>&nbsp;<\/p>\n<p>&nbsp;<\/p>\n<ul>\n<li><strong>FOMENT DE LA PARTICIPACI\u00d3 A ACTIVITATS DE LLEURE DEL MUNICIPI (ACTIVITATS ESPORTIVES, TEATRE, CASALS D&#8217;ESTIU,&#8230;)<\/strong><\/li>\n<\/ul>\n<p><a href=\"https:\/\/agora.xtec.cat\/escolapinyana\/wp-content\/uploads\/usu1012\/2024\/06\/unnamed-1.jpg\"><img loading=\"lazy\" decoding=\"async\" class=\"wp-image-8507 alignleft\" src=\"https:\/\/agora.xtec.cat\/escolapinyana\/wp-content\/uploads\/usu1012\/2024\/06\/unnamed-1.jpg\" alt=\"\" width=\"287\" height=\"287\" srcset=\"https:\/\/agora.xtec.cat\/escolapinyana\/wp-content\/uploads\/usu1012\/2024\/06\/unnamed-1.jpg 900w, https:\/\/agora.xtec.cat\/escolapinyana\/wp-content\/uploads\/usu1012\/2024\/06\/unnamed-1-300x300.jpg 300w, https:\/\/agora.xtec.cat\/escolapinyana\/wp-content\/uploads\/usu1012\/2024\/06\/unnamed-1-150x150.jpg 150w, https:\/\/agora.xtec.cat\/escolapinyana\/wp-content\/uploads\/usu1012\/2024\/06\/unnamed-1-768x768.jpg 768w\" sizes=\"auto, (max-width: 287px) 100vw, 287px\" \/><\/a><\/p>\n<p>&nbsp;<\/p>\n<p>&nbsp;<\/p>\n<p>&nbsp;<\/p>\n<h3><\/h3>\n<h3><\/h3>\n<h3><\/h3>\n<h3><\/h3>\n<h3><\/h3>\n<p>&nbsp;<\/p>\n<p>&nbsp;<\/p>\n<p>&nbsp;<\/p>\n<h3><\/h3>\n<h3><\/h3>\n<h3><\/h3>\n<h3><\/h3>\n<h3><\/h3>\n<h3><\/h3>\n<h3>ACTIVITAT PALANCA 201<\/h3>\n<ul>\n<li><strong>PLA D&#8217;ABSENTISME<\/strong><\/li>\n<\/ul>\n<h3>ACTIVITAT PALANCA 234<\/h3>\n<ul>\n<li><strong>TALLER D&#8217;ESTUDI ASSISTIT<\/strong><\/li>\n<\/ul>\n<p><img loading=\"lazy\" decoding=\"async\" class=\"\" src=\"https:\/\/agora.xtec.cat\/escolapinyana\/wp-content\/uploads\/usu1012\/2025\/06\/IMG_20250617_123005.jpg\" width=\"231\" height=\"308\" \/><\/p>\n<h3>ACTIVITAT PALANCA 305<\/h3>\n<ul>\n<li><strong>DETECCI\u00d3 I SEGUIMENT DE LES CONDUCTES SOCIALS A L&#8217;AULA A PARTIR DE 4t<\/strong><\/li>\n<li><strong>ACTIVITATS PREVENTIVES DE L&#8217;AB\u00daS SEXUAL A EDUCACI\u00d3 PRIM\u00c0RIA<\/strong><\/li>\n<li><strong>ACTIVITATS INTERGENERACIONALS<\/strong><\/li>\n<\/ul>\n<p><a href=\"https:\/\/agora.xtec.cat\/escolapinyana\/portada\/visita-dels-padrins-de-la-residencia\/\" target=\"_blank\" rel=\"noopener\"><img loading=\"lazy\" decoding=\"async\" class=\"\" src=\"https:\/\/agora.xtec.cat\/escolapinyana\/wp-content\/uploads\/usu1012\/2025\/05\/VISITA-DELS-PADRIN@S-DE-LA.jpg\" width=\"379\" height=\"268\" \/><\/a><\/p>\n<ul>\n<li><strong>TALLERS SOBRE LA DIVERSITAT SEXUAL I MODELS DE FAM\u00cdLIES<\/strong><\/li>\n<\/ul>\n<p>&nbsp;<\/p>\n<p><img loading=\"lazy\" decoding=\"async\" class=\"\" src=\"https:\/\/agora.xtec.cat\/escolapinyana\/wp-content\/uploads\/usu1012\/2025\/06\/setmana-de-salut-i-prevencio-11.jpg\" width=\"470\" height=\"264\" \/><\/p>\n<p>&nbsp;<\/p>\n<h3>ACTIVITAT PALANCA 401<\/h3>\n<ul>\n<li><strong>TALLER DE RECICLATGE<\/strong><\/li>\n<\/ul>\n<p><img loading=\"lazy\" decoding=\"async\" class=\"\" src=\"https:\/\/agora.xtec.cat\/escolapinyana\/wp-content\/uploads\/usu1012\/2025\/06\/setmana-de-salut-i-prevencio-11-1.jpg\" width=\"409\" height=\"230\" \/><\/p>\n<ul>\n<li><strong>DISSENY I SEQ\u00dcENCIACI\u00d3 D&#8217;ACTIVITATS STEAM CENTRADES EN ELS ODS<\/strong><\/li>\n<\/ul>\n<p><a href=\"https:\/\/agora.xtec.cat\/escolapinyana\/infantil\/festa-de-la-primavera-3\/\" target=\"_blank\" rel=\"noopener\"><img loading=\"lazy\" decoding=\"async\" class=\"\" src=\"https:\/\/agora.xtec.cat\/escolapinyana\/wp-content\/uploads\/usu1012\/2025\/06\/PROJECTE-INTERDISCIPLINAR-2024-2025.jpg\" width=\"403\" height=\"285\" \/><\/a><\/p>\n<p>&nbsp;<\/p>\n<p>&nbsp;<\/p>\n<p>&nbsp;<\/p>\n<p>&nbsp;<\/p>\n<p>&nbsp;<\/p>\n","protected":false},"excerpt":{"rendered":"<p>ACTIVITAT PALANCA 106<\/p>\n<ul>\n<li>ACC\u00c9S EQUITATIU A LES COL\u00d2NIES<\/li>\n<\/ul>\n<p><a href=\"https:\/\/agora.xtec.cat\/escolapinyana\/portada\/colonies-a-vilafranca-del-penedes\/\" target=\"_blank\" rel=\"noopener\"><\/a><\/p>\n<p><a href=\"https:\/\/agora.xtec.cat\/escolapinyana\/portada\/colonies-a-la-seu-durgell\/\" target=\"_blank\" rel=\"noopener\"><\/a><\/p>\n<p>&nbsp;<br \/>\nACTIVITAT\u00a0 PALANCA 103<\/p>\n<ul>\n<li>PARELLES LING\u00dc\u00cdSTIQUES<\/li>\n<\/ul>\n<ul>\n<li>IMPLEMENTACI\u00d3 D&#8217;ACTIVITATS D&#8217;AULA QUE IMPLIQUEN LA PARTICIPACI\u00d3 DE LES FAM\u00cdLIES<\/li>\n<\/ul>\n<ul>\n<li>CREACI\u00d3 D&#8217;ESPAIS INCLUSIUS ENTRE FAM\u00cdLIES I ESCOLA.<\/li>\n<\/ul>\n<p>ACTIVITAT PALANCA 102<\/p>\n<ul>\n<li>FORMACI\u00d3 DE FAM\u00cdLIES EN RELACI\u00d3 AMB LA COMPET\u00c8NCIA DIGITAL I LA MILLORA DE&hellip;  <a href=\"https:\/\/agora.xtec.cat\/escolapinyana\/pmoe-proa-2025-2029\/\" title=\"Read PMOE-PROA+ 2024-2025\">Llegeix m\u00e9s\u00bb<\/a><br \/>\n","protected":false},"author":1,"featured_media":0,"parent":0,"menu_order":0,"comment_status":"closed","ping_status":"closed","template":"","meta":{"_bbp_topic_count":0,"_bbp_reply_count":0,"_bbp_total_topic_count":0,"_bbp_total_reply_count":0,"_bbp_voice_count":0,"_bbp_anonymous_reply_count":0,"_bbp_topic_count_hidden":0,"_bbp_reply_count_hidden":0,"_bbp_forum_subforum_count":0,"footnotes":""},"class_list":["post-9765","page","type-page","status-publish","hentry"],"post_mailing_queue_ids":[],"_links":{"self":[{"href":"https:\/\/agora.xtec.cat\/escolapinyana\/wp-json\/wp\/v2\/pages\/9765","targetHints":{"allow":["GET"]}}],"collection":[{"href":"https:\/\/agora.xtec.cat\/escolapinyana\/wp-json\/wp\/v2\/pages"}],"about":[{"href":"https:\/\/agora.xtec.cat\/escolapinyana\/wp-json\/wp\/v2\/types\/page"}],"author":[{"embeddable":true,"href":"https:\/\/agora.xtec.cat\/escolapinyana\/wp-json\/wp\/v2\/users\/1"}],"replies":[{"embeddable":true,"href":"https:\/\/agora.xtec.cat\/escolapinyana\/wp-json\/wp\/v2\/comments?post=9765"}],"version-history":[{"count":6,"href":"https:\/\/agora.xtec.cat\/escolapinyana\/wp-json\/wp\/v2\/pages\/9765\/revisions"}],"predecessor-version":[{"id":9844,"href":"https:\/\/agora.xtec.cat\/escolapinyana\/wp-json\/wp\/v2\/pages\/9765\/revisions\/9844"}],"wp:attachment":[{"href":"https:\/\/agora.xtec.cat\/escolapinyana\/wp-json\/wp\/v2\/media?parent=9765"}],"curies":[{"name":"wp","href":"https:\/\/api.w.org\/{rel}","templated":true}]}}