{"id":7353,"date":"2023-06-19T13:56:29","date_gmt":"2023-06-19T11:56:29","guid":{"rendered":"https:\/\/agora.xtec.cat\/escolapinyana\/?page_id=7353"},"modified":"2023-06-26T13:36:11","modified_gmt":"2023-06-26T11:36:11","slug":"pmoe-proa-2022-2023-2","status":"publish","type":"page","link":"https:\/\/agora.xtec.cat\/escolapinyana\/pmoe-proa-2022-2023-2\/","title":{"rendered":"PMOE-PROA+ 2022-2023"},"content":{"rendered":"<h3>ACTIVITAT PALANCA 102 (AP102): FORMACI\u00d3 DE FAM\u00cdLIES:<\/h3>\n<ul style=\"list-style-type: circle;\">\n<li>\n<pre><strong>FORMACI\u00d3 DE FAM\u00cdLIES EN RELACI\u00d3 AMB LA COMPET\u00c8NCIA DIGITAL.<\/strong><\/pre>\n<\/li>\n<\/ul>\n<p><img loading=\"lazy\" decoding=\"async\" class=\"\" src=\"https:\/\/agora.xtec.cat\/escolapinyana\/wp-content\/uploads\/usu1012\/2023\/06\/1687332348279.jpg\" width=\"206\" height=\"274\" \/><\/p>\n<h3>ACTIVITAT PALANCA 103 (AP103): FAM\u00cdLIES A L&#8217;ESCOLA:<\/h3>\n<ul style=\"list-style-type: circle;\">\n<li>\n<pre><strong>IMPLEMENTACI\u00d3 D'ACTIVITATS D'AULA.<\/strong><\/pre>\n<\/li>\n<\/ul>\n<p>&nbsp;<\/p>\n<table style=\"border-collapse: collapse; width: 100%;\">\n<tbody>\n<tr>\n<td style=\"width: 33.3333%;\">&nbsp;<\/p>\n<p><a href=\"https:\/\/agora.xtec.cat\/escolapinyana\/wp-content\/uploads\/usu1012\/2023\/06\/WhatsApp-Image-2023-06-12-at-13.02.34.jpeg\" target=\"_blank\" rel=\"noopener\"><img loading=\"lazy\" decoding=\"async\" class=\"\" src=\"https:\/\/agora.xtec.cat\/escolapinyana\/wp-content\/uploads\/usu1012\/2023\/06\/WhatsApp-Image-2023-06-12-at-13.02.34.jpeg\" width=\"400\" height=\"189\" \/><\/a><\/p>\n<p>&nbsp;<\/p>\n<p>&nbsp;<\/td>\n<td style=\"width: 33.3333%;\"><a href=\"https:\/\/agora.xtec.cat\/escolapinyana\/portada\/racons-amb-familia\/\" target=\"_blank\" rel=\"noopener\"><img loading=\"lazy\" decoding=\"async\" class=\"\" src=\"https:\/\/agora.xtec.cat\/escolapinyana\/wp-content\/uploads\/usu1012\/2023\/05\/IMG20230426161854.jpg\" width=\"258\" height=\"344\" \/><\/a><\/td>\n<td style=\"width: 33.3333%;\"><a href=\"https:\/\/agora.xtec.cat\/escolapinyana\/portada\/lhort-dels-jordis-activitats-amb-families\/\" target=\"_blank\" rel=\"noopener\"><img loading=\"lazy\" decoding=\"async\" class=\"\" src=\"https:\/\/agora.xtec.cat\/escolapinyana\/wp-content\/uploads\/usu1012\/2023\/06\/20230529_092929.jpg\" width=\"309\" height=\"232\" \/><\/a><\/td>\n<\/tr>\n<\/tbody>\n<\/table>\n<p>&nbsp;<\/p>\n<ul style=\"list-style-type: circle;\">\n<li>\n<pre><strong>CREACI\u00d3 DE PARELLES LING\u00dc\u00cdSTIQUES.<\/strong><\/pre>\n<\/li>\n<\/ul>\n<p><a href=\"https:\/\/agora.xtec.cat\/escolapinyana\/portada\/parelles-linguistiques-2023\/\" target=\"_blank\" rel=\"noopener\"><img loading=\"lazy\" decoding=\"async\" class=\"\" src=\"https:\/\/agora.xtec.cat\/escolapinyana\/wp-content\/uploads\/usu1012\/2023\/04\/Pink-and-Purple-Playful-Back-to-School-Presentation.jpg\" width=\"288\" height=\"162\" \/><\/a><\/p>\n<ul style=\"list-style-type: circle;\">\n<li>\n<pre><strong>SERVEI D'ACOLLIDA.<\/strong><\/pre>\n<\/li>\n<li>\n<pre><strong>CREACI\u00d3 D'ESPAIS INCLUSIUS.<\/strong><\/pre>\n<\/li>\n<li>\n<pre><strong>FOMENT DELS CANALS DE DIFUSI\u00d3.<\/strong><\/pre>\n<\/li>\n<\/ul>\n<p>&nbsp;<\/p>\n<h3>ACTIVITAT PALANCA 106 (AP106): CONVIV\u00c8NCIES I SORTIDES FORA DEL CENTRE:<\/h3>\n<ul style=\"list-style-type: circle;\">\n<li>\n<pre><strong>ACC\u00c9S EQUITATIU A LES COL\u00d2NIES.<\/strong><\/pre>\n<\/li>\n<\/ul>\n<p><a href=\"https:\/\/agora.xtec.cat\/escolapinyana\/general\/colonies-coma-ruga\/\" target=\"_blank\" rel=\"noopener\"><img decoding=\"async\" src=\"https:\/\/agora.xtec.cat\/escolapinyana\/wp-content\/uploads\/usu1012\/2023\/03\/baixa.jpg\" \/><\/a>\u00a0 \u00a0 <a href=\"https:\/\/agora.xtec.cat\/escolapinyana\/portada\/colonies-la-carral\/\" target=\"_blank\" rel=\"noopener\"><img loading=\"lazy\" decoding=\"async\" class=\"\" src=\"https:\/\/agora.xtec.cat\/escolapinyana\/wp-content\/uploads\/usu1012\/2023\/03\/IMG_20230321_110208-1.jpg\" width=\"243\" height=\"182\" \/><\/a><\/p>\n<ul style=\"list-style-type: circle;\">\n<li>\n<pre><strong>REDUCCI\u00d3 DEL PREU DE SORTIDES.<\/strong><\/pre>\n<\/li>\n<\/ul>\n<table style=\"border-collapse: collapse; width: 100%;\">\n<tbody>\n<tr>\n<td style=\"width: 33.3333%;\">&nbsp;<\/p>\n<p><a style=\"color: #2795b6; font-size: 16px;\" href=\"https:\/\/agora.xtec.cat\/escolapinyana\/portada\/sortida-a-ager\/\" target=\"_blank\" rel=\"noopener\"><img loading=\"lazy\" decoding=\"async\" class=\"\" src=\"https:\/\/agora.xtec.cat\/escolapinyana\/wp-content\/uploads\/usu1012\/2022\/12\/bonissima.png\" width=\"265\" height=\"197\" \/><\/a><\/p>\n<p>&nbsp;<\/td>\n<td style=\"width: 33.3333%;\"><a style=\"color: #2795b6; font-size: 16px;\" href=\"https:\/\/agora.xtec.cat\/escolapinyana\/portada\/corrandescola-2023\/\" target=\"_blank\" rel=\"noopener\"><img loading=\"lazy\" decoding=\"async\" class=\"\" src=\"https:\/\/agora.xtec.cat\/escolapinyana\/wp-content\/uploads\/usu1012\/2023\/06\/IMG_8289_11zon-scaled.jpg\" width=\"262\" height=\"196\" \/><\/a><\/td>\n<td style=\"width: 33.3333%;\"><a href=\"https:\/\/agora.xtec.cat\/escolapinyana\/infantil\/sortida-a-la-granja-pifarre\/\" target=\"_blank\" rel=\"noopener\"><img loading=\"lazy\" decoding=\"async\" class=\"\" src=\"https:\/\/agora.xtec.cat\/escolapinyana\/wp-content\/uploads\/usu1012\/2023\/05\/0-3.jpg\" width=\"270\" height=\"203\" \/><\/a><\/td>\n<\/tr>\n<\/tbody>\n<\/table>\n<p><a href=\"https:\/\/agora.xtec.cat\/escolapinyana\/portada\/sortida-a-ager\/\" target=\"_blank\" rel=\"noopener\">\u00a0 \u00a0<\/a><a href=\"https:\/\/agora.xtec.cat\/escolapinyana\/portada\/corrandescola-2023\/\" target=\"_blank\" rel=\"noopener\">\u00a0 \u00a0<\/a><\/p>\n<h3>ACTIVITAT PALANCA 201 (AP201): PLA D&#8217;ABSENTISME:<\/h3>\n<ul style=\"list-style-type: circle;\">\n<li>\n<pre><strong>PROGRAMA MARC DE PREVENCI\u00d3 I CONTROL DE L'ABSENTISME ESCOLAR.<\/strong><\/pre>\n<\/li>\n<\/ul>\n<p>&nbsp;<\/p>\n<h3>ACTIVITAT PALANCA 205 (AP205): APLICAR MILLORES METODOL\u00d2GIQUES DE CAIRE COMPETENCIAL EN L&#8217;\u00c0MBIT MATEM\u00c0TIC:<\/h3>\n<ul style=\"list-style-type: circle;\">\n<li>\n<pre><strong>IMPLEMENTACI\u00d3 D'ACTIVITATS MATEM\u00c0TIQUES BASADES EN L'EXPERIMENTACI\u00d3, LA MANIPULACI\u00d3 I LA CONVERSA, MITJAN\u00c7ANT EL MATERIAL D'INNOVAMAT.<\/strong><\/pre>\n<\/li>\n<li>\n<pre><strong>MINORACI\u00d3 DEL MATERIAL D'INNOVAMAT.<\/strong><\/pre>\n<\/li>\n<\/ul>\n<p><a href=\"https:\/\/agora.xtec.cat\/escolapinyana\/portada\/els-reptes-dinnovamat-ens-fan-pensar\/\" target=\"_blank\" rel=\"noopener\"><img loading=\"lazy\" decoding=\"async\" class=\"\" src=\"https:\/\/agora.xtec.cat\/escolapinyana\/wp-content\/uploads\/usu1012\/2023\/06\/IMG_20230523_101742.jpg\" width=\"273\" height=\"205\" \/><\/a><\/p>\n<p>&nbsp;<\/p>\n<h3>ACTIVITAT PALANCA 234 (AP234): TALLERS D&#8217;ESTUDI ASSISTIT:<\/h3>\n<ul style=\"list-style-type: circle;\">\n<li>\n<pre><strong>FOMENT DE LA PARTICIPACI\u00d3 A TALLERS D'ESTUDI ASSISTIT.<\/strong><\/pre>\n<\/li>\n<\/ul>\n<h5><img loading=\"lazy\" decoding=\"async\" class=\"\" src=\"https:\/\/agora.xtec.cat\/escolapinyana\/wp-content\/uploads\/usu1012\/2023\/06\/IMG_20230621_115329-rotated-e1687343688524.jpg\" width=\"178\" height=\"238\" \/><\/h5>\n<h3>ACTIVITAT PALANCA 303 (AP303): SUMEM TOTES I TOTS:<\/h3>\n<ul style=\"list-style-type: circle;\">\n<li>\n<pre><strong>IMPLEMENTACI\u00d3 D'ACTIVITATS QUE IMPLIQUEN LA PARTICIPACI\u00d3 DE DIFERENTS ASSOCIACIONS.<\/strong><\/pre>\n<\/li>\n<\/ul>\n<p><a href=\"https:\/\/agora.xtec.cat\/escolapinyana\/portada\/3a-classe-a-5e-amb-el-club-de-bitlles-dalfarras\/\" target=\"_blank\" rel=\"noopener\"><img loading=\"lazy\" decoding=\"async\" class=\"\" src=\"https:\/\/agora.xtec.cat\/escolapinyana\/wp-content\/uploads\/usu1012\/2023\/06\/20230613_221710.jpg\" width=\"283\" height=\"193\" \/><\/a><\/p>\n<ul style=\"list-style-type: circle;\">\n<li>\n<pre><strong>PROGRAMACI\u00d3 DE SORTIDES A L'ENTORN PER POTENCIAR EL CONEIXEMENT DEL PATRIMONI I EL SENTIMENT DE PERTINEN\u00c7A.<\/strong><\/pre>\n<\/li>\n<\/ul>\n<p><a href=\"https:\/\/agora.xtec.cat\/escolapinyana\/general\/sortida-pel-nostre-poble\/\" target=\"_blank\" rel=\"noopener\"><img loading=\"lazy\" decoding=\"async\" class=\"\" src=\"https:\/\/agora.xtec.cat\/escolapinyana\/wp-content\/uploads\/usu1012\/2023\/05\/SORTIDA-ENTORN-ALEX-PANIELLO.jpeg\" width=\"286\" height=\"214\" \/><\/a><\/p>\n<ul style=\"list-style-type: circle;\">\n<li>\n<pre><strong>FOMENT DE LA PARTICIPACI\u00d3 A\u00a0 ACTIVITATS DE LLEURE DEL MUNICIPI.<\/strong><\/pre>\n<\/li>\n<\/ul>\n<p>&nbsp;<\/p>\n<h3>ACTIVITAT PALANCA 305 (AP305): MIRADES EMOCIONALS PER A MILLORAR L&#8217;APRENENTAGE:<\/h3>\n<ul style=\"list-style-type: circle;\">\n<li>\n<pre><strong>DETECCI\u00d3 I SEGUIMENT DE LES CONDUCTES SOCIALS A L'AULA A PARTIR DE 4t.<\/strong><\/pre>\n<\/li>\n<\/ul>\n<p><img loading=\"lazy\" decoding=\"async\" class=\"\" src=\"https:\/\/agora.xtec.cat\/escolapinyana\/wp-content\/uploads\/usu1012\/2023\/06\/MA-ANTIBULL.jpeg\" width=\"136\" height=\"166\" \/><\/p>\n<ul style=\"list-style-type: circle;\">\n<li>\n<h5>ACTIVITATS PREVENTIVES DE L&#8217;AB\u00daS SEXUAL A E. PRIM\u00c0RIA.<\/h5>\n<\/li>\n<\/ul>\n<p><img loading=\"lazy\" decoding=\"async\" class=\"\" src=\"https:\/\/agora.xtec.cat\/escolapinyana\/wp-content\/uploads\/usu1012\/2023\/06\/IMG_20230511_120747.jpg\" width=\"275\" height=\"206\" \/><\/p>\n<ul style=\"list-style-type: circle;\">\n<li>\n<pre><strong>CREACI\u00d3 D'UN ESPAI DE MUSICOTER\u00c0PIA.<\/strong><\/pre>\n<\/li>\n<\/ul>\n<p><img loading=\"lazy\" decoding=\"async\" class=\"\" src=\"https:\/\/agora.xtec.cat\/escolapinyana\/wp-content\/uploads\/usu1012\/2023\/06\/Musicoterapia.jpg\" width=\"160\" height=\"213\" \/><\/p>\n<ul style=\"list-style-type: circle;\">\n<li>\n<pre><strong>TALLERS SOBRE DIVERSITAT SEXUAL I MODELS FAMILIARS.<\/strong><\/pre>\n<\/li>\n<\/ul>\n<p><img loading=\"lazy\" decoding=\"async\" class=\"\" src=\"https:\/\/agora.xtec.cat\/escolapinyana\/wp-content\/uploads\/usu1012\/2023\/06\/IMG_20230330_103526.jpg\" width=\"291\" height=\"218\" \/><\/p>\n<h3>ACTIVITAT PALANCA 401 (AP401): SEQ\u00dc\u00c8NCIES DID\u00c0CTIQUES ODS:<\/h3>\n<ul style=\"list-style-type: circle;\">\n<li>\n<pre><strong>INCORPORAR LA PERSPECTIVA STEAM A L'\u00c0MBIT DE CONEIXEMENT DEL MEDI, AGAFANT COM A EIX VERTEBRADOR L'ART I LA ROB\u00d2TICA, DISSENYANT I SEQ\u00dcENCIANT ACTIVITATS STEAM CENTRADES EN ELS ODS.<\/strong><\/pre>\n<\/li>\n<\/ul>\n<p><a href=\"https:\/\/agora.xtec.cat\/escolapinyana\/infantil\/portes-obertes-2022\/\" target=\"_blank\" rel=\"noopener\"><img loading=\"lazy\" decoding=\"async\" class=\"\" src=\"https:\/\/agora.xtec.cat\/escolapinyana\/wp-content\/uploads\/usu1012\/2023\/05\/Portada-2.jpg\" width=\"173\" height=\"228\" \/><\/a><\/p>\n<h3>ACTIVITAT PALANCA 501 (AP501): XARXES TERRITORIALS<\/h3>\n<p>&nbsp;<\/p>\n<p>&nbsp;<\/p>\n","protected":false},"excerpt":{"rendered":"<p>ACTIVITAT PALANCA 102 (AP102): FORMACI\u00d3 DE FAM\u00cdLIES:<\/p>\n<ul style=\"list-style-type: circle;\">\n<li>\nFORMACI\u00d3 DE FAM\u00cdLIES EN RELACI\u00d3 AMB LA COMPET\u00c8NCIA DIGITAL.\n<\/li>\n<\/ul>\n<p>ACTIVITAT PALANCA 103 (AP103): FAM\u00cdLIES A L&#8217;ESCOLA:<\/p>\n<ul style=\"list-style-type: circle;\">\n<li>\nIMPLEMENTACI\u00d3 D&#8217;ACTIVITATS D&#8217;AULA.\n<\/li>\n<\/ul>\n<p>&nbsp;<\/p>\n<p>&nbsp;<br \/>\n<a href=\"https:\/\/agora.xtec.cat\/escolapinyana\/wp-content\/uploads\/usu1012\/2023\/06\/WhatsApp-Image-2023-06-12-at-13.02.34.jpeg\" target=\"_blank\" rel=\"noopener\"><\/a><br \/>\n&nbsp;<br \/>\n&nbsp;<br \/>\n<a href=\"https:\/\/agora.xtec.cat\/escolapinyana\/portada\/racons-amb-familia\/\" target=\"_blank\" rel=\"noopener\"><\/a><br \/>\n<a href=\"https:\/\/agora.xtec.cat\/escolapinyana\/portada\/lhort-dels-jordis-activitats-amb-families\/\" target=\"_blank\" rel=\"noopener\"><\/a><\/p>\n<p>&nbsp;<\/p>\n<ul style=\"list-style-type: circle;\">\n<li>\nCREACI\u00d3 DE PARELLES LING\u00dc\u00cdSTIQUES.\n<\/li>\n<\/ul>\n<p><a href=\"https:\/\/agora.xtec.cat\/escolapinyana\/portada\/parelles-linguistiques-2023\/\" target=\"_blank\" rel=\"noopener\"><\/a><\/p>\n<ul style=\"list-style-type:&hellip;  <a href=\"https:\/\/agora.xtec.cat\/escolapinyana\/pmoe-proa-2022-2023-2\/\" title=\"Read PMOE-PROA+ 2022-2023\">Llegeix m\u00e9s\u00bb<\/a><\/p>\n","protected":false},"author":1,"featured_media":0,"parent":0,"menu_order":0,"comment_status":"closed","ping_status":"closed","template":"","meta":{"_bbp_topic_count":0,"_bbp_reply_count":0,"_bbp_total_topic_count":0,"_bbp_total_reply_count":0,"_bbp_voice_count":0,"_bbp_anonymous_reply_count":0,"_bbp_topic_count_hidden":0,"_bbp_reply_count_hidden":0,"_bbp_forum_subforum_count":0,"footnotes":""},"class_list":["post-7353","page","type-page","status-publish","hentry"],"post_mailing_queue_ids":[],"_links":{"self":[{"href":"https:\/\/agora.xtec.cat\/escolapinyana\/wp-json\/wp\/v2\/pages\/7353","targetHints":{"allow":["GET"]}}],"collection":[{"href":"https:\/\/agora.xtec.cat\/escolapinyana\/wp-json\/wp\/v2\/pages"}],"about":[{"href":"https:\/\/agora.xtec.cat\/escolapinyana\/wp-json\/wp\/v2\/types\/page"}],"author":[{"embeddable":true,"href":"https:\/\/agora.xtec.cat\/escolapinyana\/wp-json\/wp\/v2\/users\/1"}],"replies":[{"embeddable":true,"href":"https:\/\/agora.xtec.cat\/escolapinyana\/wp-json\/wp\/v2\/comments?post=7353"}],"version-history":[{"count":4,"href":"https:\/\/agora.xtec.cat\/escolapinyana\/wp-json\/wp\/v2\/pages\/7353\/revisions"}],"predecessor-version":[{"id":7359,"href":"https:\/\/agora.xtec.cat\/escolapinyana\/wp-json\/wp\/v2\/pages\/7353\/revisions\/7359"}],"wp:attachment":[{"href":"https:\/\/agora.xtec.cat\/escolapinyana\/wp-json\/wp\/v2\/media?parent=7353"}],"curies":[{"name":"wp","href":"https:\/\/api.w.org\/{rel}","templated":true}]}}