{"id":7347,"date":"2023-06-19T13:50:13","date_gmt":"2023-06-19T11:50:13","guid":{"rendered":"https:\/\/agora.xtec.cat\/escolapinyana\/?page_id=7347"},"modified":"2025-06-16T13:27:08","modified_gmt":"2025-06-16T11:27:08","slug":"pmoe-proa-2022-2023","status":"publish","type":"page","link":"https:\/\/agora.xtec.cat\/escolapinyana\/pmoe-proa-2022-2023\/","title":{"rendered":"PMOE-PROA+ 2023-2024"},"content":{"rendered":"<h3>ACTIVITAT PALANCA 205<\/h3>\n<ul>\n<li><strong>IMPLEMENTACI\u00d3 D&#8217;ACTIVITATS MATEM\u00c0TIQUES BASADES EN L&#8217;EXPERIMENTACI\u00d3, LA MANIPULACI\u00d3 I LA CONVERSA, MITJAN\u00c7ANT EL MATERIAL INNOVAMAT A EI I EP<\/strong><\/li>\n<li><strong>MINORACI\u00d3 DE L&#8217;IMPORT DEL MATERIAL D&#8217;INNOVAMAT<\/strong><\/li>\n<\/ul>\n<h3><img loading=\"lazy\" decoding=\"async\" class=\"\" src=\"https:\/\/agora.xtec.cat\/escolapinyana\/wp-content\/uploads\/usu1012\/2023\/06\/IMG_20230523_101742.jpg\" width=\"379\" height=\"284\" \/><\/h3>\n<h3>ACTIVITAT PALANCA 106<\/h3>\n<ul>\n<li><strong>ACC\u00c9S EQUITATIU A LES COL\u00d2NIES<\/strong><\/li>\n<\/ul>\n<p><a href=\"https:\/\/agora.xtec.cat\/escolapinyana\/portada\/colonies-a-manresa\/\" target=\"_blank\" rel=\"noopener\"><img loading=\"lazy\" decoding=\"async\" class=\"\" src=\"https:\/\/agora.xtec.cat\/escolapinyana\/wp-content\/uploads\/usu1012\/2024\/06\/IMG_6660-Copia.jpg\" width=\"347\" height=\"260\" \/><\/a>\u00a0 <a href=\"https:\/\/agora.xtec.cat\/escolapinyana\/portada\/colonies-a-tremp\/\" target=\"_blank\" rel=\"noopener\"><img loading=\"lazy\" decoding=\"async\" class=\"\" src=\"https:\/\/agora.xtec.cat\/escolapinyana\/wp-content\/uploads\/usu1012\/2024\/06\/WhatsApp-Image-2024-03-18-at-11.18.07-2-Copia.jpeg\" width=\"194\" height=\"258\" \/><\/a><\/p>\n<ul>\n<li><strong>REDUCCI\u00d3 DEL PREU DE LA SORTIDA DE 4t I CS AL CASTELL DE MONTSON\u00cdS<\/strong><\/li>\n<\/ul>\n<p><a href=\"https:\/\/agora.xtec.cat\/escolapinyana\/portada\/sortida-al-castell-de-montsonis\/\" target=\"_blank\" rel=\"noopener\"><img loading=\"lazy\" decoding=\"async\" class=\"\" src=\"https:\/\/agora.xtec.cat\/escolapinyana\/wp-content\/uploads\/usu1012\/2024\/06\/20231017_103329-Copia.jpg\" width=\"351\" height=\"263\" \/><\/a><\/p>\n<ul>\n<li><strong>TRANSPORT DEL TALLER DE PREPARACI\u00d3 DEL PROJECTE DE CORRANDESCOLA<\/strong><\/li>\n<\/ul>\n<p><a href=\"https:\/\/agora.xtec.cat\/escolapinyana\/portada\/taller-de-glosa-a-lauditori\/\" target=\"_blank\" rel=\"noopener\"><img loading=\"lazy\" decoding=\"async\" class=\"\" src=\"https:\/\/agora.xtec.cat\/escolapinyana\/wp-content\/uploads\/usu1012\/2024\/06\/20231109_121850-Copia.jpg\" width=\"348\" height=\"261\" \/><\/a><\/p>\n<ul>\n<li><strong>TALLER DE PERCUSSI\u00d3 AFRICANA<\/strong><\/li>\n<\/ul>\n<p><a href=\"https:\/\/agora.xtec.cat\/escolapinyana\/portada\/taller-percussio-africana-ngomez-nokaas\/\" target=\"_blank\" rel=\"noopener\"><img loading=\"lazy\" decoding=\"async\" class=\"\" src=\"https:\/\/agora.xtec.cat\/escolapinyana\/wp-content\/uploads\/usu1012\/2024\/06\/IMG_2313_11zon-scaled.jpg\" width=\"347\" height=\"260\" \/><\/a><\/p>\n<h3>ACTIVITAT PALANCA 103<\/h3>\n<ul>\n<li><strong>PARELLES LING\u00dc\u00cdSTIQUES<\/strong><\/li>\n<\/ul>\n<p><a href=\"https:\/\/agora.xtec.cat\/escolapinyana\/portada\/parelles-linguistiques-2\/\" target=\"_blank\" rel=\"noopener\"><img loading=\"lazy\" decoding=\"async\" class=\"wp-image-7925 alignleft\" src=\"https:\/\/agora.xtec.cat\/escolapinyana\/wp-content\/uploads\/usu1012\/2024\/02\/Sense-titol-297-x-210-mm-1024x724.jpg\" alt=\"\" width=\"397\" height=\"281\" srcset=\"https:\/\/agora.xtec.cat\/escolapinyana\/wp-content\/uploads\/usu1012\/2024\/02\/Sense-titol-297-x-210-mm-1024x724.jpg 1024w, https:\/\/agora.xtec.cat\/escolapinyana\/wp-content\/uploads\/usu1012\/2024\/02\/Sense-titol-297-x-210-mm-300x212.jpg 300w, https:\/\/agora.xtec.cat\/escolapinyana\/wp-content\/uploads\/usu1012\/2024\/02\/Sense-titol-297-x-210-mm-768x543.jpg 768w, https:\/\/agora.xtec.cat\/escolapinyana\/wp-content\/uploads\/usu1012\/2024\/02\/Sense-titol-297-x-210-mm-1536x1086.jpg 1536w, https:\/\/agora.xtec.cat\/escolapinyana\/wp-content\/uploads\/usu1012\/2024\/02\/Sense-titol-297-x-210-mm.jpg 2000w\" sizes=\"auto, (max-width: 397px) 100vw, 397px\" \/><\/a><\/p>\n<p>&nbsp;<\/p>\n<p>&nbsp;<\/p>\n<p>&nbsp;<\/p>\n<p>&nbsp;<\/p>\n<p>&nbsp;<\/p>\n<p>&nbsp;<\/p>\n<p>&nbsp;<\/p>\n<ul>\n<li><strong>SERVEI D&#8217;ACOLLIDA<\/strong><\/li>\n<li><strong>IMPLEMENTACI\u00d3 D&#8217;ACTIVITATS D&#8217;AULA QUE IMPLIQUEN LA PARTICIPACI\u00d3 DE LES FAM\u00cdLIES<\/strong><\/li>\n<\/ul>\n<p><a href=\"https:\/\/agora.xtec.cat\/escolapinyana\/portada\/activitat-en-familia-a-primer-descobrim-la-republica-dominicana\/\" target=\"_blank\" rel=\"noopener\"><img loading=\"lazy\" decoding=\"async\" class=\"\" src=\"https:\/\/agora.xtec.cat\/escolapinyana\/wp-content\/uploads\/usu1012\/2024\/06\/IMG_20240424_161600-Copia.jpg\" width=\"358\" height=\"268\" \/><\/a><\/p>\n<ul>\n<li><strong>CREACI\u00d3 D&#8217;ESPAIS INCLUSIUS ENTRE FAM\u00cdLIES I ESCOLA.<\/strong><\/li>\n<li><strong>FOMENT DE CANAL DE DIFUSI\u00d3<\/strong><\/li>\n<\/ul>\n<h3>ACTIVITAT PALANCA 102<\/h3>\n<ul>\n<li><strong>FORMACI\u00d3 DE FAM\u00cdLIES EN RELACI\u00d3 AMB LA COMPET\u00c8NCIA DIGITAL I LA MILLORA DE LES HABILITATS PARENTALS<\/strong><\/li>\n<\/ul>\n<p><img loading=\"lazy\" decoding=\"async\" class=\"\" src=\"https:\/\/agora.xtec.cat\/escolapinyana\/wp-content\/uploads\/usu1012\/2024\/06\/1718786673618.jpg\" width=\"304\" height=\"540\" \/><\/p>\n<p>&nbsp;<\/p>\n<h3>ACTIVITAT PALANCA 303<\/h3>\n<ul>\n<li><strong>IMPLEMENTACI\u00d3 D&#8217;ACTIVITATS QUE IMPLIQUEN LA PARTICIPACI\u00d3 DE DIFERENTS ASSOCIACIONS (BITLLES I SARDANES)<\/strong><\/li>\n<\/ul>\n<p><img loading=\"lazy\" decoding=\"async\" class=\"\" src=\"https:\/\/agora.xtec.cat\/escolapinyana\/wp-content\/uploads\/usu1012\/2024\/06\/IMG-20240301-WA0011.jpg\" width=\"260\" height=\"346\" \/>\u00a0 \u00a0 \u00a0 <a href=\"https:\/\/agora.xtec.cat\/escolapinyana\/portada\/3a-tirada-de-bitlles\/\" target=\"_blank\" rel=\"noopener\"><img loading=\"lazy\" decoding=\"async\" class=\"\" src=\"https:\/\/agora.xtec.cat\/escolapinyana\/wp-content\/uploads\/usu1012\/2024\/06\/20231006_114538-Copia.jpg\" width=\"461\" height=\"346\" \/><\/a><\/p>\n<ul>\n<li><strong>PROGRAMACI\u00d3 DE SORTIDES A L&#8217;ENTORN PER POTENCIAR EL CONEIXEMENT DEL PATRIMONI I EL SENTIMENT DE PERTINEN\u00c7A<\/strong><\/li>\n<\/ul>\n<p><a href=\"https:\/\/agora.xtec.cat\/escolapinyana\/portada\/els-de-3r-anem-a-lescola-agraria\/\" target=\"_blank\" rel=\"noopener\"><img loading=\"lazy\" decoding=\"async\" class=\"\" src=\"https:\/\/agora.xtec.cat\/escolapinyana\/wp-content\/uploads\/usu1012\/2024\/06\/foto-final-1.jpg\" width=\"393\" height=\"295\" \/><\/a><\/p>\n<ul>\n<li><strong>FOMENT DE LA PARTICIPACI\u00d3 A ACTIVITATS DE LLEURE DEL MUNICIPI (ACTIVITATS ESPORTIVES, TEATRE, CASALS D&#8217;ESTIU,&#8230;)<\/strong><\/li>\n<\/ul>\n<p><img loading=\"lazy\" decoding=\"async\" class=\"\" src=\"https:\/\/agora.xtec.cat\/escolapinyana\/wp-content\/uploads\/usu1012\/2024\/06\/unnamed-1.jpg\" width=\"271\" height=\"271\" \/><\/p>\n<p>&nbsp;<\/p>\n<h3>ACTIVITAT PALANCA 201<\/h3>\n<ul>\n<li><strong>PLA D&#8217;ABSENTISME<\/strong><\/li>\n<\/ul>\n<p>&nbsp;<\/p>\n<h3>ACTIVITAT PALANCA 234<\/h3>\n<ul>\n<li><strong>TALLER D&#8217;ESTUDI ASSISTIT<\/strong><\/li>\n<\/ul>\n<p><img loading=\"lazy\" decoding=\"async\" class=\"\" src=\"https:\/\/agora.xtec.cat\/escolapinyana\/wp-content\/uploads\/usu1012\/2024\/06\/1718784705747-2.jpg\" width=\"414\" height=\"312\" \/><\/p>\n<h3>ACTIVITAT PALANCA 305<\/h3>\n<ul>\n<li><strong>DETECCI\u00d3 I SEGUIMENT DE LES CONDUCTES SOCIALS A L&#8217;AULA A PARTIR DE 4t<\/strong><\/li>\n<li><strong>ACTIVITATS PREVENTIVES DE L&#8217;AB\u00daS SEXUAL A EDUCACI\u00d3 PRIM\u00c0RIA<\/strong><\/li>\n<li><strong>ACTIVITATS INTERGENERACIONALS<\/strong><\/li>\n<\/ul>\n<p><a href=\"https:\/\/agora.xtec.cat\/escolapinyana\/portada\/juguem-amb-els-avis\/\" target=\"_blank\" rel=\"noopener\"><img loading=\"lazy\" decoding=\"async\" class=\"\" src=\"https:\/\/agora.xtec.cat\/escolapinyana\/wp-content\/uploads\/usu1012\/2024\/06\/WhatsApp-Image-2024-04-26-at-12.47.11-1-Copia.jpeg\" width=\"351\" height=\"263\" \/><\/a>\u00a0 \u00a0 <a href=\"https:\/\/agora.xtec.cat\/escolapinyana\/portada\/activitats-intergeneracionals\/\" target=\"_blank\" rel=\"noopener\"><img loading=\"lazy\" decoding=\"async\" class=\"\" src=\"https:\/\/agora.xtec.cat\/escolapinyana\/wp-content\/uploads\/usu1012\/2024\/06\/e829f063-4347-48d0-8504-79a55f7cc353-copia.jpg\" width=\"155\" height=\"276\" \/><\/a><\/p>\n<ul>\n<li><strong>ESPAI DE MUSICOTER\u00c0PIA<\/strong><\/li>\n<li><strong>TALLERS SOBRE LA DIVERSITAT SEXUAL I MODELS DE FAM\u00cdLIES<\/strong><\/li>\n<\/ul>\n<p><img loading=\"lazy\" decoding=\"async\" class=\"\" src=\"https:\/\/agora.xtec.cat\/escolapinyana\/wp-content\/uploads\/usu1012\/2024\/06\/IMG_0455-Copia.jpg\" width=\"360\" height=\"270\" \/><\/p>\n<p>&nbsp;<\/p>\n<h3>ACTIVITAT PALANCA 401<\/h3>\n<ul>\n<li><strong>TALLER DE RECICLATGE<\/strong><\/li>\n<li><strong>DISSENY I SEQ\u00dcENCIACI\u00d3 D&#8217;ACTIVITATS STEAM CENTRADES EN ELS ODS<\/strong><\/li>\n<\/ul>\n<p>&nbsp;<\/p>\n<h3>ACTIVITAT PALANCA 502<\/h3>\n<ul>\n<li><strong>XARXES TERRITORIALS<\/strong><\/li>\n<\/ul>\n<p>&nbsp;<\/p>\n<h3>ACTIVITAT PALANCA 551<\/h3>\n<ul>\n<li><strong>TALLER EN CENTRE<\/strong><\/li>\n<\/ul>\n<p>&nbsp;<\/p>\n<h3>ACTIVITAT PALANCA 550<\/h3>\n<ul>\n<li><strong>REVISI\u00d3 DE LA DOCUMENTACI\u00d3 DEL PLA D&#8217;ACOLLIDA<\/strong><\/li>\n<li><strong>ACOLLIDA DEL NOU PROFESSORAT<\/strong><\/li>\n<\/ul>\n<p>&nbsp;<\/p>\n<p>&nbsp;<\/p>\n<p>&nbsp;<\/p>\n<p>&nbsp;<\/p>\n<p>&nbsp;<\/p>\n<p>&nbsp;<\/p>\n<p>&nbsp;<\/p>\n<p>&nbsp;<\/p>\n<p>&nbsp;<\/p>\n<p>&nbsp;<\/p>\n<p>&nbsp;<\/p>\n<p>&nbsp;<\/p>\n","protected":false},"excerpt":{"rendered":"<p>ACTIVITAT PALANCA 205<\/p>\n<ul>\n<li>IMPLEMENTACI\u00d3 D&#8217;ACTIVITATS MATEM\u00c0TIQUES BASADES EN L&#8217;EXPERIMENTACI\u00d3, LA MANIPULACI\u00d3 I LA CONVERSA, MITJAN\u00c7ANT EL MATERIAL INNOVAMAT A EI I EP<\/li>\n<li>MINORACI\u00d3 DE L&#8217;IMPORT DEL MATERIAL D&#8217;INNOVAMAT<\/li>\n<\/ul>\n<p>ACTIVITAT PALANCA 106<\/p>\n<ul>\n<li>ACC\u00c9S EQUITATIU A LES COL\u00d2NIES<\/li>\n<\/ul>\n<p><a href=\"https:\/\/agora.xtec.cat\/escolapinyana\/portada\/colonies-a-manresa\/\" target=\"_blank\" rel=\"noopener\"><\/a>\u00a0 <a href=\"https:\/\/agora.xtec.cat\/escolapinyana\/portada\/colonies-a-tremp\/\" target=\"_blank\" rel=\"noopener\"><\/a><\/p>\n<ul>\n<li>REDUCCI\u00d3 DEL PREU DE LA SORTIDA DE&hellip;  <a href=\"https:\/\/agora.xtec.cat\/escolapinyana\/pmoe-proa-2022-2023\/\" title=\"Read PMOE-PROA+ 2023-2024\">Llegeix m\u00e9s\u00bb<\/a><br \/>\n","protected":false},"author":1,"featured_media":0,"parent":0,"menu_order":0,"comment_status":"closed","ping_status":"closed","template":"","meta":{"_bbp_topic_count":0,"_bbp_reply_count":0,"_bbp_total_topic_count":0,"_bbp_total_reply_count":0,"_bbp_voice_count":0,"_bbp_anonymous_reply_count":0,"_bbp_topic_count_hidden":0,"_bbp_reply_count_hidden":0,"_bbp_forum_subforum_count":0,"footnotes":""},"class_list":["post-7347","page","type-page","status-publish","hentry"],"post_mailing_queue_ids":[],"_links":{"self":[{"href":"https:\/\/agora.xtec.cat\/escolapinyana\/wp-json\/wp\/v2\/pages\/7347","targetHints":{"allow":["GET"]}}],"collection":[{"href":"https:\/\/agora.xtec.cat\/escolapinyana\/wp-json\/wp\/v2\/pages"}],"about":[{"href":"https:\/\/agora.xtec.cat\/escolapinyana\/wp-json\/wp\/v2\/types\/page"}],"author":[{"embeddable":true,"href":"https:\/\/agora.xtec.cat\/escolapinyana\/wp-json\/wp\/v2\/users\/1"}],"replies":[{"embeddable":true,"href":"https:\/\/agora.xtec.cat\/escolapinyana\/wp-json\/wp\/v2\/comments?post=7347"}],"version-history":[{"count":6,"href":"https:\/\/agora.xtec.cat\/escolapinyana\/wp-json\/wp\/v2\/pages\/7347\/revisions"}],"predecessor-version":[{"id":9809,"href":"https:\/\/agora.xtec.cat\/escolapinyana\/wp-json\/wp\/v2\/pages\/7347\/revisions\/9809"}],"wp:attachment":[{"href":"https:\/\/agora.xtec.cat\/escolapinyana\/wp-json\/wp\/v2\/media?parent=7347"}],"curies":[{"name":"wp","href":"https:\/\/api.w.org\/{rel}","templated":true}]}}