{"id":6009,"date":"2022-05-26T12:46:01","date_gmt":"2022-05-26T10:46:01","guid":{"rendered":"https:\/\/agora.xtec.cat\/escolapinyana\/?page_id=6009"},"modified":"2023-06-19T13:55:29","modified_gmt":"2023-06-19T11:55:29","slug":"pmoe","status":"publish","type":"page","link":"https:\/\/agora.xtec.cat\/escolapinyana\/pmoe\/","title":{"rendered":"PMOE 2021-2022"},"content":{"rendered":"<h3><strong>Mesura 1. Acc\u00e9s equitatiu a les col\u00f2nies i sortides escolars<\/strong><\/h3>\n<ul>\n<li><strong>Mesura 1.1.: Reducci\u00f3 del preu de les col\u00f2nies.<\/strong><\/li>\n<\/ul>\n<p><strong><a href=\"https:\/\/agora.xtec.cat\/escolapinyana\/portada\/colonies-a-la-granja\/\" target=\"_blank\" rel=\"noopener\"><img loading=\"lazy\" decoding=\"async\" class=\"size-full wp-image-6034 alignleft\" src=\"https:\/\/agora.xtec.cat\/escolapinyana\/wp-content\/uploads\/usu1012\/2022\/05\/IMG-20220405-WA0013-Copia.jpg\" alt=\"\" width=\"300\" height=\"400\" srcset=\"https:\/\/agora.xtec.cat\/escolapinyana\/wp-content\/uploads\/usu1012\/2022\/05\/IMG-20220405-WA0013-Copia.jpg 300w, https:\/\/agora.xtec.cat\/escolapinyana\/wp-content\/uploads\/usu1012\/2022\/05\/IMG-20220405-WA0013-Copia-225x300.jpg 225w\" sizes=\"auto, (max-width: 300px) 100vw, 300px\" \/><\/a><\/strong><a href=\"https:\/\/agora.xtec.cat\/escolapinyana\/portada\/estades-a-la-seu\/\" target=\"_blank\" rel=\"noopener\"><img loading=\"lazy\" decoding=\"async\" class=\"size-full wp-image-6036 alignleft\" src=\"https:\/\/agora.xtec.cat\/escolapinyana\/wp-content\/uploads\/usu1012\/2022\/05\/IMG-20220324-WA0012-Copia.jpg\" alt=\"\" width=\"512\" height=\"385\" srcset=\"https:\/\/agora.xtec.cat\/escolapinyana\/wp-content\/uploads\/usu1012\/2022\/05\/IMG-20220324-WA0012-Copia.jpg 512w, https:\/\/agora.xtec.cat\/escolapinyana\/wp-content\/uploads\/usu1012\/2022\/05\/IMG-20220324-WA0012-Copia-300x226.jpg 300w, https:\/\/agora.xtec.cat\/escolapinyana\/wp-content\/uploads\/usu1012\/2022\/05\/IMG-20220324-WA0012-Copia-200x150.jpg 200w\" sizes=\"auto, (max-width: 512px) 100vw, 512px\" \/><\/a><\/p>\n<p>&nbsp;<\/p>\n<p>&nbsp;<\/p>\n<p>&nbsp;<\/p>\n<p>&nbsp;<\/p>\n<p>&nbsp;<\/p>\n<p>&nbsp;<\/p>\n<p>&nbsp;<\/p>\n<p>&nbsp;<\/p>\n<p>&nbsp;<\/p>\n<p>&nbsp;<\/p>\n<ul>\n<li><strong>Mesura 1.2: Reducci\u00f3 del preu de la sortida d&#8217;EI<\/strong><\/li>\n<\/ul>\n<p><a href=\"https:\/\/agora.xtec.cat\/escolapinyana\/infantil\/excursio-ull-de-bosc\/\" target=\"_blank\" rel=\"noopener\">\u00a0 <img loading=\"lazy\" decoding=\"async\" class=\"size-full wp-image-6037 alignleft\" src=\"https:\/\/agora.xtec.cat\/escolapinyana\/wp-content\/uploads\/usu1012\/2022\/05\/IMG-20220503-WA0033-Copia.jpg\" alt=\"\" width=\"400\" height=\"300\" srcset=\"https:\/\/agora.xtec.cat\/escolapinyana\/wp-content\/uploads\/usu1012\/2022\/05\/IMG-20220503-WA0033-Copia.jpg 400w, https:\/\/agora.xtec.cat\/escolapinyana\/wp-content\/uploads\/usu1012\/2022\/05\/IMG-20220503-WA0033-Copia-300x225.jpg 300w, https:\/\/agora.xtec.cat\/escolapinyana\/wp-content\/uploads\/usu1012\/2022\/05\/IMG-20220503-WA0033-Copia-200x150.jpg 200w\" sizes=\"auto, (max-width: 400px) 100vw, 400px\" \/><\/a><\/p>\n<p>&nbsp;<\/p>\n<p>&nbsp;<\/p>\n<p>&nbsp;<\/p>\n<p>&nbsp;<\/p>\n<p>&nbsp;<\/p>\n<p>&nbsp;<\/p>\n<p>&nbsp;<\/p>\n<ul>\n<li><strong>Mesura 1.3: Taller &#8220;Descobrim el riu&#8221;<\/strong><\/li>\n<\/ul>\n<p><strong><br \/>\n<a href=\"https:\/\/agora.xtec.cat\/escolapinyana\/portada\/taller-projecte-rius\/\" target=\"_blank\" rel=\"noopener\"><img loading=\"lazy\" decoding=\"async\" class=\"wp-image-6039 alignleft\" src=\"https:\/\/agora.xtec.cat\/escolapinyana\/wp-content\/uploads\/usu1012\/2022\/05\/IMG_20220527_101149-Copia.jpg\" alt=\"\" width=\"383\" height=\"287\" srcset=\"https:\/\/agora.xtec.cat\/escolapinyana\/wp-content\/uploads\/usu1012\/2022\/05\/IMG_20220527_101149-Copia.jpg 288w, https:\/\/agora.xtec.cat\/escolapinyana\/wp-content\/uploads\/usu1012\/2022\/05\/IMG_20220527_101149-Copia-200x150.jpg 200w\" sizes=\"auto, (max-width: 383px) 100vw, 383px\" \/><\/a><\/strong><\/p>\n<p>&nbsp;<\/p>\n<p>&nbsp;<\/p>\n<p>&nbsp;<\/p>\n<p>&nbsp;<\/p>\n<p>&nbsp;<\/p>\n<p>&nbsp;<\/p>\n<p>&nbsp;<\/p>\n<h3><strong>Mesura 2. Gratu\u00eftat dels materials escolars en els ensenyaments gratu\u00efts<\/strong><\/h3>\n<ul>\n<li><strong>Mesura 2.1: Minoraci\u00f3 de l&#8217;import del material del Projecte Innovamat<\/strong><\/li>\n<\/ul>\n<p><a href=\"https:\/\/agora.xtec.cat\/escolapinyana\/portada\/utilitzem-la-app-dinnovamat\/\" target=\"_blank\" rel=\"noopener\"><img loading=\"lazy\" decoding=\"async\" class=\"wp-image-6042 alignleft\" src=\"https:\/\/agora.xtec.cat\/escolapinyana\/wp-content\/uploads\/usu1012\/2022\/05\/IMG20211007164857-Copia.jpg\" alt=\"\" width=\"398\" height=\"298\" srcset=\"https:\/\/agora.xtec.cat\/escolapinyana\/wp-content\/uploads\/usu1012\/2022\/05\/IMG20211007164857-Copia.jpg 1000w, https:\/\/agora.xtec.cat\/escolapinyana\/wp-content\/uploads\/usu1012\/2022\/05\/IMG20211007164857-Copia-300x225.jpg 300w, https:\/\/agora.xtec.cat\/escolapinyana\/wp-content\/uploads\/usu1012\/2022\/05\/IMG20211007164857-Copia-768x576.jpg 768w, https:\/\/agora.xtec.cat\/escolapinyana\/wp-content\/uploads\/usu1012\/2022\/05\/IMG20211007164857-Copia-200x150.jpg 200w\" sizes=\"auto, (max-width: 398px) 100vw, 398px\" \/><\/a><\/p>\n<p>&nbsp;<\/p>\n<p>&nbsp;<\/p>\n<p>&nbsp;<\/p>\n<p>&nbsp;<\/p>\n<p>&nbsp;<\/p>\n<p>&nbsp;<\/p>\n<p>&nbsp;<\/p>\n<p>&nbsp;<\/p>\n<h3><strong>Mesura 3. Acc\u00e9s equitatiu a les activitats complement\u00e0ries.<\/strong><\/h3>\n<ul>\n<li><strong>Mesura 3.1: Minoraci\u00f3 de la quota de l&#8217;acollida matinal<\/strong><\/li>\n<\/ul>\n<p>&nbsp;<\/p>\n<p>&nbsp;<\/p>\n<p>&nbsp;<\/p>\n<p>&nbsp;<\/p>\n<p>&nbsp;<\/p>\n<h3><strong>Mesura 4. Acompanyament educatiu i emocional de l&#8217;alumnat i dinamitzaci\u00f3 del temps educatiu no lectiu.<\/strong><\/h3>\n<ul>\n<li><strong>Mesura 4.1:\u00a0 Implementaci\u00f3 del Projecte d\u2019educaci\u00f3 emocional \u201cContra el Bullying\u201d de la Fundaci\u00f3 Bar\u00e7a.<\/strong><\/li>\n<\/ul>\n<p><a href=\"https:\/\/agora.xtec.cat\/escolapinyana\/portada\/som-diferents-podem-fer-el-mateix\/\" target=\"_blank\" rel=\"noopener\"><img loading=\"lazy\" decoding=\"async\" class=\"wp-image-6045 alignleft\" src=\"https:\/\/agora.xtec.cat\/escolapinyana\/wp-content\/uploads\/usu1012\/2022\/05\/IMG_20220211_154810-Copia-1024x768.jpg\" alt=\"\" width=\"450\" height=\"337\" srcset=\"https:\/\/agora.xtec.cat\/escolapinyana\/wp-content\/uploads\/usu1012\/2022\/05\/IMG_20220211_154810-Copia-1024x768.jpg 1024w, https:\/\/agora.xtec.cat\/escolapinyana\/wp-content\/uploads\/usu1012\/2022\/05\/IMG_20220211_154810-Copia-300x225.jpg 300w, https:\/\/agora.xtec.cat\/escolapinyana\/wp-content\/uploads\/usu1012\/2022\/05\/IMG_20220211_154810-Copia-768x576.jpg 768w, https:\/\/agora.xtec.cat\/escolapinyana\/wp-content\/uploads\/usu1012\/2022\/05\/IMG_20220211_154810-Copia-200x150.jpg 200w, https:\/\/agora.xtec.cat\/escolapinyana\/wp-content\/uploads\/usu1012\/2022\/05\/IMG_20220211_154810-Copia.jpg 1152w\" sizes=\"auto, (max-width: 450px) 100vw, 450px\" \/><\/a><\/p>\n<p>&nbsp;<\/p>\n<p>&nbsp;<\/p>\n<p>&nbsp;<\/p>\n<p>&nbsp;<\/p>\n<p>&nbsp;<\/p>\n<p>&nbsp;<\/p>\n<p>&nbsp;<\/p>\n<p>&nbsp;<\/p>\n<p>&nbsp;<\/p>\n<h3><strong>Mesura 7. Tallers d&#8217;estudi assistit i de suport escolar diversificat.<\/strong><\/h3>\n<ul>\n<li><strong>Mesura 7.1:\u00a0 Realitzaci\u00f3, a c\u00e0rrec d&#8217;una entitat especialitzada, de tallers de suport en la realitzaci\u00f3 de tasques escolars.<\/strong><\/li>\n<\/ul>\n<p style=\"text-align: center;\"><a href=\"https:\/\/agora.xtec.cat\/escolapinyana\/portada\/comenca-el-taller-de-suport-a-lestudi\/\" target=\"_blank\" rel=\"noopener\"><img loading=\"lazy\" decoding=\"async\" class=\"wp-image-6061 aligncenter\" src=\"https:\/\/agora.xtec.cat\/escolapinyana\/wp-content\/uploads\/usu1012\/2022\/06\/IMG_20220602_092946-rotated-e1654155204817.jpg\" alt=\"\" width=\"307\" height=\"409\" srcset=\"https:\/\/agora.xtec.cat\/escolapinyana\/wp-content\/uploads\/usu1012\/2022\/06\/IMG_20220602_092946-rotated-e1654155204817.jpg 750w, https:\/\/agora.xtec.cat\/escolapinyana\/wp-content\/uploads\/usu1012\/2022\/06\/IMG_20220602_092946-rotated-e1654155204817-225x300.jpg 225w\" sizes=\"auto, (max-width: 307px) 100vw, 307px\" \/><\/a><\/p>\n<h3><\/h3>\n<h3><\/h3>\n<h3><strong>Mesura 9. Formaci\u00f3 de fam\u00edlies, especialment en relaci\u00f3 amb el coneixement del catal\u00e0, la compet\u00e8ncia digital i la millora de les habilitats parentals, i accions de suport i orientaci\u00f3 a les fam\u00edlies.<\/strong><\/h3>\n<ul>\n<li><strong>Mesura 9.1:\u00a0 Realitzaci\u00f3 de tallers de formaci\u00f3 en compet\u00e8ncia digital i acompanyament escolar.<\/strong><\/li>\n<\/ul>\n<p><a href=\"https:\/\/agora.xtec.cat\/escolapinyana\/portada\/curs-dalfabetitzacio-digital-per-a-families\/\" target=\"_blank\" rel=\"noopener\"><img loading=\"lazy\" decoding=\"async\" class=\"wp-image-5623 alignleft\" src=\"https:\/\/agora.xtec.cat\/escolapinyana\/wp-content\/uploads\/usu1012\/2022\/03\/Alfa3.jpg\" alt=\"\" width=\"460\" height=\"344\" srcset=\"https:\/\/agora.xtec.cat\/escolapinyana\/wp-content\/uploads\/usu1012\/2022\/03\/Alfa3.jpg 1024w, https:\/\/agora.xtec.cat\/escolapinyana\/wp-content\/uploads\/usu1012\/2022\/03\/Alfa3-300x224.jpg 300w, https:\/\/agora.xtec.cat\/escolapinyana\/wp-content\/uploads\/usu1012\/2022\/03\/Alfa3-768x574.jpg 768w, https:\/\/agora.xtec.cat\/escolapinyana\/wp-content\/uploads\/usu1012\/2022\/03\/Alfa3-200x150.jpg 200w\" sizes=\"auto, (max-width: 460px) 100vw, 460px\" \/><\/a><\/p>\n<p>&nbsp;<\/p>\n<p>&nbsp;<\/p>\n<p>&nbsp;<\/p>\n<p>&nbsp;<\/p>\n<p>&nbsp;<\/p>\n<p>&nbsp;<\/p>\n<p>&nbsp;<\/p>\n<p>&nbsp;<\/p>\n<p>&nbsp;<\/p>\n<ul>\n<li><strong>Mesura 9.2:\u00a0 Creaci\u00f3 de parelles ling\u00fc\u00edstiques per a la promoci\u00f3 de la llengua catalana.<\/strong><\/li>\n<\/ul>\n<p><a href=\"https:\/\/agora.xtec.cat\/escolapinyana\/portada\/parelles-linguistques\/\" target=\"_blank\" rel=\"noopener\"><img loading=\"lazy\" decoding=\"async\" class=\"wp-image-5740 alignleft\" src=\"https:\/\/agora.xtec.cat\/escolapinyana\/wp-content\/uploads\/usu1012\/2022\/04\/IMG_20220404_161221-Copia.jpg\" alt=\"\" width=\"468\" height=\"351\" srcset=\"https:\/\/agora.xtec.cat\/escolapinyana\/wp-content\/uploads\/usu1012\/2022\/04\/IMG_20220404_161221-Copia.jpg 1000w, https:\/\/agora.xtec.cat\/escolapinyana\/wp-content\/uploads\/usu1012\/2022\/04\/IMG_20220404_161221-Copia-300x225.jpg 300w, https:\/\/agora.xtec.cat\/escolapinyana\/wp-content\/uploads\/usu1012\/2022\/04\/IMG_20220404_161221-Copia-768x576.jpg 768w, https:\/\/agora.xtec.cat\/escolapinyana\/wp-content\/uploads\/usu1012\/2022\/04\/IMG_20220404_161221-Copia-200x150.jpg 200w\" sizes=\"auto, (max-width: 468px) 100vw, 468px\" \/><\/a><\/p>\n<p>&nbsp;<\/p>\n<p>&nbsp;<\/p>\n<p>&nbsp;<\/p>\n<p>&nbsp;<\/p>\n<p>&nbsp;<\/p>\n<p>&nbsp;<\/p>\n<p>&nbsp;<\/p>\n<p>&nbsp;<\/p>\n<p>&nbsp;<\/p>\n<h3><strong>Mesura 11. Millora de la comunicaci\u00f3 fam\u00edlies-escola.<\/strong><\/h3>\n<p><strong>Mesura 11.1: Servei per millorar la comunicaci\u00f3 amb les fam\u00edlies amb les que no es pot establir comunicaci\u00f3 per desconeixement de la llengua.<\/strong><\/p>\n<p><a href=\"https:\/\/agora.xtec.cat\/escolapinyana\/wp-content\/uploads\/usu1012\/2022\/06\/IMG_20220602_091123.jpg\"><img loading=\"lazy\" decoding=\"async\" class=\"wp-image-6059 alignleft\" src=\"https:\/\/agora.xtec.cat\/escolapinyana\/wp-content\/uploads\/usu1012\/2022\/06\/IMG_20220602_091123.jpg\" alt=\"\" width=\"480\" height=\"360\" srcset=\"https:\/\/agora.xtec.cat\/escolapinyana\/wp-content\/uploads\/usu1012\/2022\/06\/IMG_20220602_091123.jpg 1000w, https:\/\/agora.xtec.cat\/escolapinyana\/wp-content\/uploads\/usu1012\/2022\/06\/IMG_20220602_091123-300x225.jpg 300w, https:\/\/agora.xtec.cat\/escolapinyana\/wp-content\/uploads\/usu1012\/2022\/06\/IMG_20220602_091123-768x576.jpg 768w, https:\/\/agora.xtec.cat\/escolapinyana\/wp-content\/uploads\/usu1012\/2022\/06\/IMG_20220602_091123-200x150.jpg 200w\" sizes=\"auto, (max-width: 480px) 100vw, 480px\" \/><\/a><\/p>\n","protected":false},"excerpt":{"rendered":"<p>Mesura 1. Acc\u00e9s equitatiu a les col\u00f2nies i sortides escolars<\/p>\n<ul>\n<li>Mesura 1.1.: Reducci\u00f3 del preu de les col\u00f2nies.<\/li>\n<\/ul>\n<p><a href=\"https:\/\/agora.xtec.cat\/escolapinyana\/portada\/colonies-a-la-granja\/\" target=\"_blank\" rel=\"noopener\"><\/a><a href=\"https:\/\/agora.xtec.cat\/escolapinyana\/portada\/estades-a-la-seu\/\" target=\"_blank\" rel=\"noopener\"><\/a><br \/>\n&nbsp;<br \/>\n&nbsp;<br \/>\n&nbsp;<br \/>\n&nbsp;<br \/>\n&nbsp;<br \/>\n&nbsp;<br \/>\n&nbsp;<br \/>\n&nbsp;<br \/>\n&nbsp;<br \/>\n&nbsp;<\/p>\n<ul>\n<li>Mesura 1.2: Reducci\u00f3 del preu de la sortida d&#8217;EI<\/li>\n<\/ul>\n<p><a href=\"https:\/\/agora.xtec.cat\/escolapinyana\/infantil\/excursio-ull-de-bosc\/\" target=\"_blank\" rel=\"noopener\">\u00a0 <\/a><br \/>\n&nbsp;<br \/>\n&nbsp;<br \/>\n&nbsp;<br \/>\n&nbsp;<br \/>\n&nbsp;<br \/>\n&nbsp;<br \/>\n&nbsp;<\/p>\n<ul>\n<li>Mesura 1.3: Taller &#8220;Descobrim el riu&#8221;<\/li>\n<\/ul>\n<p><a href=\"https:\/\/agora.xtec.cat\/escolapinyana\/portada\/taller-projecte-rius\/\" target=\"_blank\" rel=\"noopener\"><\/a><br \/>\n&nbsp;<br \/>\n&nbsp;<br \/>\n&nbsp;<br \/>\n&nbsp;<br \/>\n&nbsp;<br \/>\n&nbsp;<br \/>\n&nbsp;<br \/>\nMesura 2. Gratu\u00eftat&hellip;  <a href=\"https:\/\/agora.xtec.cat\/escolapinyana\/pmoe\/\" title=\"Read PMOE 2021-2022\">Llegeix m\u00e9s\u00bb<\/a><\/p>\n","protected":false},"author":1,"featured_media":0,"parent":0,"menu_order":0,"comment_status":"closed","ping_status":"closed","template":"","meta":{"_bbp_topic_count":0,"_bbp_reply_count":0,"_bbp_total_topic_count":0,"_bbp_total_reply_count":0,"_bbp_voice_count":0,"_bbp_anonymous_reply_count":0,"_bbp_topic_count_hidden":0,"_bbp_reply_count_hidden":0,"_bbp_forum_subforum_count":0,"footnotes":""},"class_list":["post-6009","page","type-page","status-publish","hentry"],"post_mailing_queue_ids":[],"_links":{"self":[{"href":"https:\/\/agora.xtec.cat\/escolapinyana\/wp-json\/wp\/v2\/pages\/6009","targetHints":{"allow":["GET"]}}],"collection":[{"href":"https:\/\/agora.xtec.cat\/escolapinyana\/wp-json\/wp\/v2\/pages"}],"about":[{"href":"https:\/\/agora.xtec.cat\/escolapinyana\/wp-json\/wp\/v2\/types\/page"}],"author":[{"embeddable":true,"href":"https:\/\/agora.xtec.cat\/escolapinyana\/wp-json\/wp\/v2\/users\/1"}],"replies":[{"embeddable":true,"href":"https:\/\/agora.xtec.cat\/escolapinyana\/wp-json\/wp\/v2\/comments?post=6009"}],"version-history":[{"count":4,"href":"https:\/\/agora.xtec.cat\/escolapinyana\/wp-json\/wp\/v2\/pages\/6009\/revisions"}],"predecessor-version":[{"id":7350,"href":"https:\/\/agora.xtec.cat\/escolapinyana\/wp-json\/wp\/v2\/pages\/6009\/revisions\/7350"}],"wp:attachment":[{"href":"https:\/\/agora.xtec.cat\/escolapinyana\/wp-json\/wp\/v2\/media?parent=6009"}],"curies":[{"name":"wp","href":"https:\/\/api.w.org\/{rel}","templated":true}]}}