{"id":10322,"date":"2026-02-02T13:03:59","date_gmt":"2026-02-02T12:03:59","guid":{"rendered":"https:\/\/agora.xtec.cat\/escolapinyana\/?page_id=10322"},"modified":"2026-04-14T16:14:32","modified_gmt":"2026-04-14T14:14:32","slug":"pmoe-proa-2025-2026","status":"publish","type":"page","link":"https:\/\/agora.xtec.cat\/escolapinyana\/pmoe-proa-2025-2026\/","title":{"rendered":"PMOE-PROA+ 2025-2026"},"content":{"rendered":"<h2>PMOE-PROA+ 2025-2026<\/h2>\n<h3>ACTIVITAT PALANCA 106<\/h3>\n<ul>\n<li>\n<h4>ACC\u00c9S EQUITATIU A LES COL\u00d2NIES<\/h4>\n<\/li>\n<\/ul>\n<p><img loading=\"lazy\" decoding=\"async\" class=\"\" src=\"https:\/\/agora.xtec.cat\/escolapinyana\/wp-content\/uploads\/usu1012\/2026\/03\/Colonies-4t-i-CS.jpg\" width=\"274\" height=\"154\" \/> <img loading=\"lazy\" decoding=\"async\" class=\"\" src=\"https:\/\/agora.xtec.cat\/escolapinyana\/wp-content\/uploads\/usu1012\/2026\/03\/Video-La-Carral-CI-i-3r.jpg\" width=\"217\" height=\"154\" \/><\/p>\n<h3>ACTIVITAT PALANCA 103<\/h3>\n<ul>\n<li><strong>IMPLEMENTACI\u00d3 D&#8217;ACTIVITATS D&#8217;AULA QUE IMPLIQUEN LA PARTICIPACI\u00d3 DE LES FAM\u00cdLIES<\/strong><\/li>\n<\/ul>\n<p>&nbsp;<\/p>\n<p>&nbsp;<\/p>\n","protected":false},"excerpt":{"rendered":"<p>PMOE-PROA+ 2025-2026<br \/>\nACTIVITAT PALANCA 106<\/p>\n<ul>\n<li>\nACC\u00c9S EQUITATIU A LES COL\u00d2NIES\n<\/li>\n<\/ul>\n<p>ACTIVITAT PALANCA 103<\/p>\n<ul>\n<li>IMPLEMENTACI\u00d3 D&#8217;ACTIVITATS D&#8217;AULA QUE IMPLIQUEN LA PARTICIPACI\u00d3 DE LES FAM\u00cdLIES<\/li>\n<\/ul>\n<p>&nbsp;<br \/>\n&nbsp;<\/p>\n","protected":false},"author":1,"featured_media":0,"parent":0,"menu_order":0,"comment_status":"closed","ping_status":"closed","template":"","meta":{"_bbp_topic_count":0,"_bbp_reply_count":0,"_bbp_total_topic_count":0,"_bbp_total_reply_count":0,"_bbp_voice_count":0,"_bbp_anonymous_reply_count":0,"_bbp_topic_count_hidden":0,"_bbp_reply_count_hidden":0,"_bbp_forum_subforum_count":0,"footnotes":""},"class_list":["post-10322","page","type-page","status-publish","hentry"],"post_mailing_queue_ids":[],"_links":{"self":[{"href":"https:\/\/agora.xtec.cat\/escolapinyana\/wp-json\/wp\/v2\/pages\/10322","targetHints":{"allow":["GET"]}}],"collection":[{"href":"https:\/\/agora.xtec.cat\/escolapinyana\/wp-json\/wp\/v2\/pages"}],"about":[{"href":"https:\/\/agora.xtec.cat\/escolapinyana\/wp-json\/wp\/v2\/types\/page"}],"author":[{"embeddable":true,"href":"https:\/\/agora.xtec.cat\/escolapinyana\/wp-json\/wp\/v2\/users\/1"}],"replies":[{"embeddable":true,"href":"https:\/\/agora.xtec.cat\/escolapinyana\/wp-json\/wp\/v2\/comments?post=10322"}],"version-history":[{"count":6,"href":"https:\/\/agora.xtec.cat\/escolapinyana\/wp-json\/wp\/v2\/pages\/10322\/revisions"}],"predecessor-version":[{"id":10690,"href":"https:\/\/agora.xtec.cat\/escolapinyana\/wp-json\/wp\/v2\/pages\/10322\/revisions\/10690"}],"wp:attachment":[{"href":"https:\/\/agora.xtec.cat\/escolapinyana\/wp-json\/wp\/v2\/media?parent=10322"}],"curies":[{"name":"wp","href":"https:\/\/api.w.org\/{rel}","templated":true}]}}