{"id":10464,"date":"2026-02-25T10:09:06","date_gmt":"2026-02-25T09:09:06","guid":{"rendered":"https:\/\/agora.xtec.cat\/escolapf\/?page_id=10464"},"modified":"2026-02-25T11:34:54","modified_gmt":"2026-02-25T10:34:54","slug":"qui-som-que-fem","status":"publish","type":"page","link":"https:\/\/agora.xtec.cat\/escolapf\/qui-som-que-fem\/","title":{"rendered":"QUI SOM, QU\u00c8 FEM?"},"content":{"rendered":"\n<h2 class=\"wp-block-heading\">Informaci\u00f3 de l&#8217;escola:<\/h2>\n\n\n\n<p class=\"has-text-align-left\">(clica a la imatge)<\/p>\n\n\n\n<figure class=\"wp-block-image size-full\"><a href=\"https:\/\/drive.google.com\/file\/d\/1SZgLG7XgxgXIGLOYXYfzDOX6ogMzVTlF\/view?usp=sharing\"><img loading=\"lazy\" decoding=\"async\" width=\"602\" height=\"846\" src=\"https:\/\/agora.xtec.cat\/escolapf\/wp-content\/uploads\/usu820\/2026\/02\/Captura-de-pantalla-2026-02-25-113250.png\" alt=\"\" class=\"wp-image-10466\" srcset=\"https:\/\/agora.xtec.cat\/escolapf\/wp-content\/uploads\/usu820\/2026\/02\/Captura-de-pantalla-2026-02-25-113250.png 602w, https:\/\/agora.xtec.cat\/escolapf\/wp-content\/uploads\/usu820\/2026\/02\/Captura-de-pantalla-2026-02-25-113250-213x300.png 213w\" sizes=\"auto, (max-width: 602px) 100vw, 602px\" \/><\/a><\/figure>\n\n\n\n<h2 class=\"wp-block-heading\">Com treballem a Educaci\u00f3 Infantil?<\/h2>\n\n\n\n<figure class=\"wp-block-embed is-type-video is-provider-youtube wp-block-embed-youtube wp-embed-aspect-16-9 wp-has-aspect-ratio\"><div class=\"wp-block-embed__wrapper\">\n<div class=\"ast-oembed-container \" style=\"height: 100%;\"><iframe loading=\"lazy\" title=\"PF - ED.INFANTIL 2026\" width=\"500\" height=\"281\" src=\"https:\/\/www.youtube.com\/embed\/n1VDBHoyVfs?feature=oembed\" frameborder=\"0\" allow=\"accelerometer; autoplay; clipboard-write; encrypted-media; gyroscope; picture-in-picture; web-share\" referrerpolicy=\"strict-origin-when-cross-origin\" allowfullscreen><\/iframe><\/div>\n<\/div><\/figure>\n\n\n\n<h2 class=\"wp-block-heading\">Com treballem a Educaci\u00f3 Prim\u00e0ria?<\/h2>\n\n\n\n<figure class=\"wp-block-embed is-type-video is-provider-youtube wp-block-embed-youtube wp-embed-aspect-16-9 wp-has-aspect-ratio\"><div class=\"wp-block-embed__wrapper\">\n<div class=\"ast-oembed-container \" style=\"height: 100%;\"><iframe loading=\"lazy\" title=\"PF - ED.PRIM\u00c0RIA 2026\" width=\"500\" height=\"281\" src=\"https:\/\/www.youtube.com\/embed\/2zFYl0ZO2AY?feature=oembed\" frameborder=\"0\" allow=\"accelerometer; autoplay; clipboard-write; encrypted-media; gyroscope; picture-in-picture; web-share\" referrerpolicy=\"strict-origin-when-cross-origin\" allowfullscreen><\/iframe><\/div>\n<\/div><\/figure>\n\n\n\n<p><\/p>\n","protected":false},"excerpt":{"rendered":"<p>Informaci\u00f3 de l&#8217;escola: (clica a la imatge) Com treballem a Educaci\u00f3 Infantil? Com treballem a Educaci\u00f3 Prim\u00e0ria?<\/p>\n","protected":false},"author":1,"featured_media":0,"parent":0,"menu_order":0,"comment_status":"closed","ping_status":"close","template":"","meta":{"_bbp_topic_count":0,"_bbp_reply_count":0,"_bbp_total_topic_count":0,"_bbp_total_reply_count":0,"_bbp_voice_count":0,"_bbp_anonymous_reply_count":0,"_bbp_topic_count_hidden":0,"_bbp_reply_count_hidden":0,"_bbp_forum_subforum_count":0,"site-sidebar-layout":"default","site-content-layout":"","ast-site-content-layout":"default","site-content-style":"default","site-sidebar-style":"default","ast-global-header-display":"","ast-banner-title-visibility":"","ast-main-header-display":"","ast-hfb-above-header-display":"","ast-hfb-below-header-display":"","ast-hfb-mobile-header-display":"","site-post-title":"","ast-breadcrumbs-content":"","ast-featured-img":"","footer-sml-layout":"","theme-transparent-header-meta":"","adv-header-id-meta":"","stick-header-meta":"","header-above-stick-meta":"","header-main-stick-meta":"","header-below-stick-meta":"","astra-migrate-meta-layouts":"set","ast-page-background-enabled":"default","ast-page-background-meta":{"desktop":{"background-color":"var(--ast-global-color-4)","background-image":"","background-repeat":"repeat","background-position":"center center","background-size":"auto","background-attachment":"scroll","background-type":"","background-media":"","overlay-type":"","overlay-color":"","overlay-opacity":"","overlay-gradient":""},"tablet":{"background-color":"","background-image":"","background-repeat":"repeat","background-position":"center center","background-size":"auto","background-attachment":"scroll","background-type":"","background-media":"","overlay-type":"","overlay-color":"","overlay-opacity":"","overlay-gradient":""},"mobile":{"background-color":"","background-image":"","background-repeat":"repeat","background-position":"center center","background-size":"auto","background-attachment":"scroll","background-type":"","background-media":"","overlay-type":"","overlay-color":"","overlay-opacity":"","overlay-gradient":""}},"ast-content-background-meta":{"desktop":{"background-color":"var(--ast-global-color-5)","background-image":"","background-repeat":"repeat","background-position":"center center","background-size":"auto","background-attachment":"scroll","background-type":"","background-media":"","overlay-type":"","overlay-color":"","overlay-opacity":"","overlay-gradient":""},"tablet":{"background-color":"var(--ast-global-color-5)","background-image":"","background-repeat":"repeat","background-position":"center center","background-size":"auto","background-attachment":"scroll","background-type":"","background-media":"","overlay-type":"","overlay-color":"","overlay-opacity":"","overlay-gradient":""},"mobile":{"background-color":"var(--ast-global-color-5)","background-image":"","background-repeat":"repeat","background-position":"center center","background-size":"auto","background-attachment":"scroll","background-type":"","background-media":"","overlay-type":"","overlay-color":"","overlay-opacity":"","overlay-gradient":""}},"footnotes":""},"class_list":["post-10464","page","type-page","status-publish","hentry"],"post_mailing_queue_ids":[],"_links":{"self":[{"href":"https:\/\/agora.xtec.cat\/escolapf\/wp-json\/wp\/v2\/pages\/10464","targetHints":{"allow":["GET"]}}],"collection":[{"href":"https:\/\/agora.xtec.cat\/escolapf\/wp-json\/wp\/v2\/pages"}],"about":[{"href":"https:\/\/agora.xtec.cat\/escolapf\/wp-json\/wp\/v2\/types\/page"}],"author":[{"embeddable":true,"href":"https:\/\/agora.xtec.cat\/escolapf\/wp-json\/wp\/v2\/users\/1"}],"replies":[{"embeddable":true,"href":"https:\/\/agora.xtec.cat\/escolapf\/wp-json\/wp\/v2\/comments?post=10464"}],"version-history":[{"count":3,"href":"https:\/\/agora.xtec.cat\/escolapf\/wp-json\/wp\/v2\/pages\/10464\/revisions"}],"predecessor-version":[{"id":10468,"href":"https:\/\/agora.xtec.cat\/escolapf\/wp-json\/wp\/v2\/pages\/10464\/revisions\/10468"}],"wp:attachment":[{"href":"https:\/\/agora.xtec.cat\/escolapf\/wp-json\/wp\/v2\/media?parent=10464"}],"curies":[{"name":"wp","href":"https:\/\/api.w.org\/{rel}","templated":true}]}}