{"id":7,"date":"2025-07-01T09:00:41","date_gmt":"2025-07-01T07:00:41","guid":{"rendered":"http:\/\/agora.xtec.cat\/escolaperezsala\/?page_id=7"},"modified":"2026-03-04T13:25:45","modified_gmt":"2026-03-04T12:25:45","slug":"pagines-dinici","status":"publish","type":"page","link":"https:\/\/agora.xtec.cat\/escolaperezsala\/","title":{"rendered":"Portada"},"content":{"rendered":"<p><audio class=\"audio-for-speech\"><\/audio><\/p>\n<div class=\"translate-tooltip-mtz blue sm-root translate hidden_translate\">\n<div class=\"header-wrapper\">\n<div class=\"header-controls\"><\/div>\n<\/div>\n<\/div>\n<p>&nbsp;<\/p>\n<div class=\"translate-tooltip-mtz blue sm-root translate hidden_translate\">\n<div class=\"header-wrapper\">\n<div class=\"header-controls\"><\/div>\n<\/div>\n<\/div>\n<p><a href=\"https:\/\/agora.xtec.cat\/escolaperezsala\/wp-content\/uploads\/usu463\/2026\/03\/Preinscripcio_baners_Web_Consorci__Preinscripcio_web_consorci_746x250_SECUNDARIA.jpg\"><img loading=\"lazy\" decoding=\"async\" class=\"alignnone size-full wp-image-22241\" src=\"https:\/\/agora.xtec.cat\/escolaperezsala\/wp-content\/uploads\/usu463\/2026\/03\/Preinscripcio_baners_Web_Consorci__Preinscripcio_web_consorci_746x250_SECUNDARIA.jpg\" alt=\"\" width=\"744\" height=\"261\" srcset=\"https:\/\/agora.xtec.cat\/escolaperezsala\/wp-content\/uploads\/usu463\/2026\/03\/Preinscripcio_baners_Web_Consorci__Preinscripcio_web_consorci_746x250_SECUNDARIA.jpg 744w, https:\/\/agora.xtec.cat\/escolaperezsala\/wp-content\/uploads\/usu463\/2026\/03\/Preinscripcio_baners_Web_Consorci__Preinscripcio_web_consorci_746x250_SECUNDARIA-300x105.jpg 300w\" sizes=\"auto, (max-width: 744px) 100vw, 744px\" \/><\/a><\/p>\n<h2 style=\"text-align: center;\"><a href=\"https:\/\/mapaescolar.gencat.cat\/\">MAPA ESCOLAR\u00a0<\/a><\/h2>\n<p style=\"text-align: center;\">TOTA LA INFORMACI\u00d3 DE PREINSCRIPCI\u00d3 I MATR\u00cdCULA (<a href=\"https:\/\/agora.xtec.cat\/escolaperezsala\/secretaria\/preinscripcio-i-matricula\/\">WEB ESCOLA<\/a>)<\/p>\n<h3 style=\"text-align: center;\"><a href=\"https:\/\/agora.xtec.cat\/escolaperezsala\/wp-content\/uploads\/usu463\/2024\/01\/Projecte-Educatiu.pdf\">PROJECTE EDUCATIU<\/a><\/h3>\n<h3 style=\"text-align: center;\"><a href=\"https:\/\/drive.google.com\/file\/d\/1qnMV-Gnk3EV7RTfNwn-P2MCnBqDTtLWg\/view?usp=sharing\">ELS ESPAIS DE L&#8217;ESCOLA<\/a><\/h3>\n","protected":false},"excerpt":{"rendered":"<p>&nbsp;<\/p>\n<p><a href=\"https:\/\/agora.xtec.cat\/escolaperezsala\/wp-content\/uploads\/usu463\/2026\/03\/Preinscripcio_baners_Web_Consorci__Preinscripcio_web_consorci_746x250_SECUNDARIA.jpg\"><\/a><br \/>\n<a href=\"https:\/\/mapaescolar.gencat.cat\/\">MAPA ESCOLAR\u00a0<\/a><br \/>\nTOTA LA INFORMACI\u00d3 DE PREINSCRIPCI\u00d3 I MATR\u00cdCULA (<a href=\"https:\/\/agora.xtec.cat\/escolaperezsala\/secretaria\/preinscripcio-i-matricula\/\">WEB ESCOLA<\/a>)<br \/>\n<a href=\"https:\/\/agora.xtec.cat\/escolaperezsala\/wp-content\/uploads\/usu463\/2024\/01\/Projecte-Educatiu.pdf\">PROJECTE EDUCATIU<\/a><br \/>\n<a href=\"https:\/\/drive.google.com\/file\/d\/1qnMV-Gnk3EV7RTfNwn-P2MCnBqDTtLWg\/view?usp=sharing\">ELS ESPAIS DE L&#8217;ESCOLA<\/a><\/p>\n","protected":false},"author":1,"featured_media":0,"parent":0,"menu_order":0,"comment_status":"closed","ping_status":"closed","template":"page-templates\/front-page.php","meta":{"_bbp_topic_count":0,"_bbp_reply_count":0,"_bbp_total_topic_count":0,"_bbp_total_reply_count":0,"_bbp_voice_count":0,"_bbp_anonymous_reply_count":0,"_bbp_topic_count_hidden":0,"_bbp_reply_count_hidden":0,"_bbp_forum_subforum_count":0,"footnotes":""},"class_list":["post-7","page","type-page","status-publish","hentry"],"post_mailing_queue_ids":[],"_links":{"self":[{"href":"https:\/\/agora.xtec.cat\/escolaperezsala\/wp-json\/wp\/v2\/pages\/7","targetHints":{"allow":["GET"]}}],"collection":[{"href":"https:\/\/agora.xtec.cat\/escolaperezsala\/wp-json\/wp\/v2\/pages"}],"about":[{"href":"https:\/\/agora.xtec.cat\/escolaperezsala\/wp-json\/wp\/v2\/types\/page"}],"author":[{"embeddable":true,"href":"https:\/\/agora.xtec.cat\/escolaperezsala\/wp-json\/wp\/v2\/users\/1"}],"replies":[{"embeddable":true,"href":"https:\/\/agora.xtec.cat\/escolaperezsala\/wp-json\/wp\/v2\/comments?post=7"}],"version-history":[{"count":8,"href":"https:\/\/agora.xtec.cat\/escolaperezsala\/wp-json\/wp\/v2\/pages\/7\/revisions"}],"predecessor-version":[{"id":22245,"href":"https:\/\/agora.xtec.cat\/escolaperezsala\/wp-json\/wp\/v2\/pages\/7\/revisions\/22245"}],"wp:attachment":[{"href":"https:\/\/agora.xtec.cat\/escolaperezsala\/wp-json\/wp\/v2\/media?parent=7"}],"curies":[{"name":"wp","href":"https:\/\/api.w.org\/{rel}","templated":true}]}}