{"id":6428,"date":"2019-11-12T22:17:03","date_gmt":"2019-11-12T21:17:03","guid":{"rendered":"http:\/\/agora.xtec.cat\/escolaperezsala\/?page_id=6428"},"modified":"2021-10-24T11:43:21","modified_gmt":"2021-10-24T09:43:21","slug":"xarxa-competencies-basiques","status":"publish","type":"page","link":"https:\/\/agora.xtec.cat\/escolaperezsala\/projecte-educatiu\/xarxa-competencies-basiques\/","title":{"rendered":"Xarxa Compet\u00e8ncies B\u00e0siques"},"content":{"rendered":"<h4 style=\"text-align: center;\">Qu\u00e8 \u00e9s la xarxa de compet\u00e8ncies b\u00e0siques?<\/h4>\n<p>Des del curs 2019-2020 l&#8217;escola forma part de la Xarxa de Compet\u00e8ncies B\u00e0siques per incorporar nous models dins la tasca educativa.<\/p>\n<p style=\"text-align: justify;\">Aquesta modalitat de formaci\u00f3 docent est\u00e0 basat en l\u2019aprenentatge entre iguals i en xarxa, promoguda pel Departament d\u2019Educaci\u00f3. La Xarxa Cb est\u00e0 formada per equips docents de centres d\u2019educaci\u00f3 infantil, prim\u00e0ria, secund\u00e0ria i batxillerat que volen transformar l\u2019escola en un espai que afavoreixi l\u2019aprenentatge i ajudi els docents a millorar el seu desenvolupament professional i als centres a constituir-se en organitzacions que aprenen.<\/p>\n<p style=\"text-align: center;\"><strong><em>Clica l&#8217;enlla\u00e7<\/em><\/strong><a href=\"https:\/\/drive.google.com\/file\/d\/1nZ78DRV9bU1gIePHpXuXpEKxLA2lGwlc\/view?usp=sharing\" target=\"_blank\" rel=\"noopener\"><img loading=\"lazy\" decoding=\"async\" class=\" wp-image-17682 aligncenter\" src=\"https:\/\/agora.xtec.cat\/escolaperezsala\/wp-content\/uploads\/usu463\/2021\/10\/XCB.png\" alt=\"\" width=\"255\" height=\"131\" srcset=\"https:\/\/agora.xtec.cat\/escolaperezsala\/wp-content\/uploads\/usu463\/2021\/10\/XCB.png 340w, https:\/\/agora.xtec.cat\/escolaperezsala\/wp-content\/uploads\/usu463\/2021\/10\/XCB-300x154.png 300w\" sizes=\"auto, (max-width: 255px) 100vw, 255px\" \/><\/a><\/p>\n","protected":false},"excerpt":{"rendered":"<p>Qu\u00e8 \u00e9s la xarxa de compet\u00e8ncies b\u00e0siques?<br \/>\nDes del curs 2019-2020 l&#8217;escola forma part de la Xarxa de Compet\u00e8ncies B\u00e0siques per incorporar nous models dins la tasca educativa.<br \/>\nAquesta modalitat de formaci\u00f3 docent est\u00e0 basat en l\u2019aprenentatge entre iguals i en xarxa, promoguda pel Departament d\u2019Educaci\u00f3. La&hellip;  <a href=\"https:\/\/agora.xtec.cat\/escolaperezsala\/projecte-educatiu\/xarxa-competencies-basiques\/\" title=\"Read Xarxa Compet\u00e8ncies B\u00e0siques\">Llegeix m\u00e9s\u00bb<\/a><\/p>\n","protected":false},"author":1,"featured_media":0,"parent":64,"menu_order":2,"comment_status":"closed","ping_status":"closed","template":"page-templates\/side-menu.php","meta":{"_bbp_topic_count":0,"_bbp_reply_count":0,"_bbp_total_topic_count":0,"_bbp_total_reply_count":0,"_bbp_voice_count":0,"_bbp_anonymous_reply_count":0,"_bbp_topic_count_hidden":0,"_bbp_reply_count_hidden":0,"_bbp_forum_subforum_count":0,"footnotes":""},"class_list":["post-6428","page","type-page","status-publish","hentry"],"post_mailing_queue_ids":[],"_links":{"self":[{"href":"https:\/\/agora.xtec.cat\/escolaperezsala\/wp-json\/wp\/v2\/pages\/6428","targetHints":{"allow":["GET"]}}],"collection":[{"href":"https:\/\/agora.xtec.cat\/escolaperezsala\/wp-json\/wp\/v2\/pages"}],"about":[{"href":"https:\/\/agora.xtec.cat\/escolaperezsala\/wp-json\/wp\/v2\/types\/page"}],"author":[{"embeddable":true,"href":"https:\/\/agora.xtec.cat\/escolaperezsala\/wp-json\/wp\/v2\/users\/1"}],"replies":[{"embeddable":true,"href":"https:\/\/agora.xtec.cat\/escolaperezsala\/wp-json\/wp\/v2\/comments?post=6428"}],"version-history":[{"count":3,"href":"https:\/\/agora.xtec.cat\/escolaperezsala\/wp-json\/wp\/v2\/pages\/6428\/revisions"}],"predecessor-version":[{"id":17684,"href":"https:\/\/agora.xtec.cat\/escolaperezsala\/wp-json\/wp\/v2\/pages\/6428\/revisions\/17684"}],"up":[{"embeddable":true,"href":"https:\/\/agora.xtec.cat\/escolaperezsala\/wp-json\/wp\/v2\/pages\/64"}],"wp:attachment":[{"href":"https:\/\/agora.xtec.cat\/escolaperezsala\/wp-json\/wp\/v2\/media?parent=6428"}],"curies":[{"name":"wp","href":"https:\/\/api.w.org\/{rel}","templated":true}]}}