{"id":6316,"date":"2019-10-23T16:14:30","date_gmt":"2019-10-23T14:14:30","guid":{"rendered":"http:\/\/agora.xtec.cat\/escolaperezsala\/?page_id=6316"},"modified":"2021-10-24T12:51:23","modified_gmt":"2021-10-24T10:51:23","slug":"cantania","status":"publish","type":"page","link":"https:\/\/agora.xtec.cat\/escolaperezsala\/projecte-educatiu\/cantania\/","title":{"rendered":"Cant\u00e0nia"},"content":{"rendered":"<p style=\"text-align: justify;\">En aquest projecte les diferents escoles que hi participen treballen una cantata de nova creaci\u00f3 al llarg de tot l&#8217;any per culminar amb la interpretaci\u00f3 a l&#8217;escenari.<span style=\"font-family: inherit; font-size: 1em;\">\u00a0A l&#8217;escola P\u00e9rez Sala, l&#8217;alumnat de 5\u00e8 \u00e9s qui participa a la Cant\u00e0nia de l&#8217;Auditori de Barcelona .<\/span><\/p>\n<p style=\"text-align: justify;\">La mestra d&#8217;educaci\u00f3 musical, durant el curs, rep una formaci\u00f3 per la preparaci\u00f3 de la cantata i comen\u00e7ar a preparar cadascun dels aspectes amb l&#8217;alumnat de 5\u00e8.<\/p>\n","protected":false},"excerpt":{"rendered":"<p>En aquest projecte les diferents escoles que hi participen treballen una cantata de nova creaci\u00f3 al llarg de tot l&#8217;any per culminar amb la interpretaci\u00f3 a l&#8217;escenari.\u00a0A l&#8217;escola P\u00e9rez Sala, l&#8217;alumnat de 5\u00e8 \u00e9s qui participa a la Cant\u00e0nia de l&#8217;Auditori de Barcelona .<br \/>\nLa mestra&hellip;  <a href=\"https:\/\/agora.xtec.cat\/escolaperezsala\/projecte-educatiu\/cantania\/\" title=\"Read Cant\u00e0nia\">Llegeix m\u00e9s\u00bb<\/a><\/p>\n","protected":false},"author":1,"featured_media":0,"parent":64,"menu_order":8,"comment_status":"closed","ping_status":"closed","template":"page-templates\/side-menu.php","meta":{"_bbp_topic_count":0,"_bbp_reply_count":0,"_bbp_total_topic_count":0,"_bbp_total_reply_count":0,"_bbp_voice_count":0,"_bbp_anonymous_reply_count":0,"_bbp_topic_count_hidden":0,"_bbp_reply_count_hidden":0,"_bbp_forum_subforum_count":0,"footnotes":""},"class_list":["post-6316","page","type-page","status-publish","hentry"],"post_mailing_queue_ids":[],"_links":{"self":[{"href":"https:\/\/agora.xtec.cat\/escolaperezsala\/wp-json\/wp\/v2\/pages\/6316","targetHints":{"allow":["GET"]}}],"collection":[{"href":"https:\/\/agora.xtec.cat\/escolaperezsala\/wp-json\/wp\/v2\/pages"}],"about":[{"href":"https:\/\/agora.xtec.cat\/escolaperezsala\/wp-json\/wp\/v2\/types\/page"}],"author":[{"embeddable":true,"href":"https:\/\/agora.xtec.cat\/escolaperezsala\/wp-json\/wp\/v2\/users\/1"}],"replies":[{"embeddable":true,"href":"https:\/\/agora.xtec.cat\/escolaperezsala\/wp-json\/wp\/v2\/comments?post=6316"}],"version-history":[{"count":3,"href":"https:\/\/agora.xtec.cat\/escolaperezsala\/wp-json\/wp\/v2\/pages\/6316\/revisions"}],"predecessor-version":[{"id":17745,"href":"https:\/\/agora.xtec.cat\/escolaperezsala\/wp-json\/wp\/v2\/pages\/6316\/revisions\/17745"}],"up":[{"embeddable":true,"href":"https:\/\/agora.xtec.cat\/escolaperezsala\/wp-json\/wp\/v2\/pages\/64"}],"wp:attachment":[{"href":"https:\/\/agora.xtec.cat\/escolaperezsala\/wp-json\/wp\/v2\/media?parent=6316"}],"curies":[{"name":"wp","href":"https:\/\/api.w.org\/{rel}","templated":true}]}}