{"id":6151,"date":"2019-09-13T13:27:56","date_gmt":"2019-09-13T11:27:56","guid":{"rendered":"http:\/\/agora.xtec.cat\/escolaperezsala\/?page_id=6151"},"modified":"2021-10-24T11:45:18","modified_gmt":"2021-10-24T09:45:18","slug":"etwinning","status":"publish","type":"page","link":"https:\/\/agora.xtec.cat\/escolaperezsala\/projecte-educatiu\/etwinning\/","title":{"rendered":"eTwinning"},"content":{"rendered":"<p style=\"text-align: justify;\">Des del curs 2016-2017 l&#8217;escola participa de la comunitat europea de centres educatius <a href=\"https:\/\/www.etwinning.net\/es\/pub\/about.htm\">eTwinning<\/a> al nivell de 6\u00e8 on centres escolars d&#8217;Europa es posen en contacte per compartir projecte a trav\u00e9s de la llengua anglesa fent \u00fas de les tecnologies de l&#8217;aprenentatge i al comunicaci\u00f3.<\/p>\n<p style=\"text-align: justify;\">\u00c9s una iniciativa de la Uni\u00f3 Europea que forma part del programa Erasmus+ per desenvolupar projectes de col\u00b7laboraci\u00f3 entre escoles europees.<\/p>\n<p>&nbsp;<\/p>\n<p><a href=\"https:\/\/agora.xtec.cat\/escolaperezsala\/wp-content\/uploads\/usu463\/2020\/10\/etwinning2-e1604055104859.jpg\"><img loading=\"lazy\" decoding=\"async\" class=\"wp-image-10244 alignleft\" src=\"https:\/\/agora.xtec.cat\/escolaperezsala\/wp-content\/uploads\/usu463\/2020\/10\/etwinning2-1024x706.jpg\" alt=\"\" width=\"250\" height=\"172\" \/><\/a><\/p>\n<p><a href=\"https:\/\/agora.xtec.cat\/escolaperezsala\/wp-content\/uploads\/usu463\/2020\/10\/etwinning1.jpg\"><img loading=\"lazy\" decoding=\"async\" class=\"wp-image-10243 alignleft\" src=\"https:\/\/agora.xtec.cat\/escolaperezsala\/wp-content\/uploads\/usu463\/2020\/10\/etwinning1-1024x713.jpg\" alt=\"\" width=\"248\" height=\"173\" srcset=\"https:\/\/agora.xtec.cat\/escolaperezsala\/wp-content\/uploads\/usu463\/2020\/10\/etwinning1-1024x713.jpg 1024w, https:\/\/agora.xtec.cat\/escolaperezsala\/wp-content\/uploads\/usu463\/2020\/10\/etwinning1-300x209.jpg 300w, https:\/\/agora.xtec.cat\/escolaperezsala\/wp-content\/uploads\/usu463\/2020\/10\/etwinning1-768x535.jpg 768w, https:\/\/agora.xtec.cat\/escolaperezsala\/wp-content\/uploads\/usu463\/2020\/10\/etwinning1.jpg 1165w\" sizes=\"auto, (max-width: 248px) 100vw, 248px\" \/><\/a><\/p>\n<p>&nbsp;<\/p>\n<p>&nbsp;<\/p>\n<p>&nbsp;<\/p>\n<p>&nbsp;<\/p>\n<p>&nbsp;<\/p>\n<h4>Quins projectes etwinning hem fet fins ara? Visita&#8217;ls al Twin Space:<\/h4>\n<h5>\u00a0 \u00a0 \u00a0<a href=\"https:\/\/twinspace.etwinning.net\/117045\">What about your project.<\/a><\/h5>\n<h5>\u00a0 \u00a0 <a href=\"https:\/\/twinspace.etwinning.net\/116727\/home\">\u00a0Values in pronunciation.<\/a><\/h5>\n<h5>\u00a0 \u00a0 \u00a0<a href=\"https:\/\/twinspace.etwinning.net\/116665\">Early teaching ways.<\/a><\/h5>\n<h5>\u00a0 \u00a0 \u00a0<a href=\"https:\/\/twinspace.etwinning.net\/106189\/home\">Construct Act Learning:CAL<\/a><\/h5>\n<h5>\u00a0 \u00a0 \u00a0<a href=\"https:\/\/twinspace.etwinning.net\/104310\/home\">Power of Connection<\/a><\/h5>\n","protected":false},"excerpt":{"rendered":"<p>Des del curs 2016-2017 l&#8217;escola participa de la comunitat europea de centres educatius <a href=\"https:\/\/www.etwinning.net\/es\/pub\/about.htm\">eTwinning<\/a> al nivell de 6\u00e8 on centres escolars d&#8217;Europa es posen en contacte per compartir projecte a trav\u00e9s de la llengua anglesa fent \u00fas de les tecnologies de l&#8217;aprenentatge i al&hellip;  <a href=\"https:\/\/agora.xtec.cat\/escolaperezsala\/projecte-educatiu\/etwinning\/\" title=\"Read eTwinning\">Llegeix m\u00e9s\u00bb<\/a><\/p>\n","protected":false},"author":1,"featured_media":0,"parent":64,"menu_order":5,"comment_status":"closed","ping_status":"closed","template":"page-templates\/side-menu.php","meta":{"_bbp_topic_count":0,"_bbp_reply_count":0,"_bbp_total_topic_count":0,"_bbp_total_reply_count":0,"_bbp_voice_count":0,"_bbp_anonymous_reply_count":0,"_bbp_topic_count_hidden":0,"_bbp_reply_count_hidden":0,"_bbp_forum_subforum_count":0,"footnotes":""},"class_list":["post-6151","page","type-page","status-publish","hentry"],"post_mailing_queue_ids":[],"_links":{"self":[{"href":"https:\/\/agora.xtec.cat\/escolaperezsala\/wp-json\/wp\/v2\/pages\/6151","targetHints":{"allow":["GET"]}}],"collection":[{"href":"https:\/\/agora.xtec.cat\/escolaperezsala\/wp-json\/wp\/v2\/pages"}],"about":[{"href":"https:\/\/agora.xtec.cat\/escolaperezsala\/wp-json\/wp\/v2\/types\/page"}],"author":[{"embeddable":true,"href":"https:\/\/agora.xtec.cat\/escolaperezsala\/wp-json\/wp\/v2\/users\/1"}],"replies":[{"embeddable":true,"href":"https:\/\/agora.xtec.cat\/escolaperezsala\/wp-json\/wp\/v2\/comments?post=6151"}],"version-history":[{"count":4,"href":"https:\/\/agora.xtec.cat\/escolaperezsala\/wp-json\/wp\/v2\/pages\/6151\/revisions"}],"predecessor-version":[{"id":17702,"href":"https:\/\/agora.xtec.cat\/escolaperezsala\/wp-json\/wp\/v2\/pages\/6151\/revisions\/17702"}],"up":[{"embeddable":true,"href":"https:\/\/agora.xtec.cat\/escolaperezsala\/wp-json\/wp\/v2\/pages\/64"}],"wp:attachment":[{"href":"https:\/\/agora.xtec.cat\/escolaperezsala\/wp-json\/wp\/v2\/media?parent=6151"}],"curies":[{"name":"wp","href":"https:\/\/api.w.org\/{rel}","templated":true}]}}