{"id":361,"date":"2016-06-29T13:09:06","date_gmt":"2016-06-29T11:09:06","guid":{"rendered":"http:\/\/agora.xtec.cat\/escolaperezsala\/?page_id=361"},"modified":"2026-03-10T15:44:40","modified_gmt":"2026-03-10T14:44:40","slug":"consell-escolar","status":"publish","type":"page","link":"https:\/\/agora.xtec.cat\/escolaperezsala\/lescola\/consell-escolar\/","title":{"rendered":"Consell Escolar"},"content":{"rendered":"<p style=\"text-align: justify;\">El consell escolar del centre \u00e9s l&#8217;\u00f2rgan de participaci\u00f3 de la comunitat escolar en el govern de l\u2019escola i l&#8217;\u00f2rgan de programaci\u00f3, seguiment i avaluaci\u00f3 general de les activitats.<\/p>\n<p style=\"text-align: justify;\"><em>Composici\u00f3 del consell escolar:<\/em><\/p>\n<p style=\"text-align: justify;\">Segons l\u2019article 45 del Decret 102\/2010, de 3 d\u2019agost:<\/p>\n<p style=\"text-align: justify;\">La composici\u00f3 actual del consell escolar \u00e9s, eleccions desembre 2025:<\/p>\n<table>\n<tbody>\n<tr>\n<td style=\"text-align: center;\" width=\"206\">Presidenta<\/td>\n<td width=\"389\">Directora del centre<\/p>\n<p>Laia K\u00f6tz Espinosa<\/td>\n<\/tr>\n<tr>\n<td style=\"text-align: center;\" width=\"206\">Cap d\u2019estudis<\/td>\n<td width=\"389\">Cap d\u2019estudis del centre<\/p>\n<p>Alexis Vi\u00f1als Ib\u00e1\u00f1ez<\/td>\n<\/tr>\n<tr>\n<td style=\"text-align: center;\" width=\"206\">Secret\u00e0ria<\/td>\n<td width=\"389\">Secret\u00e0ria del centre<\/p>\n<p>Laia Agull\u00f3 Duran<\/td>\n<\/tr>\n<tr>\n<td style=\"text-align: center;\" width=\"206\">Sector Ajuntament<\/td>\n<td width=\"389\">1 representant de l\u2019Ajuntament<\/p>\n<p>Rafel L\u00f3pez<\/td>\n<\/tr>\n<tr>\n<td style=\"text-align: center;\" width=\"206\">Sector professorat<\/td>\n<td width=\"389\">6 representants del professorat elegits pel claustre<\/p>\n<p>M\u00f2nica Serra Lavado<\/p>\n<p>Laia Prat Baur\u00e9s<\/p>\n<p>Marta And\u00fajar Mart\u00ednez<\/p>\n<p>Yolanda Fortuny Torrent<\/p>\n<p>Montserrat Alguer\u00f3 Torruella<\/p>\n<p>Laura Bellido Rodr\u00edguez<\/td>\n<\/tr>\n<tr>\n<td style=\"text-align: center;\" width=\"206\">Sector pares i mares<\/td>\n<td width=\"389\">6 representants de mares i pares elegits o elegides entre ells i elles. Un d\u2019ells o una d&#8217;elles la designa l\u2019AFA del centre.<\/p>\n<p>Marta Brossa Llibre<\/p>\n<p>Cristina Bona Pe\u00f1alver<\/p>\n<p>Andrea Obach Gay<\/p>\n<p>Lucia Fornieles Gim\u00e9nez<\/p>\n<p>Roger Salvad\u00f3 Bosch<\/p>\n<p>Ma. Carmen Ram\u00edrez Hern\u00e1ndez<\/td>\n<\/tr>\n<tr>\n<td style=\"text-align: center;\" width=\"206\">Sector PAS (Personal d\u2019Administraci\u00f3 i Serveis)<\/td>\n<td width=\"389\">1 representant, elegida entre aquest personal. Es considera PAS la TEI, l\u2019administrativa i la conserge.<\/p>\n<p>Laura Sala<\/td>\n<\/tr>\n<\/tbody>\n<\/table>\n<p>SESSIONS I ACORDS 2025-2026:<\/p>\n<p><strong>23 de setembre de 2025 a les 16:45h<\/strong><\/p>\n<p>1. Benvinguda i presentaci\u00f3 de l\u2019inici de curs.<br \/>\n2. Aprovaci\u00f3, si escau, de l\u2019acta de la sessi\u00f3 anterior.<br \/>\n3. Informacions generals sobre l\u2019organitzaci\u00f3 i funcionament del centre.<br \/>\n4. Projectes i l\u00ednies priorit\u00e0ries del curs 2025-2026.<br \/>\n5. Composici\u00f3 comissions consell escolar i periodicitat de reunions.<br \/>\n6. Eleccions al consell escolar.<br \/>\n7. Aprovaci\u00f3 mem\u00f2ria anual curs 2024-2025<br \/>\n8. Aprovaci\u00f3 programaci\u00f3 general anual del curs 25-26<br \/>\n9. Assignaci\u00f3 hores de suport per a l\u2019alumnat que presenta Necessitats Educatives<br \/>\nEspecials<br \/>\n10. Presentaci\u00f3 dels criteris de selecci\u00f3 de mobilitat de l\u2019alumnat del programa<br \/>\nERASMUS+<br \/>\n11. Tasques de manteniment durant el per\u00edode de vacances escolars<br \/>\n12. Precs i preguntes.<\/p>\n<p><strong>17 de desembre de 2025 a les 17 h<\/strong><\/p>\n<p>1. Constituci\u00f3 del nou consell escolar.<br \/>\n2. Comissions del consell escolar i coordinaci\u00f3 de coeducaci\u00f3.<br \/>\n3. Normes de funcionament del consell escolar.<\/p>\n<p><strong>17 de desembre de 2025 a les 17 h<\/strong><\/p>\n<p>1. Presentaci\u00f3 de l\u2019exercici econ\u00f2mic 2025 de l\u2019espai migdia a c\u00e0rrec del gerent<br \/>\nd\u2019Ecomenja, el Sr. Joan Ribas.<br \/>\n2. Informaci\u00f3 de l\u2019estat del projecte camins escolars de VdM i les mesures al voltant de<br \/>\nl\u2019escola P\u00e9rez Sala, a c\u00e0rrec de la regidora d\u2019Educaci\u00f3, la Sra. Maria Vinuesa.<br \/>\n3. Informaci\u00f3 de la taula local de planificaci\u00f3.<br \/>\n4. Properes mobilitats Erasmus+.<br \/>\n5. Altres informacions.<br \/>\n6. Precs i preguntes.<\/p>\n<p><strong>28 de gener de 2026 a es 15 h<\/strong><\/p>\n<ol>\n<li>Presentaci\u00f3 de l\u2019acord de les aportacions de les fam\u00edlies a l\u2019escola<br \/>\n2. Presentaci\u00f3 de la liquidaci\u00f3 exercici econ\u00f2mic 2025<br \/>\n3. Presentaci\u00f3 del pressupost exercici econ\u00f2mic 2026<br \/>\n4. Precs i preguntes.<\/li>\n<\/ol>\n","protected":false},"excerpt":{"rendered":"<p>El consell escolar del centre \u00e9s l&#8217;\u00f2rgan de participaci\u00f3 de la comunitat escolar en el govern de l\u2019escola i l&#8217;\u00f2rgan de programaci\u00f3, seguiment i avaluaci\u00f3 general de les activitats.<br \/>\nComposici\u00f3 del consell escolar:<br \/>\nSegons l\u2019article 45 del Decret 102\/2010, de 3 d\u2019agost:<br \/>\nLa composici\u00f3 actual del consell escolar&hellip;  <a href=\"https:\/\/agora.xtec.cat\/escolaperezsala\/lescola\/consell-escolar\/\" title=\"Read Consell Escolar\">Llegeix m\u00e9s\u00bb<\/a><\/p>\n","protected":false},"author":1,"featured_media":0,"parent":22,"menu_order":5,"comment_status":"closed","ping_status":"closed","template":"page-templates\/side-menu.php","meta":{"_bbp_topic_count":0,"_bbp_reply_count":0,"_bbp_total_topic_count":0,"_bbp_total_reply_count":0,"_bbp_voice_count":0,"_bbp_anonymous_reply_count":0,"_bbp_topic_count_hidden":0,"_bbp_reply_count_hidden":0,"_bbp_forum_subforum_count":0,"footnotes":""},"class_list":["post-361","page","type-page","status-publish","hentry"],"post_mailing_queue_ids":[],"_links":{"self":[{"href":"https:\/\/agora.xtec.cat\/escolaperezsala\/wp-json\/wp\/v2\/pages\/361","targetHints":{"allow":["GET"]}}],"collection":[{"href":"https:\/\/agora.xtec.cat\/escolaperezsala\/wp-json\/wp\/v2\/pages"}],"about":[{"href":"https:\/\/agora.xtec.cat\/escolaperezsala\/wp-json\/wp\/v2\/types\/page"}],"author":[{"embeddable":true,"href":"https:\/\/agora.xtec.cat\/escolaperezsala\/wp-json\/wp\/v2\/users\/1"}],"replies":[{"embeddable":true,"href":"https:\/\/agora.xtec.cat\/escolaperezsala\/wp-json\/wp\/v2\/comments?post=361"}],"version-history":[{"count":6,"href":"https:\/\/agora.xtec.cat\/escolaperezsala\/wp-json\/wp\/v2\/pages\/361\/revisions"}],"predecessor-version":[{"id":22281,"href":"https:\/\/agora.xtec.cat\/escolaperezsala\/wp-json\/wp\/v2\/pages\/361\/revisions\/22281"}],"up":[{"embeddable":true,"href":"https:\/\/agora.xtec.cat\/escolaperezsala\/wp-json\/wp\/v2\/pages\/22"}],"wp:attachment":[{"href":"https:\/\/agora.xtec.cat\/escolaperezsala\/wp-json\/wp\/v2\/media?parent=361"}],"curies":[{"name":"wp","href":"https:\/\/api.w.org\/{rel}","templated":true}]}}