{"id":326,"date":"2016-02-26T16:21:44","date_gmt":"2016-02-26T15:21:44","guid":{"rendered":"http:\/\/agora.xtec.cat\/escolaperezsala\/?page_id=326"},"modified":"2021-07-12T13:09:43","modified_gmt":"2021-07-12T11:09:43","slug":"continuitat-a-secundaria","status":"publish","type":"page","link":"https:\/\/agora.xtec.cat\/escolaperezsala\/lescola\/continuitat-a-secundaria\/","title":{"rendered":"Continu\u00eftat a Secund\u00e0ria"},"content":{"rendered":"<p>En acabar l&#8217;etapa d&#8217;Educaci\u00f3 Prim\u00e0ria, les alumnes i els alumnes de sis\u00e8 de l&#8217;escola tenen continu\u00eftat a l&#8217;Educaci\u00f3 Secund\u00e0ria a dos centre adscrits del municipi:<\/p>\n<p><a href=\"http:\/\/agora.xtec.cat\/iesvilatzara\/intranet\/\" target=\"_blank\" rel=\"noopener noreferrer\">Institut Vilatzara<\/a><\/p>\n<p><a href=\"http:\/\/agora.xtec.cat\/ins-pere-ribot\/intranet\/\" target=\"_blank\" rel=\"noopener noreferrer\">Institut Pere Ribot<\/a><\/p>\n<p>Per tal de vetllar pel seguiment i pas a aquesta etapa a final de curs es realitzen reunions de trasp\u00e0s de l&#8217;alumnat.<\/p>\n","protected":false},"excerpt":{"rendered":"<p>En acabar l&#8217;etapa d&#8217;Educaci\u00f3 Prim\u00e0ria, les alumnes i els alumnes de sis\u00e8 de l&#8217;escola tenen continu\u00eftat a l&#8217;Educaci\u00f3 Secund\u00e0ria a dos centre adscrits del municipi:<br \/>\n<a href=\"http:\/\/agora.xtec.cat\/iesvilatzara\/intranet\/\" target=\"_blank\" rel=\"noopener noreferrer\">Institut Vilatzara<\/a><br \/>\n<a href=\"http:\/\/agora.xtec.cat\/ins-pere-ribot\/intranet\/\" target=\"_blank\" rel=\"noopener noreferrer\">Institut Pere Ribot<\/a><br \/>\nPer tal de vetllar pel seguiment i pas a aquesta&hellip;  <a href=\"https:\/\/agora.xtec.cat\/escolaperezsala\/lescola\/continuitat-a-secundaria\/\" title=\"Read Continu\u00eftat a Secund\u00e0ria\">Llegeix m\u00e9s\u00bb<\/a><\/p>\n","protected":false},"author":1,"featured_media":0,"parent":22,"menu_order":6,"comment_status":"closed","ping_status":"closed","template":"page-templates\/side-menu.php","meta":{"_bbp_topic_count":0,"_bbp_reply_count":0,"_bbp_total_topic_count":0,"_bbp_total_reply_count":0,"_bbp_voice_count":0,"_bbp_anonymous_reply_count":0,"_bbp_topic_count_hidden":0,"_bbp_reply_count_hidden":0,"_bbp_forum_subforum_count":0,"footnotes":""},"class_list":["post-326","page","type-page","status-publish","hentry"],"post_mailing_queue_ids":[],"_links":{"self":[{"href":"https:\/\/agora.xtec.cat\/escolaperezsala\/wp-json\/wp\/v2\/pages\/326","targetHints":{"allow":["GET"]}}],"collection":[{"href":"https:\/\/agora.xtec.cat\/escolaperezsala\/wp-json\/wp\/v2\/pages"}],"about":[{"href":"https:\/\/agora.xtec.cat\/escolaperezsala\/wp-json\/wp\/v2\/types\/page"}],"author":[{"embeddable":true,"href":"https:\/\/agora.xtec.cat\/escolaperezsala\/wp-json\/wp\/v2\/users\/1"}],"replies":[{"embeddable":true,"href":"https:\/\/agora.xtec.cat\/escolaperezsala\/wp-json\/wp\/v2\/comments?post=326"}],"version-history":[{"count":3,"href":"https:\/\/agora.xtec.cat\/escolaperezsala\/wp-json\/wp\/v2\/pages\/326\/revisions"}],"predecessor-version":[{"id":11652,"href":"https:\/\/agora.xtec.cat\/escolaperezsala\/wp-json\/wp\/v2\/pages\/326\/revisions\/11652"}],"up":[{"embeddable":true,"href":"https:\/\/agora.xtec.cat\/escolaperezsala\/wp-json\/wp\/v2\/pages\/22"}],"wp:attachment":[{"href":"https:\/\/agora.xtec.cat\/escolaperezsala\/wp-json\/wp\/v2\/media?parent=326"}],"curies":[{"name":"wp","href":"https:\/\/api.w.org\/{rel}","templated":true}]}}