{"id":32,"date":"2014-09-18T12:31:33","date_gmt":"2014-09-18T10:31:33","guid":{"rendered":"http:\/\/agora.xtec.cat\/escolaperezsala\/?page_id=32"},"modified":"2025-07-03T14:15:56","modified_gmt":"2025-07-03T12:15:56","slug":"calendari-del-curs","status":"publish","type":"page","link":"https:\/\/agora.xtec.cat\/escolaperezsala\/curs-2025-2026\/calendari-del-curs\/","title":{"rendered":"El calendari del curs"},"content":{"rendered":"<h6><strong>L\u2019horari tant per a l\u2019educaci\u00f3 infantil com per a l\u2019educaci\u00f3 prim\u00e0ria (de setembre a juny) \u00e9s de 9:00 a 12:30h al mat\u00ed i de 15:00 a 16:30h a la tarda, a excepci\u00f3 dels per\u00edodes de jornada continuada.<br \/>\n<\/strong><\/h6>\n<h4>CALENDARI CURS 25-26<\/h4>\n<h4><strong>Inici de curs:<\/strong><\/h4>\n<p>Dimecres 8 de setembre de 2025<\/p>\n<h4><strong>Fi de curs:<\/strong><\/h4>\n<p>Divendres 19 de juny de 2026<\/p>\n<h4><strong>Vacances:<\/strong><\/h4>\n<p>Vacances de Nadal: del 20 de desembre del 2025 al 7 de gener de 2026 (incl\u00f2s).<\/p>\n<p>Vacances de Setmana Santa: del 28 de mar\u00e7 al 6 d&#8217;abril del 2026 (incl\u00f2s).<\/p>\n<h4><strong>Dies festius:<\/strong><\/h4>\n<p>11 de setembre de 2025 (festiu)<\/p>\n<p>10 d&#8217;octubre de 2025 (lliure disposici\u00f3)<\/p>\n<p>17 de novembre de 2025 (festiu local)<\/p>\n<p>8 de desembre de 2025 (festiu)<\/p>\n<p>16 de febrer de 2026 (lliure disposici\u00f3)<\/p>\n<p>13 de mar\u00e7 de 2026 (lliure disposici\u00f3)<\/p>\n<p>30 d&#8217;abril de 2026 (lliure disposici\u00f3)<\/p>\n<p>25 de maig de 2026 (lliure disposici\u00f3)<\/p>\n<h4><strong>Jornada continuada (de 9:00 a 13:00 h):<\/strong><\/h4>\n<p>El divendres 19 de desembre de 2025 i del 8 al 19 de juny de 2026.<\/p>\n<p style=\"text-align: justify;\">Per a l&#8217;alumnat que inicien l\u2019escolaritzaci\u00f3 a Infantil 3 s\u2019organitza un per\u00edode de familiaritzaci\u00f3 que suposa una certa modificaci\u00f3 dels horaris dels primers dies de classe, i que es fa saber a les fam\u00edlies en les reunions pr\u00e8vies corresponents.<\/p>\n","protected":false},"excerpt":{"rendered":"<p>L\u2019horari tant per a l\u2019educaci\u00f3 infantil com per a l\u2019educaci\u00f3 prim\u00e0ria (de setembre a juny) \u00e9s de 9:00 a 12:30h al mat\u00ed i de 15:00 a 16:30h a la tarda, a excepci\u00f3 dels per\u00edodes de jornada continuada.<\/p>\n<p>CALENDARI CURS 25-26<br \/>\nInici de curs:<br \/>\nDimecres 8 de setembre de&hellip;  <a href=\"https:\/\/agora.xtec.cat\/escolaperezsala\/curs-2025-2026\/calendari-del-curs\/\" title=\"Read El calendari del curs\">Llegeix m\u00e9s\u00bb<\/a><\/p>\n","protected":false},"author":2,"featured_media":0,"parent":215,"menu_order":3,"comment_status":"closed","ping_status":"closed","template":"page-templates\/side-menu.php","meta":{"_bbp_topic_count":0,"_bbp_reply_count":0,"_bbp_total_topic_count":0,"_bbp_total_reply_count":0,"_bbp_voice_count":0,"_bbp_anonymous_reply_count":0,"_bbp_topic_count_hidden":0,"_bbp_reply_count_hidden":0,"_bbp_forum_subforum_count":0,"footnotes":""},"class_list":["post-32","page","type-page","status-publish","hentry"],"post_mailing_queue_ids":[],"_links":{"self":[{"href":"https:\/\/agora.xtec.cat\/escolaperezsala\/wp-json\/wp\/v2\/pages\/32","targetHints":{"allow":["GET"]}}],"collection":[{"href":"https:\/\/agora.xtec.cat\/escolaperezsala\/wp-json\/wp\/v2\/pages"}],"about":[{"href":"https:\/\/agora.xtec.cat\/escolaperezsala\/wp-json\/wp\/v2\/types\/page"}],"author":[{"embeddable":true,"href":"https:\/\/agora.xtec.cat\/escolaperezsala\/wp-json\/wp\/v2\/users\/2"}],"replies":[{"embeddable":true,"href":"https:\/\/agora.xtec.cat\/escolaperezsala\/wp-json\/wp\/v2\/comments?post=32"}],"version-history":[{"count":5,"href":"https:\/\/agora.xtec.cat\/escolaperezsala\/wp-json\/wp\/v2\/pages\/32\/revisions"}],"predecessor-version":[{"id":21804,"href":"https:\/\/agora.xtec.cat\/escolaperezsala\/wp-json\/wp\/v2\/pages\/32\/revisions\/21804"}],"up":[{"embeddable":true,"href":"https:\/\/agora.xtec.cat\/escolaperezsala\/wp-json\/wp\/v2\/pages\/215"}],"wp:attachment":[{"href":"https:\/\/agora.xtec.cat\/escolaperezsala\/wp-json\/wp\/v2\/media?parent=32"}],"curies":[{"name":"wp","href":"https:\/\/api.w.org\/{rel}","templated":true}]}}