{"id":317,"date":"2016-02-26T12:24:57","date_gmt":"2016-02-26T11:24:57","guid":{"rendered":"http:\/\/agora.xtec.cat\/escolaperezsala\/?page_id=317"},"modified":"2023-07-06T11:38:24","modified_gmt":"2023-07-06T09:38:24","slug":"admissio-al-llarg-del-curs","status":"publish","type":"page","link":"https:\/\/agora.xtec.cat\/escolaperezsala\/secretaria\/admissio-al-llarg-del-curs\/","title":{"rendered":"Matr\u00edcula i Autoritzacions"},"content":{"rendered":"<h3 style=\"text-align: center;\"><strong>MATR\u00cdCULA<\/strong><\/h3>\n<h4 style=\"text-align: center;\"><\/h4>\n<p style=\"text-align: justify;\">L&#8217;<strong>alumnat a qui s&#8217;ha assignat pla\u00e7a en el proc\u00e9s de preinscripci\u00f3<\/strong> ha de formalitzar la matr\u00edcula en les dates que es detallen en el\u00a0calendari. L&#8217;alumnat que no ho fa en el per\u00edode establert es considera que renuncien a la pla\u00e7a adjudicada, llevat que sigui per causes justificades.<\/p>\n<p style=\"text-align: justify;\">El centre gestionar\u00e0 el tr\u00e0mit de la matr\u00edcula a trav\u00e9s de cites pr\u00e8vies, utilitzant l&#8217;eina corporativa o el tel\u00e8fon, o alternativament per una confirmaci\u00f3 de matr\u00edcula i l&#8217;enviament de la documentaci\u00f3 necess\u00e0ria a trav\u00e9s d&#8217;un correu electr\u00f2nic a la b\u00fastia oficial del centre.<\/p>\n<p style=\"text-align: justify;\">En aquest cas, el centre ha de respondre amb un correu de confirmaci\u00f3, com a justificant de la formalitzaci\u00f3 de la matr\u00edcula.<\/p>\n<p style=\"text-align: justify;\">A m\u00e9s de la documentaci\u00f3 aportada amb la sol\u00b7licitud de preinscripci\u00f3, per matricular-se cal presentar:<\/p>\n<ol style=\"text-align: justify;\">\n<li>El\u00a0<strong>carnet de vacunacions<\/strong>\u00a0on constin les dosis de vacunes rebudes i les dates corresponents.<br \/>\n&#8211; Si no es t\u00e9 carnet de vacunacions cal presentar un certificat m\u00e8dic oficial o el carnet de salut amb les dosis de vacuna rebudes i les dates corresponents.<br \/>\n&#8211; Si el nen o la nena no han estat vacunats per indicaci\u00f3 m\u00e8dica o per altres circumst\u00e0ncies, cal presentar un certificat m\u00e8dic oficial justificatiu.<\/li>\n<li>Quan el domicili al\u00b7legat a la sol\u00b7licitud de preinscripci\u00f3 no coincideixi amb el domicili del DNI cal presentar\u00a0<strong>el DNI renovat<\/strong>\u00a0amb la nova adre\u00e7a.<\/li>\n<\/ol>\n<p style=\"text-align: justify;\">Si en formalitzar la matr\u00edcula, el o la sol\u00b7licitant no al\u00b7lega el mateix domicili que el de la sol\u00b7licitud de preinscripci\u00f3, amb el qual hauria obtingut una puntuaci\u00f3 inferior, el centre ha d&#8217;informar d&#8217;aquest fet a la comissi\u00f3 de garanties d&#8217;admissi\u00f3 corresponent perqu\u00e8 pugui investigar si hi ha hagut o no frau en el proc\u00e9s de preinscripci\u00f3.<\/p>\n<p style=\"text-align: justify;\">La falsedat o el frau en les dades al\u00b7legades o en la documentaci\u00f3 aportada comporta la invalidaci\u00f3 dels drets de prioritat i fins i tot, si escau, la p\u00e8rdua de la pla\u00e7a assignada. El Departament d&#8217;Educaci\u00f3 comunica a l&#8217;autoritat competent el fet perqu\u00e8 aquesta adopti les mesures oportunes en relaci\u00f3 amb la responsabilitat que correspongui, tant al sol\u00b7licitant com a la persona que hagi em\u00e8s la documentaci\u00f3 acreditativa.<\/p>\n<p style=\"text-align: justify;\">L&#8217;alumnat que compleix els requisits acad\u00e8mics en el moment de la matr\u00edcula per\u00f2 que per causes justificades no poden aportar la documentaci\u00f3 acreditativa corresponent, se&#8217;l matricula condicionalment.<\/p>\n<p style=\"text-align: justify;\">Pel que fa\u00a0<strong>a l&#8217;alumnat que continua escolaritzats en el mateix centre<\/strong>, el centre comunicar\u00e0 el nivell que hauran de cursar i els demanar\u00e0 la confirmaci\u00f3 de la seva continu\u00eftat al centre.<\/p>\n<h5><a href=\"https:\/\/drive.google.com\/file\/d\/1QDqqUPbb1RtgteeW8Vicgi6Q51qyqeAx\/view?usp=sharing\" target=\"_blank\" rel=\"noopener\">Autoritzacions i pagaments curs 23-24<\/a><\/h5>\n<p>&nbsp;<\/p>\n","protected":false},"excerpt":{"rendered":"<p>MATR\u00cdCULA L&#8217;alumnat a qui s&#8217;ha assignat pla\u00e7a en el proc\u00e9s de preinscripci\u00f3 ha de formalitzar la matr\u00edcula en les dates que es detallen en el\u00a0calendari. L&#8217;alumnat que no ho fa en el per\u00edode establert es considera que renuncien a la pla\u00e7a adjudicada, llevat que sigui per causes justificades. El centre gestionar\u00e0 el tr\u00e0mit de la [&hellip;]<\/p>\n","protected":false},"author":1,"featured_media":0,"parent":258,"menu_order":4,"comment_status":"closed","ping_status":"closed","template":"page-templates\/side-menu.php","meta":{"_bbp_topic_count":0,"_bbp_reply_count":0,"_bbp_total_topic_count":0,"_bbp_total_reply_count":0,"_bbp_voice_count":0,"_bbp_anonymous_reply_count":0,"_bbp_topic_count_hidden":0,"_bbp_reply_count_hidden":0,"_bbp_forum_subforum_count":0,"site-sidebar-layout":"default","site-content-layout":"","ast-site-content-layout":"","site-content-style":"default","site-sidebar-style":"default","ast-global-header-display":"","ast-banner-title-visibility":"","ast-main-header-display":"","ast-hfb-above-header-display":"","ast-hfb-below-header-display":"","ast-hfb-mobile-header-display":"","site-post-title":"","ast-breadcrumbs-content":"","ast-featured-img":"","footer-sml-layout":"","theme-transparent-header-meta":"","adv-header-id-meta":"","stick-header-meta":"","header-above-stick-meta":"","header-main-stick-meta":"","header-below-stick-meta":"","astra-migrate-meta-layouts":"default","ast-page-background-enabled":"default","ast-page-background-meta":{"desktop":{"background-color":"var(--ast-global-color-4)","background-image":"","background-repeat":"repeat","background-position":"center center","background-size":"auto","background-attachment":"scroll","background-type":"","background-media":"","overlay-type":"","overlay-color":"","overlay-opacity":"","overlay-gradient":""},"tablet":{"background-color":"","background-image":"","background-repeat":"repeat","background-position":"center center","background-size":"auto","background-attachment":"scroll","background-type":"","background-media":"","overlay-type":"","overlay-color":"","overlay-opacity":"","overlay-gradient":""},"mobile":{"background-color":"","background-image":"","background-repeat":"repeat","background-position":"center center","background-size":"auto","background-attachment":"scroll","background-type":"","background-media":"","overlay-type":"","overlay-color":"","overlay-opacity":"","overlay-gradient":""}},"ast-content-background-meta":{"desktop":{"background-color":"var(--ast-global-color-5)","background-image":"","background-repeat":"repeat","background-position":"center center","background-size":"auto","background-attachment":"scroll","background-type":"","background-media":"","overlay-type":"","overlay-color":"","overlay-opacity":"","overlay-gradient":""},"tablet":{"background-color":"var(--ast-global-color-5)","background-image":"","background-repeat":"repeat","background-position":"center center","background-size":"auto","background-attachment":"scroll","background-type":"","background-media":"","overlay-type":"","overlay-color":"","overlay-opacity":"","overlay-gradient":""},"mobile":{"background-color":"var(--ast-global-color-5)","background-image":"","background-repeat":"repeat","background-position":"center center","background-size":"auto","background-attachment":"scroll","background-type":"","background-media":"","overlay-type":"","overlay-color":"","overlay-opacity":"","overlay-gradient":""}},"footnotes":""},"class_list":["post-317","page","type-page","status-publish","hentry"],"post_mailing_queue_ids":[],"_links":{"self":[{"href":"https:\/\/agora.xtec.cat\/escolaperezsala\/wp-json\/wp\/v2\/pages\/317","targetHints":{"allow":["GET"]}}],"collection":[{"href":"https:\/\/agora.xtec.cat\/escolaperezsala\/wp-json\/wp\/v2\/pages"}],"about":[{"href":"https:\/\/agora.xtec.cat\/escolaperezsala\/wp-json\/wp\/v2\/types\/page"}],"author":[{"embeddable":true,"href":"https:\/\/agora.xtec.cat\/escolaperezsala\/wp-json\/wp\/v2\/users\/1"}],"replies":[{"embeddable":true,"href":"https:\/\/agora.xtec.cat\/escolaperezsala\/wp-json\/wp\/v2\/comments?post=317"}],"version-history":[{"count":3,"href":"https:\/\/agora.xtec.cat\/escolaperezsala\/wp-json\/wp\/v2\/pages\/317\/revisions"}],"predecessor-version":[{"id":20330,"href":"https:\/\/agora.xtec.cat\/escolaperezsala\/wp-json\/wp\/v2\/pages\/317\/revisions\/20330"}],"up":[{"embeddable":true,"href":"https:\/\/agora.xtec.cat\/escolaperezsala\/wp-json\/wp\/v2\/pages\/258"}],"wp:attachment":[{"href":"https:\/\/agora.xtec.cat\/escolaperezsala\/wp-json\/wp\/v2\/media?parent=317"}],"curies":[{"name":"wp","href":"https:\/\/api.w.org\/{rel}","templated":true}]}}