{"id":283,"date":"2024-09-03T11:00:25","date_gmt":"2024-09-03T09:00:25","guid":{"rendered":"http:\/\/agora.xtec.cat\/escolaperezsala\/?page_id=283"},"modified":"2025-09-29T09:54:43","modified_gmt":"2025-09-29T07:54:43","slug":"les-persones","status":"publish","type":"page","link":"https:\/\/agora.xtec.cat\/escolaperezsala\/curs-2025-2026\/les-persones\/","title":{"rendered":"Les persones"},"content":{"rendered":"<p>Aquest curs l&#8217;equip hum\u00e0 de l&#8217;escola est\u00e0 format pels seg\u00fcents professionals:<\/p>\n<h6><strong>Equip directiu:<\/strong><\/h6>\n<h6><b>Direcci\u00f3: <\/b><span style=\"font-weight: 400;\">Laia K\u00f6tz Espinosa<\/span><\/h6>\n<h6><b>Cap d\u2019Estudis:<\/b><span style=\"font-weight: 400;\"> Alexis Vi\u00f1als Ib\u00e1\u00f1ez<\/span><\/h6>\n<h6><b>Secret\u00e0ria:<\/b><span style=\"font-weight: 400;\"> Laia Agull\u00f3 Duran<\/span><\/h6>\n<h6><\/h6>\n<h6><b>MESTRES DE REFER\u00c8NCIA:<\/b><\/h6>\n<p><b>I3 A: Cristina B\u00e9jar<\/b><\/p>\n<p><b>I4 A: <\/b>Sandra Sotillos i Alejandra L\u00f3pez<\/p>\n<p><b>I4 B: <\/b>Yolanda Fortuny<\/p>\n<p><b>I5 A: <\/b>Marta And\u00fajar<\/p>\n<p><strong>I5 B: <\/strong>Montserrat Alguer\u00f3<\/p>\n<p><b>1r A: <\/b>Carol Durango<\/p>\n<p><b>1r B: <\/b>Mar S\u00e1nchez<\/p>\n<p><b>2n A: <\/b>Laura Bellido<\/p>\n<p><b>3r A: <\/b>Oriol S\u00e0enz<\/p>\n<p><strong>3r B: <\/strong>Bruna Ortoll<\/p>\n<p><b>4t A: <\/b>Raquel Oliver<\/p>\n<p><b>5\u00e8 A: <\/b>Silvia Pitarch<\/p>\n<p><b>5\u00e8 B: <\/b>Laura Atalaya<\/p>\n<p><b>6\u00e8 A: <\/b>M\u00f2nica Serra<\/p>\n<p><strong>6\u00e8B: <\/strong>Laia Agull\u00f3<\/p>\n<h6><\/h6>\n<p><strong>MESTRES ESPECIALISTES:<\/strong><\/p>\n<p><b>Medi Natural i experimentaci\u00f3 3r, 4t, 5\u00e8, 6\u00e8: <\/b>Am\u00e0lia Roig<\/p>\n<p><b>Llengua estrangera anglesa Infantil 5, 1r, 2n, 3r: <\/b>Anna Benedicto<\/p>\n<p><b>Llengua estrangera anglesa 4t, 5\u00e8, 6\u00e8: <\/b>Ma Jos\u00e9 Guti\u00e9rrez<\/p>\n<p><b>Educaci\u00f3 musical: <\/b>Mabel Serra<\/p>\n<p><b>Educaci\u00f3 visual i pl\u00e0stica: <\/b>Ma Jos\u00e9 Mill\u00e1n<\/p>\n<p><b>Educaci\u00f3 f\u00edsica 1r, 2n, 4t i psicomotricitat infantil: <\/b>Laia Prat<\/p>\n<p><strong>Educaci\u00f3 f\u00edsica 3r: <\/strong>Oriol S\u00e0enz<\/p>\n<p><b>Educaci\u00f3 f\u00edsica 5\u00e8, 6\u00e8 i Compet\u00e8ncia digital 3r-6\u00e8:<\/b> Sergi Salvat<\/p>\n<p><b>Matem\u00e0tiques i refor\u00e7 prim\u00e0ria:<\/b> Alexis Vi\u00f1als<\/p>\n<p><b>Religi\u00f3:<\/b> Ma Ant\u00f2nia Cano<\/p>\n<p><b>Equip de suport educatiu inclusiu: <\/b>Laia K\u00f6tz, Eva Robles i Ona Mu\u00f1oz<\/p>\n<p><b>Coordinaci\u00f3 Educaci\u00f3 Infantil: <\/b>Cristina B\u00e9jar<\/p>\n<p><b>Coordinaci\u00f3 Primer Cicle (1r, 2n, 3r): <\/b>Laura Bellido<\/p>\n<p><b>Coordinaci\u00f3 Segon Cicle (4t, 5\u00e8, 6\u00e8): <\/b>M\u00f2nica Serra<\/p>\n<p><b>Coordinadora LIC:<\/b> Montserrat Alguer\u00f3<\/p>\n<p><b>Coordinaci\u00f3 Digital:<\/b> Sergi Salvat<\/p>\n<p><b>Coordinaci\u00f3 Prevenci\u00f3 riscos laborals: <\/b>Ma Ant\u00f2nia Cano<\/p>\n<p><b>Coordinaci\u00f3 de Coeducaci\u00f3, conviv\u00e8ncia i benestar de l\u2019alumnat: <\/b>Mabel Serra<\/p>\n<p><strong>Coordinaci\u00f3 Erasmus+: <\/strong>Ma Jos\u00e9 Guti\u00e9rrez<\/p>\n<h6><b>PERSONAL D&#8217;ATENCI\u00d3 EDUCATIVA:<\/b><\/h6>\n<p><b>T\u00e8cnica d\u2019educaci\u00f3 infantil (TEI): <\/b>Laura Sala<\/p>\n<p><b>Vetlladores: <\/b>Marta Ponte (Vicen\u00e7 Valls), Montse Teruel, Noelia Mart\u00ednez<\/p>\n<p><strong>PERSONAL D&#8217;ADMINISTRACI\u00d3 I SERVEIS<\/strong><\/p>\n<p><b>Auxiliar administrativa: <\/b><span style=\"font-weight: 400;\">N\u00faria Giraldo<\/span><\/p>\n<p><b>Conserge<\/b><span style=\"font-weight: 400;\">: Dolors M\u00e9rida<\/span><\/p>\n<p><strong>ESPAI DE MIGDIA<\/strong><\/p>\n<p><strong>Coordinaci\u00f3 espai migdia:<\/strong> Sira Cun\u00ed<\/p>\n<p><strong>Cap de cuina:<\/strong> Mois\u00e8s<\/p>\n","protected":false},"excerpt":{"rendered":"<p>Aquest curs l&#8217;equip hum\u00e0 de l&#8217;escola est\u00e0 format pels seg\u00fcents professionals:<br \/>\nEquip directiu:<br \/>\nDirecci\u00f3: Laia K\u00f6tz Espinosa<br \/>\nCap d\u2019Estudis: Alexis Vi\u00f1als Ib\u00e1\u00f1ez<br \/>\nSecret\u00e0ria: Laia Agull\u00f3 Duran<\/p>\n<p>MESTRES DE REFER\u00c8NCIA:<br \/>\nI3 A: Cristina B\u00e9jar<br \/>\nI4 A: Sandra Sotillos i Alejandra L\u00f3pez<br \/>\nI4 B: Yolanda Fortuny<br \/>\nI5 A: Marta And\u00fajar<br \/>\nI5 B: Montserrat Alguer\u00f3<br \/>\n1r A: Carol Durango<br \/>\n1r&hellip;  <a href=\"https:\/\/agora.xtec.cat\/escolaperezsala\/curs-2025-2026\/les-persones\/\" title=\"Read Les persones\">Llegeix m\u00e9s\u00bb<\/a><\/p>\n","protected":false},"author":1,"featured_media":0,"parent":215,"menu_order":2,"comment_status":"closed","ping_status":"closed","template":"page-templates\/side-menu.php","meta":{"_bbp_topic_count":0,"_bbp_reply_count":0,"_bbp_total_topic_count":0,"_bbp_total_reply_count":0,"_bbp_voice_count":0,"_bbp_anonymous_reply_count":0,"_bbp_topic_count_hidden":0,"_bbp_reply_count_hidden":0,"_bbp_forum_subforum_count":0,"footnotes":""},"class_list":["post-283","page","type-page","status-publish","hentry"],"post_mailing_queue_ids":[],"_links":{"self":[{"href":"https:\/\/agora.xtec.cat\/escolaperezsala\/wp-json\/wp\/v2\/pages\/283","targetHints":{"allow":["GET"]}}],"collection":[{"href":"https:\/\/agora.xtec.cat\/escolaperezsala\/wp-json\/wp\/v2\/pages"}],"about":[{"href":"https:\/\/agora.xtec.cat\/escolaperezsala\/wp-json\/wp\/v2\/types\/page"}],"author":[{"embeddable":true,"href":"https:\/\/agora.xtec.cat\/escolaperezsala\/wp-json\/wp\/v2\/users\/1"}],"replies":[{"embeddable":true,"href":"https:\/\/agora.xtec.cat\/escolaperezsala\/wp-json\/wp\/v2\/comments?post=283"}],"version-history":[{"count":7,"href":"https:\/\/agora.xtec.cat\/escolaperezsala\/wp-json\/wp\/v2\/pages\/283\/revisions"}],"predecessor-version":[{"id":21856,"href":"https:\/\/agora.xtec.cat\/escolaperezsala\/wp-json\/wp\/v2\/pages\/283\/revisions\/21856"}],"up":[{"embeddable":true,"href":"https:\/\/agora.xtec.cat\/escolaperezsala\/wp-json\/wp\/v2\/pages\/215"}],"wp:attachment":[{"href":"https:\/\/agora.xtec.cat\/escolaperezsala\/wp-json\/wp\/v2\/media?parent=283"}],"curies":[{"name":"wp","href":"https:\/\/api.w.org\/{rel}","templated":true}]}}