{"id":28,"date":"2014-09-18T12:29:35","date_gmt":"2014-09-18T10:29:35","guid":{"rendered":"http:\/\/agora.xtec.cat\/escolaperezsala\/?page_id=28"},"modified":"2022-02-02T23:07:49","modified_gmt":"2022-02-02T22:07:49","slug":"raodeser","status":"publish","type":"page","link":"https:\/\/agora.xtec.cat\/escolaperezsala\/lescola\/raodeser\/","title":{"rendered":"Ra\u00f3 de ser"},"content":{"rendered":"<h5 style=\"text-align: justify;\"><strong>La visi\u00f3<\/strong><\/h5>\n<p style=\"text-align: justify;\">La tasca compartida entre la fam\u00edlia i l&#8217;escola i la<strong> confian\u00e7a\u00a0<\/strong>\u00e9s fonamental en l&#8217;educaci\u00f3 dels infants.<\/p>\n<p style=\"text-align: justify;\"><strong>Les nenes i els nens s\u00f3n les i els protagonistes<\/strong> del fet educatiu.<\/p>\n<p style=\"text-align: justify;\">El reconeixement de la diversitat, la coeducaci\u00f3 i el foment de la igualtat entre les nenes i els nens i el foment del valor de la <strong>toler\u00e0ncia<\/strong> com a pr\u00e0ctica de respecte i conviv\u00e8ncia i d&#8217;escola inclusiva.<\/p>\n<p style=\"text-align: justify;\">El foment del desenvolupament personal basat en l\u2019autonomia personal, la responsabilitat, la solidaritat, la llibertat, la participaci\u00f3<strong>, <\/strong>el<strong> comprom\u00eds individual i col\u00b7lectiu.<\/strong><\/p>\n<p style=\"text-align: justify;\">Una escola que ofereix un <strong>entorn de respecte i cura de les persones<\/strong> i vetlla per la <strong>cura de l&#8217;entorn i el medi ambient.<\/strong><\/p>\n<p style=\"text-align: justify;\">Amb un <strong>equip comprom\u00e8s<\/strong>, il\u00b7lusionat i en constant adaptaci\u00f3 amb la responsabilitat compartida del treball en equip.<\/p>\n<h4 style=\"text-align: justify;\"><strong>La missi\u00f3<\/strong><\/h4>\n<p style=\"text-align: justify;\">El desenvolupament de les compet\u00e8ncies a trav\u00e9s del <strong>coneixement cient\u00edfic-experimental<\/strong> que permeti els infants assolir les capacitats per un m\u00f3n en constant canvi.<\/p>\n<p style=\"text-align: justify;\">Un <strong>aprenentatge globalitzat<\/strong> que inclou totes les compet\u00e8ncies de manera transversal per a la construcci\u00f3 global del coneixement.<\/p>\n<p style=\"text-align: justify;\"><strong>La conversa i l&#8217;escolta<\/strong> desenvolupen habilitats que permeten els infants el desenvolupament del <strong>pensament cr\u00edtic.<\/strong><\/p>\n<p style=\"text-align: justify;\"><strong>L&#8217;escola com a model de solidaritat i participaci\u00f3<\/strong> que fomenta la presa de compromisos en els infants.<\/p>\n<p style=\"text-align: justify;\">L&#8217;infant com a protagonista del proc\u00e9s educatiu a trav\u00e9s de <strong>l&#8217;autoregulaci\u00f3<\/strong> amb mecanismes de constant revisi\u00f3 i avaluaci\u00f3.<\/p>\n<p style=\"text-align: justify;\">Una escola en que la<strong> innovaci\u00f3 <\/strong>\u00e9s el motor del canvi i en constant proc\u00e9s de transformaci\u00f3 per assumir nous reptes.<\/p>\n","protected":false},"excerpt":{"rendered":"<p>La visi\u00f3<br \/>\nLa tasca compartida entre la fam\u00edlia i l&#8217;escola i la confian\u00e7a\u00a0\u00e9s fonamental en l&#8217;educaci\u00f3 dels infants.<br \/>\nLes nenes i els nens s\u00f3n les i els protagonistes del fet educatiu.<br \/>\nEl reconeixement de la diversitat, la coeducaci\u00f3 i el foment de la igualtat entre les nenes i&hellip;  <a href=\"https:\/\/agora.xtec.cat\/escolaperezsala\/lescola\/raodeser\/\" title=\"Read Ra\u00f3 de ser\">Llegeix m\u00e9s\u00bb<\/a><\/p>\n","protected":false},"author":2,"featured_media":0,"parent":22,"menu_order":1,"comment_status":"closed","ping_status":"closed","template":"page-templates\/side-menu.php","meta":{"_bbp_topic_count":0,"_bbp_reply_count":0,"_bbp_total_topic_count":0,"_bbp_total_reply_count":0,"_bbp_voice_count":0,"_bbp_anonymous_reply_count":0,"_bbp_topic_count_hidden":0,"_bbp_reply_count_hidden":0,"_bbp_forum_subforum_count":0,"footnotes":""},"class_list":["post-28","page","type-page","status-publish","hentry"],"post_mailing_queue_ids":[],"_links":{"self":[{"href":"https:\/\/agora.xtec.cat\/escolaperezsala\/wp-json\/wp\/v2\/pages\/28","targetHints":{"allow":["GET"]}}],"collection":[{"href":"https:\/\/agora.xtec.cat\/escolaperezsala\/wp-json\/wp\/v2\/pages"}],"about":[{"href":"https:\/\/agora.xtec.cat\/escolaperezsala\/wp-json\/wp\/v2\/types\/page"}],"author":[{"embeddable":true,"href":"https:\/\/agora.xtec.cat\/escolaperezsala\/wp-json\/wp\/v2\/users\/2"}],"replies":[{"embeddable":true,"href":"https:\/\/agora.xtec.cat\/escolaperezsala\/wp-json\/wp\/v2\/comments?post=28"}],"version-history":[{"count":4,"href":"https:\/\/agora.xtec.cat\/escolaperezsala\/wp-json\/wp\/v2\/pages\/28\/revisions"}],"predecessor-version":[{"id":17708,"href":"https:\/\/agora.xtec.cat\/escolaperezsala\/wp-json\/wp\/v2\/pages\/28\/revisions\/17708"}],"up":[{"embeddable":true,"href":"https:\/\/agora.xtec.cat\/escolaperezsala\/wp-json\/wp\/v2\/pages\/22"}],"wp:attachment":[{"href":"https:\/\/agora.xtec.cat\/escolaperezsala\/wp-json\/wp\/v2\/media?parent=28"}],"curies":[{"name":"wp","href":"https:\/\/api.w.org\/{rel}","templated":true}]}}