{"id":262,"date":"2016-02-03T22:42:58","date_gmt":"2016-02-03T21:42:58","guid":{"rendered":"http:\/\/agora.xtec.cat\/escolaperezsala\/?page_id=262"},"modified":"2025-09-29T09:43:47","modified_gmt":"2025-09-29T07:43:47","slug":"informacions","status":"publish","type":"page","link":"https:\/\/agora.xtec.cat\/escolaperezsala\/curs-2025-2026\/informacions\/","title":{"rendered":"Sortides 25-26"},"content":{"rendered":"<p><a href=\"https:\/\/agora.xtec.cat\/escolaperezsala\/wp-content\/uploads\/usu463\/2025\/09\/CALENDARI-DACTIVITATS-COMPLEMENTARIES-25-26-1r-2n-3r.pdf\">ACTIVITATS COMPLEMENT\u00c0RIES 25-26 (1r, 2n, 3r)<\/a><\/p>\n<p><a href=\"https:\/\/agora.xtec.cat\/escolaperezsala\/wp-content\/uploads\/usu463\/2025\/09\/CALENDARI-DACTIVITATS-COMPLEMENTARIES-25-26-4t-5e-6e.pdf\">ACTIVITATS COMPLEMENT\u00c0RIES 25-26 (4t, 5\u00e8, 6\u00e8)<\/a><\/p>\n<p><a href=\"https:\/\/agora.xtec.cat\/escolaperezsala\/wp-content\/uploads\/usu463\/2025\/09\/CALENDARI-DACTIVITATS-COMPLEMENTARIES-25-26-I3-I4-I5.pdf\">ACTIVITATS COMPLEMENT\u00c0RIES 25-26 (I3, I4, I5)<\/a><\/p>\n<h6><\/h6>\n<p>&nbsp;<\/p>\n<p>&nbsp;<\/p>\n<p>&nbsp;<\/p>\n<p>&nbsp;<\/p>\n","protected":false},"excerpt":{"rendered":"<p><a href=\"https:\/\/agora.xtec.cat\/escolaperezsala\/wp-content\/uploads\/usu463\/2025\/09\/CALENDARI-DACTIVITATS-COMPLEMENTARIES-25-26-1r-2n-3r.pdf\">ACTIVITATS COMPLEMENT\u00c0RIES 25-26 (1r, 2n, 3r)<\/a><br \/>\n<a href=\"https:\/\/agora.xtec.cat\/escolaperezsala\/wp-content\/uploads\/usu463\/2025\/09\/CALENDARI-DACTIVITATS-COMPLEMENTARIES-25-26-4t-5e-6e.pdf\">ACTIVITATS COMPLEMENT\u00c0RIES 25-26 (4t, 5\u00e8, 6\u00e8)<\/a><br \/>\n<a href=\"https:\/\/agora.xtec.cat\/escolaperezsala\/wp-content\/uploads\/usu463\/2025\/09\/CALENDARI-DACTIVITATS-COMPLEMENTARIES-25-26-I3-I4-I5.pdf\">ACTIVITATS COMPLEMENT\u00c0RIES 25-26 (I3, I4, I5)<\/a><\/p>\n<p>&nbsp;<br \/>\n&nbsp;<br \/>\n&nbsp;<br \/>\n&nbsp;<\/p>\n","protected":false},"author":1,"featured_media":0,"parent":215,"menu_order":6,"comment_status":"closed","ping_status":"closed","template":"page-templates\/side-menu.php","meta":{"_bbp_topic_count":0,"_bbp_reply_count":0,"_bbp_total_topic_count":0,"_bbp_total_reply_count":0,"_bbp_voice_count":0,"_bbp_anonymous_reply_count":0,"_bbp_topic_count_hidden":0,"_bbp_reply_count_hidden":0,"_bbp_forum_subforum_count":0,"footnotes":""},"class_list":["post-262","page","type-page","status-publish","hentry"],"post_mailing_queue_ids":[],"_links":{"self":[{"href":"https:\/\/agora.xtec.cat\/escolaperezsala\/wp-json\/wp\/v2\/pages\/262","targetHints":{"allow":["GET"]}}],"collection":[{"href":"https:\/\/agora.xtec.cat\/escolaperezsala\/wp-json\/wp\/v2\/pages"}],"about":[{"href":"https:\/\/agora.xtec.cat\/escolaperezsala\/wp-json\/wp\/v2\/types\/page"}],"author":[{"embeddable":true,"href":"https:\/\/agora.xtec.cat\/escolaperezsala\/wp-json\/wp\/v2\/users\/1"}],"replies":[{"embeddable":true,"href":"https:\/\/agora.xtec.cat\/escolaperezsala\/wp-json\/wp\/v2\/comments?post=262"}],"version-history":[{"count":7,"href":"https:\/\/agora.xtec.cat\/escolaperezsala\/wp-json\/wp\/v2\/pages\/262\/revisions"}],"predecessor-version":[{"id":21854,"href":"https:\/\/agora.xtec.cat\/escolaperezsala\/wp-json\/wp\/v2\/pages\/262\/revisions\/21854"}],"up":[{"embeddable":true,"href":"https:\/\/agora.xtec.cat\/escolaperezsala\/wp-json\/wp\/v2\/pages\/215"}],"wp:attachment":[{"href":"https:\/\/agora.xtec.cat\/escolaperezsala\/wp-json\/wp\/v2\/media?parent=262"}],"curies":[{"name":"wp","href":"https:\/\/api.w.org\/{rel}","templated":true}]}}