{"id":2327,"date":"2017-09-27T10:57:11","date_gmt":"2017-09-27T08:57:11","guid":{"rendered":"http:\/\/agora.xtec.cat\/escolaperezsala\/?page_id=2327"},"modified":"2025-10-17T13:42:37","modified_gmt":"2025-10-17T11:42:37","slug":"reunions-inici-de-curs","status":"publish","type":"page","link":"https:\/\/agora.xtec.cat\/escolaperezsala\/curs-2025-2026\/reunions-inici-de-curs\/","title":{"rendered":"Reunions inici de curs"},"content":{"rendered":"<h5 style=\"text-align: center;\">Cliqueu l&#8217;enlla\u00e7 per veure la presentaci\u00f3 de la reuni\u00f3 de nivell d&#8217;inici de curs:<\/h5>\n<h4 style=\"text-align: center;\"><a href=\"https:\/\/docs.google.com\/presentation\/d\/e\/2PACX-1vSO7dB8pg7-RYY-uQRcNk9grv5js0QZKkhCs1Imj02QD-UNYsvByXkGKcas75N267Uf2SHEe0GZOIcb\/pub?start=true&amp;loop=true&amp;delayms=60000\" target=\"_blank\" rel=\"noopener\">I3 (2 de setembre)<\/a><\/h4>\n<h4 style=\"text-align: center;\"><a href=\"https:\/\/docs.google.com\/presentation\/d\/e\/2PACX-1vTzE55no_dS8wa9PDVKpjYK9_eYm3P8eh3K0N_PTlr92sUyCTuOLlE_jE9YBbYI0afKWe1OsbZaL1ta\/pub?start=false&amp;loop=false&amp;delayms=5000\" target=\"_blank\" rel=\"noopener\">I3<\/a>\u00a0 \u00a0<a href=\"https:\/\/drive.google.com\/file\/d\/1aPHRQxazsCDAOD4kbr062cu_tbXQsxLH\/view?usp=sharing\" target=\"_blank\" rel=\"noopener\">I4<\/a>\u00a0 \u00a0 <a href=\"https:\/\/drive.google.com\/file\/d\/1jyrj1Tm_9Q9T98RBs_xHP14RdDDesFIn\/view?usp=sharing\" target=\"_blank\" rel=\"noopener\">I5<\/a>\u00a0 \u00a0 \u00a0<a href=\"https:\/\/docs.google.com\/presentation\/d\/e\/2PACX-1vRX0RmJfbwkOvqtYkUXap-38QDDkDzp7DnPL9GdnyX5X0nE-h6gWV7XCKDwm2-zsDufkct_VIRvs_Ay\/pub?start=true&amp;loop=true&amp;delayms=60000\" target=\"_blank\" rel=\"noopener\">1r<\/a>\u00a0 \u00a0 \u00a0<a href=\"https:\/\/docs.google.com\/presentation\/d\/e\/2PACX-1vQ8v5g3BejvkXP-Rwa-LVtmPrNqxDm_IE9I7yRDJ2N9wUlHfXCu_tvQNKkf6csAaPrQRBYrTOKNVjk0\/pub?start=true&amp;loop=true&amp;delayms=60000\" target=\"_blank\" rel=\"noopener\">2n<\/a>\u00a0 \u00a0 \u00a0<a href=\"https:\/\/docs.google.com\/presentation\/d\/e\/2PACX-1vSG77l2zzz3Equ9ax83SAn08paiOQ4CWrgGMqkGd5HZpqh-fJuGWGCqEKbYEG1_R7zz1cUIiWhLkOJ2\/pub?start=true&amp;loop=true&amp;delayms=60000\" target=\"_blank\" rel=\"noopener\">3r<\/a>\u00a0 \u00a0 \u00a0<a href=\"https:\/\/docs.google.com\/presentation\/d\/e\/2PACX-1vTIirGfzUu_ETlJQohT1I2HbUwtqsqB0afEVMWiZtNXwrUHAbQiOmRv5GE0owbrwg5X0cGYoAe98FaQ\/pub?start=true&amp;loop=true&amp;delayms=60000\" target=\"_blank\" rel=\"noopener\">4t<\/a>\u00a0 \u00a0 \u00a0<a href=\"https:\/\/docs.google.com\/presentation\/d\/e\/2PACX-1vRv1Tj1eOreoPNZErWyDc2z7KfFuxe8zLt_s-K1b78dpRfxj3TGlMHh1jLSIpHsi7J5SV5tTPQnpz0G\/pub?start=false&amp;loop=true&amp;delayms=5000\" target=\"_blank\" rel=\"noopener\">5\u00e8<\/a>\u00a0 \u00a0 \u00a0<a href=\"https:\/\/docs.google.com\/presentation\/d\/e\/2PACX-1vRe91CFdQxkAnWiDXgGrP5GlbGmEXEuHpM2499xsld5wLdHpPll0OJgpJ6-upHqspVo2yAvOvn_7l4-\/pub?start=false&amp;loop=true&amp;delayms=5000\" target=\"_blank\" rel=\"noopener\">6\u00e8<\/a><\/h4>\n","protected":false},"excerpt":{"rendered":"<p>Cliqueu l&#8217;enlla\u00e7 per veure la presentaci\u00f3 de la reuni\u00f3 de nivell d&#8217;inici de curs: I3 (2 de setembre) I3\u00a0 \u00a0I4\u00a0 \u00a0 I5\u00a0 \u00a0 \u00a01r\u00a0 \u00a0 \u00a02n\u00a0 \u00a0 \u00a03r\u00a0 \u00a0 \u00a04t\u00a0 \u00a0 \u00a05\u00e8\u00a0 \u00a0 \u00a06\u00e8<\/p>\n","protected":false},"author":1,"featured_media":0,"parent":215,"menu_order":4,"comment_status":"closed","ping_status":"closed","template":"page-templates\/side-menu.php","meta":{"_bbp_topic_count":0,"_bbp_reply_count":0,"_bbp_total_topic_count":0,"_bbp_total_reply_count":0,"_bbp_voice_count":0,"_bbp_anonymous_reply_count":0,"_bbp_topic_count_hidden":0,"_bbp_reply_count_hidden":0,"_bbp_forum_subforum_count":0,"site-sidebar-layout":"default","site-content-layout":"","ast-site-content-layout":"","site-content-style":"default","site-sidebar-style":"default","ast-global-header-display":"","ast-banner-title-visibility":"","ast-main-header-display":"","ast-hfb-above-header-display":"","ast-hfb-below-header-display":"","ast-hfb-mobile-header-display":"","site-post-title":"","ast-breadcrumbs-content":"","ast-featured-img":"","footer-sml-layout":"","theme-transparent-header-meta":"","adv-header-id-meta":"","stick-header-meta":"","header-above-stick-meta":"","header-main-stick-meta":"","header-below-stick-meta":"","astra-migrate-meta-layouts":"default","ast-page-background-enabled":"default","ast-page-background-meta":{"desktop":{"background-color":"var(--ast-global-color-4)","background-image":"","background-repeat":"repeat","background-position":"center center","background-size":"auto","background-attachment":"scroll","background-type":"","background-media":"","overlay-type":"","overlay-color":"","overlay-opacity":"","overlay-gradient":""},"tablet":{"background-color":"","background-image":"","background-repeat":"repeat","background-position":"center center","background-size":"auto","background-attachment":"scroll","background-type":"","background-media":"","overlay-type":"","overlay-color":"","overlay-opacity":"","overlay-gradient":""},"mobile":{"background-color":"","background-image":"","background-repeat":"repeat","background-position":"center center","background-size":"auto","background-attachment":"scroll","background-type":"","background-media":"","overlay-type":"","overlay-color":"","overlay-opacity":"","overlay-gradient":""}},"ast-content-background-meta":{"desktop":{"background-color":"var(--ast-global-color-5)","background-image":"","background-repeat":"repeat","background-position":"center center","background-size":"auto","background-attachment":"scroll","background-type":"","background-media":"","overlay-type":"","overlay-color":"","overlay-opacity":"","overlay-gradient":""},"tablet":{"background-color":"var(--ast-global-color-5)","background-image":"","background-repeat":"repeat","background-position":"center center","background-size":"auto","background-attachment":"scroll","background-type":"","background-media":"","overlay-type":"","overlay-color":"","overlay-opacity":"","overlay-gradient":""},"mobile":{"background-color":"var(--ast-global-color-5)","background-image":"","background-repeat":"repeat","background-position":"center center","background-size":"auto","background-attachment":"scroll","background-type":"","background-media":"","overlay-type":"","overlay-color":"","overlay-opacity":"","overlay-gradient":""}},"footnotes":""},"class_list":["post-2327","page","type-page","status-publish","hentry"],"post_mailing_queue_ids":[],"_links":{"self":[{"href":"https:\/\/agora.xtec.cat\/escolaperezsala\/wp-json\/wp\/v2\/pages\/2327","targetHints":{"allow":["GET"]}}],"collection":[{"href":"https:\/\/agora.xtec.cat\/escolaperezsala\/wp-json\/wp\/v2\/pages"}],"about":[{"href":"https:\/\/agora.xtec.cat\/escolaperezsala\/wp-json\/wp\/v2\/types\/page"}],"author":[{"embeddable":true,"href":"https:\/\/agora.xtec.cat\/escolaperezsala\/wp-json\/wp\/v2\/users\/1"}],"replies":[{"embeddable":true,"href":"https:\/\/agora.xtec.cat\/escolaperezsala\/wp-json\/wp\/v2\/comments?post=2327"}],"version-history":[{"count":6,"href":"https:\/\/agora.xtec.cat\/escolaperezsala\/wp-json\/wp\/v2\/pages\/2327\/revisions"}],"predecessor-version":[{"id":21890,"href":"https:\/\/agora.xtec.cat\/escolaperezsala\/wp-json\/wp\/v2\/pages\/2327\/revisions\/21890"}],"up":[{"embeddable":true,"href":"https:\/\/agora.xtec.cat\/escolaperezsala\/wp-json\/wp\/v2\/pages\/215"}],"wp:attachment":[{"href":"https:\/\/agora.xtec.cat\/escolaperezsala\/wp-json\/wp\/v2\/media?parent=2327"}],"curies":[{"name":"wp","href":"https:\/\/api.w.org\/{rel}","templated":true}]}}