{"id":229,"date":"2016-02-01T18:21:33","date_gmt":"2016-02-01T17:21:33","guid":{"rendered":"http:\/\/agora.xtec.cat\/escolaperezsala\/?page_id=229"},"modified":"2024-12-19T15:07:26","modified_gmt":"2024-12-19T14:07:26","slug":"projecteexperimentacio","status":"publish","type":"page","link":"https:\/\/agora.xtec.cat\/escolaperezsala\/projecte-educatiu\/projecteexperimentacio\/","title":{"rendered":"Projecte cient\u00edfic experimental"},"content":{"rendered":"<p style=\"text-align: justify;\">A l\u2019escola donem molta import\u00e0ncia a l\u2019aprenentatge a trav\u00e9s del m\u00e8tode cient\u00edfic. \u00c9s per aix\u00f2 que el projecte d\u2019experimentaci\u00f3 de l\u2019escola sorgeix de la voluntat d\u2019enriquir d\u2019una manera pr\u00e0ctica i experimental els conceptes que es treballen a l\u2019\u00e0rea de coneixement del medi. D\u2019aquesta manera afavorim l\u2019assoliment de les compet\u00e8ncies b\u00e0siques d\u2019aquesta \u00e0rea i, alhora, al fer experimentacions on es treballen tamb\u00e9 continguts d\u2019altres \u00e0rees es fomenta tamb\u00e9 l\u2019assoliment de les vuit compet\u00e8ncies al finalitzar l\u2019etapa de prim\u00e0ria.<\/p>\n<p style=\"text-align: justify;\">Intentem sempre que les diferents experimentacions que duem a terme a l\u2019escola puguin sorgir del nostre entorn m\u00e9s proper. \u00c9s per aix\u00f2 que utilitzem, com ara veureu, el nostre hort com a punt de partida d\u2019algunes d\u2019aquestes experimentacions perqu\u00e8 l&#8217;alumnat esdevingui part\u00edcip en tot moment de totes aquestes activitats.<\/p>\n<p style=\"text-align: justify;\">Aquest projecte engloba:<\/p>\n<ul style=\"text-align: left;\">\n<li>Les sessions d\u2019experimentaci\u00f3 al laboratori i a les aules<\/li>\n<li>El treball a l\u2019hort<\/li>\n<li>Accions d&#8217;escola verda que sorgeixen fruit de les reunions de delegats i delegades verdes<\/li>\n<\/ul>\n<p><a href=\"https:\/\/agora.xtec.cat\/escolaperezsala\/wp-content\/uploads\/usu463\/2021\/10\/Treball-en-equip-1.jpg\" target=\"_blank\" rel=\"noopener\"><img loading=\"lazy\" decoding=\"async\" class=\"alignnone wp-image-17692\" src=\"https:\/\/agora.xtec.cat\/escolaperezsala\/wp-content\/uploads\/usu463\/2021\/10\/Treball-en-equip-1-1024x758.jpg\" alt=\"\" width=\"219\" height=\"162\" srcset=\"https:\/\/agora.xtec.cat\/escolaperezsala\/wp-content\/uploads\/usu463\/2021\/10\/Treball-en-equip-1-1024x758.jpg 1024w, https:\/\/agora.xtec.cat\/escolaperezsala\/wp-content\/uploads\/usu463\/2021\/10\/Treball-en-equip-1-300x222.jpg 300w, https:\/\/agora.xtec.cat\/escolaperezsala\/wp-content\/uploads\/usu463\/2021\/10\/Treball-en-equip-1-768x568.jpg 768w, https:\/\/agora.xtec.cat\/escolaperezsala\/wp-content\/uploads\/usu463\/2021\/10\/Treball-en-equip-1.jpg 1458w\" sizes=\"auto, (max-width: 219px) 100vw, 219px\" \/><\/a> <a href=\"https:\/\/agora.xtec.cat\/escolaperezsala\/wp-content\/uploads\/usu463\/2021\/10\/Hort-1.jpg\" target=\"_blank\" rel=\"noopener\"><img loading=\"lazy\" decoding=\"async\" class=\"alignnone wp-image-17691\" src=\"https:\/\/agora.xtec.cat\/escolaperezsala\/wp-content\/uploads\/usu463\/2021\/10\/Hort-1-1024x910.jpg\" alt=\"\" width=\"183\" height=\"162\" srcset=\"https:\/\/agora.xtec.cat\/escolaperezsala\/wp-content\/uploads\/usu463\/2021\/10\/Hort-1-1024x910.jpg 1024w, https:\/\/agora.xtec.cat\/escolaperezsala\/wp-content\/uploads\/usu463\/2021\/10\/Hort-1-300x267.jpg 300w, https:\/\/agora.xtec.cat\/escolaperezsala\/wp-content\/uploads\/usu463\/2021\/10\/Hort-1-768x682.jpg 768w, https:\/\/agora.xtec.cat\/escolaperezsala\/wp-content\/uploads\/usu463\/2021\/10\/Hort-1.jpg 1200w\" sizes=\"auto, (max-width: 183px) 100vw, 183px\" \/><\/a> <a href=\"https:\/\/agora.xtec.cat\/escolaperezsala\/wp-content\/uploads\/usu463\/2021\/10\/Laboratori-1.jpg\" target=\"_blank\" rel=\"noopener\"><img loading=\"lazy\" decoding=\"async\" class=\"alignnone wp-image-17690\" src=\"https:\/\/agora.xtec.cat\/escolaperezsala\/wp-content\/uploads\/usu463\/2021\/10\/Laboratori-1-1024x776.jpg\" alt=\"\" width=\"216\" height=\"164\" srcset=\"https:\/\/agora.xtec.cat\/escolaperezsala\/wp-content\/uploads\/usu463\/2021\/10\/Laboratori-1-1024x776.jpg 1024w, https:\/\/agora.xtec.cat\/escolaperezsala\/wp-content\/uploads\/usu463\/2021\/10\/Laboratori-1-300x227.jpg 300w, https:\/\/agora.xtec.cat\/escolaperezsala\/wp-content\/uploads\/usu463\/2021\/10\/Laboratori-1-768x582.jpg 768w, https:\/\/agora.xtec.cat\/escolaperezsala\/wp-content\/uploads\/usu463\/2021\/10\/Laboratori-1-1536x1164.jpg 1536w, https:\/\/agora.xtec.cat\/escolaperezsala\/wp-content\/uploads\/usu463\/2021\/10\/Laboratori-1.jpg 1768w\" sizes=\"auto, (max-width: 216px) 100vw, 216px\" \/><\/a> <a href=\"https:\/\/agora.xtec.cat\/escolaperezsala\/wp-content\/uploads\/usu463\/2021\/10\/Experimentacio-infantil-1.jpg\" target=\"_blank\" rel=\"noopener\"><img loading=\"lazy\" decoding=\"async\" class=\"alignnone wp-image-17689\" src=\"https:\/\/agora.xtec.cat\/escolaperezsala\/wp-content\/uploads\/usu463\/2021\/10\/Experimentacio-infantil-1-1024x901.jpg\" alt=\"\" width=\"185\" height=\"163\" srcset=\"https:\/\/agora.xtec.cat\/escolaperezsala\/wp-content\/uploads\/usu463\/2021\/10\/Experimentacio-infantil-1-1024x901.jpg 1024w, https:\/\/agora.xtec.cat\/escolaperezsala\/wp-content\/uploads\/usu463\/2021\/10\/Experimentacio-infantil-1-300x264.jpg 300w, https:\/\/agora.xtec.cat\/escolaperezsala\/wp-content\/uploads\/usu463\/2021\/10\/Experimentacio-infantil-1-768x676.jpg 768w, https:\/\/agora.xtec.cat\/escolaperezsala\/wp-content\/uploads\/usu463\/2021\/10\/Experimentacio-infantil-1.jpg 1440w\" sizes=\"auto, (max-width: 185px) 100vw, 185px\" \/><\/a><\/p>\n<p>&nbsp;<\/p>\n","protected":false},"excerpt":{"rendered":"<p>A l\u2019escola donem molta import\u00e0ncia a l\u2019aprenentatge a trav\u00e9s del m\u00e8tode cient\u00edfic. \u00c9s per aix\u00f2 que el projecte d\u2019experimentaci\u00f3 de l\u2019escola sorgeix de la voluntat d\u2019enriquir d\u2019una manera pr\u00e0ctica i experimental els conceptes que es treballen a l\u2019\u00e0rea de coneixement del medi. D\u2019aquesta manera afavorim&hellip;  <a href=\"https:\/\/agora.xtec.cat\/escolaperezsala\/projecte-educatiu\/projecteexperimentacio\/\" title=\"Read Projecte cient\u00edfic experimental\">Llegeix m\u00e9s\u00bb<\/a><\/p>\n","protected":false},"author":1,"featured_media":0,"parent":64,"menu_order":3,"comment_status":"closed","ping_status":"closed","template":"page-templates\/side-menu.php","meta":{"_bbp_topic_count":0,"_bbp_reply_count":0,"_bbp_total_topic_count":0,"_bbp_total_reply_count":0,"_bbp_voice_count":0,"_bbp_anonymous_reply_count":0,"_bbp_topic_count_hidden":0,"_bbp_reply_count_hidden":0,"_bbp_forum_subforum_count":0,"footnotes":""},"class_list":["post-229","page","type-page","status-publish","hentry"],"post_mailing_queue_ids":[],"_links":{"self":[{"href":"https:\/\/agora.xtec.cat\/escolaperezsala\/wp-json\/wp\/v2\/pages\/229","targetHints":{"allow":["GET"]}}],"collection":[{"href":"https:\/\/agora.xtec.cat\/escolaperezsala\/wp-json\/wp\/v2\/pages"}],"about":[{"href":"https:\/\/agora.xtec.cat\/escolaperezsala\/wp-json\/wp\/v2\/types\/page"}],"author":[{"embeddable":true,"href":"https:\/\/agora.xtec.cat\/escolaperezsala\/wp-json\/wp\/v2\/users\/1"}],"replies":[{"embeddable":true,"href":"https:\/\/agora.xtec.cat\/escolaperezsala\/wp-json\/wp\/v2\/comments?post=229"}],"version-history":[{"count":6,"href":"https:\/\/agora.xtec.cat\/escolaperezsala\/wp-json\/wp\/v2\/pages\/229\/revisions"}],"predecessor-version":[{"id":21195,"href":"https:\/\/agora.xtec.cat\/escolaperezsala\/wp-json\/wp\/v2\/pages\/229\/revisions\/21195"}],"up":[{"embeddable":true,"href":"https:\/\/agora.xtec.cat\/escolaperezsala\/wp-json\/wp\/v2\/pages\/64"}],"wp:attachment":[{"href":"https:\/\/agora.xtec.cat\/escolaperezsala\/wp-json\/wp\/v2\/media?parent=229"}],"curies":[{"name":"wp","href":"https:\/\/api.w.org\/{rel}","templated":true}]}}