{"id":220,"date":"2016-02-01T18:16:36","date_gmt":"2016-02-01T17:16:36","guid":{"rendered":"http:\/\/agora.xtec.cat\/escolaperezsala\/?page_id=220"},"modified":"2021-10-24T11:44:52","modified_gmt":"2021-10-24T09:44:52","slug":"escola-verda","status":"publish","type":"page","link":"https:\/\/agora.xtec.cat\/escolaperezsala\/projecte-educatiu\/escola-verda\/","title":{"rendered":"Som Escola Verda"},"content":{"rendered":"<p style=\"text-align: justify;\">Des del setembre de 2013 l&#8217;escola\u00a0forma part de la\u00a0<a href=\"http:\/\/www.escolaxesc.cat\/\">Xarxa d&#8217;Escoles per la sostenibilitat de Catalunya (XESC)<\/a>\u00a0\u00a0certificat per la Generalitat de Catalunya.<\/p>\n<p style=\"text-align: justify;\">Anualment l&#8217;escola participa de la formaci\u00f3 d&#8217;Escoles Verdes per impulsar nous objectius i implementar noves activitats amb l&#8217;alumnat, recollides en el Pla d&#8217;Actuaci\u00f3 d&#8217;Escola Verda que s&#8217;elabora cada any i est\u00e0 incl\u00f2s en la Programaci\u00f3 General del Centre Anual i en el Projecte Educatiu de centre.<\/p>\n<p style=\"text-align: justify;\">Accions d&#8217;escola verda que es duen a terme:<\/p>\n<ul style=\"text-align: justify;\">\n<li>Divendres fruita<\/li>\n<li>Hort escolar i comportatge<\/li>\n<li>Visita Planta Aprofitament de Residus de Matar\u00f3 (5\u00e8)<\/li>\n<li>Campanya recollida de roba<\/li>\n<li>Pla de consum de fruita (AFRUCAT)<\/li>\n<li>Recollida selectiva de residus.<\/li>\n<li>Recollida de taps per accions solid\u00e0ries.<\/li>\n<li>Punt de recollida de piles, programa Apilo XII<\/li>\n<li>Boc&#8217;n roll i carmanyola<\/li>\n<li>Delegats verds i delegades verdes<\/li>\n<li>Socialitzaci\u00f3 de llibres<\/li>\n<li>Jornades d&#8217;escoles verdes<\/li>\n<li>Formaci\u00f3 professorat<\/li>\n<li>Exposici\u00f3 d&#8217;aigua<\/li>\n<li>Sortides d&#8217;entorn, recollida de residus i diagnosi<\/li>\n<li>Reutilitzaci\u00f3 i aprofitament de material escolar<\/li>\n<li>Correu verd escola<\/li>\n<\/ul>\n<p style=\"text-align: justify;\">Al <a href=\"http:\/\/agora.xtec.cat\/escolaperezsala\/categoria\/verd\/\">BLOC VERD<\/a> podeu consultar les activitats que es realitzen.<\/p>\n","protected":false},"excerpt":{"rendered":"<p>Des del setembre de 2013 l&#8217;escola\u00a0forma part de la\u00a0<a href=\"http:\/\/www.escolaxesc.cat\/\">Xarxa d&#8217;Escoles per la sostenibilitat de Catalunya (XESC)<\/a>\u00a0\u00a0certificat per la Generalitat de Catalunya.<br \/>\nAnualment l&#8217;escola participa de la formaci\u00f3 d&#8217;Escoles Verdes per impulsar nous objectius i implementar noves activitats amb l&#8217;alumnat, recollides en el Pla d&#8217;Actuaci\u00f3 d&#8217;Escola&hellip;  <a href=\"https:\/\/agora.xtec.cat\/escolaperezsala\/projecte-educatiu\/escola-verda\/\" title=\"Read Som Escola Verda\">Llegeix m\u00e9s\u00bb<\/a><\/p>\n","protected":false},"author":1,"featured_media":0,"parent":64,"menu_order":6,"comment_status":"closed","ping_status":"closed","template":"page-templates\/side-menu.php","meta":{"_bbp_topic_count":0,"_bbp_reply_count":0,"_bbp_total_topic_count":0,"_bbp_total_reply_count":0,"_bbp_voice_count":0,"_bbp_anonymous_reply_count":0,"_bbp_topic_count_hidden":0,"_bbp_reply_count_hidden":0,"_bbp_forum_subforum_count":0,"footnotes":""},"class_list":["post-220","page","type-page","status-publish","hentry"],"post_mailing_queue_ids":[],"_links":{"self":[{"href":"https:\/\/agora.xtec.cat\/escolaperezsala\/wp-json\/wp\/v2\/pages\/220","targetHints":{"allow":["GET"]}}],"collection":[{"href":"https:\/\/agora.xtec.cat\/escolaperezsala\/wp-json\/wp\/v2\/pages"}],"about":[{"href":"https:\/\/agora.xtec.cat\/escolaperezsala\/wp-json\/wp\/v2\/types\/page"}],"author":[{"embeddable":true,"href":"https:\/\/agora.xtec.cat\/escolaperezsala\/wp-json\/wp\/v2\/users\/1"}],"replies":[{"embeddable":true,"href":"https:\/\/agora.xtec.cat\/escolaperezsala\/wp-json\/wp\/v2\/comments?post=220"}],"version-history":[{"count":4,"href":"https:\/\/agora.xtec.cat\/escolaperezsala\/wp-json\/wp\/v2\/pages\/220\/revisions"}],"predecessor-version":[{"id":17697,"href":"https:\/\/agora.xtec.cat\/escolaperezsala\/wp-json\/wp\/v2\/pages\/220\/revisions\/17697"}],"up":[{"embeddable":true,"href":"https:\/\/agora.xtec.cat\/escolaperezsala\/wp-json\/wp\/v2\/pages\/64"}],"wp:attachment":[{"href":"https:\/\/agora.xtec.cat\/escolaperezsala\/wp-json\/wp\/v2\/media?parent=220"}],"curies":[{"name":"wp","href":"https:\/\/api.w.org\/{rel}","templated":true}]}}